{"id":1607,"date":"2019-03-16T12:28:34","date_gmt":"2019-03-16T11:28:34","guid":{"rendered":"http:\/\/fanzone.sk\/?page_id=1607"},"modified":"2024-02-06T08:56:20","modified_gmt":"2024-02-06T07:56:20","slug":"reklamacne-podmienky","status":"publish","type":"page","link":"https:\/\/fanzone.sk\/en\/reklamacne-podmienky\/","title":{"rendered":"Reklama\u010dn\u00e9 podmienky"},"content":{"rendered":"<section class=\"wpb-content-wrapper\"><div class=\"vc_row wpb_row vc_row-fluid\"><div class=\"wpb_column vc_column_container vc_col-sm-12\"><div class=\"vc_column-inner\"><div class=\"wpb_wrapper\">\n\t<div class=\"wpb_text_column wpb_content_element\" >\n\t\t<div class=\"wpb_wrapper\">\n\t\t\t<p>Pred\u00e1vaj\u00faci poskytuje z\u00e1ruku na tovar v d\u013a\u017eke <b>24 mesiacov<\/b>. Z\u00e1ruka za\u010d\u00edna plyn\u00fa\u0165 od prevzatia veci kupuj\u00facim. Kupuj\u00faci berie na vedomie skontrolova\u0165 si \u00faplnos\u0165 dodan\u00e9ho tovaru a neporu\u0161enos\u0165 spotrebite\u013esk\u00e9ho obalu. V pr\u00edpade, \u017ee tovar pri prevzat\u00ed kupuj\u00facim neodpoved\u00e1 k\u00fapnej zmluve, je kupuj\u00faci povinn\u00fd bezodkladne o tom upovedomi\u0165 pred\u00e1vaj\u00faceho.<\/p>\n<p><b>Z\u00e1ruka sa<\/b> <b>nevz\u0165ahuje<\/b><span class=\"Apple-converted-space\">\u00a0 <\/span>na chyby tovaru, ktor\u00e9 vznikn\u00fa zavinen\u00fdm konan\u00edm kupuj\u00faceho, a ak vznikla vada alebo po\u0161kodenie:<\/p>\n<ul>\n<li>preuk\u00e1zate\u013ene nespr\u00e1vnym pou\u017e\u00edvan\u00edm v rozpore s n\u00e1vodom na pou\u017e\u00edvanie alebo in\u00fdm nespr\u00e1vnym konan\u00edm pou\u017e\u00edvate\u013ea<\/li>\n<li>ak chyba vznikla be\u017en\u00fdm opotreben\u00edm<\/li>\n<\/ul>\n<p>Kupuj\u00faci berie na vedomie, \u017ee <b>pred\u00e1vaj\u00faci nezodpoved\u00e1 za chyby tovaru<\/b>, ktor\u00e9 boli sp\u00f4soben\u00e9 v pr\u00ed\u010dinnej s\u00favislosti s jednan\u00edm, alebo opomenut\u00edm kupuj\u00faceho, pou\u017e\u00edvan\u00edm tovaru v rozpore s be\u017en\u00fdmi zvyklos\u0165ami \u010di v rozpore s n\u00e1vodom na pou\u017eitie ak je prilo\u017een\u00fd. Z\u00e1ruka sa nevz\u0165ahuje na be\u017en\u00e9 a prirodzen\u00e9 opotrebenie v\u00fdrobku, ktor\u00e9 je z\u00e1visl\u00e9 od intenzity jeho pou\u017e\u00edvania, ani na mechanick\u00e9 opotrebenie, \u010di po\u0161kodenie v\u00fdrobku ak k nemu d\u00f4jde hrubou silou. Z\u00e1kazn\u00edk je povinn\u00fd uplatni\u0165 si reklam\u00e1ciu prvej zistenej vady bezodkladne po jej zisten\u00ed, prejaven\u00ed sa.<\/p>\n<p>Na \u017eiados\u0165 kupuj\u00faceho je pred\u00e1vaj\u00faci povinn\u00fd poskytn\u00fa\u0165 z\u00e1ruku p\u00edsomnou formou -. vydan\u00edm z\u00e1ru\u010dn\u00e9ho listu. Kupuj\u00faci je povinn\u00fd pri uplatnen\u00ed reklam\u00e1cie v r\u00e1mci z\u00e1konnej z\u00e1ruky, preuk\u00e1za\u0165 uzatvorenie k\u00fapnej zmluvy s pred\u00e1vaj\u00facim dokladom o k\u00fape a pr\u00edpadne vydan\u00fdm z\u00e1ru\u010dn\u00fdm listom (dodac\u00edm listom ak tento bol vydan\u00fd)<span class=\"Apple-converted-space\">\u00a0<\/span><\/p>\n<p>Miestom uplatnenia reklam\u00e1cie je prev\u00e1dzka pred\u00e1vaj\u00faceho Duklianska 19,08001 Pre\u0161ov, pr\u00edpadne po dohode in\u00e9 miesto.<\/p>\n<p>Kupuj\u00faci m\u00e1 pr\u00e1vo <b>neprevzia\u0165 tovar<\/b> od dopravcu pri doru\u010den\u00ed in\u00e9ho typu tovaru alebo v pr\u00edpade dodania tovaru v rozpore so zmluvou (s objedn\u00e1vkou kupuj\u00faceho), v pr\u00edpade dodania tovaru v po\u0161kodenom obale. V pr\u00edpade dodania tovaru v rozpore so zmluvou m\u00e1 kupuj\u00faci pr\u00e1vo na to, aby mu pred\u00e1vaj\u00faci bezplatne a bez zbyto\u010dn\u00e9ho odkladu dodal tovar<span class=\"Apple-converted-space\">\u00a0 <\/span>v\u00a0kvalite a\u00a0mno\u017estve ako bol p\u00f4vodne objednan\u00fd a to pod\u013ea po\u017eiadavky kupuj\u00faceho bu\u010f v\u00fdmenou tovaru alebo jeho opravou, ak nie je tak\u00fdto postup mo\u017en\u00fd, kupuj\u00faci m\u00e1 pr\u00e1vo po\u017eadova\u0165 z\u013eavu z k\u00fapnej ceny alebo od zmluvy odst\u00fapi\u0165.<\/p>\n<p>Kupuj\u00faci m\u00e1 pr\u00e1vo <b>od zmluvy odst\u00fapi\u0165 bez uvedenia d\u00f4vodu<\/b> do 14 dn\u00ed odo d\u0148a prevzatia tovaru. V takom pr\u00edpade m\u00e1 kupuj\u00faci povinnos\u0165 v lehote \u0161trn\u00e1stich dn\u00ed odo d\u0148a odst\u00fapenia od zmluvy vr\u00e1ti\u0165 tovar pred\u00e1vaj\u00facemu bez oh\u013eadu na to, \u010di bol tovar pou\u017eit\u00fd alebo m\u00e1 chyby, ktor\u00e9 kupuj\u00faci nesp\u00f4sobil; primeran\u00e1 starostlivos\u0165 o tovar mus\u00ed by\u0165 zachovan\u00e1. Ozn\u00e1menie kupuj\u00faceho o odst\u00fapen\u00ed od zmluvy je potrebn\u00e9 adresova\u0165 na: A4ka s.r.o Duklianska 19, 08001 Pre\u0161ov. V takomto pr\u00edpade odst\u00fapenia od zmluvy<span class=\"Apple-converted-space\">\u00a0 <\/span>je pred\u00e1vaj\u00faci povinn\u00fd vr\u00e1ti\u0165 kupuj\u00facemu najnesk\u00f4r v lehote 14 dn\u00ed odo d\u0148a odst\u00fapenia od zmluvy cenu zaplaten\u00fa za tovar alebo preddavok, ktor\u00fd kupuj\u00faci uhradil. <strong>Vr\u00e1ten\u00e1 suma<\/strong> sa nevz\u0165ahuje na n\u00e1klady spojen\u00e9 s dopravou pr\u00edpadne dobierkou. (vracia sa len suma za tovar )<\/p>\n<p>N\u00e1klady na vr\u00e1tenie tovaru zn\u00e1\u0161a kupuj\u00faci v pr\u00edpade, ak tovar plne zodpovedal kvalitat\u00edvnym po\u017eiadavk\u00e1m a nebol chybn\u00fd \u2013 teda v pr\u00edpade odst\u00fapenie od zmluvy v\u00fdlu\u010dne z rozhodnutia kupuj\u00faceho .<\/p>\n<p>Kupuj\u00faci <strong>nem\u00f4\u017ee odst\u00fapi\u0165 od zmluvy<\/strong> v pr\u00edpade tovaru zhotoven\u00e9ho pod\u013ea osobitn\u00fdch po\u017eiadaviek spotrebite\u013ea (napr. tovar s vlastn\u00fdm menom a \u010d\u00edslom, tri\u010dk\u00e1, mikiny alebo dresy s vlastn\u00fdm vyhotoven\u00edm) alebo tovaru ur\u010den\u00e9ho osobitne pod\u013ea po\u017eiadaviek pre jedn\u00e9ho spotrebite\u013ea.<\/p>\n<p>&nbsp;<\/p>\n<p>V pr\u00edpade, \u017ee sa v priebehu z\u00e1ru\u010dnej doby vyskytne <b>vada tovaru<\/b>, pre ktor\u00fa nem\u00f4\u017ee by\u0165 zak\u00fapen\u00fd v\u00fdrobok riadne pou\u017e\u00edvan\u00fd alebo m\u00f4\u017ee by\u0165 pou\u017e\u00edvan\u00fd len \u010diasto\u010dne a je mo\u017en\u00e9 t\u00fato chybu odstr\u00e1ni\u0165, kupuj\u00faci m\u00e1 pr\u00e1vo na jeho bezplatn\u00fa opravu. Namiesto odstr\u00e1nenia chyby m\u00f4\u017ee kupuj\u00faci po\u017eadova\u0165 v\u00fdmenu veci, alebo ak sa vada t\u00fdka len s\u00fa\u010dasti veci, v\u00fdmenu s\u00fa\u010dasti, ak t\u00fdm pred\u00e1vaj\u00facemu nevznikn\u00fa neprimeran\u00e9 n\u00e1klady vzh\u013eadom na cenu tovaru alebo z\u00e1va\u017enos\u0165 chyby.<\/p>\n<p>V\u00a0<b>pr\u00edpade vady tovaru<\/b>, pred\u00e1vaj\u00faci sa zav\u00e4zuje opr\u00e1vnen\u00fa a pod\u013ea t\u00fdchto obchodn\u00fdch podmienok uplatnen\u00fa reklam\u00e1ciu vybavi\u0165 bezodkladne, ak sa d\u00e1 na mieste, najnesk\u00f4r do 30 kalend\u00e1rnych dn\u00ed odo d\u0148a uplatnenia reklam\u00e1cie, pokia\u013e sa pred\u00e1vaj\u00faci s kupuj\u00facim nedohodn\u00fa inak. Pred\u00e1vaj\u00faci vyd\u00e1 kupuj\u00facemu protokol o reklam\u00e1cii, v ktorom uvedie d\u00e1tum a sp\u00f4sob vybavenia reklam\u00e1cie, vr\u00e1tane potvrdenia o pr\u00edpadnom preveden\u00ed opravy a dobe jej trvania, popr\u00edpade p\u00edsomn\u00e9 od\u00f4vodnenie zamietnutia reklam\u00e1cie.<br \/>\nOpraven\u00fd, alebo vymenen\u00fd reklamovan\u00fd tovar doprav\u00ed pred\u00e1vaj\u00faci na adresu kupuj\u00faceho na svoje vlastn\u00e9 n\u00e1klady.<\/p>\n\n\t\t<\/div>\n\t<\/div>\n<\/div><\/div><\/div><\/div><div class=\"vc_row wpb_row vc_row-fluid\"><div class=\"wpb_column vc_column_container vc_col-sm-12\"><div class=\"vc_column-inner\"><div class=\"wpb_wrapper\"><div class=\"vc_btn3-container wpb_animate_when_almost_visible wpb_slideInUp slideInUp vc_btn3-center\" ><a style=\"background-color:#1aada3; color:#ffffff;\" class=\"vc_general vc_btn3 vc_btn3-size-md vc_btn3-shape-rounded vc_btn3-style-custom vc_btn3-icon-left\" href=\"http:\/\/www.a4ka.sk\/\/fanzone_reklamacny_list.pdf\" title=\"Fanzone.sk reklama\u010dn\u00fd list\" target=\"_blank\"><i class=\"vc_btn3-icon fa fa-arrow-down\"><\/i> Reklama\u010dn\u00fd list<\/a><\/div><\/div><\/div><\/div><\/div>\n<\/section>","protected":false},"excerpt":{"rendered":"Pred\u00e1vaj\u00faci poskytuje z\u00e1ruku na tovar v d\u013a\u017eke 24 mesiacov. Z\u00e1ruka za\u010d\u00edna plyn\u00fa\u0165 od prevzatia veci kupuj\u00facim. Kupuj\u00faci berie na vedomie","protected":false},"author":1,"featured_media":0,"parent":0,"menu_order":0,"comment_status":"closed","ping_status":"closed","template":"","meta":{"footnotes":""},"yoast_head":"<!-- This site is optimized with the Yoast SEO plugin v21.2 - https:\/\/yoast.com\/wordpress\/plugins\/seo\/ -->\n<title>Reklama\u010dn\u00e9 podmienky - fanzone.sk<\/title>\n<meta name=\"robots\" content=\"index, follow, max-snippet:-1, max-image-preview:large, max-video-preview:-1\" \/>\n<link rel=\"canonical\" href=\"https:\/\/fanzone.sk\/en\/reklamacne-podmienky\/\" \/>\n<meta property=\"og:locale\" content=\"en_US\" \/>\n<meta property=\"og:type\" content=\"article\" \/>\n<meta property=\"og:title\" content=\"Reklama\u010dn\u00e9 podmienky - fanzone.sk\" \/>\n<meta property=\"og:url\" content=\"https:\/\/fanzone.sk\/en\/reklamacne-podmienky\/\" \/>\n<meta property=\"og:site_name\" content=\"fanzone.sk\" \/>\n<meta property=\"article:publisher\" content=\"https:\/\/www.facebook.com\/FANZONEsk\/\" \/>\n<meta property=\"article:modified_time\" content=\"2024-02-06T07:56:20+00:00\" \/>\n<meta name=\"twitter:card\" content=\"summary_large_image\" \/>\n<meta name=\"twitter:label1\" content=\"Est. reading time\" \/>\n\t<meta name=\"twitter:data1\" content=\"4 minutes\" \/>\n<script type=\"application\/ld+json\" class=\"yoast-schema-graph\">{\"@context\":\"https:\/\/schema.org\",\"@graph\":[{\"@type\":\"WebPage\",\"@id\":\"https:\/\/fanzone.sk\/reklamacne-podmienky\/\",\"url\":\"https:\/\/fanzone.sk\/reklamacne-podmienky\/\",\"name\":\"Reklama\u010dn\u00e9 podmienky - fanzone.sk\",\"isPartOf\":{\"@id\":\"https:\/\/fanzone.sk\/#website\"},\"datePublished\":\"2019-03-16T11:28:34+00:00\",\"dateModified\":\"2024-02-06T07:56:20+00:00\",\"breadcrumb\":{\"@id\":\"https:\/\/fanzone.sk\/reklamacne-podmienky\/#breadcrumb\"},\"inLanguage\":\"en-US\",\"potentialAction\":[{\"@type\":\"ReadAction\",\"target\":[\"https:\/\/fanzone.sk\/reklamacne-podmienky\/\"]}]},{\"@type\":\"BreadcrumbList\",\"@id\":\"https:\/\/fanzone.sk\/reklamacne-podmienky\/#breadcrumb\",\"itemListElement\":[{\"@type\":\"ListItem\",\"position\":1,\"name\":\"Home\",\"item\":\"https:\/\/fanzone.sk\/\"},{\"@type\":\"ListItem\",\"position\":2,\"name\":\"Reklama\u010dn\u00e9 podmienky\"}]},{\"@type\":\"WebSite\",\"@id\":\"https:\/\/fanzone.sk\/#website\",\"url\":\"https:\/\/fanzone.sk\/\",\"name\":\"fanzone.sk\",\"description\":\"\",\"potentialAction\":[{\"@type\":\"SearchAction\",\"target\":{\"@type\":\"EntryPoint\",\"urlTemplate\":\"https:\/\/fanzone.sk\/?s={search_term_string}\"},\"query-input\":\"required name=search_term_string\"}],\"inLanguage\":\"en-US\"}]}<\/script>\n<!-- \/ Yoast SEO plugin. -->","yoast_head_json":{"title":"Reklama\u010dn\u00e9 podmienky - fanzone.sk","robots":{"index":"index","follow":"follow","max-snippet":"max-snippet:-1","max-image-preview":"max-image-preview:large","max-video-preview":"max-video-preview:-1"},"canonical":"https:\/\/fanzone.sk\/en\/reklamacne-podmienky\/","og_locale":"en_US","og_type":"article","og_title":"Reklama\u010dn\u00e9 podmienky - fanzone.sk","og_url":"https:\/\/fanzone.sk\/en\/reklamacne-podmienky\/","og_site_name":"fanzone.sk","article_publisher":"https:\/\/www.facebook.com\/FANZONEsk\/","article_modified_time":"2024-02-06T07:56:20+00:00","twitter_card":"summary_large_image","twitter_misc":{"Est. reading time":"4 minutes"},"schema":{"@context":"https:\/\/schema.org","@graph":[{"@type":"WebPage","@id":"https:\/\/fanzone.sk\/reklamacne-podmienky\/","url":"https:\/\/fanzone.sk\/reklamacne-podmienky\/","name":"Reklama\u010dn\u00e9 podmienky - fanzone.sk","isPartOf":{"@id":"https:\/\/fanzone.sk\/#website"},"datePublished":"2019-03-16T11:28:34+00:00","dateModified":"2024-02-06T07:56:20+00:00","breadcrumb":{"@id":"https:\/\/fanzone.sk\/reklamacne-podmienky\/#breadcrumb"},"inLanguage":"en-US","potentialAction":[{"@type":"ReadAction","target":["https:\/\/fanzone.sk\/reklamacne-podmienky\/"]}]},{"@type":"BreadcrumbList","@id":"https:\/\/fanzone.sk\/reklamacne-podmienky\/#breadcrumb","itemListElement":[{"@type":"ListItem","position":1,"name":"Home","item":"https:\/\/fanzone.sk\/"},{"@type":"ListItem","position":2,"name":"Reklama\u010dn\u00e9 podmienky"}]},{"@type":"WebSite","@id":"https:\/\/fanzone.sk\/#website","url":"https:\/\/fanzone.sk\/","name":"fanzone.sk","description":"","potentialAction":[{"@type":"SearchAction","target":{"@type":"EntryPoint","urlTemplate":"https:\/\/fanzone.sk\/?s={search_term_string}"},"query-input":"required name=search_term_string"}],"inLanguage":"en-US"}]}},"_links":{"self":[{"href":"https:\/\/fanzone.sk\/en\/wp-json\/wp\/v2\/pages\/1607"}],"collection":[{"href":"https:\/\/fanzone.sk\/en\/wp-json\/wp\/v2\/pages"}],"about":[{"href":"https:\/\/fanzone.sk\/en\/wp-json\/wp\/v2\/types\/page"}],"author":[{"embeddable":true,"href":"https:\/\/fanzone.sk\/en\/wp-json\/wp\/v2\/users\/1"}],"replies":[{"embeddable":true,"href":"https:\/\/fanzone.sk\/en\/wp-json\/wp\/v2\/comments?post=1607"}],"version-history":[{"count":6,"href":"https:\/\/fanzone.sk\/en\/wp-json\/wp\/v2\/pages\/1607\/revisions"}],"predecessor-version":[{"id":27263,"href":"https:\/\/fanzone.sk\/en\/wp-json\/wp\/v2\/pages\/1607\/revisions\/27263"}],"wp:attachment":[{"href":"https:\/\/fanzone.sk\/en\/wp-json\/wp\/v2\/media?parent=1607"}],"curies":[{"name":"wp","href":"https:\/\/api.w.org\/{rel}","templated":true}]}}