{"id":1617,"date":"2019-04-02T18:09:37","date_gmt":"2019-04-02T16:09:37","guid":{"rendered":"http:\/\/fanzone.sk\/?page_id=1617"},"modified":"2023-06-12T11:13:37","modified_gmt":"2023-06-12T09:13:37","slug":"ochrana-osobnych-udajov","status":"publish","type":"page","link":"https:\/\/fanzone.sk\/en\/ochrana-osobnych-udajov\/","title":{"rendered":"Ochrana osobn\u00fdch \u00fadajov"},"content":{"rendered":"<section class=\"wpb-content-wrapper\"><div class=\"vc_row wpb_row vc_row-fluid\"><div class=\"wpb_column vc_column_container vc_col-sm-12\"><div class=\"vc_column-inner\"><div class=\"wpb_wrapper\">\n\t<div class=\"wpb_text_column wpb_content_element\" >\n\t\t<div class=\"wpb_wrapper\">\n\t\t\t<h4><em>Z\u00e1sady ochrany osobn\u00fdch \u00fadajov<\/em><\/h4>\n<p><em><strong>Prev\u00e1dzkovate\u013e<\/strong><\/em><br \/>\nPre \u00fa\u010dely GDPR\u00a0 2016\/679 pod\u013ea \u010dl\u00e1nku \u010dl 4\u00a0 je prev\u00e1dzkovate\u013e tohot eshopu (A4ka s.r.o.,\u00a0 Duklianska 19, 08001 Pre\u0161ov) z\u00e1rove\u0148 prev\u00e1dzkovate\u013e syst\u00e9mu sprac\u00favaj\u00faceho Va\u0161e osobn\u00e9 \u00fadaje.<\/p>\n<p><em><strong>Dotknut\u00e1 osoba<\/strong><\/em><br \/>\nPre \u00fa\u010dely ochrany osobn\u00fdch \u00fadajov sa za Dotknut\u00fa osobu pova\u017euje osoba, ktor\u00e1 u\u00a0prev\u00e1dzkovate\u013ea nakupuje<span class=\"Apple-converted-space\">\u00a0 <\/span>tovar a\/alebo slu\u017eby. \u00dadaje, ktor\u00e9 n\u00e1m poskytnete pova\u017eujeme za \u00fapln\u00e9 a\u00a0presn\u00e9.<\/p>\n<p><strong><em>Druh osobn\u00fdch \u00fadajov, ktor\u00e9 od V\u00e1s z\u00edskavame priamo<\/em><\/strong><br \/>\nSprac\u00favame Va\u0161e Meno, Priezvisko, e-mailov\u00fa adresu, telef\u00f3nne \u010d\u00edslo, adresu spolo\u010dnosti, I\u010cO, I\u010c DPH a IP adresu. Ni\u010d viac ako ste vlo\u017eili do formul\u00e1ra o V\u00e1s neevidujeme, a\u00a0nezis\u0165ujeme. \u00dadaje, ktor\u00e9 n\u00e1m poskytnete pova\u017eujeme za \u00fapln\u00e9 a\u00a0presn\u00e9.<\/p>\n<p><em><strong>Osobn\u00e9 inform\u00e1cie ktor\u00e9 m\u00f4\u017eeme o V\u00e1s z\u00edska\u0165 cez poskytovate\u013eov slu\u017eieb<br \/>\n<\/strong><\/em>Nepriamo m\u00f4\u017eeme z\u00edska\u0165 niektor\u00e9 kateg\u00f3rie inform\u00e1ci\u00ed. Menovite cez spolo\u010dnos\u0165 Google, ktor\u00e1 m\u00f4\u017ee poskytn\u00fa\u0165 inform\u00e1cie o tom kedy a odkia\u013e ste vyp\u013a\u0148ali registra\u010dn\u00fd formul\u00e1r.<\/p>\n<p><em><strong>Pre\u010do zbierame inform\u00e1cie a ako ich vyu\u017e\u00edvame<br \/>\n<\/strong><\/em>Zbierame a spracov\u00e1vame Va\u0161e osobn\u00e9 inform\u00e1cie za \u00fa\u010delom:<br \/>\na) spracovania fakt\u00far a platieb za Vami objednan\u00fd tovar<br \/>\nb) kontaktovanie V\u00e1s aby sme V\u00e1m poskytli marketingov\u00e9 a\u00a0obchodn\u00e9 ponuky o\u00a0ktor\u00fdch predpoklad\u00e1me, \u017ee by V\u00e1s mohli zauj\u00edma\u0165.<\/p>\n<p><em><strong>Neposkytujeme Va\u0161e \u00fadaje nikomu \u010fal\u0161iemu<\/strong><\/em><br \/>\na) s\u00a0v\u00fdnimkou kuri\u00e9rskych spolo\u010dnost\u00ed za \u00fa\u010delom doru\u010denia tovaru<br \/>\nb) s v\u00fdnimkou situ\u00e1cie, ke\u010f regula\u010dn\u00e9 a da\u0148ov\u00e9 org\u00e1ny a org\u00e1ny \u0161t\u00e1tnej moci, pr\u00edpadne vy\u0161etrovacie org\u00e1ny ak im to umo\u017e\u0148uje pr\u00edslu\u0161n\u00fd z\u00e1kon<\/p>\n<p><em><strong>Dr\u017e\u00edme Va\u0161e \u00fadaje zabezpe\u010den\u00e9 na zabezpe\u010den\u00fdch serveroch a v\u0161etky z\u00e1lo\u017en\u00e9 k\u00f3pie s\u00fa ulo\u017een\u00e9 na Slovensku<\/strong><\/em><\/p>\n<p><strong><em>Pod\u013ea GDPR m\u00e1te pr\u00e1vo na pr\u00edstup k v\u0161etk\u00fdm \u00fadajom, ktor\u00e9 zbierame ako aj pr\u00e1vo na zabudnutie Va\u0161ich \u00fadajov<\/em><\/strong><br \/>\nM\u00f4\u017eete po\u017eiada\u0165 o pr\u00edstup k v\u0161etk\u00fdm inform\u00e1ci\u00e1m, ktor\u00e9 o V\u00e1s m\u00e1me ako aj o ich opravy a z\u00e1rove\u0148 o to, aby sme ich prestali spracov\u00e1va\u0165 a zmaza\u0165 ich. Tie\u017e m\u00e1te pr\u00e1vo po\u017eiada\u0165 o dodanie Va\u0161ich \u00fadajov v \u0161trukturovanej strojovo \u010ditate\u013enej forme.<br \/>\nFaktura\u010dn\u00e9 \u00fadaje dr\u017e\u00edme 10 rokov na z\u00e1klade da\u0148ov\u00fdch z\u00e1konov. Po po\u017eiadavke o zabudnutie urob\u00edme tak okam\u017eite.<br \/>\nZ\u00e1rove\u0148 ako Dotknut\u00e1 osoba m\u00e1te tie\u017e pr\u00e1vo poda\u0165 s\u0165a\u017enos\u0165 na dozorn\u00fd org\u00e1n, ktor\u00fdm je \u00darad na ochranu osobn\u00fdch \u00fadajov SR (www.dataprotection.gov.sk)<\/p>\n<p><em><strong>Kde sa m\u00f4\u017eete dozvedie\u0165 viac o\u00a0 spracovan\u00ed Va\u0161ich osobn\u00fdch \u00fadajov a na\u0161om plnen\u00ed GDPR \u0161tandardov ?<\/strong><\/em><br \/>\nJednoducho n\u00e1m po\u0161lite email na obchod@a4ka.sk<\/p>\n\n\t\t<\/div>\n\t<\/div>\n<\/div><\/div><\/div><\/div>\n<\/section>","protected":false},"excerpt":{"rendered":"Z\u00e1sady ochrany osobn\u00fdch \u00fadajov Prev\u00e1dzkovate\u013e Pre \u00fa\u010dely GDPR\u00a0 2016\/679 pod\u013ea \u010dl\u00e1nku \u010dl 4\u00a0 je prev\u00e1dzkovate\u013e tohot eshopu (A4ka s.r.o.,\u00a0 Duklianska","protected":false},"author":1,"featured_media":0,"parent":0,"menu_order":0,"comment_status":"closed","ping_status":"closed","template":"","meta":{"footnotes":""},"yoast_head":"<!-- This site is optimized with the Yoast SEO plugin v21.2 - https:\/\/yoast.com\/wordpress\/plugins\/seo\/ -->\n<title>Ochrana osobn\u00fdch \u00fadajov - fanzone.sk<\/title>\n<meta name=\"robots\" content=\"index, follow, max-snippet:-1, max-image-preview:large, max-video-preview:-1\" \/>\n<link rel=\"canonical\" href=\"https:\/\/fanzone.sk\/en\/ochrana-osobnych-udajov\/\" \/>\n<meta property=\"og:locale\" content=\"en_US\" \/>\n<meta property=\"og:type\" content=\"article\" \/>\n<meta property=\"og:title\" content=\"Ochrana osobn\u00fdch \u00fadajov - fanzone.sk\" \/>\n<meta property=\"og:url\" content=\"https:\/\/fanzone.sk\/en\/ochrana-osobnych-udajov\/\" \/>\n<meta property=\"og:site_name\" content=\"fanzone.sk\" \/>\n<meta property=\"article:publisher\" content=\"https:\/\/www.facebook.com\/FANZONEsk\/\" \/>\n<meta property=\"article:modified_time\" content=\"2023-06-12T09:13:37+00:00\" \/>\n<meta name=\"twitter:card\" content=\"summary_large_image\" \/>\n<meta name=\"twitter:label1\" content=\"Est. reading time\" \/>\n\t<meta name=\"twitter:data1\" content=\"2 minutes\" \/>\n<script type=\"application\/ld+json\" class=\"yoast-schema-graph\">{\"@context\":\"https:\/\/schema.org\",\"@graph\":[{\"@type\":\"WebPage\",\"@id\":\"https:\/\/fanzone.sk\/ochrana-osobnych-udajov\/\",\"url\":\"https:\/\/fanzone.sk\/ochrana-osobnych-udajov\/\",\"name\":\"Ochrana osobn\u00fdch \u00fadajov - fanzone.sk\",\"isPartOf\":{\"@id\":\"https:\/\/fanzone.sk\/#website\"},\"datePublished\":\"2019-04-02T16:09:37+00:00\",\"dateModified\":\"2023-06-12T09:13:37+00:00\",\"breadcrumb\":{\"@id\":\"https:\/\/fanzone.sk\/ochrana-osobnych-udajov\/#breadcrumb\"},\"inLanguage\":\"en-US\",\"potentialAction\":[{\"@type\":\"ReadAction\",\"target\":[\"https:\/\/fanzone.sk\/ochrana-osobnych-udajov\/\"]}]},{\"@type\":\"BreadcrumbList\",\"@id\":\"https:\/\/fanzone.sk\/ochrana-osobnych-udajov\/#breadcrumb\",\"itemListElement\":[{\"@type\":\"ListItem\",\"position\":1,\"name\":\"Home\",\"item\":\"https:\/\/fanzone.sk\/\"},{\"@type\":\"ListItem\",\"position\":2,\"name\":\"Ochrana osobn\u00fdch \u00fadajov\"}]},{\"@type\":\"WebSite\",\"@id\":\"https:\/\/fanzone.sk\/#website\",\"url\":\"https:\/\/fanzone.sk\/\",\"name\":\"fanzone.sk\",\"description\":\"\",\"potentialAction\":[{\"@type\":\"SearchAction\",\"target\":{\"@type\":\"EntryPoint\",\"urlTemplate\":\"https:\/\/fanzone.sk\/?s={search_term_string}\"},\"query-input\":\"required name=search_term_string\"}],\"inLanguage\":\"en-US\"}]}<\/script>\n<!-- \/ Yoast SEO plugin. -->","yoast_head_json":{"title":"Ochrana osobn\u00fdch \u00fadajov - fanzone.sk","robots":{"index":"index","follow":"follow","max-snippet":"max-snippet:-1","max-image-preview":"max-image-preview:large","max-video-preview":"max-video-preview:-1"},"canonical":"https:\/\/fanzone.sk\/en\/ochrana-osobnych-udajov\/","og_locale":"en_US","og_type":"article","og_title":"Ochrana osobn\u00fdch \u00fadajov - fanzone.sk","og_url":"https:\/\/fanzone.sk\/en\/ochrana-osobnych-udajov\/","og_site_name":"fanzone.sk","article_publisher":"https:\/\/www.facebook.com\/FANZONEsk\/","article_modified_time":"2023-06-12T09:13:37+00:00","twitter_card":"summary_large_image","twitter_misc":{"Est. reading time":"2 minutes"},"schema":{"@context":"https:\/\/schema.org","@graph":[{"@type":"WebPage","@id":"https:\/\/fanzone.sk\/ochrana-osobnych-udajov\/","url":"https:\/\/fanzone.sk\/ochrana-osobnych-udajov\/","name":"Ochrana osobn\u00fdch \u00fadajov - fanzone.sk","isPartOf":{"@id":"https:\/\/fanzone.sk\/#website"},"datePublished":"2019-04-02T16:09:37+00:00","dateModified":"2023-06-12T09:13:37+00:00","breadcrumb":{"@id":"https:\/\/fanzone.sk\/ochrana-osobnych-udajov\/#breadcrumb"},"inLanguage":"en-US","potentialAction":[{"@type":"ReadAction","target":["https:\/\/fanzone.sk\/ochrana-osobnych-udajov\/"]}]},{"@type":"BreadcrumbList","@id":"https:\/\/fanzone.sk\/ochrana-osobnych-udajov\/#breadcrumb","itemListElement":[{"@type":"ListItem","position":1,"name":"Home","item":"https:\/\/fanzone.sk\/"},{"@type":"ListItem","position":2,"name":"Ochrana osobn\u00fdch \u00fadajov"}]},{"@type":"WebSite","@id":"https:\/\/fanzone.sk\/#website","url":"https:\/\/fanzone.sk\/","name":"fanzone.sk","description":"","potentialAction":[{"@type":"SearchAction","target":{"@type":"EntryPoint","urlTemplate":"https:\/\/fanzone.sk\/?s={search_term_string}"},"query-input":"required name=search_term_string"}],"inLanguage":"en-US"}]}},"_links":{"self":[{"href":"https:\/\/fanzone.sk\/en\/wp-json\/wp\/v2\/pages\/1617"}],"collection":[{"href":"https:\/\/fanzone.sk\/en\/wp-json\/wp\/v2\/pages"}],"about":[{"href":"https:\/\/fanzone.sk\/en\/wp-json\/wp\/v2\/types\/page"}],"author":[{"embeddable":true,"href":"https:\/\/fanzone.sk\/en\/wp-json\/wp\/v2\/users\/1"}],"replies":[{"embeddable":true,"href":"https:\/\/fanzone.sk\/en\/wp-json\/wp\/v2\/comments?post=1617"}],"version-history":[{"count":6,"href":"https:\/\/fanzone.sk\/en\/wp-json\/wp\/v2\/pages\/1617\/revisions"}],"predecessor-version":[{"id":23973,"href":"https:\/\/fanzone.sk\/en\/wp-json\/wp\/v2\/pages\/1617\/revisions\/23973"}],"wp:attachment":[{"href":"https:\/\/fanzone.sk\/en\/wp-json\/wp\/v2\/media?parent=1617"}],"curies":[{"name":"wp","href":"https:\/\/api.w.org\/{rel}","templated":true}]}}