{"id":1806,"date":"2019-04-03T18:47:58","date_gmt":"2019-04-03T16:47:58","guid":{"rendered":"http:\/\/fanzone.sk\/?page_id=1806"},"modified":"2019-04-03T18:47:58","modified_gmt":"2019-04-03T16:47:58","slug":"velkostne-tabulky","status":"publish","type":"page","link":"https:\/\/fanzone.sk\/en\/velkostne-tabulky\/","title":{"rendered":"Ve\u013ekostn\u00e9 tabu\u013eky"},"content":{"rendered":"<section class=\"wpb-content-wrapper\"><div class=\"vc_row wpb_row vc_row-fluid\"><div class=\"wpb_column vc_column_container vc_col-sm-12\"><div class=\"vc_column-inner\"><div class=\"wpb_wrapper\">\t\t\t<div id=\"gallery_433\" class=\"basel-images-gallery  spacing-0 columns-3 view-masonry photoswipe-images\" >\n\t\t\t\t<div class=\"gallery-images\">\n\t\t\t\t\t\t\t\t\t\t\t\t\t\t\t\t\t\t<div class=\"basel-gallery-item\">\n\t\t\t\t\t\t\t\t\t\t\t\t\t\t\t\t\t<a href=\"https:\/\/fanzone.sk\/wp-content\/uploads\/2019\/04\/fanzone_tabulka_bavlnene_tricko_damske.jpg\" data-index=\"1\" data-width=\"1000\" data-height=\"500\"  >\n\t\t\t\t\t\t\t\t\t\t\t\t\t\t\t\n\t\t\t\t\t\t\t\t\t\t\t\t\t\t\t\t\t<img width=\"300\" height=\"150\" src=\"https:\/\/fanzone.sk\/wp-content\/uploads\/2019\/04\/fanzone_tabulka_bavlnene_tricko_damske-300x150.jpg\" class=\"basel-gallery-image image-1 attachment-medium\" alt=\"\" decoding=\"async\" title=\"fanzone_tabulka_bavlnene_tricko_damske\" loading=\"lazy\" srcset=\"https:\/\/fanzone.sk\/wp-content\/uploads\/2019\/04\/fanzone_tabulka_bavlnene_tricko_damske-300x150.jpg 300w, https:\/\/fanzone.sk\/wp-content\/uploads\/2019\/04\/fanzone_tabulka_bavlnene_tricko_damske-768x384.jpg 768w, https:\/\/fanzone.sk\/wp-content\/uploads\/2019\/04\/fanzone_tabulka_bavlnene_tricko_damske.jpg 1000w\" sizes=\"(max-width: 300px) 100vw, 300px\" \/>\t\t\t\t\t\t\t\t\n\t\t\t\t\t\t\t\t\t\t\t\t\t\t\t\t\t<\/a>\n\t\t\t\t\t\t\t\t\t\t\t\t\t\t\t<\/div>\n\t\t\t\t\t\t\t\t\t\t\t\t\t<div class=\"basel-gallery-item\">\n\t\t\t\t\t\t\t\t\t\t\t\t\t\t\t\t\t<a href=\"https:\/\/fanzone.sk\/wp-content\/uploads\/2019\/04\/fanzone_tabulka_bavlnene_tricko_detske.jpg\" data-index=\"2\" data-width=\"1000\" data-height=\"500\"  >\n\t\t\t\t\t\t\t\t\t\t\t\t\t\t\t\n\t\t\t\t\t\t\t\t\t\t\t\t\t\t\t\t\t<img width=\"300\" height=\"150\" src=\"https:\/\/fanzone.sk\/wp-content\/uploads\/2019\/04\/fanzone_tabulka_bavlnene_tricko_detske-300x150.jpg\" class=\"basel-gallery-image image-2 attachment-medium\" alt=\"\" decoding=\"async\" title=\"fanzone_tabulka_bavlnene_tricko_detske\" loading=\"lazy\" srcset=\"https:\/\/fanzone.sk\/wp-content\/uploads\/2019\/04\/fanzone_tabulka_bavlnene_tricko_detske-300x150.jpg 300w, https:\/\/fanzone.sk\/wp-content\/uploads\/2019\/04\/fanzone_tabulka_bavlnene_tricko_detske-768x384.jpg 768w, https:\/\/fanzone.sk\/wp-content\/uploads\/2019\/04\/fanzone_tabulka_bavlnene_tricko_detske.jpg 1000w\" sizes=\"(max-width: 300px) 100vw, 300px\" \/>\t\t\t\t\t\t\t\t\n\t\t\t\t\t\t\t\t\t\t\t\t\t\t\t\t\t<\/a>\n\t\t\t\t\t\t\t\t\t\t\t\t\t\t\t<\/div>\n\t\t\t\t\t\t\t\t\t\t\t\t\t<div class=\"basel-gallery-item\">\n\t\t\t\t\t\t\t\t\t\t\t\t\t\t\t\t\t<a href=\"https:\/\/fanzone.sk\/wp-content\/uploads\/2019\/04\/fanzone_tabulka_bavlnene_tricko.jpg\" data-index=\"3\" data-width=\"1000\" data-height=\"500\"  >\n\t\t\t\t\t\t\t\t\t\t\t\t\t\t\t\n\t\t\t\t\t\t\t\t\t\t\t\t\t\t\t\t\t<img width=\"300\" height=\"150\" src=\"https:\/\/fanzone.sk\/wp-content\/uploads\/2019\/04\/fanzone_tabulka_bavlnene_tricko-300x150.jpg\" class=\"basel-gallery-image image-3 attachment-medium\" alt=\"\" decoding=\"async\" title=\"fanzone_tabulka_bavlnene_tricko\" loading=\"lazy\" srcset=\"https:\/\/fanzone.sk\/wp-content\/uploads\/2019\/04\/fanzone_tabulka_bavlnene_tricko-300x150.jpg 300w, https:\/\/fanzone.sk\/wp-content\/uploads\/2019\/04\/fanzone_tabulka_bavlnene_tricko-768x384.jpg 768w, https:\/\/fanzone.sk\/wp-content\/uploads\/2019\/04\/fanzone_tabulka_bavlnene_tricko.jpg 1000w\" sizes=\"(max-width: 300px) 100vw, 300px\" \/>\t\t\t\t\t\t\t\t\n\t\t\t\t\t\t\t\t\t\t\t\t\t\t\t\t\t<\/a>\n\t\t\t\t\t\t\t\t\t\t\t\t\t\t\t<\/div>\n\t\t\t\t\t\t\t\t\t\t\t\t\t<div class=\"basel-gallery-item\">\n\t\t\t\t\t\t\t\t\t\t\t\t\t\t\t\t\t<a href=\"https:\/\/fanzone.sk\/wp-content\/uploads\/2019\/04\/fanzone_tabulka_subli_dres_hokej.jpg\" data-index=\"4\" data-width=\"1000\" data-height=\"500\"  >\n\t\t\t\t\t\t\t\t\t\t\t\t\t\t\t\n\t\t\t\t\t\t\t\t\t\t\t\t\t\t\t\t\t<img width=\"300\" height=\"150\" src=\"https:\/\/fanzone.sk\/wp-content\/uploads\/2019\/04\/fanzone_tabulka_subli_dres_hokej-300x150.jpg\" class=\"basel-gallery-image image-4 attachment-medium\" alt=\"\" decoding=\"async\" title=\"fanzone_tabulka_subli_dres_hokej\" loading=\"lazy\" srcset=\"https:\/\/fanzone.sk\/wp-content\/uploads\/2019\/04\/fanzone_tabulka_subli_dres_hokej-300x150.jpg 300w, https:\/\/fanzone.sk\/wp-content\/uploads\/2019\/04\/fanzone_tabulka_subli_dres_hokej-768x384.jpg 768w, https:\/\/fanzone.sk\/wp-content\/uploads\/2019\/04\/fanzone_tabulka_subli_dres_hokej.jpg 1000w\" sizes=\"(max-width: 300px) 100vw, 300px\" \/>\t\t\t\t\t\t\t\t\n\t\t\t\t\t\t\t\t\t\t\t\t\t\t\t\t\t<\/a>\n\t\t\t\t\t\t\t\t\t\t\t\t\t\t\t<\/div>\n\t\t\t\t\t\t\t\t\t\t\t\t\t<div class=\"basel-gallery-item\">\n\t\t\t\t\t\t\t\t\t\t\t\t\t\t\t\t\t<a href=\"https:\/\/fanzone.sk\/wp-content\/uploads\/2019\/04\/fanzone_tabulka_subli_mikina_kapucna.jpg\" data-index=\"5\" data-width=\"1000\" data-height=\"500\"  >\n\t\t\t\t\t\t\t\t\t\t\t\t\t\t\t\n\t\t\t\t\t\t\t\t\t\t\t\t\t\t\t\t\t<img width=\"300\" height=\"150\" src=\"https:\/\/fanzone.sk\/wp-content\/uploads\/2019\/04\/fanzone_tabulka_subli_mikina_kapucna-300x150.jpg\" class=\"basel-gallery-image image-5 attachment-medium\" alt=\"\" decoding=\"async\" title=\"fanzone_tabulka_subli_mikina_kapucna\" loading=\"lazy\" srcset=\"https:\/\/fanzone.sk\/wp-content\/uploads\/2019\/04\/fanzone_tabulka_subli_mikina_kapucna-300x150.jpg 300w, https:\/\/fanzone.sk\/wp-content\/uploads\/2019\/04\/fanzone_tabulka_subli_mikina_kapucna-768x384.jpg 768w, https:\/\/fanzone.sk\/wp-content\/uploads\/2019\/04\/fanzone_tabulka_subli_mikina_kapucna.jpg 1000w\" sizes=\"(max-width: 300px) 100vw, 300px\" \/>\t\t\t\t\t\t\t\t\n\t\t\t\t\t\t\t\t\t\t\t\t\t\t\t\t\t<\/a>\n\t\t\t\t\t\t\t\t\t\t\t\t\t\t\t<\/div>\n\t\t\t\t\t\t\t\t\t\t\t\t\t<div class=\"basel-gallery-item\">\n\t\t\t\t\t\t\t\t\t\t\t\t\t\t\t\t\t<a href=\"https:\/\/fanzone.sk\/wp-content\/uploads\/2019\/04\/fanzone_tabulka_subli_mikina.jpg\" data-index=\"6\" data-width=\"1000\" data-height=\"500\"  >\n\t\t\t\t\t\t\t\t\t\t\t\t\t\t\t\n\t\t\t\t\t\t\t\t\t\t\t\t\t\t\t\t\t<img width=\"300\" height=\"150\" src=\"https:\/\/fanzone.sk\/wp-content\/uploads\/2019\/04\/fanzone_tabulka_subli_mikina-300x150.jpg\" class=\"basel-gallery-image image-6 attachment-medium\" alt=\"\" decoding=\"async\" title=\"fanzone_tabulka_subli_mikina\" loading=\"lazy\" srcset=\"https:\/\/fanzone.sk\/wp-content\/uploads\/2019\/04\/fanzone_tabulka_subli_mikina-300x150.jpg 300w, https:\/\/fanzone.sk\/wp-content\/uploads\/2019\/04\/fanzone_tabulka_subli_mikina-768x384.jpg 768w, https:\/\/fanzone.sk\/wp-content\/uploads\/2019\/04\/fanzone_tabulka_subli_mikina.jpg 1000w\" sizes=\"(max-width: 300px) 100vw, 300px\" \/>\t\t\t\t\t\t\t\t\n\t\t\t\t\t\t\t\t\t\t\t\t\t\t\t\t\t<\/a>\n\t\t\t\t\t\t\t\t\t\t\t\t\t\t\t<\/div>\n\t\t\t\t\t\t\t\t\t\t\t\t\t<div class=\"basel-gallery-item\">\n\t\t\t\t\t\t\t\t\t\t\t\t\t\t\t\t\t<a href=\"https:\/\/fanzone.sk\/wp-content\/uploads\/2019\/04\/fanzone_tabulka_subli_polokosela.jpg\" data-index=\"7\" data-width=\"1000\" data-height=\"500\"  >\n\t\t\t\t\t\t\t\t\t\t\t\t\t\t\t\n\t\t\t\t\t\t\t\t\t\t\t\t\t\t\t\t\t<img width=\"300\" height=\"150\" src=\"https:\/\/fanzone.sk\/wp-content\/uploads\/2019\/04\/fanzone_tabulka_subli_polokosela-300x150.jpg\" class=\"basel-gallery-image image-7 attachment-medium\" alt=\"\" decoding=\"async\" title=\"fanzone_tabulka_subli_polokosela\" loading=\"lazy\" srcset=\"https:\/\/fanzone.sk\/wp-content\/uploads\/2019\/04\/fanzone_tabulka_subli_polokosela-300x150.jpg 300w, https:\/\/fanzone.sk\/wp-content\/uploads\/2019\/04\/fanzone_tabulka_subli_polokosela-768x384.jpg 768w, https:\/\/fanzone.sk\/wp-content\/uploads\/2019\/04\/fanzone_tabulka_subli_polokosela.jpg 1000w\" sizes=\"(max-width: 300px) 100vw, 300px\" \/>\t\t\t\t\t\t\t\t\n\t\t\t\t\t\t\t\t\t\t\t\t\t\t\t\t\t<\/a>\n\t\t\t\t\t\t\t\t\t\t\t\t\t\t\t<\/div>\n\t\t\t\t\t\t\t\t\t\t\t\t\t<div class=\"basel-gallery-item\">\n\t\t\t\t\t\t\t\t\t\t\t\t\t\t\t\t\t<a href=\"https:\/\/fanzone.sk\/wp-content\/uploads\/2019\/04\/fanzone_tabulka_subli_tricko_damske.jpg\" data-index=\"8\" data-width=\"1000\" data-height=\"500\"  >\n\t\t\t\t\t\t\t\t\t\t\t\t\t\t\t\n\t\t\t\t\t\t\t\t\t\t\t\t\t\t\t\t\t<img width=\"300\" height=\"150\" src=\"https:\/\/fanzone.sk\/wp-content\/uploads\/2019\/04\/fanzone_tabulka_subli_tricko_damske-300x150.jpg\" class=\"basel-gallery-image image-8 attachment-medium\" alt=\"\" decoding=\"async\" title=\"fanzone_tabulka_subli_tricko_damske\" loading=\"lazy\" srcset=\"https:\/\/fanzone.sk\/wp-content\/uploads\/2019\/04\/fanzone_tabulka_subli_tricko_damske-300x150.jpg 300w, https:\/\/fanzone.sk\/wp-content\/uploads\/2019\/04\/fanzone_tabulka_subli_tricko_damske-768x384.jpg 768w, https:\/\/fanzone.sk\/wp-content\/uploads\/2019\/04\/fanzone_tabulka_subli_tricko_damske.jpg 1000w\" sizes=\"(max-width: 300px) 100vw, 300px\" \/>\t\t\t\t\t\t\t\t\n\t\t\t\t\t\t\t\t\t\t\t\t\t\t\t\t\t<\/a>\n\t\t\t\t\t\t\t\t\t\t\t\t\t\t\t<\/div>\n\t\t\t\t\t\t\t\t\t\t\t\t\t\t\t<\/div>\n\t\t\t<\/div>\n\t\t\t\t\t\t\t<script type=\"text\/javascript\">\n\t\t\t\t\tjQuery( document ).ready(function( $ ) {\n\t\t                if (typeof($.fn.isotope) == 'undefined' || typeof($.fn.imagesLoaded) == 'undefined') return;\n\t\t                var $container = $('.view-masonry .gallery-images');\n\n\t\t                \/\/ initialize Masonry after all images have loaded\n\t\t                $container.imagesLoaded(function() {\n\t\t                    $container.isotope({\n\t\t                        gutter: 0,\n\t\t                        isOriginLeft: ! $('body').hasClass('rtl'),\n\t\t                        itemSelector: '.basel-gallery-item'\n\t\t                    });\n\t\t                });\n\t\t\t\t\t});\n\t\t\t\t<\/script>\n\t\t\t\t\t<\/div><\/div><\/div><\/div>\n<\/section>","protected":false},"excerpt":{"rendered":"","protected":false},"author":1,"featured_media":0,"parent":0,"menu_order":0,"comment_status":"closed","ping_status":"closed","template":"","meta":{"footnotes":""},"yoast_head":"<!-- This site is optimized with the Yoast SEO plugin v21.2 - https:\/\/yoast.com\/wordpress\/plugins\/seo\/ -->\n<title>Ve\u013ekostn\u00e9 tabu\u013eky - fanzone.sk<\/title>\n<meta name=\"robots\" content=\"index, follow, max-snippet:-1, max-image-preview:large, max-video-preview:-1\" \/>\n<link rel=\"canonical\" href=\"https:\/\/fanzone.sk\/en\/velkostne-tabulky\/\" \/>\n<meta property=\"og:locale\" content=\"en_US\" \/>\n<meta property=\"og:type\" content=\"article\" \/>\n<meta property=\"og:title\" content=\"Ve\u013ekostn\u00e9 tabu\u013eky - fanzone.sk\" \/>\n<meta property=\"og:url\" content=\"https:\/\/fanzone.sk\/en\/velkostne-tabulky\/\" \/>\n<meta property=\"og:site_name\" content=\"fanzone.sk\" \/>\n<meta property=\"article:publisher\" content=\"https:\/\/www.facebook.com\/FANZONEsk\/\" \/>\n<meta name=\"twitter:card\" content=\"summary_large_image\" \/>\n<script type=\"application\/ld+json\" class=\"yoast-schema-graph\">{\"@context\":\"https:\/\/schema.org\",\"@graph\":[{\"@type\":\"WebPage\",\"@id\":\"https:\/\/fanzone.sk\/velkostne-tabulky\/\",\"url\":\"https:\/\/fanzone.sk\/velkostne-tabulky\/\",\"name\":\"Ve\u013ekostn\u00e9 tabu\u013eky - fanzone.sk\",\"isPartOf\":{\"@id\":\"https:\/\/fanzone.sk\/#website\"},\"datePublished\":\"2019-04-03T16:47:58+00:00\",\"dateModified\":\"2019-04-03T16:47:58+00:00\",\"breadcrumb\":{\"@id\":\"https:\/\/fanzone.sk\/velkostne-tabulky\/#breadcrumb\"},\"inLanguage\":\"en-US\",\"potentialAction\":[{\"@type\":\"ReadAction\",\"target\":[\"https:\/\/fanzone.sk\/velkostne-tabulky\/\"]}]},{\"@type\":\"BreadcrumbList\",\"@id\":\"https:\/\/fanzone.sk\/velkostne-tabulky\/#breadcrumb\",\"itemListElement\":[{\"@type\":\"ListItem\",\"position\":1,\"name\":\"Home\",\"item\":\"https:\/\/fanzone.sk\/\"},{\"@type\":\"ListItem\",\"position\":2,\"name\":\"Ve\u013ekostn\u00e9 tabu\u013eky\"}]},{\"@type\":\"WebSite\",\"@id\":\"https:\/\/fanzone.sk\/#website\",\"url\":\"https:\/\/fanzone.sk\/\",\"name\":\"fanzone.sk\",\"description\":\"\",\"potentialAction\":[{\"@type\":\"SearchAction\",\"target\":{\"@type\":\"EntryPoint\",\"urlTemplate\":\"https:\/\/fanzone.sk\/?s={search_term_string}\"},\"query-input\":\"required name=search_term_string\"}],\"inLanguage\":\"en-US\"}]}<\/script>\n<!-- \/ Yoast SEO plugin. -->","yoast_head_json":{"title":"Ve\u013ekostn\u00e9 tabu\u013eky - fanzone.sk","robots":{"index":"index","follow":"follow","max-snippet":"max-snippet:-1","max-image-preview":"max-image-preview:large","max-video-preview":"max-video-preview:-1"},"canonical":"https:\/\/fanzone.sk\/en\/velkostne-tabulky\/","og_locale":"en_US","og_type":"article","og_title":"Ve\u013ekostn\u00e9 tabu\u013eky - fanzone.sk","og_url":"https:\/\/fanzone.sk\/en\/velkostne-tabulky\/","og_site_name":"fanzone.sk","article_publisher":"https:\/\/www.facebook.com\/FANZONEsk\/","twitter_card":"summary_large_image","schema":{"@context":"https:\/\/schema.org","@graph":[{"@type":"WebPage","@id":"https:\/\/fanzone.sk\/velkostne-tabulky\/","url":"https:\/\/fanzone.sk\/velkostne-tabulky\/","name":"Ve\u013ekostn\u00e9 tabu\u013eky - fanzone.sk","isPartOf":{"@id":"https:\/\/fanzone.sk\/#website"},"datePublished":"2019-04-03T16:47:58+00:00","dateModified":"2019-04-03T16:47:58+00:00","breadcrumb":{"@id":"https:\/\/fanzone.sk\/velkostne-tabulky\/#breadcrumb"},"inLanguage":"en-US","potentialAction":[{"@type":"ReadAction","target":["https:\/\/fanzone.sk\/velkostne-tabulky\/"]}]},{"@type":"BreadcrumbList","@id":"https:\/\/fanzone.sk\/velkostne-tabulky\/#breadcrumb","itemListElement":[{"@type":"ListItem","position":1,"name":"Home","item":"https:\/\/fanzone.sk\/"},{"@type":"ListItem","position":2,"name":"Ve\u013ekostn\u00e9 tabu\u013eky"}]},{"@type":"WebSite","@id":"https:\/\/fanzone.sk\/#website","url":"https:\/\/fanzone.sk\/","name":"fanzone.sk","description":"","potentialAction":[{"@type":"SearchAction","target":{"@type":"EntryPoint","urlTemplate":"https:\/\/fanzone.sk\/?s={search_term_string}"},"query-input":"required name=search_term_string"}],"inLanguage":"en-US"}]}},"_links":{"self":[{"href":"https:\/\/fanzone.sk\/en\/wp-json\/wp\/v2\/pages\/1806"}],"collection":[{"href":"https:\/\/fanzone.sk\/en\/wp-json\/wp\/v2\/pages"}],"about":[{"href":"https:\/\/fanzone.sk\/en\/wp-json\/wp\/v2\/types\/page"}],"author":[{"embeddable":true,"href":"https:\/\/fanzone.sk\/en\/wp-json\/wp\/v2\/users\/1"}],"replies":[{"embeddable":true,"href":"https:\/\/fanzone.sk\/en\/wp-json\/wp\/v2\/comments?post=1806"}],"version-history":[{"count":1,"href":"https:\/\/fanzone.sk\/en\/wp-json\/wp\/v2\/pages\/1806\/revisions"}],"predecessor-version":[{"id":1815,"href":"https:\/\/fanzone.sk\/en\/wp-json\/wp\/v2\/pages\/1806\/revisions\/1815"}],"wp:attachment":[{"href":"https:\/\/fanzone.sk\/en\/wp-json\/wp\/v2\/media?parent=1806"}],"curies":[{"name":"wp","href":"https:\/\/api.w.org\/{rel}","templated":true}]}}