{"id":2200,"date":"2019-04-16T12:21:13","date_gmt":"2019-04-16T10:21:13","guid":{"rendered":"http:\/\/fanzone.sk\/?page_id=2200"},"modified":"2023-06-12T11:02:58","modified_gmt":"2023-06-12T09:02:58","slug":"ako-nakupovat","status":"publish","type":"page","link":"https:\/\/fanzone.sk\/en\/ako-nakupovat\/","title":{"rendered":"Ako nakupova\u0165"},"content":{"rendered":"<section class=\"wpb-content-wrapper\"><div class=\"vc_row wpb_row vc_row-fluid\"><div class=\"wpb_column vc_column_container vc_col-sm-12\"><div class=\"vc_column-inner\"><div class=\"wpb_wrapper\">\n\t<div class=\"wpb_text_column wpb_content_element\" >\n\t\t<div class=\"wpb_wrapper\">\n\t\t\t<h3><strong>N\u00e1kup<\/strong><\/h3>\n<h4 style=\"padding-left: 40px;\"><strong>N\u00e1kupn\u00fd ko\u0161\u00edk<\/strong><\/h4>\n<ul>\n<li>vyberte si produkt , pr\u00edpadne ve\u013ekos\u0165 a\u00a0variant a\u00a0vlo\u017ete ich do ko\u0161\u00edka, postup opakujte pre ka\u017ed\u00fd vybran\u00fd produkt<\/li>\n<li>kliknite na symbol ko\u0161\u00edka ak chcete upravi\u0165 po\u010dty kusov alebo vyradi\u0165 niektor\u00fd tovar z n\u00e1kupu<\/li>\n<li>skontrolujte kompletn\u00fd n\u00e1kup<\/li>\n<li>prejdite na \u010fal\u0161\u00ed krok objedn\u00e1vania kliknut\u00edm na tla\u010didlo \u201ePoklad\u0148a\u201c<br \/>\n<h4><strong>Kontaktn\u00e9 \u00fadaje<\/strong><\/h4>\n<\/li>\n<\/ul>\n<ul>\n<li>vypl\u0148te kontaktn\u00e9 a\u00a0faktura\u010dn\u00e9 \u00fadaje<\/li>\n<li>uve\u010fte adresu doru\u010denia ak je in\u00e1 ako faktura\u010dn\u00e1<\/li>\n<li>v\u00a0pr\u00edpade ak u\u017e m\u00e1te \u00fa\u010det a\u00a0ste prihl\u00e1sen\u00fd, skontrolujte uvdeden\u00e9 \u00fadaje<\/li>\n<\/ul>\n<h3><strong>Sp\u00f4sob dopravy<\/strong><\/h3>\n<h4 style=\"padding-left: 40px;\"><strong>Osobn\u00fd odber <\/strong><\/h4>\n<ul>\n<li style=\"list-style-type: none;\">\n<ul>\n<li>tovar si prevezmete u n\u00e1s vo firme na adrese Duklianska 19, Pre\u0161ov 08001, Slovensko<\/li>\n<li>osobn\u00fd odber nie je za\u0165a\u017een\u00fd poplatkom za dopravu<\/li>\n<\/ul>\n<\/li>\n<\/ul>\n<h4 style=\"padding-left: 40px;\"><strong>Kuri\u00e9r<\/strong><\/h4>\n<ul>\n<li style=\"list-style-type: none;\">\n<ul>\n<li>doru\u010denie\u00a0prepravnou spolo\u010dnos\u0165 do 24 hod\u00edn odo d\u0148a potvrdenia exped\u00edcie objedn\u00e1vky emailom<\/li>\n<li>cena dopravy kuri\u00e9rom je uveden\u00e1 pri tovare<\/li>\n<\/ul>\n<\/li>\n<\/ul>\n<h3><strong>Sp\u00f4sob platby<\/strong><\/h3>\n<h4 style=\"padding-left: 40px;\"><strong>Hotovos\u0165<\/strong><\/h4>\n<ul>\n<li>platba osobne na na\u0161ej prev\u00e1dzke Duklianska 19, Pre\u0161ov 08001, Slovensko<\/li>\n<li>platba kuri\u00e9rovi pri UPS dobierke<\/li>\n<\/ul>\n<h4 style=\"padding-left: 40px;\"><strong>Platobn\u00e1 karta (ak je k\u00a0dipsoz\u00edcii)<\/strong><\/h4>\n<ul>\n<li>online platobnou kartou po objednan\u00ed cez platobn\u00fa br\u00e1nu<\/li>\n<\/ul>\n<h4 style=\"padding-left: 40px;\"><strong>Priama platba na bankov\u00fd \u00fa\u010det<\/strong><\/h4>\n<ul>\n<li>po spracovan\u00ed\u00a0objedn\u00e1vky v\u00e1m bude na email uveden\u00fd pri kontaktn\u00fdch \u00fadajoch doru\u010den\u00e9 potvrdenie objedn\u00e1vky s\u00a0\u010d\u00edslom \u00fa\u010dtu na ktor\u00fd je potrebn\u00e9 vykona\u0165 \u00fahradu<\/li>\n<li>pri \u00fahrade prevodom je nutn\u00e9 uvies\u0165 variabiln\u00fd symbol\u00a0(\u010d\u00edslo objedn\u00e1vky)\u00a0a presn\u00fa sumu<\/li>\n<li>vyzdvihnutie\u00a0objedn\u00e1vky je mo\u017en\u00e9 najsk\u00f4r v de\u0148 prip\u00edsania \u00fahrady na bankov\u00fd \u00fa\u010det, o\u00a0\u010dom budete emailom informovan\u00fd.<\/li>\n<li>pri prevzat\u00ed tovaru \u00a0dostanete spolu s tovarom origin\u00e1l fakt\u00fary<\/li>\n<\/ul>\n<h3><strong>Registr\u00e1cia u\u017e\u00edvate\u013ea<\/strong><\/h3>\n<p>Ak si prajete, m\u00f4\u017eete sa u\u00a0n\u00e1s registrova\u0165, a\u00a0\u010falej nakupova\u0165 ako registrovan\u00fd z\u00e1kazn\u00edk. Registr\u00e1ciu m\u00f4\u017eete vytvori\u0165 cez vo\u013ebu \u201eRegistr\u00e1cia\u201c vyplnen\u00edm \u00fadajov.<\/p>\n<h4 style=\"padding-left: 40px;\"><strong>\u010co z\u00edskate<\/strong><\/h4>\n<ul>\n<li>u\u0161etrite \u010das pri zad\u00e1van\u00ed kontaktn\u00fdch \u00fadajov v \u010fal\u0161\u00edch objedn\u00e1vkach<\/li>\n<li>hist\u00f3riu n\u00e1kupov<\/li>\n<li>lep\u0161ie ceny pri dosiahnut\u00ed objemu \u2013 o\u00a0vernostnom programe budete v\u010das upovedomen\u00fd. Zbierate body u\u017e od prv\u00e9ho n\u00e1kupu.<\/li>\n<\/ul>\n<p>Prihlasovacie meno a heslo si starostlivo uschovajte a nezverej\u0148ujte. V\u00a0opa\u010dnom pr\u00edpade by ste mohli umo\u017en\u0165 neautorizovanej osobe vykona\u0165 z\u00e1v\u00e4zn\u00fd n\u00e1kup vo va\u0161om mene.<br \/>\nRegistr\u00e1cia pri n\u00e1kupe cez internetov\u00fd obchod nie je povinn\u00e1.<\/p>\n<h3><strong>Spracovanie\u00a0objedn\u00e1vky<\/strong><\/h3>\n<p>Odoslanej objedn\u00e1vke (stla\u010den\u00edm tla\u010didla \u201e<strong>Objedna\u0165 s\u00a0povinnos\u0165ou platby&#8221;<\/strong>\u00a0) pridel\u00edme identifika\u010dn\u00e9 \u010d\u00edslo, preto pri akejko\u013evek bud\u00facej komunik\u00e1cii v\u017edy uve\u010fte \u010d\u00edslo objedn\u00e1vky. O spracovan\u00ed objedn\u00e1vky v\u00e1s budeme priebe\u017ene informova\u0165 emailom. V pr\u00edpade potreby dodato\u010dn\u00fdch inform\u00e1ci\u00ed,\u00a0alebo zmien, v\u00e1s m\u00f4\u017eeme kontaktova\u0165 aj telefonicky alebo\u00a0SMS spr\u00e1vou.<\/p>\n<h4 style=\"padding-left: 40px;\"><strong>Potvrdenie prijatia objedn\u00e1vky<\/strong><\/h4>\n<ul>\n<li>po zaevidovan\u00ed objedn\u00e1vky dostanete automatick\u00e9 potvrdenie prijatia na email, uveden\u00fd v\u00a0kontaktn\u00fdch \u00fadajoch<\/li>\n<li>v pr\u00edpade nedoru\u010denia automatick\u00e9ho potvrdenia, alebo\u00a0v pr\u00edpade nespr\u00e1vne zadan\u00e9ho emailu, n\u00e1s pros\u00edm kontaktujte<\/li>\n<\/ul>\n<h4 style=\"padding-left: 40px;\"><strong>Inform\u00e1cia o stave spracovania<\/strong><\/h4>\n<ul>\n<li>pri zmene stavy va\u0161ej objedn\u00e1vky budete informovan\u00fd<\/li>\n<li>zmenou stavu sa rozumie, prijatie platby, expedovanie, ukon\u010denie<\/li>\n<li>stav objedn\u00e1vky si m\u00f4\u017eete priebe\u017ene sledova\u0165 na n\u00e1stenke svojho \u00fa\u010dtu<\/li>\n<\/ul>\n<p>&nbsp;<\/p>\n<p><em>Je nie\u010do z uveden\u00e9ho postupu nejasn\u00e9 ? Nev\u00e1haje n\u00e1s kontaktova\u0165 na obchod@fanzone.sk<\/em><\/p>\n\n\t\t<\/div>\n\t<\/div>\n<\/div><\/div><\/div><\/div>\n<\/section>","protected":false},"excerpt":{"rendered":"N\u00e1kup N\u00e1kupn\u00fd ko\u0161\u00edk vyberte si produkt , pr\u00edpadne ve\u013ekos\u0165 a\u00a0variant a\u00a0vlo\u017ete ich do ko\u0161\u00edka, postup opakujte pre ka\u017ed\u00fd vybran\u00fd produkt","protected":false},"author":1,"featured_media":0,"parent":0,"menu_order":0,"comment_status":"closed","ping_status":"closed","template":"","meta":{"footnotes":""},"yoast_head":"<!-- This site is optimized with the Yoast SEO plugin v21.2 - https:\/\/yoast.com\/wordpress\/plugins\/seo\/ -->\n<title>Ako nakupova\u0165 - fanzone.sk<\/title>\n<meta name=\"robots\" content=\"index, follow, max-snippet:-1, max-image-preview:large, max-video-preview:-1\" \/>\n<link rel=\"canonical\" href=\"https:\/\/fanzone.sk\/en\/ako-nakupovat\/\" \/>\n<meta property=\"og:locale\" content=\"en_US\" \/>\n<meta property=\"og:type\" content=\"article\" \/>\n<meta property=\"og:title\" content=\"Ako nakupova\u0165 - fanzone.sk\" \/>\n<meta property=\"og:url\" content=\"https:\/\/fanzone.sk\/en\/ako-nakupovat\/\" \/>\n<meta property=\"og:site_name\" content=\"fanzone.sk\" \/>\n<meta property=\"article:publisher\" content=\"https:\/\/www.facebook.com\/FANZONEsk\/\" \/>\n<meta property=\"article:modified_time\" content=\"2023-06-12T09:02:58+00:00\" \/>\n<meta name=\"twitter:card\" content=\"summary_large_image\" \/>\n<meta name=\"twitter:label1\" content=\"Est. reading time\" \/>\n\t<meta name=\"twitter:data1\" content=\"3 minutes\" \/>\n<script type=\"application\/ld+json\" class=\"yoast-schema-graph\">{\"@context\":\"https:\/\/schema.org\",\"@graph\":[{\"@type\":\"WebPage\",\"@id\":\"https:\/\/fanzone.sk\/ako-nakupovat\/\",\"url\":\"https:\/\/fanzone.sk\/ako-nakupovat\/\",\"name\":\"Ako nakupova\u0165 - fanzone.sk\",\"isPartOf\":{\"@id\":\"https:\/\/fanzone.sk\/#website\"},\"datePublished\":\"2019-04-16T10:21:13+00:00\",\"dateModified\":\"2023-06-12T09:02:58+00:00\",\"breadcrumb\":{\"@id\":\"https:\/\/fanzone.sk\/ako-nakupovat\/#breadcrumb\"},\"inLanguage\":\"en-US\",\"potentialAction\":[{\"@type\":\"ReadAction\",\"target\":[\"https:\/\/fanzone.sk\/ako-nakupovat\/\"]}]},{\"@type\":\"BreadcrumbList\",\"@id\":\"https:\/\/fanzone.sk\/ako-nakupovat\/#breadcrumb\",\"itemListElement\":[{\"@type\":\"ListItem\",\"position\":1,\"name\":\"Home\",\"item\":\"https:\/\/fanzone.sk\/\"},{\"@type\":\"ListItem\",\"position\":2,\"name\":\"Ako nakupova\u0165\"}]},{\"@type\":\"WebSite\",\"@id\":\"https:\/\/fanzone.sk\/#website\",\"url\":\"https:\/\/fanzone.sk\/\",\"name\":\"fanzone.sk\",\"description\":\"\",\"potentialAction\":[{\"@type\":\"SearchAction\",\"target\":{\"@type\":\"EntryPoint\",\"urlTemplate\":\"https:\/\/fanzone.sk\/?s={search_term_string}\"},\"query-input\":\"required name=search_term_string\"}],\"inLanguage\":\"en-US\"}]}<\/script>\n<!-- \/ Yoast SEO plugin. -->","yoast_head_json":{"title":"Ako nakupova\u0165 - fanzone.sk","robots":{"index":"index","follow":"follow","max-snippet":"max-snippet:-1","max-image-preview":"max-image-preview:large","max-video-preview":"max-video-preview:-1"},"canonical":"https:\/\/fanzone.sk\/en\/ako-nakupovat\/","og_locale":"en_US","og_type":"article","og_title":"Ako nakupova\u0165 - fanzone.sk","og_url":"https:\/\/fanzone.sk\/en\/ako-nakupovat\/","og_site_name":"fanzone.sk","article_publisher":"https:\/\/www.facebook.com\/FANZONEsk\/","article_modified_time":"2023-06-12T09:02:58+00:00","twitter_card":"summary_large_image","twitter_misc":{"Est. reading time":"3 minutes"},"schema":{"@context":"https:\/\/schema.org","@graph":[{"@type":"WebPage","@id":"https:\/\/fanzone.sk\/ako-nakupovat\/","url":"https:\/\/fanzone.sk\/ako-nakupovat\/","name":"Ako nakupova\u0165 - fanzone.sk","isPartOf":{"@id":"https:\/\/fanzone.sk\/#website"},"datePublished":"2019-04-16T10:21:13+00:00","dateModified":"2023-06-12T09:02:58+00:00","breadcrumb":{"@id":"https:\/\/fanzone.sk\/ako-nakupovat\/#breadcrumb"},"inLanguage":"en-US","potentialAction":[{"@type":"ReadAction","target":["https:\/\/fanzone.sk\/ako-nakupovat\/"]}]},{"@type":"BreadcrumbList","@id":"https:\/\/fanzone.sk\/ako-nakupovat\/#breadcrumb","itemListElement":[{"@type":"ListItem","position":1,"name":"Home","item":"https:\/\/fanzone.sk\/"},{"@type":"ListItem","position":2,"name":"Ako nakupova\u0165"}]},{"@type":"WebSite","@id":"https:\/\/fanzone.sk\/#website","url":"https:\/\/fanzone.sk\/","name":"fanzone.sk","description":"","potentialAction":[{"@type":"SearchAction","target":{"@type":"EntryPoint","urlTemplate":"https:\/\/fanzone.sk\/?s={search_term_string}"},"query-input":"required name=search_term_string"}],"inLanguage":"en-US"}]}},"_links":{"self":[{"href":"https:\/\/fanzone.sk\/en\/wp-json\/wp\/v2\/pages\/2200"}],"collection":[{"href":"https:\/\/fanzone.sk\/en\/wp-json\/wp\/v2\/pages"}],"about":[{"href":"https:\/\/fanzone.sk\/en\/wp-json\/wp\/v2\/types\/page"}],"author":[{"embeddable":true,"href":"https:\/\/fanzone.sk\/en\/wp-json\/wp\/v2\/users\/1"}],"replies":[{"embeddable":true,"href":"https:\/\/fanzone.sk\/en\/wp-json\/wp\/v2\/comments?post=2200"}],"version-history":[{"count":4,"href":"https:\/\/fanzone.sk\/en\/wp-json\/wp\/v2\/pages\/2200\/revisions"}],"predecessor-version":[{"id":23969,"href":"https:\/\/fanzone.sk\/en\/wp-json\/wp\/v2\/pages\/2200\/revisions\/23969"}],"wp:attachment":[{"href":"https:\/\/fanzone.sk\/en\/wp-json\/wp\/v2\/media?parent=2200"}],"curies":[{"name":"wp","href":"https:\/\/api.w.org\/{rel}","templated":true}]}}