{"id":54,"date":"2019-03-07T14:42:24","date_gmt":"2019-03-07T13:42:24","guid":{"rendered":"http:\/\/fanzone.sk\/moj-ucet\/"},"modified":"2020-05-06T21:42:50","modified_gmt":"2020-05-06T19:42:50","slug":"moj-ucet","status":"publish","type":"page","link":"https:\/\/fanzone.sk\/en\/moj-ucet\/","title":{"rendered":"M\u00f4j \u00fa\u010det"},"content":{"rendered":"<div class=\"woocommerce\">\n\n<div class=\"woocommerce-notices-wrapper\"><\/div>\n<div class=\"basel-registration-page basel-register-tabs\">\n\n\n<div class=\"u-columns col2-set\" id=\"customer_login\">\n\n\t<div class=\"u-column1 col-1 col-login\">\n\n\n\t\t<h2 data-no-translation=\"\" data-trp-gettext=\"\">Login<\/h2>\n\n\t\t\t\t<form method=\"post\" class=\"login woocommerce-form woocommerce-form-login\" action=\"https:\/\/fanzone.sk\/en\/moj-ucet\/?action=login\" data-trp-original-action=\"https:\/\/fanzone.sk\/en\/moj-ucet\/?action=login\" >\n\n\t\t\t\n\t\t\t\n\t\t\t<p class=\"woocommerce-FormRow woocommerce-FormRow--wide form-row form-row-wide form-row-username\">\n\t\t\t\t<label for=\"username\">Username or email&nbsp;<span class=\"required\">*<\/span><\/label>\n\t\t\t\t<input type=\"text\" class=\"woocommerce-Input woocommerce-Input--text input-text\" name=\"username\" id=\"username\" autocomplete=\"username\" value=\"\" \/>\n\t\t\t<\/p>\n\t\t\t<p class=\"woocommerce-FormRow woocommerce-FormRow--wide form-row form-row-wide form-row-password\">\n\t\t\t\t<label for=\"password\">Password&nbsp;<span class=\"required\">*<\/span><\/label>\n\t\t\t\t<input class=\"woocommerce-Input woocommerce-Input--text input-text\" type=\"password\" name=\"password\" id=\"password\" autocomplete=\"current-password\" \/>\n\t\t\t<\/p>\n\n\t\t\t<div class=\"g-recaptcha\" id=\"g-recaptcha\" data-sitekey=\"6Lf2yP8jAAAAAKcN3erohf1LA7acec8ZbtqKjYv8\" data-callback=\"submitEnable\" data-expired-callback=\"submitDisable\"><\/div>\n<script>\n    function submitEnable() {\n                 var button = document.getElementById('wp-submit');\n                 if (button === null) {\n                     button = document.getElementById('submit');\n                 }\n                 if (button !== null) {\n                     button.removeAttribute('disabled');\n                 }\n                 var woo_buttons = [\".woocommerce-form-login button\",\".woocommerce-form-register button\",\".woocommerce-ResetPassword button\"];\n                 if (typeof jQuery != 'undefined') {\n                     jQuery.each(woo_buttons,function(i,btn) {\n                         jQuery(btn).removeAttr('disabled');\n                     });\n                 }\n             }\n    function submitDisable() {\n                 var button = document.getElementById('wp-submit');\n                 if (button === null) {\n                     button = document.getElementById('submit');\n                 }\n                 if (button !== null) {\n                     button.setAttribute('disabled','disabled');\n                 }\n                 var woo_buttons = [\".woocommerce-form-login button\",\".woocommerce-form-register button\",\".woocommerce-ResetPassword button\"];\n                 if (typeof jQuery != 'undefined') {\n                     jQuery.each(woo_buttons,function(i,btn) {\n                        jQuery(btn).attr('disabled','disabled');\n                     });\n                 }\n             }\n<\/script>\n<noscript>\n  <div style=\"width: 100%; height: 473px;\">\n      <div style=\"width: 100%; height: 422px; position: relative;\">\n          <div style=\"width: 302px; height: 422px; position: relative;\">\n              <iframe src=\"https:\/\/www.google.com\/recaptcha\/api\/fallback?k=6Lf2yP8jAAAAAKcN3erohf1LA7acec8ZbtqKjYv8\"\n                  frameborder=\"0\" title=\"captcha\" scrolling=\"no\"\n                  style=\"width: 302px; height:422px; border-style: none;\">\n              <\/iframe>\n          <\/div>\n          <div style=\"width: 100%; height: 60px; border-style: none;              bottom: 12px; left: 25px; margin: 0px; padding: 0px; right: 25px; background: #f9f9f9; border: 1px solid #c1c1c1; border-radius: 3px;\">\n              <textarea id=\"g-recaptcha-response\" name=\"g-recaptcha-response\"\n                  title=\"response\" class=\"g-recaptcha-response\"\n                  style=\"width: 250px; height: 40px; border: 1px solid #c1c1c1;                  margin: 10px 25px; padding: 0px; resize: none;\" value=\"\">\n              <\/textarea>\n          <\/div>\n      <\/div>\n<\/div><br>\n<\/noscript>\n\n\t\t\t<p class=\"form-row\">\n\t\t\t\t<input type=\"hidden\" id=\"woocommerce-login-nonce\" name=\"woocommerce-login-nonce\" value=\"aa23b84154\" \/><input type=\"hidden\" name=\"_wp_http_referer\" value=\"\/en\/wp-json\/wp\/v2\/pages\/54\" \/>\t\t\t\t\t\t\t\t<button type=\"submit\" class=\"woocommerce-button button woocommerce-form-login__submit\" name=\"login\" value=\"Log in\">Log in<\/button>\n\t\t\t<\/p>\n\n\t\t\t<div class=\"login-form-footer\">\n\t\t\t\t<a href=\"https:\/\/fanzone.sk\/en\/moj-ucet\/lost-password\/\" class=\"woocommerce-LostPassword lost_password\">Lost your password?<\/a>\n\t\t\t\t<label class=\"woocommerce-form__label woocommerce-form__label-for-checkbox woocommerce-form-login__rememberme\">\n\t\t\t\t\t<input class=\"woocommerce-form__input woocommerce-form__input-checkbox\" name=\"rememberme\" type=\"checkbox\" value=\"forever\" \/> <span>Remember me<\/span>\n\t\t\t\t<\/label>\n\t\t\t<\/div>\n\t\t\t\n\t\t\t\n\t\t\t\n\t\t<input type=\"hidden\" name=\"trp-form-language\" value=\"en\"\/><\/form>\n\n\t\t\n\n\t<\/div>\n\n\t<div class=\"u-column2 col-2 col-register\">\n\n\t\t<h2 data-no-translation=\"\" data-trp-gettext=\"\">Register<\/h2>\n\n\t\t<form method=\"post\" action=\"https:\/\/fanzone.sk\/en\/moj-ucet\/?action=register\" class=\"woocommerce-form woocommerce-form-register register\" data-trp-original-action=\"https:\/\/fanzone.sk\/en\/moj-ucet\/?action=register\"  >\n\n\t\t\t\n\t\t\t\n\t\t\t<p class=\"woocommerce-FormRow woocommerce-FormRow--wide form-row form-row-wide\">\n\t\t\t\t<label for=\"reg_email\">Email address&nbsp;<span class=\"required\">*<\/span><\/label>\n\t\t\t\t<input type=\"email\" class=\"woocommerce-Input woocommerce-Input--text input-text\" name=\"email\" id=\"reg_email\" autocomplete=\"email\" value=\"\" \/>\n\t\t\t<\/p>\n\n\t\t\t\n\t\t\t\t<p data-no-translation=\"\" data-trp-gettext=\"\">A password will be sent to your email address.<\/p>\n\n\t\t\t\n\t\t\t\n<div class=\"show_if_seller\" style=\"display:none\">\n\n    <div class=\"split-row form-row-wide\">\n        <p class=\"form-row form-group\">\n            <label for=\"first-name\">First Name <span class=\"required\">*<\/span><\/label>\n            <input type=\"text\" class=\"input-text form-control\" name=\"fname\" id=\"first-name\" value=\"\" required=\"required\" \/>\n        <\/p>\n\n        <p class=\"form-row form-group\">\n            <label for=\"last-name\">Last Name <span class=\"required\">*<\/span><\/label>\n            <input type=\"text\" class=\"input-text form-control\" name=\"lname\" id=\"last-name\" value=\"\" required=\"required\" \/>\n        <\/p>\n    <\/div>\n\n    <p class=\"form-row form-group form-row-wide\">\n        <label for=\"company-name\">Shop Name <span class=\"required\">*<\/span><\/label>\n        <input type=\"text\" class=\"input-text form-control\" name=\"shopname\" id=\"company-name\" value=\"\" required=\"required\" \/>\n    <\/p>\n\n    <p class=\"form-row form-group form-row-wide\">\n        <label for=\"seller-url\" class=\"pull-left\">Shop URL <span class=\"required\">*<\/span><\/label>\n        <strong id=\"url-alart-mgs\" class=\"pull-right\"><\/strong>\n        <input type=\"text\" class=\"input-text form-control\" name=\"shopurl\" id=\"seller-url\" value=\"\" required=\"required\" \/>\n        <small>https:\/\/fanzone.sk\/en\/klub\/<strong id=\"url-alart\"><\/strong><\/small>\n    <\/p>\n\n    \n    <p class=\"form-row form-group form-row-wide\">\n        <label for=\"shop-phone\">Phone Number<span class=\"required\">*<\/span><\/label>\n        <input type=\"text\" class=\"input-text form-control\" name=\"phone\" id=\"shop-phone\" value=\"\" required=\"required\" \/>\n    <\/p>\n\n    <\/div>\n\n\n<p class=\"form-row form-group user-role vendor-customer-registration\">\n\n    <label class=\"radio\">\n        <input type=\"radio\" name=\"role\" value=\"customer\" checked='checked' class=\"dokan-role-customer\">\n        I am a customer    <\/label>\n    <br\/>\n    <label class=\"radio\">\n        <input type=\"radio\" name=\"role\" value=\"seller\"  class=\"dokan-role-seller\">\n        I am a vendor    <\/label>\n    <\/p>\n<div class=\"g-recaptcha\" id=\"g-recaptcha\" data-sitekey=\"6Lf2yP8jAAAAAKcN3erohf1LA7acec8ZbtqKjYv8\" data-callback=\"submitEnable\" data-expired-callback=\"submitDisable\"><\/div>\n<script>\n    function submitEnable() {\n                 var button = document.getElementById('wp-submit');\n                 if (button === null) {\n                     button = document.getElementById('submit');\n                 }\n                 if (button !== null) {\n                     button.removeAttribute('disabled');\n                 }\n                 var woo_buttons = [\".woocommerce-form-login button\",\".woocommerce-form-register button\",\".woocommerce-ResetPassword button\"];\n                 if (typeof jQuery != 'undefined') {\n                     jQuery.each(woo_buttons,function(i,btn) {\n                         jQuery(btn).removeAttr('disabled');\n                     });\n                 }\n             }\n    function submitDisable() {\n                 var button = document.getElementById('wp-submit');\n                 if (button === null) {\n                     button = document.getElementById('submit');\n                 }\n                 if (button !== null) {\n                     button.setAttribute('disabled','disabled');\n                 }\n                 var woo_buttons = [\".woocommerce-form-login button\",\".woocommerce-form-register button\",\".woocommerce-ResetPassword button\"];\n                 if (typeof jQuery != 'undefined') {\n                     jQuery.each(woo_buttons,function(i,btn) {\n                        jQuery(btn).attr('disabled','disabled');\n                     });\n                 }\n             }\n<\/script>\n<noscript>\n  <div style=\"width: 100%; height: 473px;\">\n      <div style=\"width: 100%; height: 422px; position: relative;\">\n          <div style=\"width: 302px; height: 422px; position: relative;\">\n              <iframe src=\"https:\/\/www.google.com\/recaptcha\/api\/fallback?k=6Lf2yP8jAAAAAKcN3erohf1LA7acec8ZbtqKjYv8\"\n                  frameborder=\"0\" title=\"captcha\" scrolling=\"no\"\n                  style=\"width: 302px; height:422px; border-style: none;\">\n              <\/iframe>\n          <\/div>\n          <div style=\"width: 100%; height: 60px; border-style: none;              bottom: 12px; left: 25px; margin: 0px; padding: 0px; right: 25px; background: #f9f9f9; border: 1px solid #c1c1c1; border-radius: 3px;\">\n              <textarea id=\"g-recaptcha-response\" name=\"g-recaptcha-response\"\n                  title=\"response\" class=\"g-recaptcha-response\"\n                  style=\"width: 250px; height: 40px; border: 1px solid #c1c1c1;                  margin: 10px 25px; padding: 0px; resize: none;\" value=\"\">\n              <\/textarea>\n          <\/div>\n      <\/div>\n<\/div><br>\n<\/noscript>\n<p class=\"form-row form-row-wide mailchimp-newsletter\"><label for=\"mailchimp_woocommerce_newsletter\" class=\"woocommerce-form__label woocommerce-form__label-for-checkbox inline\"><input class=\"woocommerce-form__input woocommerce-form__input-checkbox input-checkbox\" id=\"mailchimp_woocommerce_newsletter\" type=\"checkbox\" name=\"mailchimp_woocommerce_newsletter\" value=\"1\" checked=\"checked\"> <span>Subscribe to our newsletter<\/span><\/label><\/p><div class=\"clear\"><\/div><div class=\"woocommerce-privacy-policy-text\"><p>Va\u0161e osobn\u00e9 \u00fadaje bud\u00fa pou\u017eit\u00e9 na podporu va\u0161ich sk\u00fasenost\u00ed na tejto webovej str\u00e1nke, na spravovanie pr\u00edstupu k v\u00e1\u0161mu \u00fa\u010dtu a na in\u00e9 \u00fa\u010dely pop\u00edsan\u00e9 v <a href=\"https:\/\/fanzone.sk\/en\/ochrana-osobnych-udajov\/\" class=\"woocommerce-privacy-policy-link\" target=\"_blank\" data-no-translation=\"\" data-trp-gettext=\"\">privacy policy<\/a>.<\/p>\n<\/div>\n\t\t\t<p class=\"woocommerce-form-row form-row\">\n\t\t\t\t<input type=\"hidden\" id=\"_wpnonce\" name=\"_wpnonce\" value=\"f61f7c81a9\" \/><input type=\"hidden\" name=\"_wp_http_referer\" value=\"\/en\/wp-json\/wp\/v2\/pages\/54\" \/>\t\t\t\t<button type=\"submit\" class=\"woocommerce-Button button\" name=\"register\" value=\"Register\" data-no-translation=\"\" data-trp-gettext=\"\" data-no-translation-value=\"\">Register<\/button>\n\t\t\t<\/p>\n\n\t\t\t\n\t\t<input type=\"hidden\" name=\"trp-form-language\" value=\"en\"\/><\/form>\n\n\t<\/div>\n\n\t\t\t<div class=\"col-2 col-register-text\">\n\n\t\t\t<span class=\"register-or\">Or<\/span>\n\n\t\t\t\n\t\t\t\t\t\t\t<h2>Register<\/h2>\n\t\t\t\n\t\t\t\n\t\t\t\t\t\t\t<div class=\"registration-info\">Registering for this site allows you to access your order status and history. Just fill in the fields below, and we'll get a new account set up for you in no time. We will only ask you for information necessary to make the purchase process faster and easier.<\/div>\n\t\t\t\n\t\t\t\n\t\t\t<a href=\"#\" rel=\"nofollow\" class=\"btn btn-color-black basel-switch-to-register\" data-login=\"Login\" data-login-title=\"Login\" data-reg-title=\"Register\" data-register=\"Register\" data-no-translation=\"\" data-trp-gettext=\"\" data-no-translation-data-login=\"\" data-no-translation-data-register=\"\">Register<\/a>\n\t\t<\/div>\n\t\t\n<\/div>\n\n<\/div><!-- .basel-registration-page -->\n\n<\/div>","protected":false},"excerpt":{"rendered":"Login Username or email&nbsp;* Password&nbsp;* Log in Lost your password? Remember me Register Email address&nbsp;* A","protected":false},"author":1,"featured_media":0,"parent":0,"menu_order":0,"comment_status":"closed","ping_status":"closed","template":"","meta":{"footnotes":""},"yoast_head":"<!-- This site is optimized with the Yoast SEO plugin v21.2 - https:\/\/yoast.com\/wordpress\/plugins\/seo\/ -->\n<title>M\u00f4j \u00fa\u010det - fanzone.sk<\/title>\n<meta name=\"robots\" content=\"noindex, nofollow\" \/>\n<meta property=\"og:locale\" content=\"en_US\" \/>\n<meta property=\"og:type\" content=\"article\" \/>\n<meta property=\"og:title\" content=\"M\u00f4j \u00fa\u010det - fanzone.sk\" \/>\n<meta property=\"og:url\" content=\"https:\/\/fanzone.sk\/en\/moj-ucet\/\" \/>\n<meta property=\"og:site_name\" content=\"fanzone.sk\" \/>\n<meta property=\"article:publisher\" content=\"https:\/\/www.facebook.com\/FANZONEsk\/\" \/>\n<meta property=\"article:modified_time\" content=\"2020-05-06T19:42:50+00:00\" \/>\n<meta name=\"twitter:card\" content=\"summary_large_image\" \/>\n<script type=\"application\/ld+json\" class=\"yoast-schema-graph\">{\"@context\":\"https:\/\/schema.org\",\"@graph\":[{\"@type\":\"WebPage\",\"@id\":\"https:\/\/fanzone.sk\/moj-ucet\/\",\"url\":\"https:\/\/fanzone.sk\/moj-ucet\/\",\"name\":\"M\u00f4j \u00fa\u010det - fanzone.sk\",\"isPartOf\":{\"@id\":\"https:\/\/fanzone.sk\/#website\"},\"datePublished\":\"2019-03-07T13:42:24+00:00\",\"dateModified\":\"2020-05-06T19:42:50+00:00\",\"breadcrumb\":{\"@id\":\"https:\/\/fanzone.sk\/moj-ucet\/#breadcrumb\"},\"inLanguage\":\"en-US\",\"potentialAction\":[{\"@type\":\"ReadAction\",\"target\":[\"https:\/\/fanzone.sk\/moj-ucet\/\"]}]},{\"@type\":\"BreadcrumbList\",\"@id\":\"https:\/\/fanzone.sk\/moj-ucet\/#breadcrumb\",\"itemListElement\":[{\"@type\":\"ListItem\",\"position\":1,\"name\":\"Home\",\"item\":\"https:\/\/fanzone.sk\/\"},{\"@type\":\"ListItem\",\"position\":2,\"name\":\"M\u00f4j \u00fa\u010det\"}]},{\"@type\":\"WebSite\",\"@id\":\"https:\/\/fanzone.sk\/#website\",\"url\":\"https:\/\/fanzone.sk\/\",\"name\":\"fanzone.sk\",\"description\":\"\",\"potentialAction\":[{\"@type\":\"SearchAction\",\"target\":{\"@type\":\"EntryPoint\",\"urlTemplate\":\"https:\/\/fanzone.sk\/?s={search_term_string}\"},\"query-input\":\"required name=search_term_string\"}],\"inLanguage\":\"en-US\"}]}<\/script>\n<!-- \/ Yoast SEO plugin. -->","yoast_head_json":{"title":"M\u00f4j \u00fa\u010det - fanzone.sk","robots":{"index":"noindex","follow":"nofollow"},"og_locale":"en_US","og_type":"article","og_title":"M\u00f4j \u00fa\u010det - fanzone.sk","og_url":"https:\/\/fanzone.sk\/en\/moj-ucet\/","og_site_name":"fanzone.sk","article_publisher":"https:\/\/www.facebook.com\/FANZONEsk\/","article_modified_time":"2020-05-06T19:42:50+00:00","twitter_card":"summary_large_image","schema":{"@context":"https:\/\/schema.org","@graph":[{"@type":"WebPage","@id":"https:\/\/fanzone.sk\/moj-ucet\/","url":"https:\/\/fanzone.sk\/moj-ucet\/","name":"M\u00f4j \u00fa\u010det - fanzone.sk","isPartOf":{"@id":"https:\/\/fanzone.sk\/#website"},"datePublished":"2019-03-07T13:42:24+00:00","dateModified":"2020-05-06T19:42:50+00:00","breadcrumb":{"@id":"https:\/\/fanzone.sk\/moj-ucet\/#breadcrumb"},"inLanguage":"en-US","potentialAction":[{"@type":"ReadAction","target":["https:\/\/fanzone.sk\/moj-ucet\/"]}]},{"@type":"BreadcrumbList","@id":"https:\/\/fanzone.sk\/moj-ucet\/#breadcrumb","itemListElement":[{"@type":"ListItem","position":1,"name":"Home","item":"https:\/\/fanzone.sk\/"},{"@type":"ListItem","position":2,"name":"M\u00f4j \u00fa\u010det"}]},{"@type":"WebSite","@id":"https:\/\/fanzone.sk\/#website","url":"https:\/\/fanzone.sk\/","name":"fanzone.sk","description":"","potentialAction":[{"@type":"SearchAction","target":{"@type":"EntryPoint","urlTemplate":"https:\/\/fanzone.sk\/?s={search_term_string}"},"query-input":"required name=search_term_string"}],"inLanguage":"en-US"}]}},"_links":{"self":[{"href":"https:\/\/fanzone.sk\/en\/wp-json\/wp\/v2\/pages\/54"}],"collection":[{"href":"https:\/\/fanzone.sk\/en\/wp-json\/wp\/v2\/pages"}],"about":[{"href":"https:\/\/fanzone.sk\/en\/wp-json\/wp\/v2\/types\/page"}],"author":[{"embeddable":true,"href":"https:\/\/fanzone.sk\/en\/wp-json\/wp\/v2\/users\/1"}],"replies":[{"embeddable":true,"href":"https:\/\/fanzone.sk\/en\/wp-json\/wp\/v2\/comments?post=54"}],"version-history":[{"count":1,"href":"https:\/\/fanzone.sk\/en\/wp-json\/wp\/v2\/pages\/54\/revisions"}],"predecessor-version":[{"id":11251,"href":"https:\/\/fanzone.sk\/en\/wp-json\/wp\/v2\/pages\/54\/revisions\/11251"}],"wp:attachment":[{"href":"https:\/\/fanzone.sk\/en\/wp-json\/wp\/v2\/media?parent=54"}],"curies":[{"name":"wp","href":"https:\/\/api.w.org\/{rel}","templated":true}]}}