{"id":781,"date":"2017-02-09T08:45:13","date_gmt":"2017-02-09T08:45:13","guid":{"rendered":"http:\/\/dummy.xtemos.com\/basel\/vers\/?page_id=781"},"modified":"2020-01-24T11:41:13","modified_gmt":"2020-01-24T10:41:13","slug":"onas","status":"publish","type":"page","link":"https:\/\/fanzone.sk\/en\/onas\/","title":{"rendered":"O n\u00e1s"},"content":{"rendered":"<section class=\"wpb-content-wrapper\"><div data-vc-full-width=\"true\" data-vc-full-width-init=\"false\" data-vc-stretch-content=\"true\" class=\"vc_row wpb_row vc_row-fluid vc_custom_1451486211770 vc_row-no-padding vc_row-o-content-middle vc_row-flex\"><div class=\"wpb_column vc_column_container vc_col-sm-12 vc_col-md-6\"><div class=\"vc_column-inner\"><div class=\"wpb_wrapper\">\n\t<div  class=\"wpb_single_image wpb_content_element vc_align_center vc_custom_1579862445137\">\n\t\t\n\t\t<figure class=\"wpb_wrapper vc_figure\">\n\t\t\t<div class=\"vc_single_image-wrapper   vc_box_border_grey\"><img class=\"vc_single_image-img\" src=\"https:\/\/fanzone.sk\/wp-content\/uploads\/2020\/01\/fanzone_photo-1000x842.png\" width=\"1000\" height=\"842\" alt=\"fanzone_photo\" title=\"fanzone_photo\" \/><\/div>\n\t\t<\/figure>\n\t<\/div>\n<\/div><\/div><\/div><div class=\"wpb_column vc_column_container vc_col-sm-12 vc_col-md-6\"><div class=\"vc_column-inner vc_custom_1485009354843\"><div class=\"wpb_wrapper\">\n\t<div class=\"wpb_text_column wpb_content_element vc_custom_1579862471877\" >\n\t\t<div class=\"wpb_wrapper\">\n\t\t\t<h1 class=\"font-title\" style=\"font-size: 42px; text-transform: capitalize; text-align: center;\">eshop zna\u010dky A4ka<span style=\"border-bottom: 1px solid #BDBDBD; padding-bottom: 4px;\">&#8230;<\/span><\/h1>\n\n\t\t<\/div>\n\t<\/div>\n\n\t<div class=\"wpb_text_column wpb_content_element vc_custom_1572528152116\" >\n\t\t<div class=\"wpb_wrapper\">\n\t\t\t<p style=\"text-align: left;\">Mlad\u00e1 firma pln\u00e1 mlad\u00fdch, kreat\u00edvnych profesion\u00e1lov pripraven\u00fdch postara\u0165 sa o va\u0161e marketingov\u00e9 potreby. \u010ci u\u017e ste \u0161portov\u00fd klub, zaveden\u00e1 alebo rozbiehaj\u00faca sa firma, sme tu pre V\u00e1s. Budujeme vlastn\u00fa lok\u00e1lnu zna\u010dku so svetov\u00fdm \u0161tandardom kvality. Pom\u00f4\u017eeme aj V\u00e1m s tou va\u0161ou.<\/p>\n<p style=\"text-align: left;\">Rie\u0161ime potreby na\u0161ich klientov s nad\u0161en\u00edm a zmyslom pre detail. Va\u0161e po\u017eiadavky nie s\u00fa pre n\u00e1s len biznis, s\u00fa to v\u00fdzvy, s ktor\u00fdmi sa pasujeme dovtedy, k\u00fdm nie ste spokojn\u00ed.<\/p>\n<p style=\"text-align: left;\">Sami sme \u0161portovo zameran\u00ed a aj fand\u00edme. Sledujeme trendy v tejto oblasti doma aj vo svete a preto u n\u00e1s n\u00e1jdete v\u0161etko, \u010do dobr\u00fd fan\u00fa\u0161ik potrebuje. Spolupracujeme s profesion\u00e1lnymi klubmi v r\u00f4znych \u0161portoch pri budovan\u00ed ich zna\u010dky. Sme tu aj pre v\u00e1s, ich fan\u00fa\u0161ikov.<\/p>\n<p style=\"text-align: left;\">Potrebujete origin\u00e1lny dar\u010dek na narodeniny pre priate\u013eov ?<\/p>\n<p style=\"text-align: left;\">M\u00e1te n\u00e1pad na vlastn\u00e9 origin\u00e1lne tri\u010dko ?<\/p>\n<p style=\"text-align: left;\">H\u013ead\u00e1te trofej ktor\u00fa chcete odovzda\u0165 najlep\u0161iemu zamestnancovi ? V\u0161etko toto u n\u00e1s n\u00e1jdete.<\/p>\n<p style=\"text-align: left;\"><span style=\"color: #000000;\"><strong>Marketing, \u0161port, fandenie, a\u00a0origin\u00e1lne dar\u010deky to je n\u00e1\u0161 svet !<\/strong><\/span><\/p>\n\n\t\t<\/div>\n\t<\/div>\n\n\t\t\t<ul class=\"social-icons text-center icons-design-circle icons-size-default social-share\">\n\t\t\t\t\t\t\t\t\t<li class=\"social-facebook\"><a rel=\"noopener noreferrer nofollow\" href=\"https:\/\/www.facebook.com\/sharer\/sharer.php?u=https:\/\/fanzone.sk\/en\/onas\/\" target=\"_blank\" class=\"\"><i class=\"fa fa-facebook\"><\/i><span class=\"basel-social-icon-name\">Facebook<\/span><\/a><\/li>\n\t\t\t\t\n\t\t\t\t\t\t\t\t\t<li class=\"social-twitter\"><a rel=\"noopener noreferrer nofollow\" href=\"https:\/\/twitter.com\/share?url=https:\/\/fanzone.sk\/en\/onas\/\" target=\"_blank\" class=\"\"><i class=\"fa fa-twitter\"><\/i><span class=\"basel-social-icon-name\">Twitter<\/span><\/a><\/li>\n\t\t\t\t\n\t\t\t\t\n\t\t\t\t\n\t\t\t\t\n\t\t\t\t\n\t\t\t\t\n\t\t\t\t\n\t\t\t\t\n\t\t\t\t\n\t\t\t\t\n\t\t\t\t\n\t\t\t\t\n\t\t\t\t\n\t\t\t\t\n\t\t\t\t\n\t\t\t\t\t\t\t\t\n\t\t\t\t\n\t\t\t\t\n\t\t\t\t\n\t\t\t\t\t\t\t<\/ul>\n\n\t\t<\/div><\/div><\/div><\/div><div class=\"vc_row-full-width vc_clearfix\"><\/div>\n<\/section>","protected":false},"excerpt":{"rendered":"eshop zna\u010dky A4ka... Mlad\u00e1 firma pln\u00e1 mlad\u00fdch, kreat\u00edvnych profesion\u00e1lov pripraven\u00fdch postara\u0165 sa o va\u0161e marketingov\u00e9 potreby. \u010ci u\u017e ste \u0161portov\u00fd","protected":false},"author":1,"featured_media":0,"parent":0,"menu_order":0,"comment_status":"closed","ping_status":"closed","template":"","meta":{"footnotes":""},"yoast_head":"<!-- This site is optimized with the Yoast SEO plugin v21.2 - https:\/\/yoast.com\/wordpress\/plugins\/seo\/ -->\n<title>O n\u00e1s - fanzone.sk<\/title>\n<meta name=\"robots\" content=\"index, follow, max-snippet:-1, max-image-preview:large, max-video-preview:-1\" \/>\n<link rel=\"canonical\" href=\"https:\/\/fanzone.sk\/en\/onas\/\" \/>\n<meta property=\"og:locale\" content=\"en_US\" \/>\n<meta property=\"og:type\" content=\"article\" \/>\n<meta property=\"og:title\" content=\"O n\u00e1s - fanzone.sk\" \/>\n<meta property=\"og:url\" content=\"https:\/\/fanzone.sk\/en\/onas\/\" \/>\n<meta property=\"og:site_name\" content=\"fanzone.sk\" \/>\n<meta property=\"article:publisher\" content=\"https:\/\/www.facebook.com\/FANZONEsk\/\" \/>\n<meta property=\"article:modified_time\" content=\"2020-01-24T10:41:13+00:00\" \/>\n<meta name=\"twitter:card\" content=\"summary_large_image\" \/>\n<meta name=\"twitter:label1\" content=\"Est. reading time\" \/>\n\t<meta name=\"twitter:data1\" content=\"2 minutes\" \/>\n<script type=\"application\/ld+json\" class=\"yoast-schema-graph\">{\"@context\":\"https:\/\/schema.org\",\"@graph\":[{\"@type\":\"WebPage\",\"@id\":\"https:\/\/fanzone.sk\/onas\/\",\"url\":\"https:\/\/fanzone.sk\/onas\/\",\"name\":\"O n\u00e1s - fanzone.sk\",\"isPartOf\":{\"@id\":\"https:\/\/fanzone.sk\/#website\"},\"datePublished\":\"2017-02-09T08:45:13+00:00\",\"dateModified\":\"2020-01-24T10:41:13+00:00\",\"breadcrumb\":{\"@id\":\"https:\/\/fanzone.sk\/onas\/#breadcrumb\"},\"inLanguage\":\"en-US\",\"potentialAction\":[{\"@type\":\"ReadAction\",\"target\":[\"https:\/\/fanzone.sk\/onas\/\"]}]},{\"@type\":\"BreadcrumbList\",\"@id\":\"https:\/\/fanzone.sk\/onas\/#breadcrumb\",\"itemListElement\":[{\"@type\":\"ListItem\",\"position\":1,\"name\":\"Home\",\"item\":\"https:\/\/fanzone.sk\/\"},{\"@type\":\"ListItem\",\"position\":2,\"name\":\"O n\u00e1s\"}]},{\"@type\":\"WebSite\",\"@id\":\"https:\/\/fanzone.sk\/#website\",\"url\":\"https:\/\/fanzone.sk\/\",\"name\":\"fanzone.sk\",\"description\":\"\",\"potentialAction\":[{\"@type\":\"SearchAction\",\"target\":{\"@type\":\"EntryPoint\",\"urlTemplate\":\"https:\/\/fanzone.sk\/?s={search_term_string}\"},\"query-input\":\"required name=search_term_string\"}],\"inLanguage\":\"en-US\"}]}<\/script>\n<!-- \/ Yoast SEO plugin. -->","yoast_head_json":{"title":"O n\u00e1s - fanzone.sk","robots":{"index":"index","follow":"follow","max-snippet":"max-snippet:-1","max-image-preview":"max-image-preview:large","max-video-preview":"max-video-preview:-1"},"canonical":"https:\/\/fanzone.sk\/en\/onas\/","og_locale":"en_US","og_type":"article","og_title":"O n\u00e1s - fanzone.sk","og_url":"https:\/\/fanzone.sk\/en\/onas\/","og_site_name":"fanzone.sk","article_publisher":"https:\/\/www.facebook.com\/FANZONEsk\/","article_modified_time":"2020-01-24T10:41:13+00:00","twitter_card":"summary_large_image","twitter_misc":{"Est. reading time":"2 minutes"},"schema":{"@context":"https:\/\/schema.org","@graph":[{"@type":"WebPage","@id":"https:\/\/fanzone.sk\/onas\/","url":"https:\/\/fanzone.sk\/onas\/","name":"O n\u00e1s - fanzone.sk","isPartOf":{"@id":"https:\/\/fanzone.sk\/#website"},"datePublished":"2017-02-09T08:45:13+00:00","dateModified":"2020-01-24T10:41:13+00:00","breadcrumb":{"@id":"https:\/\/fanzone.sk\/onas\/#breadcrumb"},"inLanguage":"en-US","potentialAction":[{"@type":"ReadAction","target":["https:\/\/fanzone.sk\/onas\/"]}]},{"@type":"BreadcrumbList","@id":"https:\/\/fanzone.sk\/onas\/#breadcrumb","itemListElement":[{"@type":"ListItem","position":1,"name":"Home","item":"https:\/\/fanzone.sk\/"},{"@type":"ListItem","position":2,"name":"O n\u00e1s"}]},{"@type":"WebSite","@id":"https:\/\/fanzone.sk\/#website","url":"https:\/\/fanzone.sk\/","name":"fanzone.sk","description":"","potentialAction":[{"@type":"SearchAction","target":{"@type":"EntryPoint","urlTemplate":"https:\/\/fanzone.sk\/?s={search_term_string}"},"query-input":"required name=search_term_string"}],"inLanguage":"en-US"}]}},"_links":{"self":[{"href":"https:\/\/fanzone.sk\/en\/wp-json\/wp\/v2\/pages\/781"}],"collection":[{"href":"https:\/\/fanzone.sk\/en\/wp-json\/wp\/v2\/pages"}],"about":[{"href":"https:\/\/fanzone.sk\/en\/wp-json\/wp\/v2\/types\/page"}],"author":[{"embeddable":true,"href":"https:\/\/fanzone.sk\/en\/wp-json\/wp\/v2\/users\/1"}],"replies":[{"embeddable":true,"href":"https:\/\/fanzone.sk\/en\/wp-json\/wp\/v2\/comments?post=781"}],"version-history":[{"count":6,"href":"https:\/\/fanzone.sk\/en\/wp-json\/wp\/v2\/pages\/781\/revisions"}],"predecessor-version":[{"id":5443,"href":"https:\/\/fanzone.sk\/en\/wp-json\/wp\/v2\/pages\/781\/revisions\/5443"}],"wp:attachment":[{"href":"https:\/\/fanzone.sk\/en\/wp-json\/wp\/v2\/media?parent=781"}],"curies":[{"name":"wp","href":"https:\/\/api.w.org\/{rel}","templated":true}]}}