{"id":11530,"date":"2020-04-30T14:28:52","date_gmt":"2020-04-30T12:28:52","guid":{"rendered":"https:\/\/fanzone.sk\/?post_type=product&#038;p=11530"},"modified":"2025-02-03T22:06:43","modified_gmt":"2025-02-03T21:06:43","slug":"siltovka-dze-se-tu-sika","status":"publish","type":"product","link":"https:\/\/fanzone.sk\/en\/product\/siltovka-dze-se-tu-sika\/","title":{"rendered":"\u0160iltovka &#8211; Dze \u0161e tu \u0161ika"},"content":{"rendered":"<ul>\n<li>5 panelov\u00e1 \u0161iltovka<\/li>\n<li>100 % bavlna ( pl\u00e1tno)<\/li>\n<li>ploch\u00fd \u0161ilt &#8211; 6x pre\u0161\u00edvan\u00fd<\/li>\n<li>autentick\u00e9 kovov\u00e9 vetracie o\u010dk\u00e1<\/li>\n<li>ve\u013ekostn\u00e9 nastavenie &#8220;snap&#8221;<\/li>\n<li>potla\u010d printflexom<\/li>\n<\/ul>","protected":false},"excerpt":{"rendered":"<ul>\n<li>5 panelov\u00e1 \u0161iltovka<\/li>\n<li>100 % bavlna ( pl\u00e1tno)<\/li>\n<li>ploch\u00fd \u0161ilt &#8211; 6x pre\u0161\u00edvan\u00fd<\/li>\n<li>autentick\u00e9 kovov\u00e9 vetracie o\u010dk\u00e1<\/li>\n<li>ve\u013ekostn\u00e9 nastavenie &#8220;snap&#8221;<\/li>\n<li>potla\u010d printflexom<\/li>\n<\/ul>","protected":false},"featured_media":11531,"template":"","meta":[],"product_cat":[227,327,234],"product_tag":[150],"wcpa_form_fields":null,"yoast_head":"<!-- This site is optimized with the Yoast SEO plugin v21.2 - https:\/\/yoast.com\/wordpress\/plugins\/seo\/ -->\n<title>\u0160iltovka - Dze \u0161e tu \u0161ika - fanzone.sk<\/title>\n<meta name=\"robots\" content=\"index, follow, max-snippet:-1, max-image-preview:large, max-video-preview:-1\" \/>\n<link rel=\"canonical\" href=\"https:\/\/fanzone.sk\/en\/product\/siltovka-dze-se-tu-sika\/\" \/>\n<meta property=\"og:locale\" content=\"en_US\" \/>\n<meta property=\"og:type\" content=\"article\" \/>\n<meta property=\"og:title\" content=\"\u0160iltovka - Dze \u0161e tu \u0161ika - fanzone.sk\" \/>\n<meta property=\"og:description\" content=\"5 panelov\u00e1 \u0161iltovka  100 % bavlna ( pl\u00e1tno)  ploch\u00fd \u0161ilt - 6x pre\u0161\u00edvan\u00fd  autentick\u00e9 kovov\u00e9 vetracie o\u010dk\u00e1  ve\u013ekostn\u00e9 nastavenie &quot;snap&quot;  potla\u010d printflexom\" \/>\n<meta property=\"og:url\" content=\"https:\/\/fanzone.sk\/en\/product\/siltovka-dze-se-tu-sika\/\" \/>\n<meta property=\"og:site_name\" content=\"fanzone.sk\" \/>\n<meta property=\"article:publisher\" content=\"https:\/\/www.facebook.com\/FANZONEsk\/\" \/>\n<meta property=\"article:modified_time\" content=\"2025-02-03T21:06:43+00:00\" \/>\n<meta property=\"og:image\" content=\"https:\/\/fanzone.sk\/wp-content\/uploads\/2020\/04\/dze_se_tu_sika_siltka_potlac-100.jpg\" \/>\n\t<meta property=\"og:image:width\" content=\"800\" \/>\n\t<meta property=\"og:image:height\" content=\"800\" \/>\n\t<meta property=\"og:image:type\" content=\"image\/jpeg\" \/>\n<meta name=\"twitter:card\" content=\"summary_large_image\" \/>\n<script type=\"application\/ld+json\" class=\"yoast-schema-graph\">{\"@context\":\"https:\/\/schema.org\",\"@graph\":[{\"@type\":\"WebPage\",\"@id\":\"https:\/\/fanzone.sk\/produkt\/siltovka-dze-se-tu-sika\/\",\"url\":\"https:\/\/fanzone.sk\/produkt\/siltovka-dze-se-tu-sika\/\",\"name\":\"\u0160iltovka - Dze \u0161e tu \u0161ika - fanzone.sk\",\"isPartOf\":{\"@id\":\"https:\/\/fanzone.sk\/#website\"},\"datePublished\":\"2020-04-30T12:28:52+00:00\",\"dateModified\":\"2025-02-03T21:06:43+00:00\",\"breadcrumb\":{\"@id\":\"https:\/\/fanzone.sk\/produkt\/siltovka-dze-se-tu-sika\/#breadcrumb\"},\"inLanguage\":\"en-US\",\"potentialAction\":[{\"@type\":\"ReadAction\",\"target\":[\"https:\/\/fanzone.sk\/produkt\/siltovka-dze-se-tu-sika\/\"]}]},{\"@type\":\"BreadcrumbList\",\"@id\":\"https:\/\/fanzone.sk\/produkt\/siltovka-dze-se-tu-sika\/#breadcrumb\",\"itemListElement\":[{\"@type\":\"ListItem\",\"position\":1,\"name\":\"Home\",\"item\":\"https:\/\/fanzone.sk\/\"},{\"@type\":\"ListItem\",\"position\":2,\"name\":\"Obchod\",\"item\":\"https:\/\/fanzone.sk\/obchod\/\"},{\"@type\":\"ListItem\",\"position\":3,\"name\":\"\u0160iltovka &#8211; Dze \u0161e tu \u0161ika\"}]},{\"@type\":\"WebSite\",\"@id\":\"https:\/\/fanzone.sk\/#website\",\"url\":\"https:\/\/fanzone.sk\/\",\"name\":\"fanzone.sk\",\"description\":\"\",\"potentialAction\":[{\"@type\":\"SearchAction\",\"target\":{\"@type\":\"EntryPoint\",\"urlTemplate\":\"https:\/\/fanzone.sk\/?s={search_term_string}\"},\"query-input\":\"required name=search_term_string\"}],\"inLanguage\":\"en-US\"}]}<\/script>\n<!-- \/ Yoast SEO plugin. -->","yoast_head_json":{"title":"\u0160iltovka - Dze \u0161e tu \u0161ika - fanzone.sk","robots":{"index":"index","follow":"follow","max-snippet":"max-snippet:-1","max-image-preview":"max-image-preview:large","max-video-preview":"max-video-preview:-1"},"canonical":"https:\/\/fanzone.sk\/en\/product\/siltovka-dze-se-tu-sika\/","og_locale":"en_US","og_type":"article","og_title":"\u0160iltovka - Dze \u0161e tu \u0161ika - fanzone.sk","og_description":"5 panelov\u00e1 \u0161iltovka  100 % bavlna ( pl\u00e1tno)  ploch\u00fd \u0161ilt - 6x pre\u0161\u00edvan\u00fd  autentick\u00e9 kovov\u00e9 vetracie o\u010dk\u00e1  ve\u013ekostn\u00e9 nastavenie \"snap\"  potla\u010d printflexom","og_url":"https:\/\/fanzone.sk\/en\/product\/siltovka-dze-se-tu-sika\/","og_site_name":"fanzone.sk","article_publisher":"https:\/\/www.facebook.com\/FANZONEsk\/","article_modified_time":"2025-02-03T21:06:43+00:00","og_image":[{"width":800,"height":800,"url":"https:\/\/fanzone.sk\/wp-content\/uploads\/2020\/04\/dze_se_tu_sika_siltka_potlac-100.jpg","type":"image\/jpeg"}],"twitter_card":"summary_large_image","schema":{"@context":"https:\/\/schema.org","@graph":[{"@type":"WebPage","@id":"https:\/\/fanzone.sk\/produkt\/siltovka-dze-se-tu-sika\/","url":"https:\/\/fanzone.sk\/produkt\/siltovka-dze-se-tu-sika\/","name":"\u0160iltovka - Dze \u0161e tu \u0161ika - fanzone.sk","isPartOf":{"@id":"https:\/\/fanzone.sk\/#website"},"datePublished":"2020-04-30T12:28:52+00:00","dateModified":"2025-02-03T21:06:43+00:00","breadcrumb":{"@id":"https:\/\/fanzone.sk\/produkt\/siltovka-dze-se-tu-sika\/#breadcrumb"},"inLanguage":"en-US","potentialAction":[{"@type":"ReadAction","target":["https:\/\/fanzone.sk\/produkt\/siltovka-dze-se-tu-sika\/"]}]},{"@type":"BreadcrumbList","@id":"https:\/\/fanzone.sk\/produkt\/siltovka-dze-se-tu-sika\/#breadcrumb","itemListElement":[{"@type":"ListItem","position":1,"name":"Home","item":"https:\/\/fanzone.sk\/"},{"@type":"ListItem","position":2,"name":"Obchod","item":"https:\/\/fanzone.sk\/obchod\/"},{"@type":"ListItem","position":3,"name":"\u0160iltovka &#8211; Dze \u0161e tu \u0161ika"}]},{"@type":"WebSite","@id":"https:\/\/fanzone.sk\/#website","url":"https:\/\/fanzone.sk\/","name":"fanzone.sk","description":"","potentialAction":[{"@type":"SearchAction","target":{"@type":"EntryPoint","urlTemplate":"https:\/\/fanzone.sk\/?s={search_term_string}"},"query-input":"required name=search_term_string"}],"inLanguage":"en-US"}]}},"_links":{"self":[{"href":"https:\/\/fanzone.sk\/en\/wp-json\/wp\/v2\/product\/11530"}],"collection":[{"href":"https:\/\/fanzone.sk\/en\/wp-json\/wp\/v2\/product"}],"about":[{"href":"https:\/\/fanzone.sk\/en\/wp-json\/wp\/v2\/types\/product"}],"wp:featuredmedia":[{"embeddable":true,"href":"https:\/\/fanzone.sk\/en\/wp-json\/wp\/v2\/media\/11531"}],"wp:attachment":[{"href":"https:\/\/fanzone.sk\/en\/wp-json\/wp\/v2\/media?parent=11530"}],"wp:term":[{"taxonomy":"product_cat","embeddable":true,"href":"https:\/\/fanzone.sk\/en\/wp-json\/wp\/v2\/product_cat?post=11530"},{"taxonomy":"product_tag","embeddable":true,"href":"https:\/\/fanzone.sk\/en\/wp-json\/wp\/v2\/product_tag?post=11530"}],"curies":[{"name":"wp","href":"https:\/\/api.w.org\/{rel}","templated":true}]}}