{"id":12070,"date":"2020-05-21T15:15:52","date_gmt":"2020-05-21T13:15:52","guid":{"rendered":"https:\/\/fanzone.sk\/?post_type=product&#038;p=12070"},"modified":"2025-02-03T22:07:55","modified_gmt":"2025-02-03T21:07:55","slug":"panske-cyklisticke-kratasy-na-traky","status":"publish","type":"product","link":"https:\/\/fanzone.sk\/en\/product\/panske-cyklisticke-kratasy-na-traky\/","title":{"rendered":"P\u00e1nske cyklistick\u00e9 kra\u0165asy na traky"},"content":{"rendered":"<ul>\n<li>Cyklistick\u00e9 kra\u0165asy na traky maj\u00fa ergonomick\u00e9 tvarovan\u00e9 vn\u00fatro<\/li>\n<li>Reflexn\u00e9 prvky po bo\u010dn\u00fdch \u0161voch<\/li>\n<li>Na zadnej strane priedu\u0161n\u00e1 tvarovan\u00e1 vsadka a mal\u00e1 kapsa na zips<\/li>\n<li>Na okrajoch nohav\u00edc proti\u0161m\u00fdkov\u00e9 gumi\u010dky<\/li>\n<li>Pr\u00edjemn\u00fd elastick\u00fd materi\u00e1l, priedu\u0161n\u00fd, r\u00fdchloschn\u00faci, odv\u00e1dza vlhkos\u0165 z tela<\/li>\n<li><strong>Materi\u00e1l:<\/strong>\u00a0190g\/m\u00b2, 80% polyamid, 20% elastan (Lycra\u00ae)<\/li>\n<\/ul>","protected":false},"excerpt":{"rendered":"<ul>\n<li>Cyklistick\u00e9 kra\u0165asy na traky maj\u00fa ergonomick\u00e9 tvarovan\u00e9 vn\u00fatro<\/li>\n<li>Reflexn\u00e9 prvky po bo\u010dn\u00fdch \u0161voch<\/li>\n<li>Na zadnej strane priedu\u0161n\u00e1 tvarovan\u00e1 vsadka a mal\u00e1 kapsa na zips<\/li>\n<li>Na okrajoch nohav\u00edc proti\u0161m\u00fdkov\u00e9 gumi\u010dky<\/li>\n<li>Pr\u00edjemn\u00fd elastick\u00fd materi\u00e1l, priedu\u0161n\u00fd, r\u00fdchloschn\u00faci, odv\u00e1dza vlhkos\u0165 z tela<\/li>\n<li><strong>Materi\u00e1l:<\/strong>\u00a0190g\/m\u00b2, 80% polyamid, 20% elastan (Lycra\u00ae)<\/li>\n<\/ul>","protected":false},"featured_media":12076,"template":"","meta":[],"product_cat":[235,127],"product_tag":[126],"wcpa_form_fields":null,"yoast_head":"<!-- This site is optimized with the Yoast SEO plugin v21.2 - https:\/\/yoast.com\/wordpress\/plugins\/seo\/ -->\n<title>P\u00e1nske cyklistick\u00e9 kra\u0165asy na traky - fanzone.sk<\/title>\n<meta name=\"robots\" content=\"index, follow, max-snippet:-1, max-image-preview:large, max-video-preview:-1\" \/>\n<link rel=\"canonical\" href=\"https:\/\/fanzone.sk\/en\/product\/panske-cyklisticke-kratasy-na-traky\/\" \/>\n<meta property=\"og:locale\" content=\"en_US\" \/>\n<meta property=\"og:type\" content=\"article\" \/>\n<meta property=\"og:title\" content=\"P\u00e1nske cyklistick\u00e9 kra\u0165asy na traky - fanzone.sk\" \/>\n<meta property=\"og:description\" content=\"Cyklistick\u00e9 kra\u0165asy na traky maj\u00fa ergonomick\u00e9 tvarovan\u00e9 vn\u00fatro  Reflexn\u00e9 prvky po bo\u010dn\u00fdch \u0161voch  Na zadnej strane priedu\u0161n\u00e1 tvarovan\u00e1 vsadka a mal\u00e1 kapsa na zips  Na okrajoch nohav\u00edc proti\u0161m\u00fdkov\u00e9 gumi\u010dky  Pr\u00edjemn\u00fd elastick\u00fd materi\u00e1l, priedu\u0161n\u00fd, r\u00fdchloschn\u00faci, odv\u00e1dza vlhkos\u0165 z tela  Materi\u00e1l:\u00a0190g\/m\u00b2, 80% polyamid, 20% elastan (Lycra\u00ae)\" \/>\n<meta property=\"og:url\" content=\"https:\/\/fanzone.sk\/en\/product\/panske-cyklisticke-kratasy-na-traky\/\" \/>\n<meta property=\"og:site_name\" content=\"fanzone.sk\" \/>\n<meta property=\"article:publisher\" content=\"https:\/\/www.facebook.com\/FANZONEsk\/\" \/>\n<meta property=\"article:modified_time\" content=\"2025-02-03T21:07:55+00:00\" \/>\n<meta property=\"og:image\" content=\"https:\/\/fanzone.sk\/wp-content\/uploads\/2020\/05\/buzy-oblecok-kratasy.jpg\" \/>\n\t<meta property=\"og:image:width\" content=\"800\" \/>\n\t<meta property=\"og:image:height\" content=\"800\" \/>\n\t<meta property=\"og:image:type\" content=\"image\/jpeg\" \/>\n<meta name=\"twitter:card\" content=\"summary_large_image\" \/>\n<script type=\"application\/ld+json\" class=\"yoast-schema-graph\">{\"@context\":\"https:\/\/schema.org\",\"@graph\":[{\"@type\":\"WebPage\",\"@id\":\"https:\/\/fanzone.sk\/produkt\/panske-cyklisticke-kratasy-na-traky\/\",\"url\":\"https:\/\/fanzone.sk\/produkt\/panske-cyklisticke-kratasy-na-traky\/\",\"name\":\"P\u00e1nske cyklistick\u00e9 kra\u0165asy na traky - fanzone.sk\",\"isPartOf\":{\"@id\":\"https:\/\/fanzone.sk\/#website\"},\"datePublished\":\"2020-05-21T13:15:52+00:00\",\"dateModified\":\"2025-02-03T21:07:55+00:00\",\"breadcrumb\":{\"@id\":\"https:\/\/fanzone.sk\/produkt\/panske-cyklisticke-kratasy-na-traky\/#breadcrumb\"},\"inLanguage\":\"en-US\",\"potentialAction\":[{\"@type\":\"ReadAction\",\"target\":[\"https:\/\/fanzone.sk\/produkt\/panske-cyklisticke-kratasy-na-traky\/\"]}]},{\"@type\":\"BreadcrumbList\",\"@id\":\"https:\/\/fanzone.sk\/produkt\/panske-cyklisticke-kratasy-na-traky\/#breadcrumb\",\"itemListElement\":[{\"@type\":\"ListItem\",\"position\":1,\"name\":\"Home\",\"item\":\"https:\/\/fanzone.sk\/\"},{\"@type\":\"ListItem\",\"position\":2,\"name\":\"Obchod\",\"item\":\"https:\/\/fanzone.sk\/obchod\/\"},{\"@type\":\"ListItem\",\"position\":3,\"name\":\"P\u00e1nske cyklistick\u00e9 kra\u0165asy na traky\"}]},{\"@type\":\"WebSite\",\"@id\":\"https:\/\/fanzone.sk\/#website\",\"url\":\"https:\/\/fanzone.sk\/\",\"name\":\"fanzone.sk\",\"description\":\"\",\"potentialAction\":[{\"@type\":\"SearchAction\",\"target\":{\"@type\":\"EntryPoint\",\"urlTemplate\":\"https:\/\/fanzone.sk\/?s={search_term_string}\"},\"query-input\":\"required name=search_term_string\"}],\"inLanguage\":\"en-US\"}]}<\/script>\n<!-- \/ Yoast SEO plugin. -->","yoast_head_json":{"title":"P\u00e1nske cyklistick\u00e9 kra\u0165asy na traky - fanzone.sk","robots":{"index":"index","follow":"follow","max-snippet":"max-snippet:-1","max-image-preview":"max-image-preview:large","max-video-preview":"max-video-preview:-1"},"canonical":"https:\/\/fanzone.sk\/en\/product\/panske-cyklisticke-kratasy-na-traky\/","og_locale":"en_US","og_type":"article","og_title":"P\u00e1nske cyklistick\u00e9 kra\u0165asy na traky - fanzone.sk","og_description":"Cyklistick\u00e9 kra\u0165asy na traky maj\u00fa ergonomick\u00e9 tvarovan\u00e9 vn\u00fatro  Reflexn\u00e9 prvky po bo\u010dn\u00fdch \u0161voch  Na zadnej strane priedu\u0161n\u00e1 tvarovan\u00e1 vsadka a mal\u00e1 kapsa na zips  Na okrajoch nohav\u00edc proti\u0161m\u00fdkov\u00e9 gumi\u010dky  Pr\u00edjemn\u00fd elastick\u00fd materi\u00e1l, priedu\u0161n\u00fd, r\u00fdchloschn\u00faci, odv\u00e1dza vlhkos\u0165 z tela  Materi\u00e1l:\u00a0190g\/m\u00b2, 80% polyamid, 20% elastan (Lycra\u00ae)","og_url":"https:\/\/fanzone.sk\/en\/product\/panske-cyklisticke-kratasy-na-traky\/","og_site_name":"fanzone.sk","article_publisher":"https:\/\/www.facebook.com\/FANZONEsk\/","article_modified_time":"2025-02-03T21:07:55+00:00","og_image":[{"width":800,"height":800,"url":"https:\/\/fanzone.sk\/wp-content\/uploads\/2020\/05\/buzy-oblecok-kratasy.jpg","type":"image\/jpeg"}],"twitter_card":"summary_large_image","schema":{"@context":"https:\/\/schema.org","@graph":[{"@type":"WebPage","@id":"https:\/\/fanzone.sk\/produkt\/panske-cyklisticke-kratasy-na-traky\/","url":"https:\/\/fanzone.sk\/produkt\/panske-cyklisticke-kratasy-na-traky\/","name":"P\u00e1nske cyklistick\u00e9 kra\u0165asy na traky - fanzone.sk","isPartOf":{"@id":"https:\/\/fanzone.sk\/#website"},"datePublished":"2020-05-21T13:15:52+00:00","dateModified":"2025-02-03T21:07:55+00:00","breadcrumb":{"@id":"https:\/\/fanzone.sk\/produkt\/panske-cyklisticke-kratasy-na-traky\/#breadcrumb"},"inLanguage":"en-US","potentialAction":[{"@type":"ReadAction","target":["https:\/\/fanzone.sk\/produkt\/panske-cyklisticke-kratasy-na-traky\/"]}]},{"@type":"BreadcrumbList","@id":"https:\/\/fanzone.sk\/produkt\/panske-cyklisticke-kratasy-na-traky\/#breadcrumb","itemListElement":[{"@type":"ListItem","position":1,"name":"Home","item":"https:\/\/fanzone.sk\/"},{"@type":"ListItem","position":2,"name":"Obchod","item":"https:\/\/fanzone.sk\/obchod\/"},{"@type":"ListItem","position":3,"name":"P\u00e1nske cyklistick\u00e9 kra\u0165asy na traky"}]},{"@type":"WebSite","@id":"https:\/\/fanzone.sk\/#website","url":"https:\/\/fanzone.sk\/","name":"fanzone.sk","description":"","potentialAction":[{"@type":"SearchAction","target":{"@type":"EntryPoint","urlTemplate":"https:\/\/fanzone.sk\/?s={search_term_string}"},"query-input":"required name=search_term_string"}],"inLanguage":"en-US"}]}},"_links":{"self":[{"href":"https:\/\/fanzone.sk\/en\/wp-json\/wp\/v2\/product\/12070"}],"collection":[{"href":"https:\/\/fanzone.sk\/en\/wp-json\/wp\/v2\/product"}],"about":[{"href":"https:\/\/fanzone.sk\/en\/wp-json\/wp\/v2\/types\/product"}],"wp:featuredmedia":[{"embeddable":true,"href":"https:\/\/fanzone.sk\/en\/wp-json\/wp\/v2\/media\/12076"}],"wp:attachment":[{"href":"https:\/\/fanzone.sk\/en\/wp-json\/wp\/v2\/media?parent=12070"}],"wp:term":[{"taxonomy":"product_cat","embeddable":true,"href":"https:\/\/fanzone.sk\/en\/wp-json\/wp\/v2\/product_cat?post=12070"},{"taxonomy":"product_tag","embeddable":true,"href":"https:\/\/fanzone.sk\/en\/wp-json\/wp\/v2\/product_tag?post=12070"}],"curies":[{"name":"wp","href":"https:\/\/api.w.org\/{rel}","templated":true}]}}