{"id":12399,"date":"2020-06-08T12:52:21","date_gmt":"2020-06-08T10:52:21","guid":{"rendered":"https:\/\/fanzone.sk\/?post_type=product&#038;p=12399"},"modified":"2025-02-03T22:07:54","modified_gmt":"2025-02-03T21:07:54","slug":"fakulta-sportu-funkcne-damske-tielko","status":"publish","type":"product","link":"https:\/\/fanzone.sk\/en\/product\/fakulta-sportu-funkcne-damske-tielko\/","title":{"rendered":"Fakulta \u0161portu &#8211; Funk\u010dn\u00e9 d\u00e1mske tielko"},"content":{"rendered":"<ul>\n<li>Funk\u010dn\u00e9 d\u00e1mske \u0161portov\u00e9 tielko<\/li>\n<li>100% polyester<\/li>\n<li>strih slim fit<\/li>\n<\/ul>","protected":false},"excerpt":{"rendered":"<ul>\n<li>Funk\u010dn\u00e9 d\u00e1mske \u0161portov\u00e9 tielko<\/li>\n<li>100% polyester<\/li>\n<li>strih slim fit<\/li>\n<\/ul>","protected":false},"featured_media":15014,"template":"","meta":[],"product_cat":[241,327,438],"product_tag":[144],"wcpa_form_fields":null,"yoast_head":"<!-- This site is optimized with the Yoast SEO plugin v21.2 - https:\/\/yoast.com\/wordpress\/plugins\/seo\/ -->\n<title>Fakulta \u0161portu - Funk\u010dn\u00e9 d\u00e1mske tielko - fanzone.sk<\/title>\n<meta name=\"robots\" content=\"index, follow, max-snippet:-1, max-image-preview:large, max-video-preview:-1\" \/>\n<link rel=\"canonical\" href=\"https:\/\/fanzone.sk\/en\/product\/fakulta-sportu-funkcne-damske-tielko\/\" \/>\n<meta property=\"og:locale\" content=\"en_US\" \/>\n<meta property=\"og:type\" content=\"article\" \/>\n<meta property=\"og:title\" content=\"Fakulta \u0161portu - Funk\u010dn\u00e9 d\u00e1mske tielko - fanzone.sk\" \/>\n<meta property=\"og:description\" content=\"Funk\u010dn\u00e9 d\u00e1mske \u0161portov\u00e9 tielko  100% polyester  strih slim fit\" \/>\n<meta property=\"og:url\" content=\"https:\/\/fanzone.sk\/en\/product\/fakulta-sportu-funkcne-damske-tielko\/\" \/>\n<meta property=\"og:site_name\" content=\"fanzone.sk\" \/>\n<meta property=\"article:publisher\" content=\"https:\/\/www.facebook.com\/FANZONEsk\/\" \/>\n<meta property=\"article:modified_time\" content=\"2025-02-03T21:07:54+00:00\" \/>\n<meta property=\"og:image\" content=\"https:\/\/fanzone.sk\/wp-content\/uploads\/2020\/06\/fakulta-sportu-tielko-PD-1.jpg\" \/>\n\t<meta property=\"og:image:width\" content=\"800\" \/>\n\t<meta property=\"og:image:height\" content=\"800\" \/>\n\t<meta property=\"og:image:type\" content=\"image\/jpeg\" \/>\n<meta name=\"twitter:card\" content=\"summary_large_image\" \/>\n<meta name=\"twitter:label1\" content=\"Est. reading time\" \/>\n\t<meta name=\"twitter:data1\" content=\"1 minute\" \/>\n<script type=\"application\/ld+json\" class=\"yoast-schema-graph\">{\"@context\":\"https:\/\/schema.org\",\"@graph\":[{\"@type\":\"WebPage\",\"@id\":\"https:\/\/fanzone.sk\/produkt\/fakulta-sportu-funkcne-damske-tielko\/\",\"url\":\"https:\/\/fanzone.sk\/produkt\/fakulta-sportu-funkcne-damske-tielko\/\",\"name\":\"Fakulta \u0161portu - Funk\u010dn\u00e9 d\u00e1mske tielko - fanzone.sk\",\"isPartOf\":{\"@id\":\"https:\/\/fanzone.sk\/#website\"},\"datePublished\":\"2020-06-08T10:52:21+00:00\",\"dateModified\":\"2025-02-03T21:07:54+00:00\",\"breadcrumb\":{\"@id\":\"https:\/\/fanzone.sk\/produkt\/fakulta-sportu-funkcne-damske-tielko\/#breadcrumb\"},\"inLanguage\":\"en-US\",\"potentialAction\":[{\"@type\":\"ReadAction\",\"target\":[\"https:\/\/fanzone.sk\/produkt\/fakulta-sportu-funkcne-damske-tielko\/\"]}]},{\"@type\":\"BreadcrumbList\",\"@id\":\"https:\/\/fanzone.sk\/produkt\/fakulta-sportu-funkcne-damske-tielko\/#breadcrumb\",\"itemListElement\":[{\"@type\":\"ListItem\",\"position\":1,\"name\":\"Home\",\"item\":\"https:\/\/fanzone.sk\/\"},{\"@type\":\"ListItem\",\"position\":2,\"name\":\"Obchod\",\"item\":\"https:\/\/fanzone.sk\/obchod\/\"},{\"@type\":\"ListItem\",\"position\":3,\"name\":\"Fakulta \u0161portu &#8211; Funk\u010dn\u00e9 d\u00e1mske tielko\"}]},{\"@type\":\"WebSite\",\"@id\":\"https:\/\/fanzone.sk\/#website\",\"url\":\"https:\/\/fanzone.sk\/\",\"name\":\"fanzone.sk\",\"description\":\"\",\"potentialAction\":[{\"@type\":\"SearchAction\",\"target\":{\"@type\":\"EntryPoint\",\"urlTemplate\":\"https:\/\/fanzone.sk\/?s={search_term_string}\"},\"query-input\":\"required name=search_term_string\"}],\"inLanguage\":\"en-US\"}]}<\/script>\n<!-- \/ Yoast SEO plugin. -->","yoast_head_json":{"title":"Fakulta \u0161portu - Funk\u010dn\u00e9 d\u00e1mske tielko - fanzone.sk","robots":{"index":"index","follow":"follow","max-snippet":"max-snippet:-1","max-image-preview":"max-image-preview:large","max-video-preview":"max-video-preview:-1"},"canonical":"https:\/\/fanzone.sk\/en\/product\/fakulta-sportu-funkcne-damske-tielko\/","og_locale":"en_US","og_type":"article","og_title":"Fakulta \u0161portu - Funk\u010dn\u00e9 d\u00e1mske tielko - fanzone.sk","og_description":"Funk\u010dn\u00e9 d\u00e1mske \u0161portov\u00e9 tielko  100% polyester  strih slim fit","og_url":"https:\/\/fanzone.sk\/en\/product\/fakulta-sportu-funkcne-damske-tielko\/","og_site_name":"fanzone.sk","article_publisher":"https:\/\/www.facebook.com\/FANZONEsk\/","article_modified_time":"2025-02-03T21:07:54+00:00","og_image":[{"width":800,"height":800,"url":"https:\/\/fanzone.sk\/wp-content\/uploads\/2020\/06\/fakulta-sportu-tielko-PD-1.jpg","type":"image\/jpeg"}],"twitter_card":"summary_large_image","twitter_misc":{"Est. reading time":"1 minute"},"schema":{"@context":"https:\/\/schema.org","@graph":[{"@type":"WebPage","@id":"https:\/\/fanzone.sk\/produkt\/fakulta-sportu-funkcne-damske-tielko\/","url":"https:\/\/fanzone.sk\/produkt\/fakulta-sportu-funkcne-damske-tielko\/","name":"Fakulta \u0161portu - Funk\u010dn\u00e9 d\u00e1mske tielko - fanzone.sk","isPartOf":{"@id":"https:\/\/fanzone.sk\/#website"},"datePublished":"2020-06-08T10:52:21+00:00","dateModified":"2025-02-03T21:07:54+00:00","breadcrumb":{"@id":"https:\/\/fanzone.sk\/produkt\/fakulta-sportu-funkcne-damske-tielko\/#breadcrumb"},"inLanguage":"en-US","potentialAction":[{"@type":"ReadAction","target":["https:\/\/fanzone.sk\/produkt\/fakulta-sportu-funkcne-damske-tielko\/"]}]},{"@type":"BreadcrumbList","@id":"https:\/\/fanzone.sk\/produkt\/fakulta-sportu-funkcne-damske-tielko\/#breadcrumb","itemListElement":[{"@type":"ListItem","position":1,"name":"Home","item":"https:\/\/fanzone.sk\/"},{"@type":"ListItem","position":2,"name":"Obchod","item":"https:\/\/fanzone.sk\/obchod\/"},{"@type":"ListItem","position":3,"name":"Fakulta \u0161portu &#8211; Funk\u010dn\u00e9 d\u00e1mske tielko"}]},{"@type":"WebSite","@id":"https:\/\/fanzone.sk\/#website","url":"https:\/\/fanzone.sk\/","name":"fanzone.sk","description":"","potentialAction":[{"@type":"SearchAction","target":{"@type":"EntryPoint","urlTemplate":"https:\/\/fanzone.sk\/?s={search_term_string}"},"query-input":"required name=search_term_string"}],"inLanguage":"en-US"}]}},"_links":{"self":[{"href":"https:\/\/fanzone.sk\/en\/wp-json\/wp\/v2\/product\/12399"}],"collection":[{"href":"https:\/\/fanzone.sk\/en\/wp-json\/wp\/v2\/product"}],"about":[{"href":"https:\/\/fanzone.sk\/en\/wp-json\/wp\/v2\/types\/product"}],"wp:featuredmedia":[{"embeddable":true,"href":"https:\/\/fanzone.sk\/en\/wp-json\/wp\/v2\/media\/15014"}],"wp:attachment":[{"href":"https:\/\/fanzone.sk\/en\/wp-json\/wp\/v2\/media?parent=12399"}],"wp:term":[{"taxonomy":"product_cat","embeddable":true,"href":"https:\/\/fanzone.sk\/en\/wp-json\/wp\/v2\/product_cat?post=12399"},{"taxonomy":"product_tag","embeddable":true,"href":"https:\/\/fanzone.sk\/en\/wp-json\/wp\/v2\/product_tag?post=12399"}],"curies":[{"name":"wp","href":"https:\/\/api.w.org\/{rel}","templated":true}]}}