{"id":12417,"date":"2020-06-08T14:08:15","date_gmt":"2020-06-08T12:08:15","guid":{"rendered":"https:\/\/fanzone.sk\/?post_type=product&#038;p=12417"},"modified":"2025-03-11T15:19:50","modified_gmt":"2025-03-11T14:19:50","slug":"fakulta-sportu-funkcne-damske-tricko","status":"publish","type":"product","link":"https:\/\/fanzone.sk\/en\/product\/fakulta-sportu-funkcne-damske-tricko\/","title":{"rendered":"Fakulta \u0161portu &#8211; Funk\u010dne d\u00e1mske tri\u010dko 1"},"content":{"rendered":"<ul>\n<li>Funk\u010dn\u00e9 d\u00e1mske tri\u010dko, 100% polyester<\/li>\n<li>tri\u010dko z funk\u010dn\u00e9ho,\u00a0 priedu\u0161n\u00e9ho materi\u00e1lu vhodn\u00e9ho na indoor a outdoor \u0161porty<\/li>\n<li>materi\u00e1l Coolpass \u2013 vodeodpudiv\u00e9, nenasiakav\u00e9<\/li>\n<li>maxim\u00e1lnou mierou odv\u00e1dza prebyto\u010dn\u00fa vlhkos\u0165 od tela a z\u00e1rove\u0148 r\u00fdchlo schne a tak urd\u017eiava telo v suchu aj pri zv\u00fd\u0161enej fyzickej n\u00e1mahe<\/li>\n<\/ul>","protected":false},"excerpt":{"rendered":"<ul>\n<li>Funk\u010dn\u00e9 d\u00e1mske tri\u010dko, 100% polyester<\/li>\n<li>tri\u010dko z funk\u010dn\u00e9ho,\u00a0 priedu\u0161n\u00e9ho materi\u00e1lu vhodn\u00e9ho na indoor a outdoor \u0161porty<\/li>\n<li>materi\u00e1l Coolpass \u2013 vodeodpudiv\u00e9, nenasiakav\u00e9<\/li>\n<li>maxim\u00e1lnou mierou odv\u00e1dza prebyto\u010dn\u00fa vlhkos\u0165 od tela a z\u00e1rove\u0148 r\u00fdchlo schne a tak urd\u017eiava telo v suchu aj pri zv\u00fd\u0161enej fyzickej n\u00e1mahe<\/li>\n<\/ul>","protected":false},"featured_media":12429,"template":"","meta":[],"product_cat":[241,327,438],"product_tag":[245,144],"wcpa_form_fields":null,"yoast_head":"<!-- This site is optimized with the Yoast SEO plugin v21.2 - https:\/\/yoast.com\/wordpress\/plugins\/seo\/ -->\n<title>Fakulta \u0161portu - Funk\u010dne d\u00e1mske tri\u010dko 1 - fanzone.sk<\/title>\n<meta name=\"robots\" content=\"index, follow, max-snippet:-1, max-image-preview:large, max-video-preview:-1\" \/>\n<link rel=\"canonical\" href=\"https:\/\/fanzone.sk\/en\/product\/fakulta-sportu-funkcne-damske-tricko\/\" \/>\n<meta property=\"og:locale\" content=\"en_US\" \/>\n<meta property=\"og:type\" content=\"article\" \/>\n<meta property=\"og:title\" content=\"Fakulta \u0161portu - Funk\u010dne d\u00e1mske tri\u010dko 1 - fanzone.sk\" \/>\n<meta property=\"og:description\" content=\"Funk\u010dn\u00e9 d\u00e1mske tri\u010dko, 100% polyester  tri\u010dko z funk\u010dn\u00e9ho,\u00a0 priedu\u0161n\u00e9ho materi\u00e1lu vhodn\u00e9ho na indoor a outdoor \u0161porty  materi\u00e1l Coolpass \u2013 vodeodpudiv\u00e9, nenasiakav\u00e9  maxim\u00e1lnou mierou odv\u00e1dza prebyto\u010dn\u00fa vlhkos\u0165 od tela a z\u00e1rove\u0148 r\u00fdchlo schne a tak urd\u017eiava telo v suchu aj pri zv\u00fd\u0161enej fyzickej n\u00e1mahe\" \/>\n<meta property=\"og:url\" content=\"https:\/\/fanzone.sk\/en\/product\/fakulta-sportu-funkcne-damske-tricko\/\" \/>\n<meta property=\"og:site_name\" content=\"fanzone.sk\" \/>\n<meta property=\"article:publisher\" content=\"https:\/\/www.facebook.com\/FANZONEsk\/\" \/>\n<meta property=\"article:modified_time\" content=\"2025-03-11T14:19:50+00:00\" \/>\n<meta property=\"og:image\" content=\"https:\/\/fanzone.sk\/wp-content\/uploads\/2020\/06\/fakulta-sportu-subli-tricko-damske-PD-1.jpg\" \/>\n\t<meta property=\"og:image:width\" content=\"800\" \/>\n\t<meta property=\"og:image:height\" content=\"800\" \/>\n\t<meta property=\"og:image:type\" content=\"image\/jpeg\" \/>\n<meta name=\"twitter:card\" content=\"summary_large_image\" \/>\n<meta name=\"twitter:label1\" content=\"Est. reading time\" \/>\n\t<meta name=\"twitter:data1\" content=\"1 minute\" \/>\n<script type=\"application\/ld+json\" class=\"yoast-schema-graph\">{\"@context\":\"https:\/\/schema.org\",\"@graph\":[{\"@type\":\"WebPage\",\"@id\":\"https:\/\/fanzone.sk\/produkt\/fakulta-sportu-funkcne-damske-tricko\/\",\"url\":\"https:\/\/fanzone.sk\/produkt\/fakulta-sportu-funkcne-damske-tricko\/\",\"name\":\"Fakulta \u0161portu - Funk\u010dne d\u00e1mske tri\u010dko 1 - fanzone.sk\",\"isPartOf\":{\"@id\":\"https:\/\/fanzone.sk\/#website\"},\"datePublished\":\"2020-06-08T12:08:15+00:00\",\"dateModified\":\"2025-03-11T14:19:50+00:00\",\"breadcrumb\":{\"@id\":\"https:\/\/fanzone.sk\/produkt\/fakulta-sportu-funkcne-damske-tricko\/#breadcrumb\"},\"inLanguage\":\"en-US\",\"potentialAction\":[{\"@type\":\"ReadAction\",\"target\":[\"https:\/\/fanzone.sk\/produkt\/fakulta-sportu-funkcne-damske-tricko\/\"]}]},{\"@type\":\"BreadcrumbList\",\"@id\":\"https:\/\/fanzone.sk\/produkt\/fakulta-sportu-funkcne-damske-tricko\/#breadcrumb\",\"itemListElement\":[{\"@type\":\"ListItem\",\"position\":1,\"name\":\"Home\",\"item\":\"https:\/\/fanzone.sk\/\"},{\"@type\":\"ListItem\",\"position\":2,\"name\":\"Obchod\",\"item\":\"https:\/\/fanzone.sk\/obchod\/\"},{\"@type\":\"ListItem\",\"position\":3,\"name\":\"Fakulta \u0161portu &#8211; Funk\u010dne d\u00e1mske tri\u010dko 1\"}]},{\"@type\":\"WebSite\",\"@id\":\"https:\/\/fanzone.sk\/#website\",\"url\":\"https:\/\/fanzone.sk\/\",\"name\":\"fanzone.sk\",\"description\":\"\",\"potentialAction\":[{\"@type\":\"SearchAction\",\"target\":{\"@type\":\"EntryPoint\",\"urlTemplate\":\"https:\/\/fanzone.sk\/?s={search_term_string}\"},\"query-input\":\"required name=search_term_string\"}],\"inLanguage\":\"en-US\"}]}<\/script>\n<!-- \/ Yoast SEO plugin. -->","yoast_head_json":{"title":"Fakulta \u0161portu - Funk\u010dne d\u00e1mske tri\u010dko 1 - fanzone.sk","robots":{"index":"index","follow":"follow","max-snippet":"max-snippet:-1","max-image-preview":"max-image-preview:large","max-video-preview":"max-video-preview:-1"},"canonical":"https:\/\/fanzone.sk\/en\/product\/fakulta-sportu-funkcne-damske-tricko\/","og_locale":"en_US","og_type":"article","og_title":"Fakulta \u0161portu - Funk\u010dne d\u00e1mske tri\u010dko 1 - fanzone.sk","og_description":"Funk\u010dn\u00e9 d\u00e1mske tri\u010dko, 100% polyester  tri\u010dko z funk\u010dn\u00e9ho,\u00a0 priedu\u0161n\u00e9ho materi\u00e1lu vhodn\u00e9ho na indoor a outdoor \u0161porty  materi\u00e1l Coolpass \u2013 vodeodpudiv\u00e9, nenasiakav\u00e9  maxim\u00e1lnou mierou odv\u00e1dza prebyto\u010dn\u00fa vlhkos\u0165 od tela a z\u00e1rove\u0148 r\u00fdchlo schne a tak urd\u017eiava telo v suchu aj pri zv\u00fd\u0161enej fyzickej n\u00e1mahe","og_url":"https:\/\/fanzone.sk\/en\/product\/fakulta-sportu-funkcne-damske-tricko\/","og_site_name":"fanzone.sk","article_publisher":"https:\/\/www.facebook.com\/FANZONEsk\/","article_modified_time":"2025-03-11T14:19:50+00:00","og_image":[{"width":800,"height":800,"url":"https:\/\/fanzone.sk\/wp-content\/uploads\/2020\/06\/fakulta-sportu-subli-tricko-damske-PD-1.jpg","type":"image\/jpeg"}],"twitter_card":"summary_large_image","twitter_misc":{"Est. reading time":"1 minute"},"schema":{"@context":"https:\/\/schema.org","@graph":[{"@type":"WebPage","@id":"https:\/\/fanzone.sk\/produkt\/fakulta-sportu-funkcne-damske-tricko\/","url":"https:\/\/fanzone.sk\/produkt\/fakulta-sportu-funkcne-damske-tricko\/","name":"Fakulta \u0161portu - Funk\u010dne d\u00e1mske tri\u010dko 1 - fanzone.sk","isPartOf":{"@id":"https:\/\/fanzone.sk\/#website"},"datePublished":"2020-06-08T12:08:15+00:00","dateModified":"2025-03-11T14:19:50+00:00","breadcrumb":{"@id":"https:\/\/fanzone.sk\/produkt\/fakulta-sportu-funkcne-damske-tricko\/#breadcrumb"},"inLanguage":"en-US","potentialAction":[{"@type":"ReadAction","target":["https:\/\/fanzone.sk\/produkt\/fakulta-sportu-funkcne-damske-tricko\/"]}]},{"@type":"BreadcrumbList","@id":"https:\/\/fanzone.sk\/produkt\/fakulta-sportu-funkcne-damske-tricko\/#breadcrumb","itemListElement":[{"@type":"ListItem","position":1,"name":"Home","item":"https:\/\/fanzone.sk\/"},{"@type":"ListItem","position":2,"name":"Obchod","item":"https:\/\/fanzone.sk\/obchod\/"},{"@type":"ListItem","position":3,"name":"Fakulta \u0161portu &#8211; Funk\u010dne d\u00e1mske tri\u010dko 1"}]},{"@type":"WebSite","@id":"https:\/\/fanzone.sk\/#website","url":"https:\/\/fanzone.sk\/","name":"fanzone.sk","description":"","potentialAction":[{"@type":"SearchAction","target":{"@type":"EntryPoint","urlTemplate":"https:\/\/fanzone.sk\/?s={search_term_string}"},"query-input":"required name=search_term_string"}],"inLanguage":"en-US"}]}},"_links":{"self":[{"href":"https:\/\/fanzone.sk\/en\/wp-json\/wp\/v2\/product\/12417"}],"collection":[{"href":"https:\/\/fanzone.sk\/en\/wp-json\/wp\/v2\/product"}],"about":[{"href":"https:\/\/fanzone.sk\/en\/wp-json\/wp\/v2\/types\/product"}],"wp:featuredmedia":[{"embeddable":true,"href":"https:\/\/fanzone.sk\/en\/wp-json\/wp\/v2\/media\/12429"}],"wp:attachment":[{"href":"https:\/\/fanzone.sk\/en\/wp-json\/wp\/v2\/media?parent=12417"}],"wp:term":[{"taxonomy":"product_cat","embeddable":true,"href":"https:\/\/fanzone.sk\/en\/wp-json\/wp\/v2\/product_cat?post=12417"},{"taxonomy":"product_tag","embeddable":true,"href":"https:\/\/fanzone.sk\/en\/wp-json\/wp\/v2\/product_tag?post=12417"}],"curies":[{"name":"wp","href":"https:\/\/api.w.org\/{rel}","templated":true}]}}