{"id":12791,"date":"2020-07-01T14:33:52","date_gmt":"2020-07-01T12:33:52","guid":{"rendered":"https:\/\/fanzone.sk\/?post_type=product&#038;p=12791"},"modified":"2025-02-03T22:07:53","modified_gmt":"2025-02-03T21:07:53","slug":"faithsechny-academy-bavlnena-klokanka-4","status":"publish","type":"product","link":"https:\/\/fanzone.sk\/en\/product\/faithsechny-academy-bavlnena-klokanka-4\/","title":{"rendered":"Faith&#038;Sechny Academy &#8211; Bavlnen\u00e1 klokanka 4"},"content":{"rendered":"<div class=\"woocommerce-product-details__short-description\">\n<ul>\n<li>Mikina s kapuc\u0148ou \u2013 80% bavlna, 20% polyester<\/li>\n<li>Dvojvrstvov\u00e1 kapuc\u0148a zo s\u0165ahovac\u00edmi \u0161n\u00farkami<\/li>\n<li>Man\u017eeta a lemovka pri krku s elastanom<\/li>\n<li>Klokanie vrecko<\/li>\n<li>Na hrudi potla\u010d Faith&amp;Sechny Academy<\/li>\n<\/ul>\n<\/div>","protected":false},"excerpt":{"rendered":"<ul>\n<li>Mikina s kapuc\u0148ou \u2013 80% bavlna, 20% polyester<\/li>\n<li>Dvojvrstvov\u00e1 kapuc\u0148a zo s\u0165ahovac\u00edmi \u0161n\u00farkami<\/li>\n<li>Man\u017eeta a lemovka pri krku s elastanom<\/li>\n<li>Klokanie vrecko<\/li>\n<li>Na hrudi potla\u010d Faith&amp;Sechny Academy<\/li>\n<\/ul>","protected":false},"featured_media":12795,"template":"","meta":[],"product_cat":[254,309],"product_tag":[40,145],"wcpa_form_fields":null,"yoast_head":"<!-- This site is optimized with the Yoast SEO plugin v21.2 - https:\/\/yoast.com\/wordpress\/plugins\/seo\/ -->\n<title>Faith&amp;Sechny Academy - Bavlnen\u00e1 klokanka 4 - fanzone.sk<\/title>\n<meta name=\"robots\" content=\"index, follow, max-snippet:-1, max-image-preview:large, max-video-preview:-1\" \/>\n<link rel=\"canonical\" href=\"https:\/\/fanzone.sk\/en\/product\/faithsechny-academy-bavlnena-klokanka-4\/\" \/>\n<meta property=\"og:locale\" content=\"en_US\" \/>\n<meta property=\"og:type\" content=\"article\" \/>\n<meta property=\"og:title\" content=\"Faith&amp;Sechny Academy - Bavlnen\u00e1 klokanka 4 - fanzone.sk\" \/>\n<meta property=\"og:description\" content=\"Mikina s kapuc\u0148ou \u2013 80% bavlna, 20% polyester  Dvojvrstvov\u00e1 kapuc\u0148a zo s\u0165ahovac\u00edmi \u0161n\u00farkami  Man\u017eeta a lemovka pri krku s elastanom  Klokanie vrecko  Na hrudi potla\u010d Faith&amp;Sechny Academy\" \/>\n<meta property=\"og:url\" content=\"https:\/\/fanzone.sk\/en\/product\/faithsechny-academy-bavlnena-klokanka-4\/\" \/>\n<meta property=\"og:site_name\" content=\"fanzone.sk\" \/>\n<meta property=\"article:publisher\" content=\"https:\/\/www.facebook.com\/FANZONEsk\/\" \/>\n<meta property=\"article:modified_time\" content=\"2025-02-03T21:07:53+00:00\" \/>\n<meta property=\"og:image\" content=\"https:\/\/fanzone.sk\/wp-content\/uploads\/2020\/07\/Faith-academy-klokanka-vz4-white.jpg\" \/>\n\t<meta property=\"og:image:width\" content=\"800\" \/>\n\t<meta property=\"og:image:height\" content=\"800\" \/>\n\t<meta property=\"og:image:type\" content=\"image\/jpeg\" \/>\n<meta name=\"twitter:card\" content=\"summary_large_image\" \/>\n<script type=\"application\/ld+json\" class=\"yoast-schema-graph\">{\"@context\":\"https:\/\/schema.org\",\"@graph\":[{\"@type\":\"WebPage\",\"@id\":\"https:\/\/fanzone.sk\/produkt\/faithsechny-academy-bavlnena-klokanka-4\/\",\"url\":\"https:\/\/fanzone.sk\/produkt\/faithsechny-academy-bavlnena-klokanka-4\/\",\"name\":\"Faith&Sechny Academy - Bavlnen\u00e1 klokanka 4 - fanzone.sk\",\"isPartOf\":{\"@id\":\"https:\/\/fanzone.sk\/#website\"},\"datePublished\":\"2020-07-01T12:33:52+00:00\",\"dateModified\":\"2025-02-03T21:07:53+00:00\",\"breadcrumb\":{\"@id\":\"https:\/\/fanzone.sk\/produkt\/faithsechny-academy-bavlnena-klokanka-4\/#breadcrumb\"},\"inLanguage\":\"en-US\",\"potentialAction\":[{\"@type\":\"ReadAction\",\"target\":[\"https:\/\/fanzone.sk\/produkt\/faithsechny-academy-bavlnena-klokanka-4\/\"]}]},{\"@type\":\"BreadcrumbList\",\"@id\":\"https:\/\/fanzone.sk\/produkt\/faithsechny-academy-bavlnena-klokanka-4\/#breadcrumb\",\"itemListElement\":[{\"@type\":\"ListItem\",\"position\":1,\"name\":\"Home\",\"item\":\"https:\/\/fanzone.sk\/\"},{\"@type\":\"ListItem\",\"position\":2,\"name\":\"Obchod\",\"item\":\"https:\/\/fanzone.sk\/obchod\/\"},{\"@type\":\"ListItem\",\"position\":3,\"name\":\"Faith&#038;Sechny Academy &#8211; Bavlnen\u00e1 klokanka 4\"}]},{\"@type\":\"WebSite\",\"@id\":\"https:\/\/fanzone.sk\/#website\",\"url\":\"https:\/\/fanzone.sk\/\",\"name\":\"fanzone.sk\",\"description\":\"\",\"potentialAction\":[{\"@type\":\"SearchAction\",\"target\":{\"@type\":\"EntryPoint\",\"urlTemplate\":\"https:\/\/fanzone.sk\/?s={search_term_string}\"},\"query-input\":\"required name=search_term_string\"}],\"inLanguage\":\"en-US\"}]}<\/script>\n<!-- \/ Yoast SEO plugin. -->","yoast_head_json":{"title":"Faith&Sechny Academy - Bavlnen\u00e1 klokanka 4 - fanzone.sk","robots":{"index":"index","follow":"follow","max-snippet":"max-snippet:-1","max-image-preview":"max-image-preview:large","max-video-preview":"max-video-preview:-1"},"canonical":"https:\/\/fanzone.sk\/en\/product\/faithsechny-academy-bavlnena-klokanka-4\/","og_locale":"en_US","og_type":"article","og_title":"Faith&Sechny Academy - Bavlnen\u00e1 klokanka 4 - fanzone.sk","og_description":"Mikina s kapuc\u0148ou \u2013 80% bavlna, 20% polyester  Dvojvrstvov\u00e1 kapuc\u0148a zo s\u0165ahovac\u00edmi \u0161n\u00farkami  Man\u017eeta a lemovka pri krku s elastanom  Klokanie vrecko  Na hrudi potla\u010d Faith&amp;Sechny Academy","og_url":"https:\/\/fanzone.sk\/en\/product\/faithsechny-academy-bavlnena-klokanka-4\/","og_site_name":"fanzone.sk","article_publisher":"https:\/\/www.facebook.com\/FANZONEsk\/","article_modified_time":"2025-02-03T21:07:53+00:00","og_image":[{"width":800,"height":800,"url":"https:\/\/fanzone.sk\/wp-content\/uploads\/2020\/07\/Faith-academy-klokanka-vz4-white.jpg","type":"image\/jpeg"}],"twitter_card":"summary_large_image","schema":{"@context":"https:\/\/schema.org","@graph":[{"@type":"WebPage","@id":"https:\/\/fanzone.sk\/produkt\/faithsechny-academy-bavlnena-klokanka-4\/","url":"https:\/\/fanzone.sk\/produkt\/faithsechny-academy-bavlnena-klokanka-4\/","name":"Faith&Sechny Academy - Bavlnen\u00e1 klokanka 4 - fanzone.sk","isPartOf":{"@id":"https:\/\/fanzone.sk\/#website"},"datePublished":"2020-07-01T12:33:52+00:00","dateModified":"2025-02-03T21:07:53+00:00","breadcrumb":{"@id":"https:\/\/fanzone.sk\/produkt\/faithsechny-academy-bavlnena-klokanka-4\/#breadcrumb"},"inLanguage":"en-US","potentialAction":[{"@type":"ReadAction","target":["https:\/\/fanzone.sk\/produkt\/faithsechny-academy-bavlnena-klokanka-4\/"]}]},{"@type":"BreadcrumbList","@id":"https:\/\/fanzone.sk\/produkt\/faithsechny-academy-bavlnena-klokanka-4\/#breadcrumb","itemListElement":[{"@type":"ListItem","position":1,"name":"Home","item":"https:\/\/fanzone.sk\/"},{"@type":"ListItem","position":2,"name":"Obchod","item":"https:\/\/fanzone.sk\/obchod\/"},{"@type":"ListItem","position":3,"name":"Faith&#038;Sechny Academy &#8211; Bavlnen\u00e1 klokanka 4"}]},{"@type":"WebSite","@id":"https:\/\/fanzone.sk\/#website","url":"https:\/\/fanzone.sk\/","name":"fanzone.sk","description":"","potentialAction":[{"@type":"SearchAction","target":{"@type":"EntryPoint","urlTemplate":"https:\/\/fanzone.sk\/?s={search_term_string}"},"query-input":"required name=search_term_string"}],"inLanguage":"en-US"}]}},"_links":{"self":[{"href":"https:\/\/fanzone.sk\/en\/wp-json\/wp\/v2\/product\/12791"}],"collection":[{"href":"https:\/\/fanzone.sk\/en\/wp-json\/wp\/v2\/product"}],"about":[{"href":"https:\/\/fanzone.sk\/en\/wp-json\/wp\/v2\/types\/product"}],"wp:featuredmedia":[{"embeddable":true,"href":"https:\/\/fanzone.sk\/en\/wp-json\/wp\/v2\/media\/12795"}],"wp:attachment":[{"href":"https:\/\/fanzone.sk\/en\/wp-json\/wp\/v2\/media?parent=12791"}],"wp:term":[{"taxonomy":"product_cat","embeddable":true,"href":"https:\/\/fanzone.sk\/en\/wp-json\/wp\/v2\/product_cat?post=12791"},{"taxonomy":"product_tag","embeddable":true,"href":"https:\/\/fanzone.sk\/en\/wp-json\/wp\/v2\/product_tag?post=12791"}],"curies":[{"name":"wp","href":"https:\/\/api.w.org\/{rel}","templated":true}]}}