{"id":13046,"date":"2020-07-13T10:52:09","date_gmt":"2020-07-13T08:52:09","guid":{"rendered":"https:\/\/fanzone.sk\/?post_type=product&#038;p=13046"},"modified":"2025-02-03T22:07:52","modified_gmt":"2025-02-03T21:07:52","slug":"fitness-leginy-6-a","status":"publish","type":"product","link":"https:\/\/fanzone.sk\/en\/product\/fitness-leginy-6-a\/","title":{"rendered":"Fitness leg\u00edny 6\/A"},"content":{"rendered":"<ul>\n<li>\u0160portov\u00e9 d\u00e1mske leg\u00edny z funk\u010dn\u00e9ho materi\u00e1lu, <b>polosublimovan\u00e9 ( z\u00e1kladn\u00e1 l\u00e1tka + \u010das\u0165 odsublimovan\u00e1 )<\/b><\/li>\n<li>Elastick\u00fd materi\u00e1l so zv\u00fd\u0161en\u00fdm p\u00e1som, mo\u017enos\u0165 v\u00fdberu z dvoch preveden\u00ed p\u00e1su<\/li>\n<li>1.) <strong>elastick\u00e1 pevn\u00e1 guma, <\/strong>pevnej\u0161ia<\/li>\n<li>2.) <strong>elastick\u00fd l\u00e1tkov\u00fd p\u00e1s<\/strong>, ktor\u00fd viete podla potreby ohn\u00fa\u0165 aj na bedr\u00e1<\/li>\n<li><strong>PUSH Up efekt<\/strong> &#8211; spev\u0148uje a tvaruje postavu<\/li>\n<li>300 g \/m2<\/li>\n<li>84 % micropolyester 16% elastan<\/li>\n<li>vhodn\u00e9 na ak\u00e9ko\u013evek indoorov\u00e9 a outdoorov\u00e9 \u0161porty<\/li>\n<li><em>Pri v\u00fdbere ve\u013ekosti odpor\u00fa\u010dame dr\u017ea\u0165 sa \u0161tandardnej konfek\u010dnej ve\u013ekosti, ktor\u00fa be\u017ene nos\u00edte.\u00a0<\/em><\/li>\n<\/ul>","protected":false},"excerpt":{"rendered":"<ul>\n<li>\u0160portov\u00e9 d\u00e1mske leg\u00edny z funk\u010dn\u00e9ho materi\u00e1lu, <b>polosublimovan\u00e9 ( z\u00e1kladn\u00e1 l\u00e1tka + \u010das\u0165 odsublimovan\u00e1 )<\/b><\/li>\n<li>Elastick\u00fd materi\u00e1l so zv\u00fd\u0161en\u00fdm p\u00e1som, mo\u017enos\u0165 v\u00fdberu z dvoch preveden\u00ed p\u00e1su<\/li>\n<li>1.) <strong>elastick\u00e1 pevn\u00e1 guma, <\/strong>pevnej\u0161ia<\/li>\n<li>2.) <strong>elastick\u00fd l\u00e1tkov\u00fd p\u00e1s<\/strong>, ktor\u00fd viete podla potreby ohn\u00fa\u0165 aj na bedr\u00e1<\/li>\n<li><strong>PUSH Up efekt<\/strong> &#8211; spev\u0148uje a tvaruje postavu<\/li>\n<li>300 g \/m2<\/li>\n<li>84 % micropolyester 16% elastan<\/li>\n<li>vhodn\u00e9 na ak\u00e9ko\u013evek indoorov\u00e9 a outdoorov\u00e9 \u0161porty<\/li>\n<li><em>Pri v\u00fdbere ve\u013ekosti odpor\u00fa\u010dame dr\u017ea\u0165 sa \u0161tandardnej konfek\u010dnej ve\u013ekosti, ktor\u00fa be\u017ene nos\u00edte.\u00a0<\/em><\/li>\n<\/ul>","protected":false},"featured_media":13044,"template":"","meta":[],"product_cat":[252,128],"product_tag":[88,217,147],"wcpa_form_fields":null,"yoast_head":"<!-- This site is optimized with the Yoast SEO plugin v21.2 - https:\/\/yoast.com\/wordpress\/plugins\/seo\/ -->\n<title>Fitness leg\u00edny 6\/A - fanzone.sk<\/title>\n<meta name=\"robots\" content=\"index, follow, max-snippet:-1, max-image-preview:large, max-video-preview:-1\" \/>\n<link rel=\"canonical\" href=\"https:\/\/fanzone.sk\/en\/product\/fitness-leginy-6-a\/\" \/>\n<meta property=\"og:locale\" content=\"en_US\" \/>\n<meta property=\"og:type\" content=\"article\" \/>\n<meta property=\"og:title\" content=\"Fitness leg\u00edny 6\/A - fanzone.sk\" \/>\n<meta property=\"og:description\" content=\"\u0160portov\u00e9 d\u00e1mske leg\u00edny z funk\u010dn\u00e9ho materi\u00e1lu, polosublimovan\u00e9 ( z\u00e1kladn\u00e1 l\u00e1tka + \u010das\u0165 odsublimovan\u00e1 )  Elastick\u00fd materi\u00e1l so zv\u00fd\u0161en\u00fdm p\u00e1som, mo\u017enos\u0165 v\u00fdberu z dvoch preveden\u00ed p\u00e1su  1.) elastick\u00e1 pevn\u00e1 guma, pevnej\u0161ia  2.) elastick\u00fd l\u00e1tkov\u00fd p\u00e1s, ktor\u00fd viete podla potreby ohn\u00fa\u0165 aj na bedr\u00e1  PUSH Up efekt - spev\u0148uje a tvaruje postavu  300 g \/m2  84 % micropolyester 16% elastan  vhodn\u00e9 na ak\u00e9ko\u013evek indoorov\u00e9 a outdoorov\u00e9 \u0161porty  Pri v\u00fdbere ve\u013ekosti odpor\u00fa\u010dame dr\u017ea\u0165 sa \u0161tandardnej konfek\u010dnej ve\u013ekosti, ktor\u00fa be\u017ene nos\u00edte.\u00a0\" \/>\n<meta property=\"og:url\" content=\"https:\/\/fanzone.sk\/en\/product\/fitness-leginy-6-a\/\" \/>\n<meta property=\"og:site_name\" content=\"fanzone.sk\" \/>\n<meta property=\"article:publisher\" content=\"https:\/\/www.facebook.com\/FANZONEsk\/\" \/>\n<meta property=\"article:modified_time\" content=\"2025-02-03T21:07:52+00:00\" \/>\n<meta property=\"og:image\" content=\"https:\/\/fanzone.sk\/wp-content\/uploads\/2020\/07\/2-6-PD.jpg\" \/>\n\t<meta property=\"og:image:width\" content=\"800\" \/>\n\t<meta property=\"og:image:height\" content=\"800\" \/>\n\t<meta property=\"og:image:type\" content=\"image\/jpeg\" \/>\n<meta name=\"twitter:card\" content=\"summary_large_image\" \/>\n<script type=\"application\/ld+json\" class=\"yoast-schema-graph\">{\"@context\":\"https:\/\/schema.org\",\"@graph\":[{\"@type\":\"WebPage\",\"@id\":\"https:\/\/fanzone.sk\/produkt\/fitness-leginy-6-a\/\",\"url\":\"https:\/\/fanzone.sk\/produkt\/fitness-leginy-6-a\/\",\"name\":\"Fitness leg\u00edny 6\/A - fanzone.sk\",\"isPartOf\":{\"@id\":\"https:\/\/fanzone.sk\/#website\"},\"datePublished\":\"2020-07-13T08:52:09+00:00\",\"dateModified\":\"2025-02-03T21:07:52+00:00\",\"breadcrumb\":{\"@id\":\"https:\/\/fanzone.sk\/produkt\/fitness-leginy-6-a\/#breadcrumb\"},\"inLanguage\":\"en-US\",\"potentialAction\":[{\"@type\":\"ReadAction\",\"target\":[\"https:\/\/fanzone.sk\/produkt\/fitness-leginy-6-a\/\"]}]},{\"@type\":\"BreadcrumbList\",\"@id\":\"https:\/\/fanzone.sk\/produkt\/fitness-leginy-6-a\/#breadcrumb\",\"itemListElement\":[{\"@type\":\"ListItem\",\"position\":1,\"name\":\"Home\",\"item\":\"https:\/\/fanzone.sk\/\"},{\"@type\":\"ListItem\",\"position\":2,\"name\":\"Obchod\",\"item\":\"https:\/\/fanzone.sk\/obchod\/\"},{\"@type\":\"ListItem\",\"position\":3,\"name\":\"Fitness leg\u00edny 6\/A\"}]},{\"@type\":\"WebSite\",\"@id\":\"https:\/\/fanzone.sk\/#website\",\"url\":\"https:\/\/fanzone.sk\/\",\"name\":\"fanzone.sk\",\"description\":\"\",\"potentialAction\":[{\"@type\":\"SearchAction\",\"target\":{\"@type\":\"EntryPoint\",\"urlTemplate\":\"https:\/\/fanzone.sk\/?s={search_term_string}\"},\"query-input\":\"required name=search_term_string\"}],\"inLanguage\":\"en-US\"}]}<\/script>\n<!-- \/ Yoast SEO plugin. -->","yoast_head_json":{"title":"Fitness leg\u00edny 6\/A - fanzone.sk","robots":{"index":"index","follow":"follow","max-snippet":"max-snippet:-1","max-image-preview":"max-image-preview:large","max-video-preview":"max-video-preview:-1"},"canonical":"https:\/\/fanzone.sk\/en\/product\/fitness-leginy-6-a\/","og_locale":"en_US","og_type":"article","og_title":"Fitness leg\u00edny 6\/A - fanzone.sk","og_description":"\u0160portov\u00e9 d\u00e1mske leg\u00edny z funk\u010dn\u00e9ho materi\u00e1lu, polosublimovan\u00e9 ( z\u00e1kladn\u00e1 l\u00e1tka + \u010das\u0165 odsublimovan\u00e1 )  Elastick\u00fd materi\u00e1l so zv\u00fd\u0161en\u00fdm p\u00e1som, mo\u017enos\u0165 v\u00fdberu z dvoch preveden\u00ed p\u00e1su  1.) elastick\u00e1 pevn\u00e1 guma, pevnej\u0161ia  2.) elastick\u00fd l\u00e1tkov\u00fd p\u00e1s, ktor\u00fd viete podla potreby ohn\u00fa\u0165 aj na bedr\u00e1  PUSH Up efekt - spev\u0148uje a tvaruje postavu  300 g \/m2  84 % micropolyester 16% elastan  vhodn\u00e9 na ak\u00e9ko\u013evek indoorov\u00e9 a outdoorov\u00e9 \u0161porty  Pri v\u00fdbere ve\u013ekosti odpor\u00fa\u010dame dr\u017ea\u0165 sa \u0161tandardnej konfek\u010dnej ve\u013ekosti, ktor\u00fa be\u017ene nos\u00edte.\u00a0","og_url":"https:\/\/fanzone.sk\/en\/product\/fitness-leginy-6-a\/","og_site_name":"fanzone.sk","article_publisher":"https:\/\/www.facebook.com\/FANZONEsk\/","article_modified_time":"2025-02-03T21:07:52+00:00","og_image":[{"width":800,"height":800,"url":"https:\/\/fanzone.sk\/wp-content\/uploads\/2020\/07\/2-6-PD.jpg","type":"image\/jpeg"}],"twitter_card":"summary_large_image","schema":{"@context":"https:\/\/schema.org","@graph":[{"@type":"WebPage","@id":"https:\/\/fanzone.sk\/produkt\/fitness-leginy-6-a\/","url":"https:\/\/fanzone.sk\/produkt\/fitness-leginy-6-a\/","name":"Fitness leg\u00edny 6\/A - fanzone.sk","isPartOf":{"@id":"https:\/\/fanzone.sk\/#website"},"datePublished":"2020-07-13T08:52:09+00:00","dateModified":"2025-02-03T21:07:52+00:00","breadcrumb":{"@id":"https:\/\/fanzone.sk\/produkt\/fitness-leginy-6-a\/#breadcrumb"},"inLanguage":"en-US","potentialAction":[{"@type":"ReadAction","target":["https:\/\/fanzone.sk\/produkt\/fitness-leginy-6-a\/"]}]},{"@type":"BreadcrumbList","@id":"https:\/\/fanzone.sk\/produkt\/fitness-leginy-6-a\/#breadcrumb","itemListElement":[{"@type":"ListItem","position":1,"name":"Home","item":"https:\/\/fanzone.sk\/"},{"@type":"ListItem","position":2,"name":"Obchod","item":"https:\/\/fanzone.sk\/obchod\/"},{"@type":"ListItem","position":3,"name":"Fitness leg\u00edny 6\/A"}]},{"@type":"WebSite","@id":"https:\/\/fanzone.sk\/#website","url":"https:\/\/fanzone.sk\/","name":"fanzone.sk","description":"","potentialAction":[{"@type":"SearchAction","target":{"@type":"EntryPoint","urlTemplate":"https:\/\/fanzone.sk\/?s={search_term_string}"},"query-input":"required name=search_term_string"}],"inLanguage":"en-US"}]}},"_links":{"self":[{"href":"https:\/\/fanzone.sk\/en\/wp-json\/wp\/v2\/product\/13046"}],"collection":[{"href":"https:\/\/fanzone.sk\/en\/wp-json\/wp\/v2\/product"}],"about":[{"href":"https:\/\/fanzone.sk\/en\/wp-json\/wp\/v2\/types\/product"}],"wp:featuredmedia":[{"embeddable":true,"href":"https:\/\/fanzone.sk\/en\/wp-json\/wp\/v2\/media\/13044"}],"wp:attachment":[{"href":"https:\/\/fanzone.sk\/en\/wp-json\/wp\/v2\/media?parent=13046"}],"wp:term":[{"taxonomy":"product_cat","embeddable":true,"href":"https:\/\/fanzone.sk\/en\/wp-json\/wp\/v2\/product_cat?post=13046"},{"taxonomy":"product_tag","embeddable":true,"href":"https:\/\/fanzone.sk\/en\/wp-json\/wp\/v2\/product_tag?post=13046"}],"curies":[{"name":"wp","href":"https:\/\/api.w.org\/{rel}","templated":true}]}}