{"id":13520,"date":"2020-08-05T12:10:32","date_gmt":"2020-08-05T10:10:32","guid":{"rendered":"https:\/\/fanzone.sk\/?post_type=product&#038;p=13520"},"modified":"2025-08-08T10:21:39","modified_gmt":"2025-08-08T08:21:39","slug":"fk-zeleziarne-podbrezova-adidas-dres-original-biely","status":"publish","type":"product","link":"https:\/\/fanzone.sk\/en\/product\/fk-zeleziarne-podbrezova-adidas-dres-original-biely\/","title":{"rendered":"FK \u017deleziarne Podbrezov\u00e1 &#8211; Adidas dres original biely"},"content":{"rendered":"<ul>\n<li>\n<div class=\"product_desc\">Tento p\u00e1nsky futbalov\u00fd dres adidas\u00a0 z odoln\u00e9ho recyklovan\u00e9ho polyesteru a sav\u00e9ho materi\u00e1lu AEROREADY v\u00e1s udr\u017e\u00ed v suchu a pohodl\u00ed. Minimalistick\u00e9 prevedenie umo\u017e\u0148uje na dres prida\u0165 t\u00edmov\u00e9 detaily a \u010d\u00edsla hr\u00e1\u010dov.<\/div>\n<ul class=\"list\">\n<li>rovn\u00fd strih<\/li>\n<li>klasick\u00fd v\u00fdstrih<\/li>\n<li>sav\u00e1 tkanina AEROREADY<\/li>\n<li>vyroben\u00e9 z funk\u010dn\u00fdch recyklovan\u00fdch materi\u00e1lov Primegreen<\/li>\n<li>sav\u00fd materi\u00e1l AEROREADY<\/li>\n<li>vyroben\u00fd z funk\u010dn\u00fdch recyklovan\u00fdch materi\u00e1lov Primegreen<\/li>\n<\/ul>\n<\/li>\n<li>Mo\u017enos\u0165 potla\u010de mena a \u010d\u00edsla<\/li>\n<\/ul>","protected":false},"excerpt":{"rendered":"<ul>\n<li>\n<div class=\"product_desc\">Tento p\u00e1nsky futbalov\u00fd dres adidas\u00a0 z odoln\u00e9ho recyklovan\u00e9ho polyesteru a sav\u00e9ho materi\u00e1lu AEROREADY v\u00e1s udr\u017e\u00ed v suchu a pohodl\u00ed. Minimalistick\u00e9 prevedenie umo\u017e\u0148uje na dres prida\u0165 t\u00edmov\u00e9 detaily a \u010d\u00edsla hr\u00e1\u010dov.<\/div>\n<ul class=\"list\">\n<li>rovn\u00fd strih<\/li>\n<li>klasick\u00fd v\u00fdstrih<\/li>\n<li>sav\u00e1 tkanina AEROREADY<\/li>\n<li>vyroben\u00e9 z funk\u010dn\u00fdch recyklovan\u00fdch materi\u00e1lov Primegreen<\/li>\n<li>sav\u00fd materi\u00e1l AEROREADY<\/li>\n<li>vyroben\u00fd z funk\u010dn\u00fdch recyklovan\u00fdch materi\u00e1lov Primegreen<\/li>\n<\/ul>\n<\/li>\n<li>Mo\u017enos\u0165 potla\u010de mena a \u010d\u00edsla<\/li>\n<li><\/li>\n<\/ul>","protected":false},"featured_media":34838,"template":"","meta":[],"product_cat":[425,267,307,31],"product_tag":[240,41],"wcpa_form_fields":{"rules":{"pric_overide_base_price":false,"pric_overide_base_price_if_gt_zero":false,"pric_cal_option_once":false,"pric_use_as_fee":false,"bind_quantity":false,"quantity_bind_formula":false},"fields":[{"type":"text","elementId":"wcpa-text-1554311022362","label":"Meno","enablePrice":true,"pricingType":"fixed","price":"1.50","className":"form-control","name":"text-1554311022362","subtype":"text","cl_rule":"show","operator":"and","col":6,"relations":[{"operator":"and","rules":[{"operator":false,"rules":{"cl_field":"wcpa-text-1554311022362","cl_relation":"0","cl_val":""}}]},{"operator":false,"rules":[{"operator":false,"rules":{"cl_field":"wcpa-number-1554284231985","cl_relation":"0","cl_val":""}}]}],"form_id":1648,"form_rules":{"pric_cal_option_once":false,"exclude_from_discount":false,"pric_use_as_fee":false,"fee_label":"Zdarma","render_after_acb":false,"disp_hide_options_price":false}},{"type":"number","elementId":"wcpa-number-1554284231985","label":"\u010c\u00edslo","enablePrice":true,"pricingType":"fixed","price":"1.50","className":"form-control","name":"number-1554284231985","cl_rule":"show","col":6,"relations":false,"form_id":1648,"form_rules":{"pric_cal_option_once":false,"exclude_from_discount":false,"pric_use_as_fee":false,"fee_label":"Zdarma","render_after_acb":false,"disp_hide_options_price":false}},{"type":"paragraph","subtype":"output","label":"Pri personaliz\u00e1cii nem\u00e1te n\u00e1rok na ve\u013ekostn\u00fa v\u00fdmenu produktu.\nPersonaliz\u00e1cia 3\u20ac","elementId":"wcpa-paragraph-1554310533053","pricingType":"fixed","cl_rule":"show","col":"6","relations":false,"form_id":1648,"form_rules":{"pric_cal_option_once":false,"exclude_from_discount":false,"pric_use_as_fee":false,"fee_label":"Zdarma","render_after_acb":false,"disp_hide_options_price":false}}]},"yoast_head":"<!-- This site is optimized with the Yoast SEO plugin v21.2 - https:\/\/yoast.com\/wordpress\/plugins\/seo\/ -->\n<title>FK \u017deleziarne Podbrezov\u00e1 - Adidas dres original biely - fanzone.sk<\/title>\n<meta name=\"robots\" content=\"index, follow, max-snippet:-1, max-image-preview:large, max-video-preview:-1\" \/>\n<link rel=\"canonical\" href=\"https:\/\/fanzone.sk\/en\/product\/fk-zeleziarne-podbrezova-adidas-dres-original-biely\/\" \/>\n<meta property=\"og:locale\" content=\"en_US\" \/>\n<meta property=\"og:type\" content=\"article\" \/>\n<meta property=\"og:title\" content=\"FK \u017deleziarne Podbrezov\u00e1 - Adidas dres original biely - fanzone.sk\" \/>\n<meta property=\"og:description\" content=\"Tento p\u00e1nsky futbalov\u00fd dres adidas\u00a0 z odoln\u00e9ho recyklovan\u00e9ho polyesteru a sav\u00e9ho materi\u00e1lu AEROREADY v\u00e1s udr\u017e\u00ed v suchu a pohodl\u00ed. Minimalistick\u00e9 prevedenie umo\u017e\u0148uje na dres prida\u0165 t\u00edmov\u00e9 detaily a \u010d\u00edsla hr\u00e1\u010dov.   rovn\u00fd strih  klasick\u00fd v\u00fdstrih  sav\u00e1 tkanina AEROREADY  vyroben\u00e9 z funk\u010dn\u00fdch recyklovan\u00fdch materi\u00e1lov Primegreen  sav\u00fd materi\u00e1l AEROREADY  vyroben\u00fd z funk\u010dn\u00fdch recyklovan\u00fdch materi\u00e1lov Primegreen    Mo\u017enos\u0165 potla\u010de mena a \u010d\u00edsla\" \/>\n<meta property=\"og:url\" content=\"https:\/\/fanzone.sk\/en\/product\/fk-zeleziarne-podbrezova-adidas-dres-original-biely\/\" \/>\n<meta property=\"og:site_name\" content=\"fanzone.sk\" \/>\n<meta property=\"article:publisher\" content=\"https:\/\/www.facebook.com\/FANZONEsk\/\" \/>\n<meta property=\"article:modified_time\" content=\"2025-08-08T08:21:39+00:00\" \/>\n<meta property=\"og:image\" content=\"https:\/\/fanzone.sk\/wp-content\/uploads\/2020\/08\/FKZELEZIARNEPODBREZOVA-dresbiely_PD.jpg\" \/>\n\t<meta property=\"og:image:width\" content=\"800\" \/>\n\t<meta property=\"og:image:height\" content=\"800\" \/>\n\t<meta property=\"og:image:type\" content=\"image\/jpeg\" \/>\n<meta name=\"twitter:card\" content=\"summary_large_image\" \/>\n<meta name=\"twitter:label1\" content=\"Est. reading time\" \/>\n\t<meta name=\"twitter:data1\" content=\"1 minute\" \/>\n<script type=\"application\/ld+json\" class=\"yoast-schema-graph\">{\"@context\":\"https:\/\/schema.org\",\"@graph\":[{\"@type\":\"WebPage\",\"@id\":\"https:\/\/fanzone.sk\/produkt\/fk-zeleziarne-podbrezova-adidas-dres-original-biely\/\",\"url\":\"https:\/\/fanzone.sk\/produkt\/fk-zeleziarne-podbrezova-adidas-dres-original-biely\/\",\"name\":\"FK \u017deleziarne Podbrezov\u00e1 - Adidas dres original biely - fanzone.sk\",\"isPartOf\":{\"@id\":\"https:\/\/fanzone.sk\/#website\"},\"datePublished\":\"2020-08-05T10:10:32+00:00\",\"dateModified\":\"2025-08-08T08:21:39+00:00\",\"breadcrumb\":{\"@id\":\"https:\/\/fanzone.sk\/produkt\/fk-zeleziarne-podbrezova-adidas-dres-original-biely\/#breadcrumb\"},\"inLanguage\":\"en-US\",\"potentialAction\":[{\"@type\":\"ReadAction\",\"target\":[\"https:\/\/fanzone.sk\/produkt\/fk-zeleziarne-podbrezova-adidas-dres-original-biely\/\"]}]},{\"@type\":\"BreadcrumbList\",\"@id\":\"https:\/\/fanzone.sk\/produkt\/fk-zeleziarne-podbrezova-adidas-dres-original-biely\/#breadcrumb\",\"itemListElement\":[{\"@type\":\"ListItem\",\"position\":1,\"name\":\"Home\",\"item\":\"https:\/\/fanzone.sk\/\"},{\"@type\":\"ListItem\",\"position\":2,\"name\":\"Obchod\",\"item\":\"https:\/\/fanzone.sk\/obchod\/\"},{\"@type\":\"ListItem\",\"position\":3,\"name\":\"FK \u017deleziarne Podbrezov\u00e1 &#8211; Adidas dres original biely\"}]},{\"@type\":\"WebSite\",\"@id\":\"https:\/\/fanzone.sk\/#website\",\"url\":\"https:\/\/fanzone.sk\/\",\"name\":\"fanzone.sk\",\"description\":\"\",\"potentialAction\":[{\"@type\":\"SearchAction\",\"target\":{\"@type\":\"EntryPoint\",\"urlTemplate\":\"https:\/\/fanzone.sk\/?s={search_term_string}\"},\"query-input\":\"required name=search_term_string\"}],\"inLanguage\":\"en-US\"}]}<\/script>\n<!-- \/ Yoast SEO plugin. -->","yoast_head_json":{"title":"FK \u017deleziarne Podbrezov\u00e1 - Adidas dres original biely - fanzone.sk","robots":{"index":"index","follow":"follow","max-snippet":"max-snippet:-1","max-image-preview":"max-image-preview:large","max-video-preview":"max-video-preview:-1"},"canonical":"https:\/\/fanzone.sk\/en\/product\/fk-zeleziarne-podbrezova-adidas-dres-original-biely\/","og_locale":"en_US","og_type":"article","og_title":"FK \u017deleziarne Podbrezov\u00e1 - Adidas dres original biely - fanzone.sk","og_description":"Tento p\u00e1nsky futbalov\u00fd dres adidas\u00a0 z odoln\u00e9ho recyklovan\u00e9ho polyesteru a sav\u00e9ho materi\u00e1lu AEROREADY v\u00e1s udr\u017e\u00ed v suchu a pohodl\u00ed. Minimalistick\u00e9 prevedenie umo\u017e\u0148uje na dres prida\u0165 t\u00edmov\u00e9 detaily a \u010d\u00edsla hr\u00e1\u010dov.   rovn\u00fd strih  klasick\u00fd v\u00fdstrih  sav\u00e1 tkanina AEROREADY  vyroben\u00e9 z funk\u010dn\u00fdch recyklovan\u00fdch materi\u00e1lov Primegreen  sav\u00fd materi\u00e1l AEROREADY  vyroben\u00fd z funk\u010dn\u00fdch recyklovan\u00fdch materi\u00e1lov Primegreen    Mo\u017enos\u0165 potla\u010de mena a \u010d\u00edsla","og_url":"https:\/\/fanzone.sk\/en\/product\/fk-zeleziarne-podbrezova-adidas-dres-original-biely\/","og_site_name":"fanzone.sk","article_publisher":"https:\/\/www.facebook.com\/FANZONEsk\/","article_modified_time":"2025-08-08T08:21:39+00:00","og_image":[{"width":800,"height":800,"url":"https:\/\/fanzone.sk\/wp-content\/uploads\/2020\/08\/FKZELEZIARNEPODBREZOVA-dresbiely_PD.jpg","type":"image\/jpeg"}],"twitter_card":"summary_large_image","twitter_misc":{"Est. reading time":"1 minute"},"schema":{"@context":"https:\/\/schema.org","@graph":[{"@type":"WebPage","@id":"https:\/\/fanzone.sk\/produkt\/fk-zeleziarne-podbrezova-adidas-dres-original-biely\/","url":"https:\/\/fanzone.sk\/produkt\/fk-zeleziarne-podbrezova-adidas-dres-original-biely\/","name":"FK \u017deleziarne Podbrezov\u00e1 - Adidas dres original biely - fanzone.sk","isPartOf":{"@id":"https:\/\/fanzone.sk\/#website"},"datePublished":"2020-08-05T10:10:32+00:00","dateModified":"2025-08-08T08:21:39+00:00","breadcrumb":{"@id":"https:\/\/fanzone.sk\/produkt\/fk-zeleziarne-podbrezova-adidas-dres-original-biely\/#breadcrumb"},"inLanguage":"en-US","potentialAction":[{"@type":"ReadAction","target":["https:\/\/fanzone.sk\/produkt\/fk-zeleziarne-podbrezova-adidas-dres-original-biely\/"]}]},{"@type":"BreadcrumbList","@id":"https:\/\/fanzone.sk\/produkt\/fk-zeleziarne-podbrezova-adidas-dres-original-biely\/#breadcrumb","itemListElement":[{"@type":"ListItem","position":1,"name":"Home","item":"https:\/\/fanzone.sk\/"},{"@type":"ListItem","position":2,"name":"Obchod","item":"https:\/\/fanzone.sk\/obchod\/"},{"@type":"ListItem","position":3,"name":"FK \u017deleziarne Podbrezov\u00e1 &#8211; Adidas dres original biely"}]},{"@type":"WebSite","@id":"https:\/\/fanzone.sk\/#website","url":"https:\/\/fanzone.sk\/","name":"fanzone.sk","description":"","potentialAction":[{"@type":"SearchAction","target":{"@type":"EntryPoint","urlTemplate":"https:\/\/fanzone.sk\/?s={search_term_string}"},"query-input":"required name=search_term_string"}],"inLanguage":"en-US"}]}},"_links":{"self":[{"href":"https:\/\/fanzone.sk\/en\/wp-json\/wp\/v2\/product\/13520"}],"collection":[{"href":"https:\/\/fanzone.sk\/en\/wp-json\/wp\/v2\/product"}],"about":[{"href":"https:\/\/fanzone.sk\/en\/wp-json\/wp\/v2\/types\/product"}],"wp:featuredmedia":[{"embeddable":true,"href":"https:\/\/fanzone.sk\/en\/wp-json\/wp\/v2\/media\/34838"}],"wp:attachment":[{"href":"https:\/\/fanzone.sk\/en\/wp-json\/wp\/v2\/media?parent=13520"}],"wp:term":[{"taxonomy":"product_cat","embeddable":true,"href":"https:\/\/fanzone.sk\/en\/wp-json\/wp\/v2\/product_cat?post=13520"},{"taxonomy":"product_tag","embeddable":true,"href":"https:\/\/fanzone.sk\/en\/wp-json\/wp\/v2\/product_tag?post=13520"}],"curies":[{"name":"wp","href":"https:\/\/api.w.org\/{rel}","templated":true}]}}