{"id":14107,"date":"2020-10-02T15:14:11","date_gmt":"2020-10-02T13:14:11","guid":{"rendered":"https:\/\/fanzone.sk\/?post_type=product&#038;p=14107"},"modified":"2025-02-03T22:06:32","modified_gmt":"2025-02-03T21:06:32","slug":"fbk-harvard-partizanske-siltovka-s-potlacou","status":"publish","type":"product","link":"https:\/\/fanzone.sk\/en\/product\/fbk-harvard-partizanske-siltovka-s-potlacou\/","title":{"rendered":"FBK Harvard Partiz\u00e1nske &#8211; \u0160iltovka s potla\u010dou"},"content":{"rendered":"<ul>\n<li>\u0161iltovka typu flexfit \u2013 bez zap\u00ednania<\/li>\n<li>materi\u00e1l: keprov\u00e1 bavlna\/nylonov\u00e1 sie\u0165ka<\/li>\n<li>univerz\u00e1lna ve\u013ekos\u0165: 58cm<\/li>\n<li>potla\u010d printflexom<\/li>\n<\/ul>","protected":false},"excerpt":{"rendered":"<ul>\n<li>\u0161iltovka typu flexfit \u2013 bez zap\u00ednania<\/li>\n<li>materi\u00e1l: keprov\u00e1 bavlna\/nylonov\u00e1 sie\u0165ka<\/li>\n<li>univerz\u00e1lna ve\u013ekos\u0165: 58cm<\/li>\n<li>potla\u010d printflexom<\/li>\n<\/ul>","protected":false},"featured_media":14785,"template":"","meta":[],"product_cat":[270,311],"product_tag":[150,100],"wcpa_form_fields":null,"yoast_head":"<!-- This site is optimized with the Yoast SEO plugin v21.2 - https:\/\/yoast.com\/wordpress\/plugins\/seo\/ -->\n<title>FBK Harvard Partiz\u00e1nske - \u0160iltovka s potla\u010dou - fanzone.sk<\/title>\n<meta name=\"robots\" content=\"index, follow, max-snippet:-1, max-image-preview:large, max-video-preview:-1\" \/>\n<link rel=\"canonical\" href=\"https:\/\/fanzone.sk\/en\/product\/fbk-harvard-partizanske-siltovka-s-potlacou\/\" \/>\n<meta property=\"og:locale\" content=\"en_US\" \/>\n<meta property=\"og:type\" content=\"article\" \/>\n<meta property=\"og:title\" content=\"FBK Harvard Partiz\u00e1nske - \u0160iltovka s potla\u010dou - fanzone.sk\" \/>\n<meta property=\"og:description\" content=\"\u0161iltovka typu flexfit \u2013 bez zap\u00ednania  materi\u00e1l: keprov\u00e1 bavlna\/nylonov\u00e1 sie\u0165ka  univerz\u00e1lna ve\u013ekos\u0165: 58cm  potla\u010d printflexom\" \/>\n<meta property=\"og:url\" content=\"https:\/\/fanzone.sk\/en\/product\/fbk-harvard-partizanske-siltovka-s-potlacou\/\" \/>\n<meta property=\"og:site_name\" content=\"fanzone.sk\" \/>\n<meta property=\"article:publisher\" content=\"https:\/\/www.facebook.com\/FANZONEsk\/\" \/>\n<meta property=\"article:modified_time\" content=\"2025-02-03T21:06:32+00:00\" \/>\n<meta property=\"og:image\" content=\"https:\/\/fanzone.sk\/wp-content\/uploads\/2020\/10\/siltovka-1.jpg\" \/>\n\t<meta property=\"og:image:width\" content=\"800\" \/>\n\t<meta property=\"og:image:height\" content=\"800\" \/>\n\t<meta property=\"og:image:type\" content=\"image\/jpeg\" \/>\n<meta name=\"twitter:card\" content=\"summary_large_image\" \/>\n<meta name=\"twitter:label1\" content=\"Est. reading time\" \/>\n\t<meta name=\"twitter:data1\" content=\"1 minute\" \/>\n<script type=\"application\/ld+json\" class=\"yoast-schema-graph\">{\"@context\":\"https:\/\/schema.org\",\"@graph\":[{\"@type\":\"WebPage\",\"@id\":\"https:\/\/fanzone.sk\/produkt\/fbk-harvard-partizanske-siltovka-s-potlacou\/\",\"url\":\"https:\/\/fanzone.sk\/produkt\/fbk-harvard-partizanske-siltovka-s-potlacou\/\",\"name\":\"FBK Harvard Partiz\u00e1nske - \u0160iltovka s potla\u010dou - fanzone.sk\",\"isPartOf\":{\"@id\":\"https:\/\/fanzone.sk\/#website\"},\"datePublished\":\"2020-10-02T13:14:11+00:00\",\"dateModified\":\"2025-02-03T21:06:32+00:00\",\"breadcrumb\":{\"@id\":\"https:\/\/fanzone.sk\/produkt\/fbk-harvard-partizanske-siltovka-s-potlacou\/#breadcrumb\"},\"inLanguage\":\"en-US\",\"potentialAction\":[{\"@type\":\"ReadAction\",\"target\":[\"https:\/\/fanzone.sk\/produkt\/fbk-harvard-partizanske-siltovka-s-potlacou\/\"]}]},{\"@type\":\"BreadcrumbList\",\"@id\":\"https:\/\/fanzone.sk\/produkt\/fbk-harvard-partizanske-siltovka-s-potlacou\/#breadcrumb\",\"itemListElement\":[{\"@type\":\"ListItem\",\"position\":1,\"name\":\"Home\",\"item\":\"https:\/\/fanzone.sk\/\"},{\"@type\":\"ListItem\",\"position\":2,\"name\":\"Obchod\",\"item\":\"https:\/\/fanzone.sk\/obchod\/\"},{\"@type\":\"ListItem\",\"position\":3,\"name\":\"FBK Harvard Partiz\u00e1nske &#8211; \u0160iltovka s potla\u010dou\"}]},{\"@type\":\"WebSite\",\"@id\":\"https:\/\/fanzone.sk\/#website\",\"url\":\"https:\/\/fanzone.sk\/\",\"name\":\"fanzone.sk\",\"description\":\"\",\"potentialAction\":[{\"@type\":\"SearchAction\",\"target\":{\"@type\":\"EntryPoint\",\"urlTemplate\":\"https:\/\/fanzone.sk\/?s={search_term_string}\"},\"query-input\":\"required name=search_term_string\"}],\"inLanguage\":\"en-US\"}]}<\/script>\n<!-- \/ Yoast SEO plugin. -->","yoast_head_json":{"title":"FBK Harvard Partiz\u00e1nske - \u0160iltovka s potla\u010dou - fanzone.sk","robots":{"index":"index","follow":"follow","max-snippet":"max-snippet:-1","max-image-preview":"max-image-preview:large","max-video-preview":"max-video-preview:-1"},"canonical":"https:\/\/fanzone.sk\/en\/product\/fbk-harvard-partizanske-siltovka-s-potlacou\/","og_locale":"en_US","og_type":"article","og_title":"FBK Harvard Partiz\u00e1nske - \u0160iltovka s potla\u010dou - fanzone.sk","og_description":"\u0161iltovka typu flexfit \u2013 bez zap\u00ednania  materi\u00e1l: keprov\u00e1 bavlna\/nylonov\u00e1 sie\u0165ka  univerz\u00e1lna ve\u013ekos\u0165: 58cm  potla\u010d printflexom","og_url":"https:\/\/fanzone.sk\/en\/product\/fbk-harvard-partizanske-siltovka-s-potlacou\/","og_site_name":"fanzone.sk","article_publisher":"https:\/\/www.facebook.com\/FANZONEsk\/","article_modified_time":"2025-02-03T21:06:32+00:00","og_image":[{"width":800,"height":800,"url":"https:\/\/fanzone.sk\/wp-content\/uploads\/2020\/10\/siltovka-1.jpg","type":"image\/jpeg"}],"twitter_card":"summary_large_image","twitter_misc":{"Est. reading time":"1 minute"},"schema":{"@context":"https:\/\/schema.org","@graph":[{"@type":"WebPage","@id":"https:\/\/fanzone.sk\/produkt\/fbk-harvard-partizanske-siltovka-s-potlacou\/","url":"https:\/\/fanzone.sk\/produkt\/fbk-harvard-partizanske-siltovka-s-potlacou\/","name":"FBK Harvard Partiz\u00e1nske - \u0160iltovka s potla\u010dou - fanzone.sk","isPartOf":{"@id":"https:\/\/fanzone.sk\/#website"},"datePublished":"2020-10-02T13:14:11+00:00","dateModified":"2025-02-03T21:06:32+00:00","breadcrumb":{"@id":"https:\/\/fanzone.sk\/produkt\/fbk-harvard-partizanske-siltovka-s-potlacou\/#breadcrumb"},"inLanguage":"en-US","potentialAction":[{"@type":"ReadAction","target":["https:\/\/fanzone.sk\/produkt\/fbk-harvard-partizanske-siltovka-s-potlacou\/"]}]},{"@type":"BreadcrumbList","@id":"https:\/\/fanzone.sk\/produkt\/fbk-harvard-partizanske-siltovka-s-potlacou\/#breadcrumb","itemListElement":[{"@type":"ListItem","position":1,"name":"Home","item":"https:\/\/fanzone.sk\/"},{"@type":"ListItem","position":2,"name":"Obchod","item":"https:\/\/fanzone.sk\/obchod\/"},{"@type":"ListItem","position":3,"name":"FBK Harvard Partiz\u00e1nske &#8211; \u0160iltovka s potla\u010dou"}]},{"@type":"WebSite","@id":"https:\/\/fanzone.sk\/#website","url":"https:\/\/fanzone.sk\/","name":"fanzone.sk","description":"","potentialAction":[{"@type":"SearchAction","target":{"@type":"EntryPoint","urlTemplate":"https:\/\/fanzone.sk\/?s={search_term_string}"},"query-input":"required name=search_term_string"}],"inLanguage":"en-US"}]}},"_links":{"self":[{"href":"https:\/\/fanzone.sk\/en\/wp-json\/wp\/v2\/product\/14107"}],"collection":[{"href":"https:\/\/fanzone.sk\/en\/wp-json\/wp\/v2\/product"}],"about":[{"href":"https:\/\/fanzone.sk\/en\/wp-json\/wp\/v2\/types\/product"}],"wp:featuredmedia":[{"embeddable":true,"href":"https:\/\/fanzone.sk\/en\/wp-json\/wp\/v2\/media\/14785"}],"wp:attachment":[{"href":"https:\/\/fanzone.sk\/en\/wp-json\/wp\/v2\/media?parent=14107"}],"wp:term":[{"taxonomy":"product_cat","embeddable":true,"href":"https:\/\/fanzone.sk\/en\/wp-json\/wp\/v2\/product_cat?post=14107"},{"taxonomy":"product_tag","embeddable":true,"href":"https:\/\/fanzone.sk\/en\/wp-json\/wp\/v2\/product_tag?post=14107"}],"curies":[{"name":"wp","href":"https:\/\/api.w.org\/{rel}","templated":true}]}}