{"id":14146,"date":"2020-10-08T15:11:35","date_gmt":"2020-10-08T13:11:35","guid":{"rendered":"https:\/\/fanzone.sk\/?post_type=product&#038;p=14146"},"modified":"2025-11-28T12:06:34","modified_gmt":"2025-11-28T11:06:34","slug":"hmhk-vranov-multifunkcna-satka","status":"publish","type":"product","link":"https:\/\/fanzone.sk\/en\/product\/hmhk-vranov-multifunkcna-satka\/","title":{"rendered":"HMHK Vranov &#8211; Multifunk\u010dn\u00e1 \u0161atka"},"content":{"rendered":"<ul>\n<li>Multifunk\u010dn\u00e1 \u0161atka je univerz\u00e1lnym k\u00faskom, ktor\u00fd vyu\u017eijete na mnoho sp\u00f4sobov<\/li>\n<li>\u0160atka na krk, \u010delenka, kukla\u2026<\/li>\n<li>Materi\u00e1l \u2013 100% polyester<\/li>\n<li>Rozmer\u00a044 cm x 24,5 cm<\/li>\n<\/ul>","protected":false},"excerpt":{"rendered":"<ul>\n<li>Multifunk\u010dn\u00e1 \u0161atka je univerz\u00e1lnym k\u00faskom, ktor\u00fd vyu\u017eijete na mnoho sp\u00f4sobov<\/li>\n<li>\u0160atka na krk, \u010delenka, kukla\u2026<\/li>\n<li>Materi\u00e1l \u2013 100% polyester<\/li>\n<li>Rozmer\u00a044 cm x 24,5 cm<\/li>\n<\/ul>","protected":false},"featured_media":14144,"template":"","meta":[],"product_cat":[268,312,458],"product_tag":[45],"wcpa_form_fields":null,"yoast_head":"<!-- This site is optimized with the Yoast SEO plugin v21.2 - https:\/\/yoast.com\/wordpress\/plugins\/seo\/ -->\n<title>HMHK Vranov - Multifunk\u010dn\u00e1 \u0161atka - fanzone.sk<\/title>\n<meta name=\"robots\" content=\"index, follow, max-snippet:-1, max-image-preview:large, max-video-preview:-1\" \/>\n<link rel=\"canonical\" href=\"https:\/\/fanzone.sk\/en\/product\/hmhk-vranov-multifunkcna-satka\/\" \/>\n<meta property=\"og:locale\" content=\"en_US\" \/>\n<meta property=\"og:type\" content=\"article\" \/>\n<meta property=\"og:title\" content=\"HMHK Vranov - Multifunk\u010dn\u00e1 \u0161atka - fanzone.sk\" \/>\n<meta property=\"og:description\" content=\"Multifunk\u010dn\u00e1 \u0161atka je univerz\u00e1lnym k\u00faskom, ktor\u00fd vyu\u017eijete na mnoho sp\u00f4sobov  \u0160atka na krk, \u010delenka, kukla\u2026  Materi\u00e1l \u2013 100% polyester  Rozmer\u00a044 cm x 24,5 cm\" \/>\n<meta property=\"og:url\" content=\"https:\/\/fanzone.sk\/en\/product\/hmhk-vranov-multifunkcna-satka\/\" \/>\n<meta property=\"og:site_name\" content=\"fanzone.sk\" \/>\n<meta property=\"article:publisher\" content=\"https:\/\/www.facebook.com\/FANZONEsk\/\" \/>\n<meta property=\"article:modified_time\" content=\"2025-11-28T11:06:34+00:00\" \/>\n<meta property=\"og:image\" content=\"https:\/\/fanzone.sk\/wp-content\/uploads\/2020\/10\/HMHK-buffka.jpg\" \/>\n\t<meta property=\"og:image:width\" content=\"800\" \/>\n\t<meta property=\"og:image:height\" content=\"800\" \/>\n\t<meta property=\"og:image:type\" content=\"image\/jpeg\" \/>\n<meta name=\"twitter:card\" content=\"summary_large_image\" \/>\n<meta name=\"twitter:label1\" content=\"Est. reading time\" \/>\n\t<meta name=\"twitter:data1\" content=\"1 minute\" \/>\n<script type=\"application\/ld+json\" class=\"yoast-schema-graph\">{\"@context\":\"https:\/\/schema.org\",\"@graph\":[{\"@type\":\"WebPage\",\"@id\":\"https:\/\/fanzone.sk\/produkt\/hmhk-vranov-multifunkcna-satka\/\",\"url\":\"https:\/\/fanzone.sk\/produkt\/hmhk-vranov-multifunkcna-satka\/\",\"name\":\"HMHK Vranov - Multifunk\u010dn\u00e1 \u0161atka - fanzone.sk\",\"isPartOf\":{\"@id\":\"https:\/\/fanzone.sk\/#website\"},\"datePublished\":\"2020-10-08T13:11:35+00:00\",\"dateModified\":\"2025-11-28T11:06:34+00:00\",\"breadcrumb\":{\"@id\":\"https:\/\/fanzone.sk\/produkt\/hmhk-vranov-multifunkcna-satka\/#breadcrumb\"},\"inLanguage\":\"en-US\",\"potentialAction\":[{\"@type\":\"ReadAction\",\"target\":[\"https:\/\/fanzone.sk\/produkt\/hmhk-vranov-multifunkcna-satka\/\"]}]},{\"@type\":\"BreadcrumbList\",\"@id\":\"https:\/\/fanzone.sk\/produkt\/hmhk-vranov-multifunkcna-satka\/#breadcrumb\",\"itemListElement\":[{\"@type\":\"ListItem\",\"position\":1,\"name\":\"Home\",\"item\":\"https:\/\/fanzone.sk\/\"},{\"@type\":\"ListItem\",\"position\":2,\"name\":\"Obchod\",\"item\":\"https:\/\/fanzone.sk\/obchod\/\"},{\"@type\":\"ListItem\",\"position\":3,\"name\":\"HMHK Vranov &#8211; Multifunk\u010dn\u00e1 \u0161atka\"}]},{\"@type\":\"WebSite\",\"@id\":\"https:\/\/fanzone.sk\/#website\",\"url\":\"https:\/\/fanzone.sk\/\",\"name\":\"fanzone.sk\",\"description\":\"\",\"potentialAction\":[{\"@type\":\"SearchAction\",\"target\":{\"@type\":\"EntryPoint\",\"urlTemplate\":\"https:\/\/fanzone.sk\/?s={search_term_string}\"},\"query-input\":\"required name=search_term_string\"}],\"inLanguage\":\"en-US\"}]}<\/script>\n<!-- \/ Yoast SEO plugin. -->","yoast_head_json":{"title":"HMHK Vranov - Multifunk\u010dn\u00e1 \u0161atka - fanzone.sk","robots":{"index":"index","follow":"follow","max-snippet":"max-snippet:-1","max-image-preview":"max-image-preview:large","max-video-preview":"max-video-preview:-1"},"canonical":"https:\/\/fanzone.sk\/en\/product\/hmhk-vranov-multifunkcna-satka\/","og_locale":"en_US","og_type":"article","og_title":"HMHK Vranov - Multifunk\u010dn\u00e1 \u0161atka - fanzone.sk","og_description":"Multifunk\u010dn\u00e1 \u0161atka je univerz\u00e1lnym k\u00faskom, ktor\u00fd vyu\u017eijete na mnoho sp\u00f4sobov  \u0160atka na krk, \u010delenka, kukla\u2026  Materi\u00e1l \u2013 100% polyester  Rozmer\u00a044 cm x 24,5 cm","og_url":"https:\/\/fanzone.sk\/en\/product\/hmhk-vranov-multifunkcna-satka\/","og_site_name":"fanzone.sk","article_publisher":"https:\/\/www.facebook.com\/FANZONEsk\/","article_modified_time":"2025-11-28T11:06:34+00:00","og_image":[{"width":800,"height":800,"url":"https:\/\/fanzone.sk\/wp-content\/uploads\/2020\/10\/HMHK-buffka.jpg","type":"image\/jpeg"}],"twitter_card":"summary_large_image","twitter_misc":{"Est. reading time":"1 minute"},"schema":{"@context":"https:\/\/schema.org","@graph":[{"@type":"WebPage","@id":"https:\/\/fanzone.sk\/produkt\/hmhk-vranov-multifunkcna-satka\/","url":"https:\/\/fanzone.sk\/produkt\/hmhk-vranov-multifunkcna-satka\/","name":"HMHK Vranov - Multifunk\u010dn\u00e1 \u0161atka - fanzone.sk","isPartOf":{"@id":"https:\/\/fanzone.sk\/#website"},"datePublished":"2020-10-08T13:11:35+00:00","dateModified":"2025-11-28T11:06:34+00:00","breadcrumb":{"@id":"https:\/\/fanzone.sk\/produkt\/hmhk-vranov-multifunkcna-satka\/#breadcrumb"},"inLanguage":"en-US","potentialAction":[{"@type":"ReadAction","target":["https:\/\/fanzone.sk\/produkt\/hmhk-vranov-multifunkcna-satka\/"]}]},{"@type":"BreadcrumbList","@id":"https:\/\/fanzone.sk\/produkt\/hmhk-vranov-multifunkcna-satka\/#breadcrumb","itemListElement":[{"@type":"ListItem","position":1,"name":"Home","item":"https:\/\/fanzone.sk\/"},{"@type":"ListItem","position":2,"name":"Obchod","item":"https:\/\/fanzone.sk\/obchod\/"},{"@type":"ListItem","position":3,"name":"HMHK Vranov &#8211; Multifunk\u010dn\u00e1 \u0161atka"}]},{"@type":"WebSite","@id":"https:\/\/fanzone.sk\/#website","url":"https:\/\/fanzone.sk\/","name":"fanzone.sk","description":"","potentialAction":[{"@type":"SearchAction","target":{"@type":"EntryPoint","urlTemplate":"https:\/\/fanzone.sk\/?s={search_term_string}"},"query-input":"required name=search_term_string"}],"inLanguage":"en-US"}]}},"_links":{"self":[{"href":"https:\/\/fanzone.sk\/en\/wp-json\/wp\/v2\/product\/14146"}],"collection":[{"href":"https:\/\/fanzone.sk\/en\/wp-json\/wp\/v2\/product"}],"about":[{"href":"https:\/\/fanzone.sk\/en\/wp-json\/wp\/v2\/types\/product"}],"wp:featuredmedia":[{"embeddable":true,"href":"https:\/\/fanzone.sk\/en\/wp-json\/wp\/v2\/media\/14144"}],"wp:attachment":[{"href":"https:\/\/fanzone.sk\/en\/wp-json\/wp\/v2\/media?parent=14146"}],"wp:term":[{"taxonomy":"product_cat","embeddable":true,"href":"https:\/\/fanzone.sk\/en\/wp-json\/wp\/v2\/product_cat?post=14146"},{"taxonomy":"product_tag","embeddable":true,"href":"https:\/\/fanzone.sk\/en\/wp-json\/wp\/v2\/product_tag?post=14146"}],"curies":[{"name":"wp","href":"https:\/\/api.w.org\/{rel}","templated":true}]}}