{"id":15149,"date":"2020-12-17T12:54:23","date_gmt":"2020-12-17T11:54:23","guid":{"rendered":"https:\/\/fanzone.sk\/?post_type=product&#038;p=15149"},"modified":"2025-09-11T14:39:34","modified_gmt":"2025-09-11T12:39:34","slug":"sk-elba-presov-bavlnene-tricko-s-potlacou","status":"publish","type":"product","link":"https:\/\/fanzone.sk\/en\/product\/sk-elba-presov-bavlnene-tricko-s-potlacou\/","title":{"rendered":"\u0160K Elba Pre\u0161ov &#8211; Bavlnen\u00e9 tri\u010dko s potla\u010dou"},"content":{"rendered":"<ul>\n<li>100% bavlna, prstencov\u00e1 a \u010desan\u00e1<\/li>\n<li>Tenk\u00fd rebrovan\u00fd lem okolo krku<\/li>\n<li>Spev\u0148uj\u00faca p\u00e1ska vzadu na krku<\/li>\n<li>Bez bo\u010dn\u00fdch \u0161vov<\/li>\n<li>Na hrudi logo \u0160K Elba Pre\u0161ov vzadu n\u00e1pis \u0160K Elba Pre\u0161ov<\/li>\n<\/ul>","protected":false},"excerpt":{"rendered":"<ul>\n<li>100% bavlna, prstencov\u00e1 a \u010desan\u00e1<\/li>\n<li>Tenk\u00fd rebrovan\u00fd lem okolo krku<\/li>\n<li>Spev\u0148uj\u00faca p\u00e1ska vzadu na krku<\/li>\n<li>Bez bo\u010dn\u00fdch \u0161vov<\/li>\n<li>Na hrudi logo \u0160K Elba Pre\u0161ov vzadu n\u00e1pis \u0160K Elba Pre\u0161ov<\/li>\n<\/ul>","protected":false},"featured_media":35106,"template":"","meta":[],"product_cat":[299,310,31],"product_tag":[144,130],"wcpa_form_fields":null,"yoast_head":"<!-- This site is optimized with the Yoast SEO plugin v21.2 - https:\/\/yoast.com\/wordpress\/plugins\/seo\/ -->\n<title>\u0160K Elba Pre\u0161ov - Bavlnen\u00e9 tri\u010dko s potla\u010dou - fanzone.sk<\/title>\n<meta name=\"robots\" content=\"index, follow, max-snippet:-1, max-image-preview:large, max-video-preview:-1\" \/>\n<link rel=\"canonical\" href=\"https:\/\/fanzone.sk\/en\/product\/sk-elba-presov-bavlnene-tricko-s-potlacou\/\" \/>\n<meta property=\"og:locale\" content=\"en_US\" \/>\n<meta property=\"og:type\" content=\"article\" \/>\n<meta property=\"og:title\" content=\"\u0160K Elba Pre\u0161ov - Bavlnen\u00e9 tri\u010dko s potla\u010dou - fanzone.sk\" \/>\n<meta property=\"og:description\" content=\"100% bavlna, prstencov\u00e1 a \u010desan\u00e1  Tenk\u00fd rebrovan\u00fd lem okolo krku  Spev\u0148uj\u00faca p\u00e1ska vzadu na krku  Bez bo\u010dn\u00fdch \u0161vov  Na hrudi logo \u0160K Elba Pre\u0161ov vzadu n\u00e1pis \u0160K Elba Pre\u0161ov\" \/>\n<meta property=\"og:url\" content=\"https:\/\/fanzone.sk\/en\/product\/sk-elba-presov-bavlnene-tricko-s-potlacou\/\" \/>\n<meta property=\"og:site_name\" content=\"fanzone.sk\" \/>\n<meta property=\"article:publisher\" content=\"https:\/\/www.facebook.com\/FANZONEsk\/\" \/>\n<meta property=\"article:modified_time\" content=\"2025-09-11T12:39:34+00:00\" \/>\n<meta property=\"og:image\" content=\"https:\/\/fanzone.sk\/wp-content\/uploads\/2021\/02\/EVA-07-PD.jpg\" \/>\n\t<meta property=\"og:image:width\" content=\"800\" \/>\n\t<meta property=\"og:image:height\" content=\"800\" \/>\n\t<meta property=\"og:image:type\" content=\"image\/jpeg\" \/>\n<meta name=\"twitter:card\" content=\"summary_large_image\" \/>\n<meta name=\"twitter:label1\" content=\"Est. reading time\" \/>\n\t<meta name=\"twitter:data1\" content=\"1 minute\" \/>\n<script type=\"application\/ld+json\" class=\"yoast-schema-graph\">{\"@context\":\"https:\/\/schema.org\",\"@graph\":[{\"@type\":\"WebPage\",\"@id\":\"https:\/\/fanzone.sk\/produkt\/sk-elba-presov-bavlnene-tricko-s-potlacou\/\",\"url\":\"https:\/\/fanzone.sk\/produkt\/sk-elba-presov-bavlnene-tricko-s-potlacou\/\",\"name\":\"\u0160K Elba Pre\u0161ov - Bavlnen\u00e9 tri\u010dko s potla\u010dou - fanzone.sk\",\"isPartOf\":{\"@id\":\"https:\/\/fanzone.sk\/#website\"},\"datePublished\":\"2020-12-17T11:54:23+00:00\",\"dateModified\":\"2025-09-11T12:39:34+00:00\",\"breadcrumb\":{\"@id\":\"https:\/\/fanzone.sk\/produkt\/sk-elba-presov-bavlnene-tricko-s-potlacou\/#breadcrumb\"},\"inLanguage\":\"en-US\",\"potentialAction\":[{\"@type\":\"ReadAction\",\"target\":[\"https:\/\/fanzone.sk\/produkt\/sk-elba-presov-bavlnene-tricko-s-potlacou\/\"]}]},{\"@type\":\"BreadcrumbList\",\"@id\":\"https:\/\/fanzone.sk\/produkt\/sk-elba-presov-bavlnene-tricko-s-potlacou\/#breadcrumb\",\"itemListElement\":[{\"@type\":\"ListItem\",\"position\":1,\"name\":\"Home\",\"item\":\"https:\/\/fanzone.sk\/\"},{\"@type\":\"ListItem\",\"position\":2,\"name\":\"Obchod\",\"item\":\"https:\/\/fanzone.sk\/obchod\/\"},{\"@type\":\"ListItem\",\"position\":3,\"name\":\"\u0160K Elba Pre\u0161ov &#8211; Bavlnen\u00e9 tri\u010dko s potla\u010dou\"}]},{\"@type\":\"WebSite\",\"@id\":\"https:\/\/fanzone.sk\/#website\",\"url\":\"https:\/\/fanzone.sk\/\",\"name\":\"fanzone.sk\",\"description\":\"\",\"potentialAction\":[{\"@type\":\"SearchAction\",\"target\":{\"@type\":\"EntryPoint\",\"urlTemplate\":\"https:\/\/fanzone.sk\/?s={search_term_string}\"},\"query-input\":\"required name=search_term_string\"}],\"inLanguage\":\"en-US\"}]}<\/script>\n<!-- \/ Yoast SEO plugin. -->","yoast_head_json":{"title":"\u0160K Elba Pre\u0161ov - Bavlnen\u00e9 tri\u010dko s potla\u010dou - fanzone.sk","robots":{"index":"index","follow":"follow","max-snippet":"max-snippet:-1","max-image-preview":"max-image-preview:large","max-video-preview":"max-video-preview:-1"},"canonical":"https:\/\/fanzone.sk\/en\/product\/sk-elba-presov-bavlnene-tricko-s-potlacou\/","og_locale":"en_US","og_type":"article","og_title":"\u0160K Elba Pre\u0161ov - Bavlnen\u00e9 tri\u010dko s potla\u010dou - fanzone.sk","og_description":"100% bavlna, prstencov\u00e1 a \u010desan\u00e1  Tenk\u00fd rebrovan\u00fd lem okolo krku  Spev\u0148uj\u00faca p\u00e1ska vzadu na krku  Bez bo\u010dn\u00fdch \u0161vov  Na hrudi logo \u0160K Elba Pre\u0161ov vzadu n\u00e1pis \u0160K Elba Pre\u0161ov","og_url":"https:\/\/fanzone.sk\/en\/product\/sk-elba-presov-bavlnene-tricko-s-potlacou\/","og_site_name":"fanzone.sk","article_publisher":"https:\/\/www.facebook.com\/FANZONEsk\/","article_modified_time":"2025-09-11T12:39:34+00:00","og_image":[{"width":800,"height":800,"url":"https:\/\/fanzone.sk\/wp-content\/uploads\/2021\/02\/EVA-07-PD.jpg","type":"image\/jpeg"}],"twitter_card":"summary_large_image","twitter_misc":{"Est. reading time":"1 minute"},"schema":{"@context":"https:\/\/schema.org","@graph":[{"@type":"WebPage","@id":"https:\/\/fanzone.sk\/produkt\/sk-elba-presov-bavlnene-tricko-s-potlacou\/","url":"https:\/\/fanzone.sk\/produkt\/sk-elba-presov-bavlnene-tricko-s-potlacou\/","name":"\u0160K Elba Pre\u0161ov - Bavlnen\u00e9 tri\u010dko s potla\u010dou - fanzone.sk","isPartOf":{"@id":"https:\/\/fanzone.sk\/#website"},"datePublished":"2020-12-17T11:54:23+00:00","dateModified":"2025-09-11T12:39:34+00:00","breadcrumb":{"@id":"https:\/\/fanzone.sk\/produkt\/sk-elba-presov-bavlnene-tricko-s-potlacou\/#breadcrumb"},"inLanguage":"en-US","potentialAction":[{"@type":"ReadAction","target":["https:\/\/fanzone.sk\/produkt\/sk-elba-presov-bavlnene-tricko-s-potlacou\/"]}]},{"@type":"BreadcrumbList","@id":"https:\/\/fanzone.sk\/produkt\/sk-elba-presov-bavlnene-tricko-s-potlacou\/#breadcrumb","itemListElement":[{"@type":"ListItem","position":1,"name":"Home","item":"https:\/\/fanzone.sk\/"},{"@type":"ListItem","position":2,"name":"Obchod","item":"https:\/\/fanzone.sk\/obchod\/"},{"@type":"ListItem","position":3,"name":"\u0160K Elba Pre\u0161ov &#8211; Bavlnen\u00e9 tri\u010dko s potla\u010dou"}]},{"@type":"WebSite","@id":"https:\/\/fanzone.sk\/#website","url":"https:\/\/fanzone.sk\/","name":"fanzone.sk","description":"","potentialAction":[{"@type":"SearchAction","target":{"@type":"EntryPoint","urlTemplate":"https:\/\/fanzone.sk\/?s={search_term_string}"},"query-input":"required name=search_term_string"}],"inLanguage":"en-US"}]}},"_links":{"self":[{"href":"https:\/\/fanzone.sk\/en\/wp-json\/wp\/v2\/product\/15149"}],"collection":[{"href":"https:\/\/fanzone.sk\/en\/wp-json\/wp\/v2\/product"}],"about":[{"href":"https:\/\/fanzone.sk\/en\/wp-json\/wp\/v2\/types\/product"}],"wp:featuredmedia":[{"embeddable":true,"href":"https:\/\/fanzone.sk\/en\/wp-json\/wp\/v2\/media\/35106"}],"wp:attachment":[{"href":"https:\/\/fanzone.sk\/en\/wp-json\/wp\/v2\/media?parent=15149"}],"wp:term":[{"taxonomy":"product_cat","embeddable":true,"href":"https:\/\/fanzone.sk\/en\/wp-json\/wp\/v2\/product_cat?post=15149"},{"taxonomy":"product_tag","embeddable":true,"href":"https:\/\/fanzone.sk\/en\/wp-json\/wp\/v2\/product_tag?post=15149"}],"curies":[{"name":"wp","href":"https:\/\/api.w.org\/{rel}","templated":true}]}}