{"id":15556,"date":"2021-02-16T13:30:05","date_gmt":"2021-02-16T12:30:05","guid":{"rendered":"https:\/\/fanzone.sk\/?post_type=product&#038;p=15556"},"modified":"2026-02-20T14:17:34","modified_gmt":"2026-02-20T13:17:34","slug":"mikina-slovensko-klasik-krivan","status":"publish","type":"product","link":"https:\/\/fanzone.sk\/en\/product\/mikina-slovensko-klasik-krivan\/","title":{"rendered":"Slovensko -Mikina klasik Kriv\u00e1\u0148"},"content":{"rendered":"<ul>\n<li>100% polyester<\/li>\n<li>ukon\u010denie mikiny patentami<\/li>\n<li>vpredu znak SVK<\/li>\n<li>na chrbte n\u00e1pis Slovensko<\/li>\n<\/ul>","protected":false},"excerpt":{"rendered":"<ul>\n<li>100% polyester<\/li>\n<li>ukon\u010denie mikiny patentami<\/li>\n<li>vpredu znak SVK<\/li>\n<li>na chrbte n\u00e1pis Slovensko<\/li>\n<\/ul>","protected":false},"featured_media":15558,"template":"","meta":[],"product_cat":[327,20,23],"product_tag":[145,108],"wcpa_form_fields":null,"yoast_head":"<!-- This site is optimized with the Yoast SEO plugin v21.2 - https:\/\/yoast.com\/wordpress\/plugins\/seo\/ -->\n<title>Slovensko -Mikina klasik Kriv\u00e1\u0148 - fanzone.sk<\/title>\n<meta name=\"robots\" content=\"index, follow, max-snippet:-1, max-image-preview:large, max-video-preview:-1\" \/>\n<link rel=\"canonical\" href=\"https:\/\/fanzone.sk\/en\/product\/mikina-slovensko-klasik-krivan\/\" \/>\n<meta property=\"og:locale\" content=\"en_US\" \/>\n<meta property=\"og:type\" content=\"article\" \/>\n<meta property=\"og:title\" content=\"Slovensko -Mikina klasik Kriv\u00e1\u0148 - fanzone.sk\" \/>\n<meta property=\"og:description\" content=\"100% polyester  ukon\u010denie mikiny patentami  vpredu znak SVK  na chrbte n\u00e1pis Slovensko\" \/>\n<meta property=\"og:url\" content=\"https:\/\/fanzone.sk\/en\/product\/mikina-slovensko-klasik-krivan\/\" \/>\n<meta property=\"og:site_name\" content=\"fanzone.sk\" \/>\n<meta property=\"article:publisher\" content=\"https:\/\/www.facebook.com\/FANZONEsk\/\" \/>\n<meta property=\"article:modified_time\" content=\"2026-02-20T13:17:34+00:00\" \/>\n<meta property=\"og:image\" content=\"https:\/\/fanzone.sk\/wp-content\/uploads\/2021\/02\/svk-mikina-JAN-vz-3-PD.jpg\" \/>\n\t<meta property=\"og:image:width\" content=\"800\" \/>\n\t<meta property=\"og:image:height\" content=\"800\" \/>\n\t<meta property=\"og:image:type\" content=\"image\/jpeg\" \/>\n<meta name=\"twitter:card\" content=\"summary_large_image\" \/>\n<script type=\"application\/ld+json\" class=\"yoast-schema-graph\">{\"@context\":\"https:\/\/schema.org\",\"@graph\":[{\"@type\":\"WebPage\",\"@id\":\"https:\/\/fanzone.sk\/produkt\/mikina-slovensko-klasik-krivan\/\",\"url\":\"https:\/\/fanzone.sk\/produkt\/mikina-slovensko-klasik-krivan\/\",\"name\":\"Slovensko -Mikina klasik Kriv\u00e1\u0148 - fanzone.sk\",\"isPartOf\":{\"@id\":\"https:\/\/fanzone.sk\/#website\"},\"datePublished\":\"2021-02-16T12:30:05+00:00\",\"dateModified\":\"2026-02-20T13:17:34+00:00\",\"breadcrumb\":{\"@id\":\"https:\/\/fanzone.sk\/produkt\/mikina-slovensko-klasik-krivan\/#breadcrumb\"},\"inLanguage\":\"en-US\",\"potentialAction\":[{\"@type\":\"ReadAction\",\"target\":[\"https:\/\/fanzone.sk\/produkt\/mikina-slovensko-klasik-krivan\/\"]}]},{\"@type\":\"BreadcrumbList\",\"@id\":\"https:\/\/fanzone.sk\/produkt\/mikina-slovensko-klasik-krivan\/#breadcrumb\",\"itemListElement\":[{\"@type\":\"ListItem\",\"position\":1,\"name\":\"Home\",\"item\":\"https:\/\/fanzone.sk\/\"},{\"@type\":\"ListItem\",\"position\":2,\"name\":\"Obchod\",\"item\":\"https:\/\/fanzone.sk\/obchod\/\"},{\"@type\":\"ListItem\",\"position\":3,\"name\":\"Slovensko -Mikina klasik Kriv\u00e1\u0148\"}]},{\"@type\":\"WebSite\",\"@id\":\"https:\/\/fanzone.sk\/#website\",\"url\":\"https:\/\/fanzone.sk\/\",\"name\":\"fanzone.sk\",\"description\":\"\",\"potentialAction\":[{\"@type\":\"SearchAction\",\"target\":{\"@type\":\"EntryPoint\",\"urlTemplate\":\"https:\/\/fanzone.sk\/?s={search_term_string}\"},\"query-input\":\"required name=search_term_string\"}],\"inLanguage\":\"en-US\"}]}<\/script>\n<!-- \/ Yoast SEO plugin. -->","yoast_head_json":{"title":"Slovensko -Mikina klasik Kriv\u00e1\u0148 - fanzone.sk","robots":{"index":"index","follow":"follow","max-snippet":"max-snippet:-1","max-image-preview":"max-image-preview:large","max-video-preview":"max-video-preview:-1"},"canonical":"https:\/\/fanzone.sk\/en\/product\/mikina-slovensko-klasik-krivan\/","og_locale":"en_US","og_type":"article","og_title":"Slovensko -Mikina klasik Kriv\u00e1\u0148 - fanzone.sk","og_description":"100% polyester  ukon\u010denie mikiny patentami  vpredu znak SVK  na chrbte n\u00e1pis Slovensko","og_url":"https:\/\/fanzone.sk\/en\/product\/mikina-slovensko-klasik-krivan\/","og_site_name":"fanzone.sk","article_publisher":"https:\/\/www.facebook.com\/FANZONEsk\/","article_modified_time":"2026-02-20T13:17:34+00:00","og_image":[{"width":800,"height":800,"url":"https:\/\/fanzone.sk\/wp-content\/uploads\/2021\/02\/svk-mikina-JAN-vz-3-PD.jpg","type":"image\/jpeg"}],"twitter_card":"summary_large_image","schema":{"@context":"https:\/\/schema.org","@graph":[{"@type":"WebPage","@id":"https:\/\/fanzone.sk\/produkt\/mikina-slovensko-klasik-krivan\/","url":"https:\/\/fanzone.sk\/produkt\/mikina-slovensko-klasik-krivan\/","name":"Slovensko -Mikina klasik Kriv\u00e1\u0148 - fanzone.sk","isPartOf":{"@id":"https:\/\/fanzone.sk\/#website"},"datePublished":"2021-02-16T12:30:05+00:00","dateModified":"2026-02-20T13:17:34+00:00","breadcrumb":{"@id":"https:\/\/fanzone.sk\/produkt\/mikina-slovensko-klasik-krivan\/#breadcrumb"},"inLanguage":"en-US","potentialAction":[{"@type":"ReadAction","target":["https:\/\/fanzone.sk\/produkt\/mikina-slovensko-klasik-krivan\/"]}]},{"@type":"BreadcrumbList","@id":"https:\/\/fanzone.sk\/produkt\/mikina-slovensko-klasik-krivan\/#breadcrumb","itemListElement":[{"@type":"ListItem","position":1,"name":"Home","item":"https:\/\/fanzone.sk\/"},{"@type":"ListItem","position":2,"name":"Obchod","item":"https:\/\/fanzone.sk\/obchod\/"},{"@type":"ListItem","position":3,"name":"Slovensko -Mikina klasik Kriv\u00e1\u0148"}]},{"@type":"WebSite","@id":"https:\/\/fanzone.sk\/#website","url":"https:\/\/fanzone.sk\/","name":"fanzone.sk","description":"","potentialAction":[{"@type":"SearchAction","target":{"@type":"EntryPoint","urlTemplate":"https:\/\/fanzone.sk\/?s={search_term_string}"},"query-input":"required name=search_term_string"}],"inLanguage":"en-US"}]}},"_links":{"self":[{"href":"https:\/\/fanzone.sk\/en\/wp-json\/wp\/v2\/product\/15556"}],"collection":[{"href":"https:\/\/fanzone.sk\/en\/wp-json\/wp\/v2\/product"}],"about":[{"href":"https:\/\/fanzone.sk\/en\/wp-json\/wp\/v2\/types\/product"}],"wp:featuredmedia":[{"embeddable":true,"href":"https:\/\/fanzone.sk\/en\/wp-json\/wp\/v2\/media\/15558"}],"wp:attachment":[{"href":"https:\/\/fanzone.sk\/en\/wp-json\/wp\/v2\/media?parent=15556"}],"wp:term":[{"taxonomy":"product_cat","embeddable":true,"href":"https:\/\/fanzone.sk\/en\/wp-json\/wp\/v2\/product_cat?post=15556"},{"taxonomy":"product_tag","embeddable":true,"href":"https:\/\/fanzone.sk\/en\/wp-json\/wp\/v2\/product_tag?post=15556"}],"curies":[{"name":"wp","href":"https:\/\/api.w.org\/{rel}","templated":true}]}}