{"id":15689,"date":"2021-02-24T14:57:07","date_gmt":"2021-02-24T13:57:07","guid":{"rendered":"https:\/\/fanzone.sk\/?post_type=product&#038;p=15689"},"modified":"2025-02-03T22:07:46","modified_gmt":"2025-02-03T21:07:46","slug":"spis-indians-bavlnene-tricko-s-potlacou-2","status":"publish","type":"product","link":"https:\/\/fanzone.sk\/en\/product\/spis-indians-bavlnene-tricko-s-potlacou-2\/","title":{"rendered":"Spi\u0161 Indians &#8211; Bavlnen\u00e9 tri\u010dko s potla\u010dou 2"},"content":{"rendered":"<ul>\n<li>100% bavlna, prstencov\u00e1 a \u010desan\u00e1<\/li>\n<li>tenk\u00fd rebrovan\u00fd lem okolo krku<\/li>\n<li>spev\u0148uj\u00faca p\u00e1ska vzadu na krku<\/li>\n<li>bez bo\u010dn\u00fdch \u0161vov<\/li>\n<li>na hrudi n\u00e1pis Spi\u0161 Indians<\/li>\n<li>sp\u00f4sob potla\u010de je digitaln\u00e1 potla\u010d<\/li>\n<\/ul>\n<p><em>Priama digit\u00e1lna potla\u010d na textil ink atramentami na vodnej b\u00e1ze.<\/em><\/p>\n<p><em>Farba je nan\u00e1\u0161an\u00e1 priamo na textiln\u00e9 vl\u00e1kno, tepelne fixovan\u00e1.<\/em><\/p>\n<p><em>Opatrn\u00e1 a \u0161etrn\u00e1 manipul\u00e1cia. Pra\u0165 a \u017eehli\u0165 prevr\u00e1ten\u00e9 potla\u010dou dovn\u00fatra.<\/em><\/p>\n<p><em>Pra\u0165 ru\u010dne pri teplote max. 30\u00b0C, bez pou\u017eitia aviv\u00e1\u017ee a tekut\u00fdch prac\u00edch prostriedkov.<\/em><\/p>\n<p><em>Ne\u010disti\u0165 chemicky.<\/em><\/p>\n<p><em>Nesu\u0161i\u0165 v su\u0161i\u010dke.<\/em><\/p>\n<p><em>Nedodr\u017eanie t\u00fdchto z\u00e1sad m\u00f4\u017ee vies\u0165 k zn\u00ed\u017eeniu \u017eivotnosti potla\u010de a straty n\u00e1roku na uznanie reklam\u00e1cie.<\/em><\/p>","protected":false},"excerpt":{"rendered":"<ul>\n<li>100% bavlna, prstencov\u00e1 a \u010desan\u00e1<\/li>\n<li>tenk\u00fd rebrovan\u00fd lem okolo krku<\/li>\n<li>spev\u0148uj\u00faca p\u00e1ska vzadu na krku<\/li>\n<li>bez bo\u010dn\u00fdch \u0161vov<\/li>\n<li>na hrudi n\u00e1pis Spi\u0161 Indians<\/li>\n<li>sp\u00f4sob potla\u010de je digitaln\u00e1 potla\u010d<\/li>\n<\/ul>\n<p><em>Priama digit\u00e1lna potla\u010d na textil ink atramentami na vodnej b\u00e1ze.<\/em><\/p>\n<p><em>Farba je nan\u00e1\u0161an\u00e1 priamo na textiln\u00e9 vl\u00e1kno, tepelne fixovan\u00e1.<\/em><\/p>\n<p><em>Opatrn\u00e1 a \u0161etrn\u00e1 manipul\u00e1cia. Pra\u0165 a \u017eehli\u0165 prevr\u00e1ten\u00e9 potla\u010dou dovn\u00fatra.<\/em><\/p>\n<p><em>Pra\u0165 ru\u010dne pri teplote max. 30\u00b0C, bez pou\u017eitia aviv\u00e1\u017ee a tekut\u00fdch prac\u00edch prostriedkov.<\/em><\/p>\n<p><em>Ne\u010disti\u0165 chemicky.<\/em><\/p>\n<p><em>Nesu\u0161i\u0165 v su\u0161i\u010dke.<\/em><\/p>\n<p><em>Nedodr\u017eanie t\u00fdchto z\u00e1sad m\u00f4\u017ee vies\u0165 k zn\u00ed\u017eeniu \u017eivotnosti potla\u010de a straty n\u00e1roku na uznanie reklam\u00e1cie.<\/em><\/p>","protected":false},"featured_media":15693,"template":"","meta":[],"product_cat":[309,73],"product_tag":[40,144],"wcpa_form_fields":null,"yoast_head":"<!-- This site is optimized with the Yoast SEO plugin v21.2 - https:\/\/yoast.com\/wordpress\/plugins\/seo\/ -->\n<title>Spi\u0161 Indians - Bavlnen\u00e9 tri\u010dko s potla\u010dou 2 - fanzone.sk<\/title>\n<meta name=\"robots\" content=\"index, follow, max-snippet:-1, max-image-preview:large, max-video-preview:-1\" \/>\n<link rel=\"canonical\" href=\"https:\/\/fanzone.sk\/en\/product\/spis-indians-bavlnene-tricko-s-potlacou-2\/\" \/>\n<meta property=\"og:locale\" content=\"en_US\" \/>\n<meta property=\"og:type\" content=\"article\" \/>\n<meta property=\"og:title\" content=\"Spi\u0161 Indians - Bavlnen\u00e9 tri\u010dko s potla\u010dou 2 - fanzone.sk\" \/>\n<meta property=\"og:description\" content=\"100% bavlna, prstencov\u00e1 a \u010desan\u00e1  tenk\u00fd rebrovan\u00fd lem okolo krku  spev\u0148uj\u00faca p\u00e1ska vzadu na krku  bez bo\u010dn\u00fdch \u0161vov  na hrudi n\u00e1pis Spi\u0161 Indians  sp\u00f4sob potla\u010de je digitaln\u00e1 potla\u010d  Priama digit\u00e1lna potla\u010d na textil ink atramentami na vodnej b\u00e1ze.  Farba je nan\u00e1\u0161an\u00e1 priamo na textiln\u00e9 vl\u00e1kno, tepelne fixovan\u00e1.  Opatrn\u00e1 a \u0161etrn\u00e1 manipul\u00e1cia. Pra\u0165 a \u017eehli\u0165 prevr\u00e1ten\u00e9 potla\u010dou dovn\u00fatra.  Pra\u0165 ru\u010dne pri teplote max. 30\u00b0C, bez pou\u017eitia aviv\u00e1\u017ee a tekut\u00fdch prac\u00edch prostriedkov.  Ne\u010disti\u0165 chemicky.  Nesu\u0161i\u0165 v su\u0161i\u010dke.  Nedodr\u017eanie t\u00fdchto z\u00e1sad m\u00f4\u017ee vies\u0165 k zn\u00ed\u017eeniu \u017eivotnosti potla\u010de a straty n\u00e1roku na uznanie reklam\u00e1cie.\" \/>\n<meta property=\"og:url\" content=\"https:\/\/fanzone.sk\/en\/product\/spis-indians-bavlnene-tricko-s-potlacou-2\/\" \/>\n<meta property=\"og:site_name\" content=\"fanzone.sk\" \/>\n<meta property=\"article:publisher\" content=\"https:\/\/www.facebook.com\/FANZONEsk\/\" \/>\n<meta property=\"article:modified_time\" content=\"2025-02-03T21:07:46+00:00\" \/>\n<meta property=\"og:image\" content=\"https:\/\/fanzone.sk\/wp-content\/uploads\/2021\/02\/HK-Spis-Indians-digital-tricko-vz-1.jpg\" \/>\n\t<meta property=\"og:image:width\" content=\"800\" \/>\n\t<meta property=\"og:image:height\" content=\"800\" \/>\n\t<meta property=\"og:image:type\" content=\"image\/jpeg\" \/>\n<meta name=\"twitter:card\" content=\"summary_large_image\" \/>\n<meta name=\"twitter:label1\" content=\"Est. reading time\" \/>\n\t<meta name=\"twitter:data1\" content=\"1 minute\" \/>\n<script type=\"application\/ld+json\" class=\"yoast-schema-graph\">{\"@context\":\"https:\/\/schema.org\",\"@graph\":[{\"@type\":\"WebPage\",\"@id\":\"https:\/\/fanzone.sk\/produkt\/spis-indians-bavlnene-tricko-s-potlacou-2\/\",\"url\":\"https:\/\/fanzone.sk\/produkt\/spis-indians-bavlnene-tricko-s-potlacou-2\/\",\"name\":\"Spi\u0161 Indians - Bavlnen\u00e9 tri\u010dko s potla\u010dou 2 - fanzone.sk\",\"isPartOf\":{\"@id\":\"https:\/\/fanzone.sk\/#website\"},\"datePublished\":\"2021-02-24T13:57:07+00:00\",\"dateModified\":\"2025-02-03T21:07:46+00:00\",\"breadcrumb\":{\"@id\":\"https:\/\/fanzone.sk\/produkt\/spis-indians-bavlnene-tricko-s-potlacou-2\/#breadcrumb\"},\"inLanguage\":\"en-US\",\"potentialAction\":[{\"@type\":\"ReadAction\",\"target\":[\"https:\/\/fanzone.sk\/produkt\/spis-indians-bavlnene-tricko-s-potlacou-2\/\"]}]},{\"@type\":\"BreadcrumbList\",\"@id\":\"https:\/\/fanzone.sk\/produkt\/spis-indians-bavlnene-tricko-s-potlacou-2\/#breadcrumb\",\"itemListElement\":[{\"@type\":\"ListItem\",\"position\":1,\"name\":\"Home\",\"item\":\"https:\/\/fanzone.sk\/\"},{\"@type\":\"ListItem\",\"position\":2,\"name\":\"Obchod\",\"item\":\"https:\/\/fanzone.sk\/obchod\/\"},{\"@type\":\"ListItem\",\"position\":3,\"name\":\"Spi\u0161 Indians &#8211; Bavlnen\u00e9 tri\u010dko s potla\u010dou 2\"}]},{\"@type\":\"WebSite\",\"@id\":\"https:\/\/fanzone.sk\/#website\",\"url\":\"https:\/\/fanzone.sk\/\",\"name\":\"fanzone.sk\",\"description\":\"\",\"potentialAction\":[{\"@type\":\"SearchAction\",\"target\":{\"@type\":\"EntryPoint\",\"urlTemplate\":\"https:\/\/fanzone.sk\/?s={search_term_string}\"},\"query-input\":\"required name=search_term_string\"}],\"inLanguage\":\"en-US\"}]}<\/script>\n<!-- \/ Yoast SEO plugin. -->","yoast_head_json":{"title":"Spi\u0161 Indians - Bavlnen\u00e9 tri\u010dko s potla\u010dou 2 - fanzone.sk","robots":{"index":"index","follow":"follow","max-snippet":"max-snippet:-1","max-image-preview":"max-image-preview:large","max-video-preview":"max-video-preview:-1"},"canonical":"https:\/\/fanzone.sk\/en\/product\/spis-indians-bavlnene-tricko-s-potlacou-2\/","og_locale":"en_US","og_type":"article","og_title":"Spi\u0161 Indians - Bavlnen\u00e9 tri\u010dko s potla\u010dou 2 - fanzone.sk","og_description":"100% bavlna, prstencov\u00e1 a \u010desan\u00e1  tenk\u00fd rebrovan\u00fd lem okolo krku  spev\u0148uj\u00faca p\u00e1ska vzadu na krku  bez bo\u010dn\u00fdch \u0161vov  na hrudi n\u00e1pis Spi\u0161 Indians  sp\u00f4sob potla\u010de je digitaln\u00e1 potla\u010d  Priama digit\u00e1lna potla\u010d na textil ink atramentami na vodnej b\u00e1ze.  Farba je nan\u00e1\u0161an\u00e1 priamo na textiln\u00e9 vl\u00e1kno, tepelne fixovan\u00e1.  Opatrn\u00e1 a \u0161etrn\u00e1 manipul\u00e1cia. Pra\u0165 a \u017eehli\u0165 prevr\u00e1ten\u00e9 potla\u010dou dovn\u00fatra.  Pra\u0165 ru\u010dne pri teplote max. 30\u00b0C, bez pou\u017eitia aviv\u00e1\u017ee a tekut\u00fdch prac\u00edch prostriedkov.  Ne\u010disti\u0165 chemicky.  Nesu\u0161i\u0165 v su\u0161i\u010dke.  Nedodr\u017eanie t\u00fdchto z\u00e1sad m\u00f4\u017ee vies\u0165 k zn\u00ed\u017eeniu \u017eivotnosti potla\u010de a straty n\u00e1roku na uznanie reklam\u00e1cie.","og_url":"https:\/\/fanzone.sk\/en\/product\/spis-indians-bavlnene-tricko-s-potlacou-2\/","og_site_name":"fanzone.sk","article_publisher":"https:\/\/www.facebook.com\/FANZONEsk\/","article_modified_time":"2025-02-03T21:07:46+00:00","og_image":[{"width":800,"height":800,"url":"https:\/\/fanzone.sk\/wp-content\/uploads\/2021\/02\/HK-Spis-Indians-digital-tricko-vz-1.jpg","type":"image\/jpeg"}],"twitter_card":"summary_large_image","twitter_misc":{"Est. reading time":"1 minute"},"schema":{"@context":"https:\/\/schema.org","@graph":[{"@type":"WebPage","@id":"https:\/\/fanzone.sk\/produkt\/spis-indians-bavlnene-tricko-s-potlacou-2\/","url":"https:\/\/fanzone.sk\/produkt\/spis-indians-bavlnene-tricko-s-potlacou-2\/","name":"Spi\u0161 Indians - Bavlnen\u00e9 tri\u010dko s potla\u010dou 2 - fanzone.sk","isPartOf":{"@id":"https:\/\/fanzone.sk\/#website"},"datePublished":"2021-02-24T13:57:07+00:00","dateModified":"2025-02-03T21:07:46+00:00","breadcrumb":{"@id":"https:\/\/fanzone.sk\/produkt\/spis-indians-bavlnene-tricko-s-potlacou-2\/#breadcrumb"},"inLanguage":"en-US","potentialAction":[{"@type":"ReadAction","target":["https:\/\/fanzone.sk\/produkt\/spis-indians-bavlnene-tricko-s-potlacou-2\/"]}]},{"@type":"BreadcrumbList","@id":"https:\/\/fanzone.sk\/produkt\/spis-indians-bavlnene-tricko-s-potlacou-2\/#breadcrumb","itemListElement":[{"@type":"ListItem","position":1,"name":"Home","item":"https:\/\/fanzone.sk\/"},{"@type":"ListItem","position":2,"name":"Obchod","item":"https:\/\/fanzone.sk\/obchod\/"},{"@type":"ListItem","position":3,"name":"Spi\u0161 Indians &#8211; Bavlnen\u00e9 tri\u010dko s potla\u010dou 2"}]},{"@type":"WebSite","@id":"https:\/\/fanzone.sk\/#website","url":"https:\/\/fanzone.sk\/","name":"fanzone.sk","description":"","potentialAction":[{"@type":"SearchAction","target":{"@type":"EntryPoint","urlTemplate":"https:\/\/fanzone.sk\/?s={search_term_string}"},"query-input":"required name=search_term_string"}],"inLanguage":"en-US"}]}},"_links":{"self":[{"href":"https:\/\/fanzone.sk\/en\/wp-json\/wp\/v2\/product\/15689"}],"collection":[{"href":"https:\/\/fanzone.sk\/en\/wp-json\/wp\/v2\/product"}],"about":[{"href":"https:\/\/fanzone.sk\/en\/wp-json\/wp\/v2\/types\/product"}],"wp:featuredmedia":[{"embeddable":true,"href":"https:\/\/fanzone.sk\/en\/wp-json\/wp\/v2\/media\/15693"}],"wp:attachment":[{"href":"https:\/\/fanzone.sk\/en\/wp-json\/wp\/v2\/media?parent=15689"}],"wp:term":[{"taxonomy":"product_cat","embeddable":true,"href":"https:\/\/fanzone.sk\/en\/wp-json\/wp\/v2\/product_cat?post=15689"},{"taxonomy":"product_tag","embeddable":true,"href":"https:\/\/fanzone.sk\/en\/wp-json\/wp\/v2\/product_tag?post=15689"}],"curies":[{"name":"wp","href":"https:\/\/api.w.org\/{rel}","templated":true}]}}