{"id":15856,"date":"2021-03-08T15:27:11","date_gmt":"2021-03-08T14:27:11","guid":{"rendered":"https:\/\/fanzone.sk\/?post_type=product&#038;p=15856"},"modified":"2025-02-03T22:07:45","modified_gmt":"2025-02-03T21:07:45","slug":"damsky-cyklo-dres-20","status":"publish","type":"product","link":"https:\/\/fanzone.sk\/en\/product\/damsky-cyklo-dres-20\/","title":{"rendered":"D\u00e1msky cyklo dres &#8211; Ihli\u010die"},"content":{"rendered":"<ul>\n<li>Mo\u017enos\u0165 v\u00fdberu z dvoch typov dresov \u2013 Hobby alebo Profi<\/li>\n<li>PROFI:<\/li>\n<li>Funk\u010dn\u00fd a ve\u013emi komfortn\u00fd cyklo dres d\u00e1mskeho strihu, z\u00fa\u017een\u00fd<\/li>\n<li>Regul\u00e1cia vlhkosti, \u013eahk\u00fd materi\u00e1l ,<\/li>\n<li>3 zadn\u00e9 vreck\u00e1 \u2013 v\u00fdbava ka\u017ed\u00e9ho cyklistu, reflexn\u00e9 prvky<\/li>\n<li>Zips po celej d\u013a\u017eke dresu<\/li>\n<li>Ruk\u00e1vy ukon\u010den\u00e9 proti\u0161m\u00fdkovou p\u00e1skou<\/li>\n<li>Vyroben\u00fd z \u0161pecialnej talianskej l\u00e1tky ur\u010denej v\u00fdlu\u010dne na cyklistiku z\u00a0 145 g\/m2<\/li>\n<li>HOBBY:<\/li>\n<li>Funk\u010dn\u00fd dres, u\u0161it\u00fd z jemne elastickej l\u00e1tky \u2013 strednej lycry<\/li>\n<li>100% polyester<\/li>\n<li>3 zadn\u00e9 vreck\u00e1<\/li>\n<li>Made in Slovakia<\/li>\n<\/ul>","protected":false},"excerpt":{"rendered":"<ul>\n<li>Mo\u017enos\u0165 v\u00fdberu z dvoch typov dresov \u2013 Hobby alebo Profi<\/li>\n<li>PROFI:<\/li>\n<li>Funk\u010dn\u00fd a ve\u013emi komfortn\u00fd cyklo dres d\u00e1mskeho strihu, z\u00fa\u017een\u00fd<\/li>\n<li>Regul\u00e1cia vlhkosti, \u013eahk\u00fd materi\u00e1l ,<\/li>\n<li>3 zadn\u00e9 vreck\u00e1 \u2013 v\u00fdbava ka\u017ed\u00e9ho cyklistu, reflexn\u00e9 prvky<\/li>\n<li>Zips po celej d\u013a\u017eke dresu<\/li>\n<li>Ruk\u00e1vy ukon\u010den\u00e9 proti\u0161m\u00fdkovou p\u00e1skou<\/li>\n<li>Vyroben\u00fd z \u0161pecialnej talianskej l\u00e1tky ur\u010denej v\u00fdlu\u010dne na cyklistiku z\u00a0 145 g\/m2<\/li>\n<li>HOBBY:<\/li>\n<li>Funk\u010dn\u00fd dres, u\u0161it\u00fd z jemne elastickej l\u00e1tky \u2013 strednej lycry<\/li>\n<li>100% polyester<\/li>\n<li>3 zadn\u00e9 vreck\u00e1<\/li>\n<li>Made in Slovakia<\/li>\n<\/ul>","protected":false},"featured_media":16416,"template":"","meta":[],"product_cat":[220,247,127],"product_tag":[126,245,240],"wcpa_form_fields":null,"yoast_head":"<!-- This site is optimized with the Yoast SEO plugin v21.2 - https:\/\/yoast.com\/wordpress\/plugins\/seo\/ -->\n<title>D\u00e1msky cyklo dres - Ihli\u010die - fanzone.sk<\/title>\n<meta name=\"robots\" content=\"index, follow, max-snippet:-1, max-image-preview:large, max-video-preview:-1\" \/>\n<link rel=\"canonical\" href=\"https:\/\/fanzone.sk\/en\/product\/damsky-cyklo-dres-20\/\" \/>\n<meta property=\"og:locale\" content=\"en_US\" \/>\n<meta property=\"og:type\" content=\"article\" \/>\n<meta property=\"og:title\" content=\"D\u00e1msky cyklo dres - Ihli\u010die - fanzone.sk\" \/>\n<meta property=\"og:description\" content=\"Mo\u017enos\u0165 v\u00fdberu z dvoch typov dresov \u2013 Hobby alebo Profi  PROFI:  Funk\u010dn\u00fd a ve\u013emi komfortn\u00fd cyklo dres d\u00e1mskeho strihu, z\u00fa\u017een\u00fd  Regul\u00e1cia vlhkosti, \u013eahk\u00fd materi\u00e1l ,  3 zadn\u00e9 vreck\u00e1 \u2013 v\u00fdbava ka\u017ed\u00e9ho cyklistu, reflexn\u00e9 prvky  Zips po celej d\u013a\u017eke dresu  Ruk\u00e1vy ukon\u010den\u00e9 proti\u0161m\u00fdkovou p\u00e1skou  Vyroben\u00fd z \u0161pecialnej talianskej l\u00e1tky ur\u010denej v\u00fdlu\u010dne na cyklistiku z\u00a0 145 g\/m2  HOBBY:  Funk\u010dn\u00fd dres, u\u0161it\u00fd z jemne elastickej l\u00e1tky \u2013 strednej lycry  100% polyester  3 zadn\u00e9 vreck\u00e1  Made in Slovakia\" \/>\n<meta property=\"og:url\" content=\"https:\/\/fanzone.sk\/en\/product\/damsky-cyklo-dres-20\/\" \/>\n<meta property=\"og:site_name\" content=\"fanzone.sk\" \/>\n<meta property=\"article:publisher\" content=\"https:\/\/www.facebook.com\/FANZONEsk\/\" \/>\n<meta property=\"article:modified_time\" content=\"2025-02-03T21:07:45+00:00\" \/>\n<meta property=\"og:image\" content=\"https:\/\/fanzone.sk\/wp-content\/uploads\/2021\/03\/damsky-dres-40-PD.jpg\" \/>\n\t<meta property=\"og:image:width\" content=\"800\" \/>\n\t<meta property=\"og:image:height\" content=\"800\" \/>\n\t<meta property=\"og:image:type\" content=\"image\/jpeg\" \/>\n<meta name=\"twitter:card\" content=\"summary_large_image\" \/>\n<meta name=\"twitter:label1\" content=\"Est. reading time\" \/>\n\t<meta name=\"twitter:data1\" content=\"1 minute\" \/>\n<script type=\"application\/ld+json\" class=\"yoast-schema-graph\">{\"@context\":\"https:\/\/schema.org\",\"@graph\":[{\"@type\":\"WebPage\",\"@id\":\"https:\/\/fanzone.sk\/produkt\/damsky-cyklo-dres-20\/\",\"url\":\"https:\/\/fanzone.sk\/produkt\/damsky-cyklo-dres-20\/\",\"name\":\"D\u00e1msky cyklo dres - Ihli\u010die - fanzone.sk\",\"isPartOf\":{\"@id\":\"https:\/\/fanzone.sk\/#website\"},\"datePublished\":\"2021-03-08T14:27:11+00:00\",\"dateModified\":\"2025-02-03T21:07:45+00:00\",\"breadcrumb\":{\"@id\":\"https:\/\/fanzone.sk\/produkt\/damsky-cyklo-dres-20\/#breadcrumb\"},\"inLanguage\":\"en-US\",\"potentialAction\":[{\"@type\":\"ReadAction\",\"target\":[\"https:\/\/fanzone.sk\/produkt\/damsky-cyklo-dres-20\/\"]}]},{\"@type\":\"BreadcrumbList\",\"@id\":\"https:\/\/fanzone.sk\/produkt\/damsky-cyklo-dres-20\/#breadcrumb\",\"itemListElement\":[{\"@type\":\"ListItem\",\"position\":1,\"name\":\"Home\",\"item\":\"https:\/\/fanzone.sk\/\"},{\"@type\":\"ListItem\",\"position\":2,\"name\":\"Obchod\",\"item\":\"https:\/\/fanzone.sk\/obchod\/\"},{\"@type\":\"ListItem\",\"position\":3,\"name\":\"D\u00e1msky cyklo dres &#8211; Ihli\u010die\"}]},{\"@type\":\"WebSite\",\"@id\":\"https:\/\/fanzone.sk\/#website\",\"url\":\"https:\/\/fanzone.sk\/\",\"name\":\"fanzone.sk\",\"description\":\"\",\"potentialAction\":[{\"@type\":\"SearchAction\",\"target\":{\"@type\":\"EntryPoint\",\"urlTemplate\":\"https:\/\/fanzone.sk\/?s={search_term_string}\"},\"query-input\":\"required name=search_term_string\"}],\"inLanguage\":\"en-US\"}]}<\/script>\n<!-- \/ Yoast SEO plugin. -->","yoast_head_json":{"title":"D\u00e1msky cyklo dres - Ihli\u010die - fanzone.sk","robots":{"index":"index","follow":"follow","max-snippet":"max-snippet:-1","max-image-preview":"max-image-preview:large","max-video-preview":"max-video-preview:-1"},"canonical":"https:\/\/fanzone.sk\/en\/product\/damsky-cyklo-dres-20\/","og_locale":"en_US","og_type":"article","og_title":"D\u00e1msky cyklo dres - Ihli\u010die - fanzone.sk","og_description":"Mo\u017enos\u0165 v\u00fdberu z dvoch typov dresov \u2013 Hobby alebo Profi  PROFI:  Funk\u010dn\u00fd a ve\u013emi komfortn\u00fd cyklo dres d\u00e1mskeho strihu, z\u00fa\u017een\u00fd  Regul\u00e1cia vlhkosti, \u013eahk\u00fd materi\u00e1l ,  3 zadn\u00e9 vreck\u00e1 \u2013 v\u00fdbava ka\u017ed\u00e9ho cyklistu, reflexn\u00e9 prvky  Zips po celej d\u013a\u017eke dresu  Ruk\u00e1vy ukon\u010den\u00e9 proti\u0161m\u00fdkovou p\u00e1skou  Vyroben\u00fd z \u0161pecialnej talianskej l\u00e1tky ur\u010denej v\u00fdlu\u010dne na cyklistiku z\u00a0 145 g\/m2  HOBBY:  Funk\u010dn\u00fd dres, u\u0161it\u00fd z jemne elastickej l\u00e1tky \u2013 strednej lycry  100% polyester  3 zadn\u00e9 vreck\u00e1  Made in Slovakia","og_url":"https:\/\/fanzone.sk\/en\/product\/damsky-cyklo-dres-20\/","og_site_name":"fanzone.sk","article_publisher":"https:\/\/www.facebook.com\/FANZONEsk\/","article_modified_time":"2025-02-03T21:07:45+00:00","og_image":[{"width":800,"height":800,"url":"https:\/\/fanzone.sk\/wp-content\/uploads\/2021\/03\/damsky-dres-40-PD.jpg","type":"image\/jpeg"}],"twitter_card":"summary_large_image","twitter_misc":{"Est. reading time":"1 minute"},"schema":{"@context":"https:\/\/schema.org","@graph":[{"@type":"WebPage","@id":"https:\/\/fanzone.sk\/produkt\/damsky-cyklo-dres-20\/","url":"https:\/\/fanzone.sk\/produkt\/damsky-cyklo-dres-20\/","name":"D\u00e1msky cyklo dres - Ihli\u010die - fanzone.sk","isPartOf":{"@id":"https:\/\/fanzone.sk\/#website"},"datePublished":"2021-03-08T14:27:11+00:00","dateModified":"2025-02-03T21:07:45+00:00","breadcrumb":{"@id":"https:\/\/fanzone.sk\/produkt\/damsky-cyklo-dres-20\/#breadcrumb"},"inLanguage":"en-US","potentialAction":[{"@type":"ReadAction","target":["https:\/\/fanzone.sk\/produkt\/damsky-cyklo-dres-20\/"]}]},{"@type":"BreadcrumbList","@id":"https:\/\/fanzone.sk\/produkt\/damsky-cyklo-dres-20\/#breadcrumb","itemListElement":[{"@type":"ListItem","position":1,"name":"Home","item":"https:\/\/fanzone.sk\/"},{"@type":"ListItem","position":2,"name":"Obchod","item":"https:\/\/fanzone.sk\/obchod\/"},{"@type":"ListItem","position":3,"name":"D\u00e1msky cyklo dres &#8211; Ihli\u010die"}]},{"@type":"WebSite","@id":"https:\/\/fanzone.sk\/#website","url":"https:\/\/fanzone.sk\/","name":"fanzone.sk","description":"","potentialAction":[{"@type":"SearchAction","target":{"@type":"EntryPoint","urlTemplate":"https:\/\/fanzone.sk\/?s={search_term_string}"},"query-input":"required name=search_term_string"}],"inLanguage":"en-US"}]}},"_links":{"self":[{"href":"https:\/\/fanzone.sk\/en\/wp-json\/wp\/v2\/product\/15856"}],"collection":[{"href":"https:\/\/fanzone.sk\/en\/wp-json\/wp\/v2\/product"}],"about":[{"href":"https:\/\/fanzone.sk\/en\/wp-json\/wp\/v2\/types\/product"}],"wp:featuredmedia":[{"embeddable":true,"href":"https:\/\/fanzone.sk\/en\/wp-json\/wp\/v2\/media\/16416"}],"wp:attachment":[{"href":"https:\/\/fanzone.sk\/en\/wp-json\/wp\/v2\/media?parent=15856"}],"wp:term":[{"taxonomy":"product_cat","embeddable":true,"href":"https:\/\/fanzone.sk\/en\/wp-json\/wp\/v2\/product_cat?post=15856"},{"taxonomy":"product_tag","embeddable":true,"href":"https:\/\/fanzone.sk\/en\/wp-json\/wp\/v2\/product_tag?post=15856"}],"curies":[{"name":"wp","href":"https:\/\/api.w.org\/{rel}","templated":true}]}}