{"id":16103,"date":"2021-04-13T12:46:45","date_gmt":"2021-04-13T10:46:45","guid":{"rendered":"https:\/\/fanzone.sk\/?post_type=product&#038;p=16103"},"modified":"2025-12-10T11:16:47","modified_gmt":"2025-12-10T10:16:47","slug":"hokej-balicek-slovensko","status":"publish","type":"product","link":"https:\/\/fanzone.sk\/en\/product\/hokej-balicek-slovensko\/","title":{"rendered":"SLOVENSKO &#8211; Bal\u00ed\u010dek 11\/24 Hokejov\u00fd dres + pleten\u00fd \u0161\u00e1l + multifunk\u010dn\u00e1 \u0161atka"},"content":{"rendered":"<div class=\"woocommerce-product-details__short-description\">\n<ul>\n<li>Bal\u00ed\u010dek pre slovensk\u00e9ho <strong>hokejov\u00e9ho<\/strong> fan\u00fa\u0161ika obsahuje :\n<ul>\n<li>hokejov\u00fd dres replika, v\u00fdber z dvoch farieb, mo\u017enos\u0165 personaliz\u00e1cie<\/li>\n<li><em>pleten\u00fd<\/em>\u00a0 \u0161\u00e1l slovensko<\/li>\n<li>multifunk\u010dn\u00fa \u0161atku slovensko<\/li>\n<\/ul>\n<\/li>\n<\/ul>\n<\/div>","protected":false},"excerpt":{"rendered":"<ul>\n<li>Bal\u00ed\u010dek pre slovensk\u00e9ho <strong>hokejov\u00e9ho<\/strong> fan\u00fa\u0161ika obsahuje :\n<ul>\n<li>hokejov\u00fd dres replika, v\u00fdber z dvoch farieb, mo\u017enos\u0165 personaliz\u00e1cie<\/li>\n<li><em>pleten\u00fd<\/em>\u00a0 \u0161\u00e1l slovensko<\/li>\n<li>multifunk\u010dn\u00fa \u0161atku slovensko<\/li>\n<\/ul>\n<\/li>\n<\/ul>","protected":false},"featured_media":30533,"template":"","meta":[],"product_cat":[327,20,63],"product_tag":[40,108],"wcpa_form_fields":{"rules":{"pric_overide_base_price":false,"pric_overide_base_price_if_gt_zero":false,"pric_cal_option_once":false,"pric_use_as_fee":false,"bind_quantity":false,"quantity_bind_formula":false},"fields":[{"type":"text","elementId":"wcpa-text-1554311022362","label":"Meno","enablePrice":true,"pricingType":"fixed","price":"1.50","className":"form-control","name":"text-1554311022362","subtype":"text","cl_rule":"show","operator":"and","col":6,"relations":[{"operator":"and","rules":[{"operator":false,"rules":{"cl_field":"wcpa-text-1554311022362","cl_relation":"0","cl_val":""}}]},{"operator":false,"rules":[{"operator":false,"rules":{"cl_field":"wcpa-number-1554284231985","cl_relation":"0","cl_val":""}}]}],"form_id":1648,"form_rules":{"pric_cal_option_once":false,"exclude_from_discount":false,"pric_use_as_fee":false,"fee_label":"Zdarma","render_after_acb":false,"disp_hide_options_price":false}},{"type":"number","elementId":"wcpa-number-1554284231985","label":"\u010c\u00edslo","enablePrice":true,"pricingType":"fixed","price":"1.50","className":"form-control","name":"number-1554284231985","cl_rule":"show","col":6,"relations":false,"form_id":1648,"form_rules":{"pric_cal_option_once":false,"exclude_from_discount":false,"pric_use_as_fee":false,"fee_label":"Zdarma","render_after_acb":false,"disp_hide_options_price":false}},{"type":"paragraph","subtype":"output","label":"Pri personaliz\u00e1cii nem\u00e1te n\u00e1rok na ve\u013ekostn\u00fa v\u00fdmenu produktu.\nPersonaliz\u00e1cia 3\u20ac","elementId":"wcpa-paragraph-1554310533053","pricingType":"fixed","cl_rule":"show","col":"6","relations":false,"form_id":1648,"form_rules":{"pric_cal_option_once":false,"exclude_from_discount":false,"pric_use_as_fee":false,"fee_label":"Zdarma","render_after_acb":false,"disp_hide_options_price":false}}]},"yoast_head":"<!-- This site is optimized with the Yoast SEO plugin v21.2 - https:\/\/yoast.com\/wordpress\/plugins\/seo\/ -->\n<title>SLOVENSKO - Bal\u00ed\u010dek 11\/24 Hokejov\u00fd dres + pleten\u00fd \u0161\u00e1l + multifunk\u010dn\u00e1 \u0161atka - fanzone.sk<\/title>\n<meta name=\"robots\" content=\"index, follow, max-snippet:-1, max-image-preview:large, max-video-preview:-1\" \/>\n<link rel=\"canonical\" href=\"https:\/\/fanzone.sk\/en\/product\/hokej-balicek-slovensko\/\" \/>\n<meta property=\"og:locale\" content=\"en_US\" \/>\n<meta property=\"og:type\" content=\"article\" \/>\n<meta property=\"og:title\" content=\"SLOVENSKO - Bal\u00ed\u010dek 11\/24 Hokejov\u00fd dres + pleten\u00fd \u0161\u00e1l + multifunk\u010dn\u00e1 \u0161atka - fanzone.sk\" \/>\n<meta property=\"og:description\" content=\"Bal\u00ed\u010dek pre slovensk\u00e9ho hokejov\u00e9ho fan\u00fa\u0161ika obsahuje :   hokejov\u00fd dres replika, v\u00fdber z dvoch farieb, mo\u017enos\u0165 personaliz\u00e1cie  pleten\u00fd\u00a0 \u0161\u00e1l slovensko  multifunk\u010dn\u00fa \u0161atku slovensko\" \/>\n<meta property=\"og:url\" content=\"https:\/\/fanzone.sk\/en\/product\/hokej-balicek-slovensko\/\" \/>\n<meta property=\"og:site_name\" content=\"fanzone.sk\" \/>\n<meta property=\"article:publisher\" content=\"https:\/\/www.facebook.com\/FANZONEsk\/\" \/>\n<meta property=\"article:modified_time\" content=\"2025-12-10T10:16:47+00:00\" \/>\n<meta property=\"og:image\" content=\"https:\/\/fanzone.sk\/wp-content\/uploads\/2021\/04\/22.jpg\" \/>\n\t<meta property=\"og:image:width\" content=\"801\" \/>\n\t<meta property=\"og:image:height\" content=\"800\" \/>\n\t<meta property=\"og:image:type\" content=\"image\/jpeg\" \/>\n<meta name=\"twitter:card\" content=\"summary_large_image\" \/>\n<meta name=\"twitter:label1\" content=\"Est. reading time\" \/>\n\t<meta name=\"twitter:data1\" content=\"1 minute\" \/>\n<script type=\"application\/ld+json\" class=\"yoast-schema-graph\">{\"@context\":\"https:\/\/schema.org\",\"@graph\":[{\"@type\":\"WebPage\",\"@id\":\"https:\/\/fanzone.sk\/produkt\/hokej-balicek-slovensko\/\",\"url\":\"https:\/\/fanzone.sk\/produkt\/hokej-balicek-slovensko\/\",\"name\":\"SLOVENSKO - Bal\u00ed\u010dek 11\/24 Hokejov\u00fd dres + pleten\u00fd \u0161\u00e1l + multifunk\u010dn\u00e1 \u0161atka - fanzone.sk\",\"isPartOf\":{\"@id\":\"https:\/\/fanzone.sk\/#website\"},\"datePublished\":\"2021-04-13T10:46:45+00:00\",\"dateModified\":\"2025-12-10T10:16:47+00:00\",\"breadcrumb\":{\"@id\":\"https:\/\/fanzone.sk\/produkt\/hokej-balicek-slovensko\/#breadcrumb\"},\"inLanguage\":\"en-US\",\"potentialAction\":[{\"@type\":\"ReadAction\",\"target\":[\"https:\/\/fanzone.sk\/produkt\/hokej-balicek-slovensko\/\"]}]},{\"@type\":\"BreadcrumbList\",\"@id\":\"https:\/\/fanzone.sk\/produkt\/hokej-balicek-slovensko\/#breadcrumb\",\"itemListElement\":[{\"@type\":\"ListItem\",\"position\":1,\"name\":\"Home\",\"item\":\"https:\/\/fanzone.sk\/\"},{\"@type\":\"ListItem\",\"position\":2,\"name\":\"Obchod\",\"item\":\"https:\/\/fanzone.sk\/obchod\/\"},{\"@type\":\"ListItem\",\"position\":3,\"name\":\"SLOVENSKO &#8211; Bal\u00ed\u010dek 11\/24 Hokejov\u00fd dres + pleten\u00fd \u0161\u00e1l + multifunk\u010dn\u00e1 \u0161atka\"}]},{\"@type\":\"WebSite\",\"@id\":\"https:\/\/fanzone.sk\/#website\",\"url\":\"https:\/\/fanzone.sk\/\",\"name\":\"fanzone.sk\",\"description\":\"\",\"potentialAction\":[{\"@type\":\"SearchAction\",\"target\":{\"@type\":\"EntryPoint\",\"urlTemplate\":\"https:\/\/fanzone.sk\/?s={search_term_string}\"},\"query-input\":\"required name=search_term_string\"}],\"inLanguage\":\"en-US\"}]}<\/script>\n<!-- \/ Yoast SEO plugin. -->","yoast_head_json":{"title":"SLOVENSKO - Bal\u00ed\u010dek 11\/24 Hokejov\u00fd dres + pleten\u00fd \u0161\u00e1l + multifunk\u010dn\u00e1 \u0161atka - fanzone.sk","robots":{"index":"index","follow":"follow","max-snippet":"max-snippet:-1","max-image-preview":"max-image-preview:large","max-video-preview":"max-video-preview:-1"},"canonical":"https:\/\/fanzone.sk\/en\/product\/hokej-balicek-slovensko\/","og_locale":"en_US","og_type":"article","og_title":"SLOVENSKO - Bal\u00ed\u010dek 11\/24 Hokejov\u00fd dres + pleten\u00fd \u0161\u00e1l + multifunk\u010dn\u00e1 \u0161atka - fanzone.sk","og_description":"Bal\u00ed\u010dek pre slovensk\u00e9ho hokejov\u00e9ho fan\u00fa\u0161ika obsahuje :   hokejov\u00fd dres replika, v\u00fdber z dvoch farieb, mo\u017enos\u0165 personaliz\u00e1cie  pleten\u00fd\u00a0 \u0161\u00e1l slovensko  multifunk\u010dn\u00fa \u0161atku slovensko","og_url":"https:\/\/fanzone.sk\/en\/product\/hokej-balicek-slovensko\/","og_site_name":"fanzone.sk","article_publisher":"https:\/\/www.facebook.com\/FANZONEsk\/","article_modified_time":"2025-12-10T10:16:47+00:00","og_image":[{"width":801,"height":800,"url":"https:\/\/fanzone.sk\/wp-content\/uploads\/2021\/04\/22.jpg","type":"image\/jpeg"}],"twitter_card":"summary_large_image","twitter_misc":{"Est. reading time":"1 minute"},"schema":{"@context":"https:\/\/schema.org","@graph":[{"@type":"WebPage","@id":"https:\/\/fanzone.sk\/produkt\/hokej-balicek-slovensko\/","url":"https:\/\/fanzone.sk\/produkt\/hokej-balicek-slovensko\/","name":"SLOVENSKO - Bal\u00ed\u010dek 11\/24 Hokejov\u00fd dres + pleten\u00fd \u0161\u00e1l + multifunk\u010dn\u00e1 \u0161atka - fanzone.sk","isPartOf":{"@id":"https:\/\/fanzone.sk\/#website"},"datePublished":"2021-04-13T10:46:45+00:00","dateModified":"2025-12-10T10:16:47+00:00","breadcrumb":{"@id":"https:\/\/fanzone.sk\/produkt\/hokej-balicek-slovensko\/#breadcrumb"},"inLanguage":"en-US","potentialAction":[{"@type":"ReadAction","target":["https:\/\/fanzone.sk\/produkt\/hokej-balicek-slovensko\/"]}]},{"@type":"BreadcrumbList","@id":"https:\/\/fanzone.sk\/produkt\/hokej-balicek-slovensko\/#breadcrumb","itemListElement":[{"@type":"ListItem","position":1,"name":"Home","item":"https:\/\/fanzone.sk\/"},{"@type":"ListItem","position":2,"name":"Obchod","item":"https:\/\/fanzone.sk\/obchod\/"},{"@type":"ListItem","position":3,"name":"SLOVENSKO &#8211; Bal\u00ed\u010dek 11\/24 Hokejov\u00fd dres + pleten\u00fd \u0161\u00e1l + multifunk\u010dn\u00e1 \u0161atka"}]},{"@type":"WebSite","@id":"https:\/\/fanzone.sk\/#website","url":"https:\/\/fanzone.sk\/","name":"fanzone.sk","description":"","potentialAction":[{"@type":"SearchAction","target":{"@type":"EntryPoint","urlTemplate":"https:\/\/fanzone.sk\/?s={search_term_string}"},"query-input":"required name=search_term_string"}],"inLanguage":"en-US"}]}},"_links":{"self":[{"href":"https:\/\/fanzone.sk\/en\/wp-json\/wp\/v2\/product\/16103"}],"collection":[{"href":"https:\/\/fanzone.sk\/en\/wp-json\/wp\/v2\/product"}],"about":[{"href":"https:\/\/fanzone.sk\/en\/wp-json\/wp\/v2\/types\/product"}],"wp:featuredmedia":[{"embeddable":true,"href":"https:\/\/fanzone.sk\/en\/wp-json\/wp\/v2\/media\/30533"}],"wp:attachment":[{"href":"https:\/\/fanzone.sk\/en\/wp-json\/wp\/v2\/media?parent=16103"}],"wp:term":[{"taxonomy":"product_cat","embeddable":true,"href":"https:\/\/fanzone.sk\/en\/wp-json\/wp\/v2\/product_cat?post=16103"},{"taxonomy":"product_tag","embeddable":true,"href":"https:\/\/fanzone.sk\/en\/wp-json\/wp\/v2\/product_tag?post=16103"}],"curies":[{"name":"wp","href":"https:\/\/api.w.org\/{rel}","templated":true}]}}