{"id":16480,"date":"2021-05-06T11:24:06","date_gmt":"2021-05-06T09:24:06","guid":{"rendered":"https:\/\/fanzone.sk\/?post_type=product&#038;p=16480"},"modified":"2025-02-03T22:07:43","modified_gmt":"2025-02-03T21:07:43","slug":"bavlnena-teplakova-suprava-svk","status":"publish","type":"product","link":"https:\/\/fanzone.sk\/en\/product\/bavlnena-teplakova-suprava-svk\/","title":{"rendered":"Bavlnen\u00e1 tepl\u00e1kov\u00e1 s\u00faprava SVK"},"content":{"rendered":"<ul>\n<li>Mikina s kapuc\u0148ou \u2013 80% bavlna, 20% polyester<\/li>\n<li>Dvojvrstvov\u00e1 kapuc\u0148a zo s\u0165ahovac\u00edmi \u0161n\u00farkami<\/li>\n<li>Man\u017eeta a lemovka pri krku s elastanom<\/li>\n<li>Klokanie vrecko<\/li>\n<li>Na hrudi potla\u010d\u00a0 SVK<\/li>\n<li>Tmavo-modr\u00e9 bavlnen\u00e9 tepl\u00e1ky s vreckami<\/li>\n<li>60% ne\u010desan\u00e1 bavlna \/ 40% polyester, 280 g\/m\u00b2<\/li>\n<li>\u0161irok\u00fd p\u00e1s so s\u0165ahovacou \u0161n\u00farkou, patent na spodnom okraji, zosilnen\u00e9 \u0161vy, lemovan\u00e9 bo\u010dn\u00e9 vreck\u00e1 a zadn\u00e9 vrecko s pre\u0161\u00edvan\u00edm<\/li>\n<li>Priedu\u0161n\u00fd materi\u00e1l<\/li>\n<\/ul>","protected":false},"excerpt":{"rendered":"<ul>\n<li>Mikina s kapuc\u0148ou \u2013 80% bavlna, 20% polyester<\/li>\n<li>Dvojvrstvov\u00e1 kapuc\u0148a zo s\u0165ahovac\u00edmi \u0161n\u00farkami<\/li>\n<li>Man\u017eeta a lemovka pri krku s elastanom<\/li>\n<li>Klokanie vrecko<\/li>\n<li>Na hrudi potla\u010d\u00a0 SVK<\/li>\n<li>Tmavo-modr\u00e9 bavlnen\u00e9 tepl\u00e1ky s vreckami<\/li>\n<li>60% ne\u010desan\u00e1 bavlna \/ 40% polyester, 280 g\/m\u00b2<\/li>\n<li>\u0161irok\u00fd p\u00e1s so s\u0165ahovacou \u0161n\u00farkou, patent na spodnom okraji, zosilnen\u00e9 \u0161vy, lemovan\u00e9 bo\u010dn\u00e9 vreck\u00e1 a zadn\u00e9 vrecko s pre\u0161\u00edvan\u00edm<\/li>\n<li>Priedu\u0161n\u00fd materi\u00e1l<\/li>\n<\/ul>","protected":false},"featured_media":16485,"template":"","meta":[],"product_cat":[327,483,20],"product_tag":[40,108],"wcpa_form_fields":null,"yoast_head":"<!-- This site is optimized with the Yoast SEO plugin v21.2 - https:\/\/yoast.com\/wordpress\/plugins\/seo\/ -->\n<title>Bavlnen\u00e1 tepl\u00e1kov\u00e1 s\u00faprava SVK - fanzone.sk<\/title>\n<meta name=\"robots\" content=\"index, follow, max-snippet:-1, max-image-preview:large, max-video-preview:-1\" \/>\n<link rel=\"canonical\" href=\"https:\/\/fanzone.sk\/en\/product\/bavlnena-teplakova-suprava-svk\/\" \/>\n<meta property=\"og:locale\" content=\"en_US\" \/>\n<meta property=\"og:type\" content=\"article\" \/>\n<meta property=\"og:title\" content=\"Bavlnen\u00e1 tepl\u00e1kov\u00e1 s\u00faprava SVK - fanzone.sk\" \/>\n<meta property=\"og:description\" content=\"Mikina s kapuc\u0148ou \u2013 80% bavlna, 20% polyester  Dvojvrstvov\u00e1 kapuc\u0148a zo s\u0165ahovac\u00edmi \u0161n\u00farkami  Man\u017eeta a lemovka pri krku s elastanom  Klokanie vrecko  Na hrudi potla\u010d\u00a0 SVK  Tmavo-modr\u00e9 bavlnen\u00e9 tepl\u00e1ky s vreckami  60% ne\u010desan\u00e1 bavlna \/ 40% polyester, 280 g\/m\u00b2  \u0161irok\u00fd p\u00e1s so s\u0165ahovacou \u0161n\u00farkou, patent na spodnom okraji, zosilnen\u00e9 \u0161vy, lemovan\u00e9 bo\u010dn\u00e9 vreck\u00e1 a zadn\u00e9 vrecko s pre\u0161\u00edvan\u00edm  Priedu\u0161n\u00fd materi\u00e1l\" \/>\n<meta property=\"og:url\" content=\"https:\/\/fanzone.sk\/en\/product\/bavlnena-teplakova-suprava-svk\/\" \/>\n<meta property=\"og:site_name\" content=\"fanzone.sk\" \/>\n<meta property=\"article:publisher\" content=\"https:\/\/www.facebook.com\/FANZONEsk\/\" \/>\n<meta property=\"article:modified_time\" content=\"2025-02-03T21:07:43+00:00\" \/>\n<meta property=\"og:image\" content=\"https:\/\/fanzone.sk\/wp-content\/uploads\/2021\/05\/suprava-biela-PD.jpg\" \/>\n\t<meta property=\"og:image:width\" content=\"800\" \/>\n\t<meta property=\"og:image:height\" content=\"800\" \/>\n\t<meta property=\"og:image:type\" content=\"image\/jpeg\" \/>\n<meta name=\"twitter:card\" content=\"summary_large_image\" \/>\n<meta name=\"twitter:label1\" content=\"Est. reading time\" \/>\n\t<meta name=\"twitter:data1\" content=\"1 minute\" \/>\n<script type=\"application\/ld+json\" class=\"yoast-schema-graph\">{\"@context\":\"https:\/\/schema.org\",\"@graph\":[{\"@type\":\"WebPage\",\"@id\":\"https:\/\/fanzone.sk\/produkt\/bavlnena-teplakova-suprava-svk\/\",\"url\":\"https:\/\/fanzone.sk\/produkt\/bavlnena-teplakova-suprava-svk\/\",\"name\":\"Bavlnen\u00e1 tepl\u00e1kov\u00e1 s\u00faprava SVK - fanzone.sk\",\"isPartOf\":{\"@id\":\"https:\/\/fanzone.sk\/#website\"},\"datePublished\":\"2021-05-06T09:24:06+00:00\",\"dateModified\":\"2025-02-03T21:07:43+00:00\",\"breadcrumb\":{\"@id\":\"https:\/\/fanzone.sk\/produkt\/bavlnena-teplakova-suprava-svk\/#breadcrumb\"},\"inLanguage\":\"en-US\",\"potentialAction\":[{\"@type\":\"ReadAction\",\"target\":[\"https:\/\/fanzone.sk\/produkt\/bavlnena-teplakova-suprava-svk\/\"]}]},{\"@type\":\"BreadcrumbList\",\"@id\":\"https:\/\/fanzone.sk\/produkt\/bavlnena-teplakova-suprava-svk\/#breadcrumb\",\"itemListElement\":[{\"@type\":\"ListItem\",\"position\":1,\"name\":\"Home\",\"item\":\"https:\/\/fanzone.sk\/\"},{\"@type\":\"ListItem\",\"position\":2,\"name\":\"Obchod\",\"item\":\"https:\/\/fanzone.sk\/obchod\/\"},{\"@type\":\"ListItem\",\"position\":3,\"name\":\"Bavlnen\u00e1 tepl\u00e1kov\u00e1 s\u00faprava SVK\"}]},{\"@type\":\"WebSite\",\"@id\":\"https:\/\/fanzone.sk\/#website\",\"url\":\"https:\/\/fanzone.sk\/\",\"name\":\"fanzone.sk\",\"description\":\"\",\"potentialAction\":[{\"@type\":\"SearchAction\",\"target\":{\"@type\":\"EntryPoint\",\"urlTemplate\":\"https:\/\/fanzone.sk\/?s={search_term_string}\"},\"query-input\":\"required name=search_term_string\"}],\"inLanguage\":\"en-US\"}]}<\/script>\n<!-- \/ Yoast SEO plugin. -->","yoast_head_json":{"title":"Bavlnen\u00e1 tepl\u00e1kov\u00e1 s\u00faprava SVK - fanzone.sk","robots":{"index":"index","follow":"follow","max-snippet":"max-snippet:-1","max-image-preview":"max-image-preview:large","max-video-preview":"max-video-preview:-1"},"canonical":"https:\/\/fanzone.sk\/en\/product\/bavlnena-teplakova-suprava-svk\/","og_locale":"en_US","og_type":"article","og_title":"Bavlnen\u00e1 tepl\u00e1kov\u00e1 s\u00faprava SVK - fanzone.sk","og_description":"Mikina s kapuc\u0148ou \u2013 80% bavlna, 20% polyester  Dvojvrstvov\u00e1 kapuc\u0148a zo s\u0165ahovac\u00edmi \u0161n\u00farkami  Man\u017eeta a lemovka pri krku s elastanom  Klokanie vrecko  Na hrudi potla\u010d\u00a0 SVK  Tmavo-modr\u00e9 bavlnen\u00e9 tepl\u00e1ky s vreckami  60% ne\u010desan\u00e1 bavlna \/ 40% polyester, 280 g\/m\u00b2  \u0161irok\u00fd p\u00e1s so s\u0165ahovacou \u0161n\u00farkou, patent na spodnom okraji, zosilnen\u00e9 \u0161vy, lemovan\u00e9 bo\u010dn\u00e9 vreck\u00e1 a zadn\u00e9 vrecko s pre\u0161\u00edvan\u00edm  Priedu\u0161n\u00fd materi\u00e1l","og_url":"https:\/\/fanzone.sk\/en\/product\/bavlnena-teplakova-suprava-svk\/","og_site_name":"fanzone.sk","article_publisher":"https:\/\/www.facebook.com\/FANZONEsk\/","article_modified_time":"2025-02-03T21:07:43+00:00","og_image":[{"width":800,"height":800,"url":"https:\/\/fanzone.sk\/wp-content\/uploads\/2021\/05\/suprava-biela-PD.jpg","type":"image\/jpeg"}],"twitter_card":"summary_large_image","twitter_misc":{"Est. reading time":"1 minute"},"schema":{"@context":"https:\/\/schema.org","@graph":[{"@type":"WebPage","@id":"https:\/\/fanzone.sk\/produkt\/bavlnena-teplakova-suprava-svk\/","url":"https:\/\/fanzone.sk\/produkt\/bavlnena-teplakova-suprava-svk\/","name":"Bavlnen\u00e1 tepl\u00e1kov\u00e1 s\u00faprava SVK - fanzone.sk","isPartOf":{"@id":"https:\/\/fanzone.sk\/#website"},"datePublished":"2021-05-06T09:24:06+00:00","dateModified":"2025-02-03T21:07:43+00:00","breadcrumb":{"@id":"https:\/\/fanzone.sk\/produkt\/bavlnena-teplakova-suprava-svk\/#breadcrumb"},"inLanguage":"en-US","potentialAction":[{"@type":"ReadAction","target":["https:\/\/fanzone.sk\/produkt\/bavlnena-teplakova-suprava-svk\/"]}]},{"@type":"BreadcrumbList","@id":"https:\/\/fanzone.sk\/produkt\/bavlnena-teplakova-suprava-svk\/#breadcrumb","itemListElement":[{"@type":"ListItem","position":1,"name":"Home","item":"https:\/\/fanzone.sk\/"},{"@type":"ListItem","position":2,"name":"Obchod","item":"https:\/\/fanzone.sk\/obchod\/"},{"@type":"ListItem","position":3,"name":"Bavlnen\u00e1 tepl\u00e1kov\u00e1 s\u00faprava SVK"}]},{"@type":"WebSite","@id":"https:\/\/fanzone.sk\/#website","url":"https:\/\/fanzone.sk\/","name":"fanzone.sk","description":"","potentialAction":[{"@type":"SearchAction","target":{"@type":"EntryPoint","urlTemplate":"https:\/\/fanzone.sk\/?s={search_term_string}"},"query-input":"required name=search_term_string"}],"inLanguage":"en-US"}]}},"_links":{"self":[{"href":"https:\/\/fanzone.sk\/en\/wp-json\/wp\/v2\/product\/16480"}],"collection":[{"href":"https:\/\/fanzone.sk\/en\/wp-json\/wp\/v2\/product"}],"about":[{"href":"https:\/\/fanzone.sk\/en\/wp-json\/wp\/v2\/types\/product"}],"wp:featuredmedia":[{"embeddable":true,"href":"https:\/\/fanzone.sk\/en\/wp-json\/wp\/v2\/media\/16485"}],"wp:attachment":[{"href":"https:\/\/fanzone.sk\/en\/wp-json\/wp\/v2\/media?parent=16480"}],"wp:term":[{"taxonomy":"product_cat","embeddable":true,"href":"https:\/\/fanzone.sk\/en\/wp-json\/wp\/v2\/product_cat?post=16480"},{"taxonomy":"product_tag","embeddable":true,"href":"https:\/\/fanzone.sk\/en\/wp-json\/wp\/v2\/product_tag?post=16480"}],"curies":[{"name":"wp","href":"https:\/\/api.w.org\/{rel}","templated":true}]}}