{"id":16629,"date":"2021-05-11T10:56:26","date_gmt":"2021-05-11T08:56:26","guid":{"rendered":"https:\/\/fanzone.sk\/?post_type=product&#038;p=16629"},"modified":"2025-02-03T22:07:43","modified_gmt":"2025-02-03T21:07:43","slug":"damske-cyklonohavice-biela-bodka","status":"publish","type":"product","link":"https:\/\/fanzone.sk\/en\/product\/damske-cyklonohavice-biela-bodka\/","title":{"rendered":"D\u00e1mske cyklonohavice &#8211; Biela bodka"},"content":{"rendered":"<ul>\n<li>Viacpanelov\u00e9 cyklistick\u00e9 nohavice z funk\u010dn\u00e9ho materi\u00e1lu ur\u010den\u00e9ho v\u00fdlu\u010dne na cyklistiku<\/li>\n<li>Mo\u017enos\u0165 v\u00fdberu viacero farieb<\/li>\n<li>L\u00e1tka 200g\/m2, z ktorej s\u00fa vyhotoven\u00e9 nohavice je kompresn\u00e1, eliminuje mal\u00e9 otrasy svalov<\/li>\n<li>Na nohaviciach je pou\u017eit\u00e1 antibakteri\u00e1lna anatomicky tvarovan\u00e1 vlo\u017eka a\u00a0nohavice s\u00fa zakon\u010den\u00e9 protisklzovou man\u017eetou zo silik\u00f3nu.<\/li>\n<li>Materi\u00e1 &#8211; 78 % polyamid, 22 % elastan<\/li>\n<li>Made in Slovakia<\/li>\n<\/ul>","protected":false},"excerpt":{"rendered":"<ul>\n<li>Viacpanelov\u00e9 cyklistick\u00e9 nohavice z funk\u010dn\u00e9ho materi\u00e1lu ur\u010den\u00e9ho v\u00fdlu\u010dne na cyklistiku<\/li>\n<li>Mo\u017enos\u0165 v\u00fdberu viacero farieb<\/li>\n<li>L\u00e1tka 200g\/m2, z ktorej s\u00fa vyhotoven\u00e9 nohavice je kompresn\u00e1, eliminuje mal\u00e9 otrasy svalov<\/li>\n<li>Na nohaviciach je pou\u017eit\u00e1 antibakteri\u00e1lna anatomicky tvarovan\u00e1 vlo\u017eka a\u00a0nohavice s\u00fa zakon\u010den\u00e9 protisklzovou man\u017eetou zo silik\u00f3nu.<\/li>\n<li>Materi\u00e1 &#8211; 78 % polyamid, 22 % elastan<\/li>\n<li>Made in Slovakia<\/li>\n<\/ul>","protected":false},"featured_media":16631,"template":"","meta":[],"product_cat":[235,323,127],"product_tag":[131],"wcpa_form_fields":null,"yoast_head":"<!-- This site is optimized with the Yoast SEO plugin v21.2 - https:\/\/yoast.com\/wordpress\/plugins\/seo\/ -->\n<title>D\u00e1mske cyklonohavice - Biela bodka - fanzone.sk<\/title>\n<meta name=\"robots\" content=\"index, follow, max-snippet:-1, max-image-preview:large, max-video-preview:-1\" \/>\n<link rel=\"canonical\" href=\"https:\/\/fanzone.sk\/en\/product\/damske-cyklonohavice-biela-bodka\/\" \/>\n<meta property=\"og:locale\" content=\"en_US\" \/>\n<meta property=\"og:type\" content=\"article\" \/>\n<meta property=\"og:title\" content=\"D\u00e1mske cyklonohavice - Biela bodka - fanzone.sk\" \/>\n<meta property=\"og:description\" content=\"Viacpanelov\u00e9 cyklistick\u00e9 nohavice z funk\u010dn\u00e9ho materi\u00e1lu ur\u010den\u00e9ho v\u00fdlu\u010dne na cyklistiku  Mo\u017enos\u0165 v\u00fdberu viacero farieb  L\u00e1tka 200g\/m2, z ktorej s\u00fa vyhotoven\u00e9 nohavice je kompresn\u00e1, eliminuje mal\u00e9 otrasy svalov  Na nohaviciach je pou\u017eit\u00e1 antibakteri\u00e1lna anatomicky tvarovan\u00e1 vlo\u017eka a\u00a0nohavice s\u00fa zakon\u010den\u00e9 protisklzovou man\u017eetou zo silik\u00f3nu.  Materi\u00e1 - 78 % polyamid, 22 % elastan  Made in Slovakia\" \/>\n<meta property=\"og:url\" content=\"https:\/\/fanzone.sk\/en\/product\/damske-cyklonohavice-biela-bodka\/\" \/>\n<meta property=\"og:site_name\" content=\"fanzone.sk\" \/>\n<meta property=\"article:publisher\" content=\"https:\/\/www.facebook.com\/FANZONEsk\/\" \/>\n<meta property=\"article:modified_time\" content=\"2025-02-03T21:07:43+00:00\" \/>\n<meta property=\"og:image\" content=\"https:\/\/fanzone.sk\/wp-content\/uploads\/2021\/05\/LOWER-d\u00e1mske-03-scaled.jpg\" \/>\n\t<meta property=\"og:image:width\" content=\"2560\" \/>\n\t<meta property=\"og:image:height\" content=\"2560\" \/>\n\t<meta property=\"og:image:type\" content=\"image\/jpeg\" \/>\n<meta name=\"twitter:card\" content=\"summary_large_image\" \/>\n<script type=\"application\/ld+json\" class=\"yoast-schema-graph\">{\"@context\":\"https:\/\/schema.org\",\"@graph\":[{\"@type\":\"WebPage\",\"@id\":\"https:\/\/fanzone.sk\/produkt\/damske-cyklonohavice-biela-bodka\/\",\"url\":\"https:\/\/fanzone.sk\/produkt\/damske-cyklonohavice-biela-bodka\/\",\"name\":\"D\u00e1mske cyklonohavice - Biela bodka - fanzone.sk\",\"isPartOf\":{\"@id\":\"https:\/\/fanzone.sk\/#website\"},\"datePublished\":\"2021-05-11T08:56:26+00:00\",\"dateModified\":\"2025-02-03T21:07:43+00:00\",\"breadcrumb\":{\"@id\":\"https:\/\/fanzone.sk\/produkt\/damske-cyklonohavice-biela-bodka\/#breadcrumb\"},\"inLanguage\":\"en-US\",\"potentialAction\":[{\"@type\":\"ReadAction\",\"target\":[\"https:\/\/fanzone.sk\/produkt\/damske-cyklonohavice-biela-bodka\/\"]}]},{\"@type\":\"BreadcrumbList\",\"@id\":\"https:\/\/fanzone.sk\/produkt\/damske-cyklonohavice-biela-bodka\/#breadcrumb\",\"itemListElement\":[{\"@type\":\"ListItem\",\"position\":1,\"name\":\"Home\",\"item\":\"https:\/\/fanzone.sk\/\"},{\"@type\":\"ListItem\",\"position\":2,\"name\":\"Obchod\",\"item\":\"https:\/\/fanzone.sk\/obchod\/\"},{\"@type\":\"ListItem\",\"position\":3,\"name\":\"D\u00e1mske cyklonohavice &#8211; Biela bodka\"}]},{\"@type\":\"WebSite\",\"@id\":\"https:\/\/fanzone.sk\/#website\",\"url\":\"https:\/\/fanzone.sk\/\",\"name\":\"fanzone.sk\",\"description\":\"\",\"potentialAction\":[{\"@type\":\"SearchAction\",\"target\":{\"@type\":\"EntryPoint\",\"urlTemplate\":\"https:\/\/fanzone.sk\/?s={search_term_string}\"},\"query-input\":\"required name=search_term_string\"}],\"inLanguage\":\"en-US\"}]}<\/script>\n<!-- \/ Yoast SEO plugin. -->","yoast_head_json":{"title":"D\u00e1mske cyklonohavice - Biela bodka - fanzone.sk","robots":{"index":"index","follow":"follow","max-snippet":"max-snippet:-1","max-image-preview":"max-image-preview:large","max-video-preview":"max-video-preview:-1"},"canonical":"https:\/\/fanzone.sk\/en\/product\/damske-cyklonohavice-biela-bodka\/","og_locale":"en_US","og_type":"article","og_title":"D\u00e1mske cyklonohavice - Biela bodka - fanzone.sk","og_description":"Viacpanelov\u00e9 cyklistick\u00e9 nohavice z funk\u010dn\u00e9ho materi\u00e1lu ur\u010den\u00e9ho v\u00fdlu\u010dne na cyklistiku  Mo\u017enos\u0165 v\u00fdberu viacero farieb  L\u00e1tka 200g\/m2, z ktorej s\u00fa vyhotoven\u00e9 nohavice je kompresn\u00e1, eliminuje mal\u00e9 otrasy svalov  Na nohaviciach je pou\u017eit\u00e1 antibakteri\u00e1lna anatomicky tvarovan\u00e1 vlo\u017eka a\u00a0nohavice s\u00fa zakon\u010den\u00e9 protisklzovou man\u017eetou zo silik\u00f3nu.  Materi\u00e1 - 78 % polyamid, 22 % elastan  Made in Slovakia","og_url":"https:\/\/fanzone.sk\/en\/product\/damske-cyklonohavice-biela-bodka\/","og_site_name":"fanzone.sk","article_publisher":"https:\/\/www.facebook.com\/FANZONEsk\/","article_modified_time":"2025-02-03T21:07:43+00:00","og_image":[{"width":2560,"height":2560,"url":"https:\/\/fanzone.sk\/wp-content\/uploads\/2021\/05\/LOWER-d\u00e1mske-03-scaled.jpg","type":"image\/jpeg"}],"twitter_card":"summary_large_image","schema":{"@context":"https:\/\/schema.org","@graph":[{"@type":"WebPage","@id":"https:\/\/fanzone.sk\/produkt\/damske-cyklonohavice-biela-bodka\/","url":"https:\/\/fanzone.sk\/produkt\/damske-cyklonohavice-biela-bodka\/","name":"D\u00e1mske cyklonohavice - Biela bodka - fanzone.sk","isPartOf":{"@id":"https:\/\/fanzone.sk\/#website"},"datePublished":"2021-05-11T08:56:26+00:00","dateModified":"2025-02-03T21:07:43+00:00","breadcrumb":{"@id":"https:\/\/fanzone.sk\/produkt\/damske-cyklonohavice-biela-bodka\/#breadcrumb"},"inLanguage":"en-US","potentialAction":[{"@type":"ReadAction","target":["https:\/\/fanzone.sk\/produkt\/damske-cyklonohavice-biela-bodka\/"]}]},{"@type":"BreadcrumbList","@id":"https:\/\/fanzone.sk\/produkt\/damske-cyklonohavice-biela-bodka\/#breadcrumb","itemListElement":[{"@type":"ListItem","position":1,"name":"Home","item":"https:\/\/fanzone.sk\/"},{"@type":"ListItem","position":2,"name":"Obchod","item":"https:\/\/fanzone.sk\/obchod\/"},{"@type":"ListItem","position":3,"name":"D\u00e1mske cyklonohavice &#8211; Biela bodka"}]},{"@type":"WebSite","@id":"https:\/\/fanzone.sk\/#website","url":"https:\/\/fanzone.sk\/","name":"fanzone.sk","description":"","potentialAction":[{"@type":"SearchAction","target":{"@type":"EntryPoint","urlTemplate":"https:\/\/fanzone.sk\/?s={search_term_string}"},"query-input":"required name=search_term_string"}],"inLanguage":"en-US"}]}},"_links":{"self":[{"href":"https:\/\/fanzone.sk\/en\/wp-json\/wp\/v2\/product\/16629"}],"collection":[{"href":"https:\/\/fanzone.sk\/en\/wp-json\/wp\/v2\/product"}],"about":[{"href":"https:\/\/fanzone.sk\/en\/wp-json\/wp\/v2\/types\/product"}],"wp:featuredmedia":[{"embeddable":true,"href":"https:\/\/fanzone.sk\/en\/wp-json\/wp\/v2\/media\/16631"}],"wp:attachment":[{"href":"https:\/\/fanzone.sk\/en\/wp-json\/wp\/v2\/media?parent=16629"}],"wp:term":[{"taxonomy":"product_cat","embeddable":true,"href":"https:\/\/fanzone.sk\/en\/wp-json\/wp\/v2\/product_cat?post=16629"},{"taxonomy":"product_tag","embeddable":true,"href":"https:\/\/fanzone.sk\/en\/wp-json\/wp\/v2\/product_tag?post=16629"}],"curies":[{"name":"wp","href":"https:\/\/api.w.org\/{rel}","templated":true}]}}