{"id":16869,"date":"2021-06-04T13:39:16","date_gmt":"2021-06-04T11:39:16","guid":{"rendered":"https:\/\/fanzone.sk\/?post_type=product&#038;p=16869"},"modified":"2025-07-08T12:34:06","modified_gmt":"2025-07-08T10:34:06","slug":"teplakova-suprava-krivan","status":"publish","type":"product","link":"https:\/\/fanzone.sk\/en\/product\/teplakova-suprava-krivan\/","title":{"rendered":"Tepl\u00e1kov\u00e1 s\u00faprava Kriv\u00e1\u0148"},"content":{"rendered":"<ul>\n<li>tepl\u00e1kov\u00e1 s\u00faprava &#8211; 100% polyester<\/li>\n<li>mikina na zips zo stoja\u010dikom<\/li>\n<li>grafika &#8211; Kriv\u00e1\u0148<\/li>\n<li>tepl\u00e1ky s vreckami, z\u00fa\u017een\u00fd strih ukon\u010den\u00fd patentom\n<div class=\"woocommerce-product-details__short-description\"><\/div>\n<form class=\"variations_form cart\" enctype=\"multipart\/form-data\" method=\"post\" data-product_id=\"1982\" data-product_variations=\"[{&quot;attributes&quot;:{&quot;attribute_pa_velkost&quot;:&quot;&quot;},&quot;availability_html&quot;:&quot;&quot;,&quot;backorders_allowed&quot;:false,&quot;dimensions&quot;:{&quot;length&quot;:&quot;&quot;,&quot;width&quot;:&quot;&quot;,&quot;height&quot;:&quot;&quot;},&quot;dimensions_html&quot;:&quot;-&quot;,&quot;display_price&quot;:81.7999999999999971578290569595992565155029296875,&quot;display_regular_price&quot;:81.7999999999999971578290569595992565155029296875,&quot;image&quot;:{&quot;title&quot;:&quot;0200009001&quot;,&quot;caption&quot;:&quot;&quot;,&quot;url&quot;:&quot;https:\\\/\\\/fanzone.sk\\\/wp-content\\\/uploads\\\/2019\\\/04\\\/0200009001.jpg&quot;,&quot;alt&quot;:&quot;0200009001&quot;,&quot;src&quot;:&quot;https:\\\/\\\/fanzone.sk\\\/wp-content\\\/uploads\\\/2019\\\/04\\\/0200009001.jpg&quot;,&quot;srcset&quot;:&quot;https:\\\/\\\/fanzone.sk\\\/wp-content\\\/uploads\\\/2019\\\/04\\\/0200009001.jpg 800w, https:\\\/\\\/fanzone.sk\\\/wp-content\\\/uploads\\\/2019\\\/04\\\/0200009001-150x150.jpg 150w, https:\\\/\\\/fanzone.sk\\\/wp-content\\\/uploads\\\/2019\\\/04\\\/0200009001-300x300.jpg 300w, https:\\\/\\\/fanzone.sk\\\/wp-content\\\/uploads\\\/2019\\\/04\\\/0200009001-768x768.jpg 768w, https:\\\/\\\/fanzone.sk\\\/wp-content\\\/uploads\\\/2019\\\/04\\\/0200009001-45x45.jpg 45w, https:\\\/\\\/fanzone.sk\\\/wp-content\\\/uploads\\\/2019\\\/04\\\/0200009001-600x600.jpg 600w, https:\\\/\\\/fanzone.sk\\\/wp-content\\\/uploads\\\/2019\\\/04\\\/0200009001-100x100.jpg 100w&quot;,&quot;sizes&quot;:&quot;(max-width: 800px) 100vw, 800px&quot;,&quot;full_src&quot;:&quot;https:\\\/\\\/fanzone.sk\\\/wp-content\\\/uploads\\\/2019\\\/04\\\/0200009001.jpg&quot;,&quot;full_src_w&quot;:800,&quot;full_src_h&quot;:800,&quot;gallery_thumbnail_src&quot;:&quot;https:\\\/\\\/fanzone.sk\\\/wp-content\\\/uploads\\\/2019\\\/04\\\/0200009001.jpg&quot;,&quot;gallery_thumbnail_src_w&quot;:800,&quot;gallery_thumbnail_src_h&quot;:800,&quot;thumb_src&quot;:&quot;https:\\\/\\\/fanzone.sk\\\/wp-content\\\/uploads\\\/2019\\\/04\\\/0200009001-600x600.jpg&quot;,&quot;thumb_src_w&quot;:600,&quot;thumb_src_h&quot;:600,&quot;src_w&quot;:800,&quot;src_h&quot;:800},&quot;image_id&quot;:1988,&quot;is_downloadable&quot;:false,&quot;is_in_stock&quot;:true,&quot;is_purchasable&quot;:false,&quot;is_sold_individually&quot;:&quot;no&quot;,&quot;is_virtual&quot;:false,&quot;max_qty&quot;:&quot;&quot;,&quot;min_qty&quot;:1,&quot;price_html&quot;:&quot;&quot;,&quot;sku&quot;:&quot;0200009001&quot;,&quot;variation_description&quot;:&quot;&quot;,&quot;variation_id&quot;:2155,&quot;variation_is_active&quot;:true,&quot;variation_is_visible&quot;:true,&quot;weight&quot;:&quot;&quot;,&quot;weight_html&quot;:&quot;-&quot;,&quot;stock_status&quot;:&quot;instock&quot;,&quot;stock_quantity&quot;:null}]\" action=\"\"><input type=\"hidden\" name=\"trp-form-language\" value=\"en\"\/><\/form>\n<\/li>\n<\/ul>","protected":false},"excerpt":{"rendered":"<ul>\n<li>tepl\u00e1kov\u00e1 s\u00faprava &#8211; 100% polyester<\/li>\n<li>mikina na zips zo stoja\u010dikom<\/li>\n<li>grafika &#8211; Kriv\u00e1\u0148<\/li>\n<li>tepl\u00e1ky s vreckami, z\u00fa\u017een\u00fd strih ukon\u010den\u00fd patentom<\/li>\n<\/ul>","protected":false},"featured_media":16875,"template":"","meta":[],"product_cat":[327,483,20],"product_tag":[87,41,40,108,146],"wcpa_form_fields":null,"yoast_head":"<!-- This site is optimized with the Yoast SEO plugin v21.2 - https:\/\/yoast.com\/wordpress\/plugins\/seo\/ -->\n<title>Tepl\u00e1kov\u00e1 s\u00faprava Kriv\u00e1\u0148 - fanzone.sk<\/title>\n<meta name=\"robots\" content=\"index, follow, max-snippet:-1, max-image-preview:large, max-video-preview:-1\" \/>\n<link rel=\"canonical\" href=\"https:\/\/fanzone.sk\/en\/product\/teplakova-suprava-krivan\/\" \/>\n<meta property=\"og:locale\" content=\"en_US\" \/>\n<meta property=\"og:type\" content=\"article\" \/>\n<meta property=\"og:title\" content=\"Tepl\u00e1kov\u00e1 s\u00faprava Kriv\u00e1\u0148 - fanzone.sk\" \/>\n<meta property=\"og:description\" content=\"tepl\u00e1kov\u00e1 s\u00faprava - 100% polyester  mikina na zips zo stoja\u010dikom  grafika - Kriv\u00e1\u0148  tepl\u00e1ky s vreckami, z\u00fa\u017een\u00fd strih ukon\u010den\u00fd patentom\" \/>\n<meta property=\"og:url\" content=\"https:\/\/fanzone.sk\/en\/product\/teplakova-suprava-krivan\/\" \/>\n<meta property=\"og:site_name\" content=\"fanzone.sk\" \/>\n<meta property=\"article:publisher\" content=\"https:\/\/www.facebook.com\/FANZONEsk\/\" \/>\n<meta property=\"article:modified_time\" content=\"2025-07-08T10:34:06+00:00\" \/>\n<meta property=\"og:image\" content=\"https:\/\/fanzone.sk\/wp-content\/uploads\/2021\/06\/svk_suprava_UTAH_vz_3_PD.jpg\" \/>\n\t<meta property=\"og:image:width\" content=\"800\" \/>\n\t<meta property=\"og:image:height\" content=\"800\" \/>\n\t<meta property=\"og:image:type\" content=\"image\/jpeg\" \/>\n<meta name=\"twitter:card\" content=\"summary_large_image\" \/>\n<meta name=\"twitter:label1\" content=\"Est. reading time\" \/>\n\t<meta name=\"twitter:data1\" content=\"1 minute\" \/>\n<script type=\"application\/ld+json\" class=\"yoast-schema-graph\">{\"@context\":\"https:\/\/schema.org\",\"@graph\":[{\"@type\":\"WebPage\",\"@id\":\"https:\/\/fanzone.sk\/produkt\/teplakova-suprava-krivan\/\",\"url\":\"https:\/\/fanzone.sk\/produkt\/teplakova-suprava-krivan\/\",\"name\":\"Tepl\u00e1kov\u00e1 s\u00faprava Kriv\u00e1\u0148 - fanzone.sk\",\"isPartOf\":{\"@id\":\"https:\/\/fanzone.sk\/#website\"},\"datePublished\":\"2021-06-04T11:39:16+00:00\",\"dateModified\":\"2025-07-08T10:34:06+00:00\",\"breadcrumb\":{\"@id\":\"https:\/\/fanzone.sk\/produkt\/teplakova-suprava-krivan\/#breadcrumb\"},\"inLanguage\":\"en-US\",\"potentialAction\":[{\"@type\":\"ReadAction\",\"target\":[\"https:\/\/fanzone.sk\/produkt\/teplakova-suprava-krivan\/\"]}]},{\"@type\":\"BreadcrumbList\",\"@id\":\"https:\/\/fanzone.sk\/produkt\/teplakova-suprava-krivan\/#breadcrumb\",\"itemListElement\":[{\"@type\":\"ListItem\",\"position\":1,\"name\":\"Home\",\"item\":\"https:\/\/fanzone.sk\/\"},{\"@type\":\"ListItem\",\"position\":2,\"name\":\"Obchod\",\"item\":\"https:\/\/fanzone.sk\/obchod\/\"},{\"@type\":\"ListItem\",\"position\":3,\"name\":\"Tepl\u00e1kov\u00e1 s\u00faprava Kriv\u00e1\u0148\"}]},{\"@type\":\"WebSite\",\"@id\":\"https:\/\/fanzone.sk\/#website\",\"url\":\"https:\/\/fanzone.sk\/\",\"name\":\"fanzone.sk\",\"description\":\"\",\"potentialAction\":[{\"@type\":\"SearchAction\",\"target\":{\"@type\":\"EntryPoint\",\"urlTemplate\":\"https:\/\/fanzone.sk\/?s={search_term_string}\"},\"query-input\":\"required name=search_term_string\"}],\"inLanguage\":\"en-US\"}]}<\/script>\n<!-- \/ Yoast SEO plugin. -->","yoast_head_json":{"title":"Tepl\u00e1kov\u00e1 s\u00faprava Kriv\u00e1\u0148 - fanzone.sk","robots":{"index":"index","follow":"follow","max-snippet":"max-snippet:-1","max-image-preview":"max-image-preview:large","max-video-preview":"max-video-preview:-1"},"canonical":"https:\/\/fanzone.sk\/en\/product\/teplakova-suprava-krivan\/","og_locale":"en_US","og_type":"article","og_title":"Tepl\u00e1kov\u00e1 s\u00faprava Kriv\u00e1\u0148 - fanzone.sk","og_description":"tepl\u00e1kov\u00e1 s\u00faprava - 100% polyester  mikina na zips zo stoja\u010dikom  grafika - Kriv\u00e1\u0148  tepl\u00e1ky s vreckami, z\u00fa\u017een\u00fd strih ukon\u010den\u00fd patentom","og_url":"https:\/\/fanzone.sk\/en\/product\/teplakova-suprava-krivan\/","og_site_name":"fanzone.sk","article_publisher":"https:\/\/www.facebook.com\/FANZONEsk\/","article_modified_time":"2025-07-08T10:34:06+00:00","og_image":[{"width":800,"height":800,"url":"https:\/\/fanzone.sk\/wp-content\/uploads\/2021\/06\/svk_suprava_UTAH_vz_3_PD.jpg","type":"image\/jpeg"}],"twitter_card":"summary_large_image","twitter_misc":{"Est. reading time":"1 minute"},"schema":{"@context":"https:\/\/schema.org","@graph":[{"@type":"WebPage","@id":"https:\/\/fanzone.sk\/produkt\/teplakova-suprava-krivan\/","url":"https:\/\/fanzone.sk\/produkt\/teplakova-suprava-krivan\/","name":"Tepl\u00e1kov\u00e1 s\u00faprava Kriv\u00e1\u0148 - fanzone.sk","isPartOf":{"@id":"https:\/\/fanzone.sk\/#website"},"datePublished":"2021-06-04T11:39:16+00:00","dateModified":"2025-07-08T10:34:06+00:00","breadcrumb":{"@id":"https:\/\/fanzone.sk\/produkt\/teplakova-suprava-krivan\/#breadcrumb"},"inLanguage":"en-US","potentialAction":[{"@type":"ReadAction","target":["https:\/\/fanzone.sk\/produkt\/teplakova-suprava-krivan\/"]}]},{"@type":"BreadcrumbList","@id":"https:\/\/fanzone.sk\/produkt\/teplakova-suprava-krivan\/#breadcrumb","itemListElement":[{"@type":"ListItem","position":1,"name":"Home","item":"https:\/\/fanzone.sk\/"},{"@type":"ListItem","position":2,"name":"Obchod","item":"https:\/\/fanzone.sk\/obchod\/"},{"@type":"ListItem","position":3,"name":"Tepl\u00e1kov\u00e1 s\u00faprava Kriv\u00e1\u0148"}]},{"@type":"WebSite","@id":"https:\/\/fanzone.sk\/#website","url":"https:\/\/fanzone.sk\/","name":"fanzone.sk","description":"","potentialAction":[{"@type":"SearchAction","target":{"@type":"EntryPoint","urlTemplate":"https:\/\/fanzone.sk\/?s={search_term_string}"},"query-input":"required name=search_term_string"}],"inLanguage":"en-US"}]}},"_links":{"self":[{"href":"https:\/\/fanzone.sk\/en\/wp-json\/wp\/v2\/product\/16869"}],"collection":[{"href":"https:\/\/fanzone.sk\/en\/wp-json\/wp\/v2\/product"}],"about":[{"href":"https:\/\/fanzone.sk\/en\/wp-json\/wp\/v2\/types\/product"}],"wp:featuredmedia":[{"embeddable":true,"href":"https:\/\/fanzone.sk\/en\/wp-json\/wp\/v2\/media\/16875"}],"wp:attachment":[{"href":"https:\/\/fanzone.sk\/en\/wp-json\/wp\/v2\/media?parent=16869"}],"wp:term":[{"taxonomy":"product_cat","embeddable":true,"href":"https:\/\/fanzone.sk\/en\/wp-json\/wp\/v2\/product_cat?post=16869"},{"taxonomy":"product_tag","embeddable":true,"href":"https:\/\/fanzone.sk\/en\/wp-json\/wp\/v2\/product_tag?post=16869"}],"curies":[{"name":"wp","href":"https:\/\/api.w.org\/{rel}","templated":true}]}}