{"id":16877,"date":"2021-06-04T13:45:06","date_gmt":"2021-06-04T11:45:06","guid":{"rendered":"https:\/\/fanzone.sk\/?post_type=product&#038;p=16877"},"modified":"2025-03-24T09:59:50","modified_gmt":"2025-03-24T08:59:50","slug":"teplakova-suprava-kvety","status":"publish","type":"product","link":"https:\/\/fanzone.sk\/en\/product\/teplakova-suprava-kvety\/","title":{"rendered":"Tepl\u00e1kov\u00e1 s\u00faprava Kvety"},"content":{"rendered":"<ul>\n<li>tepl\u00e1kov\u00e1 s\u00faprava &#8211; 100% polyester<\/li>\n<li>mikina na zips zo stoja\u010dikom<\/li>\n<li>grafika &#8211; Kvety<\/li>\n<li>tepl\u00e1ky s vreckami, z\u00fa\u017een\u00fd strih ukon\u010den\u00fd patentom<\/li>\n<li>UNISEX<\/li>\n<li><strong>Ke\u010f\u017ee je to ve\u013ekos\u0165 UNISEX, pros\u00edm preverte si miery s na\u0161ou ve\u013ekostnou tabu\u013ekou<\/strong><\/li>\n<\/ul>","protected":false},"excerpt":{"rendered":"<ul>\n<li>tepl\u00e1kov\u00e1 s\u00faprava &#8211; 100% polyester<\/li>\n<li>mikina na zips zo stoja\u010dikom<\/li>\n<li>grafika &#8211; Kvety<\/li>\n<li>tepl\u00e1ky s vreckami, z\u00fa\u017een\u00fd strih ukon\u010den\u00fd patentom<\/li>\n<li>UNISEX<\/li>\n<li><strong>Ke\u010f\u017ee je to ve\u013ekos\u0165 UNISEX, pros\u00edm preverte si miery s na\u0161ou ve\u013ekostnou tabu\u013ekou<\/strong><\/li>\n<\/ul>","protected":false},"featured_media":16883,"template":"","meta":[],"product_cat":[327,483,20],"product_tag":[87,41,40,108,146],"wcpa_form_fields":null,"yoast_head":"<!-- This site is optimized with the Yoast SEO plugin v21.2 - https:\/\/yoast.com\/wordpress\/plugins\/seo\/ -->\n<title>Tepl\u00e1kov\u00e1 s\u00faprava Kvety - fanzone.sk<\/title>\n<meta name=\"robots\" content=\"index, follow, max-snippet:-1, max-image-preview:large, max-video-preview:-1\" \/>\n<link rel=\"canonical\" href=\"https:\/\/fanzone.sk\/en\/product\/teplakova-suprava-kvety\/\" \/>\n<meta property=\"og:locale\" content=\"en_US\" \/>\n<meta property=\"og:type\" content=\"article\" \/>\n<meta property=\"og:title\" content=\"Tepl\u00e1kov\u00e1 s\u00faprava Kvety - fanzone.sk\" \/>\n<meta property=\"og:description\" content=\"tepl\u00e1kov\u00e1 s\u00faprava - 100% polyester  mikina na zips zo stoja\u010dikom  grafika - Kvety  tepl\u00e1ky s vreckami, z\u00fa\u017een\u00fd strih ukon\u010den\u00fd patentom  UNISEX  Ke\u010f\u017ee je to ve\u013ekos\u0165 UNISEX, pros\u00edm preverte si miery s na\u0161ou ve\u013ekostnou tabu\u013ekou\" \/>\n<meta property=\"og:url\" content=\"https:\/\/fanzone.sk\/en\/product\/teplakova-suprava-kvety\/\" \/>\n<meta property=\"og:site_name\" content=\"fanzone.sk\" \/>\n<meta property=\"article:publisher\" content=\"https:\/\/www.facebook.com\/FANZONEsk\/\" \/>\n<meta property=\"article:modified_time\" content=\"2025-03-24T08:59:50+00:00\" \/>\n<meta property=\"og:image\" content=\"https:\/\/fanzone.sk\/wp-content\/uploads\/2021\/06\/SUPRAVA_PD_vz_4.jpg\" \/>\n\t<meta property=\"og:image:width\" content=\"800\" \/>\n\t<meta property=\"og:image:height\" content=\"800\" \/>\n\t<meta property=\"og:image:type\" content=\"image\/jpeg\" \/>\n<meta name=\"twitter:card\" content=\"summary_large_image\" \/>\n<meta name=\"twitter:label1\" content=\"Est. reading time\" \/>\n\t<meta name=\"twitter:data1\" content=\"1 minute\" \/>\n<script type=\"application\/ld+json\" class=\"yoast-schema-graph\">{\"@context\":\"https:\/\/schema.org\",\"@graph\":[{\"@type\":\"WebPage\",\"@id\":\"https:\/\/fanzone.sk\/produkt\/teplakova-suprava-kvety\/\",\"url\":\"https:\/\/fanzone.sk\/produkt\/teplakova-suprava-kvety\/\",\"name\":\"Tepl\u00e1kov\u00e1 s\u00faprava Kvety - fanzone.sk\",\"isPartOf\":{\"@id\":\"https:\/\/fanzone.sk\/#website\"},\"datePublished\":\"2021-06-04T11:45:06+00:00\",\"dateModified\":\"2025-03-24T08:59:50+00:00\",\"breadcrumb\":{\"@id\":\"https:\/\/fanzone.sk\/produkt\/teplakova-suprava-kvety\/#breadcrumb\"},\"inLanguage\":\"en-US\",\"potentialAction\":[{\"@type\":\"ReadAction\",\"target\":[\"https:\/\/fanzone.sk\/produkt\/teplakova-suprava-kvety\/\"]}]},{\"@type\":\"BreadcrumbList\",\"@id\":\"https:\/\/fanzone.sk\/produkt\/teplakova-suprava-kvety\/#breadcrumb\",\"itemListElement\":[{\"@type\":\"ListItem\",\"position\":1,\"name\":\"Home\",\"item\":\"https:\/\/fanzone.sk\/\"},{\"@type\":\"ListItem\",\"position\":2,\"name\":\"Obchod\",\"item\":\"https:\/\/fanzone.sk\/obchod\/\"},{\"@type\":\"ListItem\",\"position\":3,\"name\":\"Tepl\u00e1kov\u00e1 s\u00faprava Kvety\"}]},{\"@type\":\"WebSite\",\"@id\":\"https:\/\/fanzone.sk\/#website\",\"url\":\"https:\/\/fanzone.sk\/\",\"name\":\"fanzone.sk\",\"description\":\"\",\"potentialAction\":[{\"@type\":\"SearchAction\",\"target\":{\"@type\":\"EntryPoint\",\"urlTemplate\":\"https:\/\/fanzone.sk\/?s={search_term_string}\"},\"query-input\":\"required name=search_term_string\"}],\"inLanguage\":\"en-US\"}]}<\/script>\n<!-- \/ Yoast SEO plugin. -->","yoast_head_json":{"title":"Tepl\u00e1kov\u00e1 s\u00faprava Kvety - fanzone.sk","robots":{"index":"index","follow":"follow","max-snippet":"max-snippet:-1","max-image-preview":"max-image-preview:large","max-video-preview":"max-video-preview:-1"},"canonical":"https:\/\/fanzone.sk\/en\/product\/teplakova-suprava-kvety\/","og_locale":"en_US","og_type":"article","og_title":"Tepl\u00e1kov\u00e1 s\u00faprava Kvety - fanzone.sk","og_description":"tepl\u00e1kov\u00e1 s\u00faprava - 100% polyester  mikina na zips zo stoja\u010dikom  grafika - Kvety  tepl\u00e1ky s vreckami, z\u00fa\u017een\u00fd strih ukon\u010den\u00fd patentom  UNISEX  Ke\u010f\u017ee je to ve\u013ekos\u0165 UNISEX, pros\u00edm preverte si miery s na\u0161ou ve\u013ekostnou tabu\u013ekou","og_url":"https:\/\/fanzone.sk\/en\/product\/teplakova-suprava-kvety\/","og_site_name":"fanzone.sk","article_publisher":"https:\/\/www.facebook.com\/FANZONEsk\/","article_modified_time":"2025-03-24T08:59:50+00:00","og_image":[{"width":800,"height":800,"url":"https:\/\/fanzone.sk\/wp-content\/uploads\/2021\/06\/SUPRAVA_PD_vz_4.jpg","type":"image\/jpeg"}],"twitter_card":"summary_large_image","twitter_misc":{"Est. reading time":"1 minute"},"schema":{"@context":"https:\/\/schema.org","@graph":[{"@type":"WebPage","@id":"https:\/\/fanzone.sk\/produkt\/teplakova-suprava-kvety\/","url":"https:\/\/fanzone.sk\/produkt\/teplakova-suprava-kvety\/","name":"Tepl\u00e1kov\u00e1 s\u00faprava Kvety - fanzone.sk","isPartOf":{"@id":"https:\/\/fanzone.sk\/#website"},"datePublished":"2021-06-04T11:45:06+00:00","dateModified":"2025-03-24T08:59:50+00:00","breadcrumb":{"@id":"https:\/\/fanzone.sk\/produkt\/teplakova-suprava-kvety\/#breadcrumb"},"inLanguage":"en-US","potentialAction":[{"@type":"ReadAction","target":["https:\/\/fanzone.sk\/produkt\/teplakova-suprava-kvety\/"]}]},{"@type":"BreadcrumbList","@id":"https:\/\/fanzone.sk\/produkt\/teplakova-suprava-kvety\/#breadcrumb","itemListElement":[{"@type":"ListItem","position":1,"name":"Home","item":"https:\/\/fanzone.sk\/"},{"@type":"ListItem","position":2,"name":"Obchod","item":"https:\/\/fanzone.sk\/obchod\/"},{"@type":"ListItem","position":3,"name":"Tepl\u00e1kov\u00e1 s\u00faprava Kvety"}]},{"@type":"WebSite","@id":"https:\/\/fanzone.sk\/#website","url":"https:\/\/fanzone.sk\/","name":"fanzone.sk","description":"","potentialAction":[{"@type":"SearchAction","target":{"@type":"EntryPoint","urlTemplate":"https:\/\/fanzone.sk\/?s={search_term_string}"},"query-input":"required name=search_term_string"}],"inLanguage":"en-US"}]}},"_links":{"self":[{"href":"https:\/\/fanzone.sk\/en\/wp-json\/wp\/v2\/product\/16877"}],"collection":[{"href":"https:\/\/fanzone.sk\/en\/wp-json\/wp\/v2\/product"}],"about":[{"href":"https:\/\/fanzone.sk\/en\/wp-json\/wp\/v2\/types\/product"}],"wp:featuredmedia":[{"embeddable":true,"href":"https:\/\/fanzone.sk\/en\/wp-json\/wp\/v2\/media\/16883"}],"wp:attachment":[{"href":"https:\/\/fanzone.sk\/en\/wp-json\/wp\/v2\/media?parent=16877"}],"wp:term":[{"taxonomy":"product_cat","embeddable":true,"href":"https:\/\/fanzone.sk\/en\/wp-json\/wp\/v2\/product_cat?post=16877"},{"taxonomy":"product_tag","embeddable":true,"href":"https:\/\/fanzone.sk\/en\/wp-json\/wp\/v2\/product_tag?post=16877"}],"curies":[{"name":"wp","href":"https:\/\/api.w.org\/{rel}","templated":true}]}}