{"id":17063,"date":"2021-07-01T09:55:38","date_gmt":"2021-07-01T07:55:38","guid":{"rendered":"https:\/\/fanzone.sk\/?post_type=product&#038;p=17063"},"modified":"2025-02-03T22:07:41","modified_gmt":"2025-02-03T21:07:41","slug":"slovensky-veslarsky-zvaz-bavlnene-kratasy","status":"publish","type":"product","link":"https:\/\/fanzone.sk\/en\/product\/slovensky-veslarsky-zvaz-bavlnene-kratasy\/","title":{"rendered":"Slovensk\u00fd vesl\u00e1rsky zv\u00e4z &#8211; Bavlnen\u00e9 kra\u0165asy"},"content":{"rendered":"<ul>\n<li>Bavlnen\u00e9 kra\u0165asy s mot\u00edvom SVZ<\/li>\n<li>Materi\u00e1l \u2013 60% bavlna, 40% polyester<\/li>\n<\/ul>","protected":false},"excerpt":{"rendered":"<ul>\n<li>Bavlnen\u00e9 kra\u0165asy s mot\u00edvom SVZ<\/li>\n<li>Materi\u00e1l \u2013 60% bavlna, 40% polyester<\/li>\n<\/ul>","protected":false},"featured_media":17065,"template":"","meta":[],"product_cat":[430,326],"product_tag":[147],"wcpa_form_fields":null,"yoast_head":"<!-- This site is optimized with the Yoast SEO plugin v21.2 - https:\/\/yoast.com\/wordpress\/plugins\/seo\/ -->\n<title>Slovensk\u00fd vesl\u00e1rsky zv\u00e4z - Bavlnen\u00e9 kra\u0165asy - fanzone.sk<\/title>\n<meta name=\"robots\" content=\"index, follow, max-snippet:-1, max-image-preview:large, max-video-preview:-1\" \/>\n<link rel=\"canonical\" href=\"https:\/\/fanzone.sk\/en\/product\/slovensky-veslarsky-zvaz-bavlnene-kratasy\/\" \/>\n<meta property=\"og:locale\" content=\"en_US\" \/>\n<meta property=\"og:type\" content=\"article\" \/>\n<meta property=\"og:title\" content=\"Slovensk\u00fd vesl\u00e1rsky zv\u00e4z - Bavlnen\u00e9 kra\u0165asy - fanzone.sk\" \/>\n<meta property=\"og:description\" content=\"Bavlnen\u00e9 kra\u0165asy s mot\u00edvom SVZ  Materi\u00e1l \u2013 60% bavlna, 40% polyester\" \/>\n<meta property=\"og:url\" content=\"https:\/\/fanzone.sk\/en\/product\/slovensky-veslarsky-zvaz-bavlnene-kratasy\/\" \/>\n<meta property=\"og:site_name\" content=\"fanzone.sk\" \/>\n<meta property=\"article:publisher\" content=\"https:\/\/www.facebook.com\/FANZONEsk\/\" \/>\n<meta property=\"article:modified_time\" content=\"2025-02-03T21:07:41+00:00\" \/>\n<meta property=\"og:image\" content=\"https:\/\/fanzone.sk\/wp-content\/uploads\/2021\/07\/Kratasy-NICOL-1.jpg\" \/>\n\t<meta property=\"og:image:width\" content=\"800\" \/>\n\t<meta property=\"og:image:height\" content=\"800\" \/>\n\t<meta property=\"og:image:type\" content=\"image\/jpeg\" \/>\n<meta name=\"twitter:card\" content=\"summary_large_image\" \/>\n<script type=\"application\/ld+json\" class=\"yoast-schema-graph\">{\"@context\":\"https:\/\/schema.org\",\"@graph\":[{\"@type\":\"WebPage\",\"@id\":\"https:\/\/fanzone.sk\/produkt\/slovensky-veslarsky-zvaz-bavlnene-kratasy\/\",\"url\":\"https:\/\/fanzone.sk\/produkt\/slovensky-veslarsky-zvaz-bavlnene-kratasy\/\",\"name\":\"Slovensk\u00fd vesl\u00e1rsky zv\u00e4z - Bavlnen\u00e9 kra\u0165asy - fanzone.sk\",\"isPartOf\":{\"@id\":\"https:\/\/fanzone.sk\/#website\"},\"datePublished\":\"2021-07-01T07:55:38+00:00\",\"dateModified\":\"2025-02-03T21:07:41+00:00\",\"breadcrumb\":{\"@id\":\"https:\/\/fanzone.sk\/produkt\/slovensky-veslarsky-zvaz-bavlnene-kratasy\/#breadcrumb\"},\"inLanguage\":\"en-US\",\"potentialAction\":[{\"@type\":\"ReadAction\",\"target\":[\"https:\/\/fanzone.sk\/produkt\/slovensky-veslarsky-zvaz-bavlnene-kratasy\/\"]}]},{\"@type\":\"BreadcrumbList\",\"@id\":\"https:\/\/fanzone.sk\/produkt\/slovensky-veslarsky-zvaz-bavlnene-kratasy\/#breadcrumb\",\"itemListElement\":[{\"@type\":\"ListItem\",\"position\":1,\"name\":\"Home\",\"item\":\"https:\/\/fanzone.sk\/\"},{\"@type\":\"ListItem\",\"position\":2,\"name\":\"Obchod\",\"item\":\"https:\/\/fanzone.sk\/obchod\/\"},{\"@type\":\"ListItem\",\"position\":3,\"name\":\"Slovensk\u00fd vesl\u00e1rsky zv\u00e4z &#8211; Bavlnen\u00e9 kra\u0165asy\"}]},{\"@type\":\"WebSite\",\"@id\":\"https:\/\/fanzone.sk\/#website\",\"url\":\"https:\/\/fanzone.sk\/\",\"name\":\"fanzone.sk\",\"description\":\"\",\"potentialAction\":[{\"@type\":\"SearchAction\",\"target\":{\"@type\":\"EntryPoint\",\"urlTemplate\":\"https:\/\/fanzone.sk\/?s={search_term_string}\"},\"query-input\":\"required name=search_term_string\"}],\"inLanguage\":\"en-US\"}]}<\/script>\n<!-- \/ Yoast SEO plugin. -->","yoast_head_json":{"title":"Slovensk\u00fd vesl\u00e1rsky zv\u00e4z - Bavlnen\u00e9 kra\u0165asy - fanzone.sk","robots":{"index":"index","follow":"follow","max-snippet":"max-snippet:-1","max-image-preview":"max-image-preview:large","max-video-preview":"max-video-preview:-1"},"canonical":"https:\/\/fanzone.sk\/en\/product\/slovensky-veslarsky-zvaz-bavlnene-kratasy\/","og_locale":"en_US","og_type":"article","og_title":"Slovensk\u00fd vesl\u00e1rsky zv\u00e4z - Bavlnen\u00e9 kra\u0165asy - fanzone.sk","og_description":"Bavlnen\u00e9 kra\u0165asy s mot\u00edvom SVZ  Materi\u00e1l \u2013 60% bavlna, 40% polyester","og_url":"https:\/\/fanzone.sk\/en\/product\/slovensky-veslarsky-zvaz-bavlnene-kratasy\/","og_site_name":"fanzone.sk","article_publisher":"https:\/\/www.facebook.com\/FANZONEsk\/","article_modified_time":"2025-02-03T21:07:41+00:00","og_image":[{"width":800,"height":800,"url":"https:\/\/fanzone.sk\/wp-content\/uploads\/2021\/07\/Kratasy-NICOL-1.jpg","type":"image\/jpeg"}],"twitter_card":"summary_large_image","schema":{"@context":"https:\/\/schema.org","@graph":[{"@type":"WebPage","@id":"https:\/\/fanzone.sk\/produkt\/slovensky-veslarsky-zvaz-bavlnene-kratasy\/","url":"https:\/\/fanzone.sk\/produkt\/slovensky-veslarsky-zvaz-bavlnene-kratasy\/","name":"Slovensk\u00fd vesl\u00e1rsky zv\u00e4z - Bavlnen\u00e9 kra\u0165asy - fanzone.sk","isPartOf":{"@id":"https:\/\/fanzone.sk\/#website"},"datePublished":"2021-07-01T07:55:38+00:00","dateModified":"2025-02-03T21:07:41+00:00","breadcrumb":{"@id":"https:\/\/fanzone.sk\/produkt\/slovensky-veslarsky-zvaz-bavlnene-kratasy\/#breadcrumb"},"inLanguage":"en-US","potentialAction":[{"@type":"ReadAction","target":["https:\/\/fanzone.sk\/produkt\/slovensky-veslarsky-zvaz-bavlnene-kratasy\/"]}]},{"@type":"BreadcrumbList","@id":"https:\/\/fanzone.sk\/produkt\/slovensky-veslarsky-zvaz-bavlnene-kratasy\/#breadcrumb","itemListElement":[{"@type":"ListItem","position":1,"name":"Home","item":"https:\/\/fanzone.sk\/"},{"@type":"ListItem","position":2,"name":"Obchod","item":"https:\/\/fanzone.sk\/obchod\/"},{"@type":"ListItem","position":3,"name":"Slovensk\u00fd vesl\u00e1rsky zv\u00e4z &#8211; Bavlnen\u00e9 kra\u0165asy"}]},{"@type":"WebSite","@id":"https:\/\/fanzone.sk\/#website","url":"https:\/\/fanzone.sk\/","name":"fanzone.sk","description":"","potentialAction":[{"@type":"SearchAction","target":{"@type":"EntryPoint","urlTemplate":"https:\/\/fanzone.sk\/?s={search_term_string}"},"query-input":"required name=search_term_string"}],"inLanguage":"en-US"}]}},"_links":{"self":[{"href":"https:\/\/fanzone.sk\/en\/wp-json\/wp\/v2\/product\/17063"}],"collection":[{"href":"https:\/\/fanzone.sk\/en\/wp-json\/wp\/v2\/product"}],"about":[{"href":"https:\/\/fanzone.sk\/en\/wp-json\/wp\/v2\/types\/product"}],"wp:featuredmedia":[{"embeddable":true,"href":"https:\/\/fanzone.sk\/en\/wp-json\/wp\/v2\/media\/17065"}],"wp:attachment":[{"href":"https:\/\/fanzone.sk\/en\/wp-json\/wp\/v2\/media?parent=17063"}],"wp:term":[{"taxonomy":"product_cat","embeddable":true,"href":"https:\/\/fanzone.sk\/en\/wp-json\/wp\/v2\/product_cat?post=17063"},{"taxonomy":"product_tag","embeddable":true,"href":"https:\/\/fanzone.sk\/en\/wp-json\/wp\/v2\/product_tag?post=17063"}],"curies":[{"name":"wp","href":"https:\/\/api.w.org\/{rel}","templated":true}]}}