{"id":17082,"date":"2021-07-01T10:45:38","date_gmt":"2021-07-01T08:45:38","guid":{"rendered":"https:\/\/fanzone.sk\/?post_type=product&#038;p=17082"},"modified":"2025-02-03T22:07:41","modified_gmt":"2025-02-03T21:07:41","slug":"slovensky-veslarsky-zvaz-leginy","status":"publish","type":"product","link":"https:\/\/fanzone.sk\/en\/product\/slovensky-veslarsky-zvaz-leginy\/","title":{"rendered":"Slovensk\u00fd vesl\u00e1rsky zv\u00e4z &#8211; Leg\u00edny"},"content":{"rendered":"<ul>\n<li>\u0160portov\u00e9 d\u00e1mske leg\u00edny z funk\u010dn\u00e9ho materi\u00e1lu,\u00a0<strong>celosublimovan\u00e9<\/strong> ( potla\u010d na celej l\u00e1tke ) aplik\u00e1cia grafiky SVZ<\/li>\n<li><strong>PUSH Up efekt<\/strong> \u2013 spev\u0148uje a tvaruje postavu<\/li>\n<li>Materi\u00e1l &#8211; <em><strong>pevnej\u0161\u00ed a \u201ctuh\u0161\u00ed\u201d<\/strong>.<\/em><\/li>\n<li>300 g \/m2<\/li>\n<li>84 % micropolyester 16% elastan<\/li>\n<li>vhodn\u00e9 na ak\u00e9ko\u013evek indoorov\u00e9 a outdoorov\u00e9 \u0161porty<\/li>\n<li><em>Pri v\u00fdbere ve\u013ekosti odpor\u00fa\u010dame dr\u017ea\u0165 sa \u0161tandardnej konfek\u010dnej ve\u013ekosti, ktor\u00fa be\u017ene nos\u00edte.\u00a0<\/em><\/li>\n<li><em><strong>Starostlivos\u0165 o leg\u00edny:<\/strong>\u00a0pranie na 30\u00b0, nepou\u017e\u00edva\u0165 aviv\u00e1\u017e, nesu\u0161i\u0165 v su\u0161i\u010dke.<\/em><\/li>\n<\/ul>","protected":false},"excerpt":{"rendered":"<ul>\n<li>\u0160portov\u00e9 d\u00e1mske leg\u00edny z funk\u010dn\u00e9ho materi\u00e1lu,\u00a0<strong>celosublimovan\u00e9<\/strong> ( potla\u010d na celej l\u00e1tke ) aplik\u00e1cia grafiky SVZ<\/li>\n<li><strong>PUSH Up efekt<\/strong> \u2013 spev\u0148uje a tvaruje postavu<\/li>\n<li>Materi\u00e1l &#8211; <em><strong>pevnej\u0161\u00ed a \u201ctuh\u0161\u00ed\u201d<\/strong>.<\/em><\/li>\n<li>300 g \/m2<\/li>\n<li>84 % micropolyester 16% elastan<\/li>\n<li>vhodn\u00e9 na ak\u00e9ko\u013evek indoorov\u00e9 a outdoorov\u00e9 \u0161porty<\/li>\n<li><em>Pri v\u00fdbere ve\u013ekosti odpor\u00fa\u010dame dr\u017ea\u0165 sa \u0161tandardnej konfek\u010dnej ve\u013ekosti, ktor\u00fa be\u017ene nos\u00edte.\u00a0<\/em><\/li>\n<li><em><strong>Starostlivos\u0165 o leg\u00edny:<\/strong>\u00a0pranie na 30\u00b0, nepou\u017e\u00edva\u0165 aviv\u00e1\u017e, nesu\u0161i\u0165 v su\u0161i\u010dke.<\/em><\/li>\n<li><\/li>\n<\/ul>","protected":false},"featured_media":17218,"template":"","meta":[],"product_cat":[430,326],"product_tag":[147],"wcpa_form_fields":null,"yoast_head":"<!-- This site is optimized with the Yoast SEO plugin v21.2 - https:\/\/yoast.com\/wordpress\/plugins\/seo\/ -->\n<title>Slovensk\u00fd vesl\u00e1rsky zv\u00e4z - Leg\u00edny - fanzone.sk<\/title>\n<meta name=\"robots\" content=\"index, follow, max-snippet:-1, max-image-preview:large, max-video-preview:-1\" \/>\n<link rel=\"canonical\" href=\"https:\/\/fanzone.sk\/en\/product\/slovensky-veslarsky-zvaz-leginy\/\" \/>\n<meta property=\"og:locale\" content=\"en_US\" \/>\n<meta property=\"og:type\" content=\"article\" \/>\n<meta property=\"og:title\" content=\"Slovensk\u00fd vesl\u00e1rsky zv\u00e4z - Leg\u00edny - fanzone.sk\" \/>\n<meta property=\"og:description\" content=\"\u0160portov\u00e9 d\u00e1mske leg\u00edny z funk\u010dn\u00e9ho materi\u00e1lu,\u00a0celosublimovan\u00e9 ( potla\u010d na celej l\u00e1tke ) aplik\u00e1cia grafiky SVZ  PUSH Up efekt \u2013 spev\u0148uje a tvaruje postavu  Materi\u00e1l - pevnej\u0161\u00ed a \u201ctuh\u0161\u00ed\u201d.  300 g \/m2  84 % micropolyester 16% elastan  vhodn\u00e9 na ak\u00e9ko\u013evek indoorov\u00e9 a outdoorov\u00e9 \u0161porty  Pri v\u00fdbere ve\u013ekosti odpor\u00fa\u010dame dr\u017ea\u0165 sa \u0161tandardnej konfek\u010dnej ve\u013ekosti, ktor\u00fa be\u017ene nos\u00edte.\u00a0  Starostlivos\u0165 o leg\u00edny:\u00a0pranie na 30\u00b0, nepou\u017e\u00edva\u0165 aviv\u00e1\u017e, nesu\u0161i\u0165 v su\u0161i\u010dke.\" \/>\n<meta property=\"og:url\" content=\"https:\/\/fanzone.sk\/en\/product\/slovensky-veslarsky-zvaz-leginy\/\" \/>\n<meta property=\"og:site_name\" content=\"fanzone.sk\" \/>\n<meta property=\"article:publisher\" content=\"https:\/\/www.facebook.com\/FANZONEsk\/\" \/>\n<meta property=\"article:modified_time\" content=\"2025-02-03T21:07:41+00:00\" \/>\n<meta property=\"og:image\" content=\"https:\/\/fanzone.sk\/wp-content\/uploads\/2021\/07\/leginy-IVO-V-04.jpg\" \/>\n\t<meta property=\"og:image:width\" content=\"800\" \/>\n\t<meta property=\"og:image:height\" content=\"800\" \/>\n\t<meta property=\"og:image:type\" content=\"image\/jpeg\" \/>\n<meta name=\"twitter:card\" content=\"summary_large_image\" \/>\n<script type=\"application\/ld+json\" class=\"yoast-schema-graph\">{\"@context\":\"https:\/\/schema.org\",\"@graph\":[{\"@type\":\"WebPage\",\"@id\":\"https:\/\/fanzone.sk\/produkt\/slovensky-veslarsky-zvaz-leginy\/\",\"url\":\"https:\/\/fanzone.sk\/produkt\/slovensky-veslarsky-zvaz-leginy\/\",\"name\":\"Slovensk\u00fd vesl\u00e1rsky zv\u00e4z - Leg\u00edny - fanzone.sk\",\"isPartOf\":{\"@id\":\"https:\/\/fanzone.sk\/#website\"},\"datePublished\":\"2021-07-01T08:45:38+00:00\",\"dateModified\":\"2025-02-03T21:07:41+00:00\",\"breadcrumb\":{\"@id\":\"https:\/\/fanzone.sk\/produkt\/slovensky-veslarsky-zvaz-leginy\/#breadcrumb\"},\"inLanguage\":\"en-US\",\"potentialAction\":[{\"@type\":\"ReadAction\",\"target\":[\"https:\/\/fanzone.sk\/produkt\/slovensky-veslarsky-zvaz-leginy\/\"]}]},{\"@type\":\"BreadcrumbList\",\"@id\":\"https:\/\/fanzone.sk\/produkt\/slovensky-veslarsky-zvaz-leginy\/#breadcrumb\",\"itemListElement\":[{\"@type\":\"ListItem\",\"position\":1,\"name\":\"Home\",\"item\":\"https:\/\/fanzone.sk\/\"},{\"@type\":\"ListItem\",\"position\":2,\"name\":\"Obchod\",\"item\":\"https:\/\/fanzone.sk\/obchod\/\"},{\"@type\":\"ListItem\",\"position\":3,\"name\":\"Slovensk\u00fd vesl\u00e1rsky zv\u00e4z &#8211; Leg\u00edny\"}]},{\"@type\":\"WebSite\",\"@id\":\"https:\/\/fanzone.sk\/#website\",\"url\":\"https:\/\/fanzone.sk\/\",\"name\":\"fanzone.sk\",\"description\":\"\",\"potentialAction\":[{\"@type\":\"SearchAction\",\"target\":{\"@type\":\"EntryPoint\",\"urlTemplate\":\"https:\/\/fanzone.sk\/?s={search_term_string}\"},\"query-input\":\"required name=search_term_string\"}],\"inLanguage\":\"en-US\"}]}<\/script>\n<!-- \/ Yoast SEO plugin. -->","yoast_head_json":{"title":"Slovensk\u00fd vesl\u00e1rsky zv\u00e4z - Leg\u00edny - fanzone.sk","robots":{"index":"index","follow":"follow","max-snippet":"max-snippet:-1","max-image-preview":"max-image-preview:large","max-video-preview":"max-video-preview:-1"},"canonical":"https:\/\/fanzone.sk\/en\/product\/slovensky-veslarsky-zvaz-leginy\/","og_locale":"en_US","og_type":"article","og_title":"Slovensk\u00fd vesl\u00e1rsky zv\u00e4z - Leg\u00edny - fanzone.sk","og_description":"\u0160portov\u00e9 d\u00e1mske leg\u00edny z funk\u010dn\u00e9ho materi\u00e1lu,\u00a0celosublimovan\u00e9 ( potla\u010d na celej l\u00e1tke ) aplik\u00e1cia grafiky SVZ  PUSH Up efekt \u2013 spev\u0148uje a tvaruje postavu  Materi\u00e1l - pevnej\u0161\u00ed a \u201ctuh\u0161\u00ed\u201d.  300 g \/m2  84 % micropolyester 16% elastan  vhodn\u00e9 na ak\u00e9ko\u013evek indoorov\u00e9 a outdoorov\u00e9 \u0161porty  Pri v\u00fdbere ve\u013ekosti odpor\u00fa\u010dame dr\u017ea\u0165 sa \u0161tandardnej konfek\u010dnej ve\u013ekosti, ktor\u00fa be\u017ene nos\u00edte.\u00a0  Starostlivos\u0165 o leg\u00edny:\u00a0pranie na 30\u00b0, nepou\u017e\u00edva\u0165 aviv\u00e1\u017e, nesu\u0161i\u0165 v su\u0161i\u010dke.","og_url":"https:\/\/fanzone.sk\/en\/product\/slovensky-veslarsky-zvaz-leginy\/","og_site_name":"fanzone.sk","article_publisher":"https:\/\/www.facebook.com\/FANZONEsk\/","article_modified_time":"2025-02-03T21:07:41+00:00","og_image":[{"width":800,"height":800,"url":"https:\/\/fanzone.sk\/wp-content\/uploads\/2021\/07\/leginy-IVO-V-04.jpg","type":"image\/jpeg"}],"twitter_card":"summary_large_image","schema":{"@context":"https:\/\/schema.org","@graph":[{"@type":"WebPage","@id":"https:\/\/fanzone.sk\/produkt\/slovensky-veslarsky-zvaz-leginy\/","url":"https:\/\/fanzone.sk\/produkt\/slovensky-veslarsky-zvaz-leginy\/","name":"Slovensk\u00fd vesl\u00e1rsky zv\u00e4z - Leg\u00edny - fanzone.sk","isPartOf":{"@id":"https:\/\/fanzone.sk\/#website"},"datePublished":"2021-07-01T08:45:38+00:00","dateModified":"2025-02-03T21:07:41+00:00","breadcrumb":{"@id":"https:\/\/fanzone.sk\/produkt\/slovensky-veslarsky-zvaz-leginy\/#breadcrumb"},"inLanguage":"en-US","potentialAction":[{"@type":"ReadAction","target":["https:\/\/fanzone.sk\/produkt\/slovensky-veslarsky-zvaz-leginy\/"]}]},{"@type":"BreadcrumbList","@id":"https:\/\/fanzone.sk\/produkt\/slovensky-veslarsky-zvaz-leginy\/#breadcrumb","itemListElement":[{"@type":"ListItem","position":1,"name":"Home","item":"https:\/\/fanzone.sk\/"},{"@type":"ListItem","position":2,"name":"Obchod","item":"https:\/\/fanzone.sk\/obchod\/"},{"@type":"ListItem","position":3,"name":"Slovensk\u00fd vesl\u00e1rsky zv\u00e4z &#8211; Leg\u00edny"}]},{"@type":"WebSite","@id":"https:\/\/fanzone.sk\/#website","url":"https:\/\/fanzone.sk\/","name":"fanzone.sk","description":"","potentialAction":[{"@type":"SearchAction","target":{"@type":"EntryPoint","urlTemplate":"https:\/\/fanzone.sk\/?s={search_term_string}"},"query-input":"required name=search_term_string"}],"inLanguage":"en-US"}]}},"_links":{"self":[{"href":"https:\/\/fanzone.sk\/en\/wp-json\/wp\/v2\/product\/17082"}],"collection":[{"href":"https:\/\/fanzone.sk\/en\/wp-json\/wp\/v2\/product"}],"about":[{"href":"https:\/\/fanzone.sk\/en\/wp-json\/wp\/v2\/types\/product"}],"wp:featuredmedia":[{"embeddable":true,"href":"https:\/\/fanzone.sk\/en\/wp-json\/wp\/v2\/media\/17218"}],"wp:attachment":[{"href":"https:\/\/fanzone.sk\/en\/wp-json\/wp\/v2\/media?parent=17082"}],"wp:term":[{"taxonomy":"product_cat","embeddable":true,"href":"https:\/\/fanzone.sk\/en\/wp-json\/wp\/v2\/product_cat?post=17082"},{"taxonomy":"product_tag","embeddable":true,"href":"https:\/\/fanzone.sk\/en\/wp-json\/wp\/v2\/product_tag?post=17082"}],"curies":[{"name":"wp","href":"https:\/\/api.w.org\/{rel}","templated":true}]}}