{"id":17716,"date":"2021-10-12T15:20:06","date_gmt":"2021-10-12T13:20:06","guid":{"rendered":"https:\/\/fanzone.sk\/?post_type=product&#038;p=17716"},"modified":"2025-04-11T12:20:49","modified_gmt":"2025-04-11T10:20:49","slug":"fakulta-sportu-damske-leginy-3-4-2","status":"publish","type":"product","link":"https:\/\/fanzone.sk\/en\/product\/fakulta-sportu-damske-leginy-3-4-2\/","title":{"rendered":"Fakulta \u0161portu &#8211; D\u00e1mske 3\/4 leg\u00edny 1"},"content":{"rendered":"<ul>\n<li>\u0160portov\u00e9 d\u00e1mske leg\u00edny z funk\u010dn\u00e9ho materi\u00e1lu 3\/4<\/li>\n<li>Elastick\u00fd materi\u00e1l so zv\u00fd\u0161en\u00fdm p\u00e1som<\/li>\n<li>PUSH Up efekt \u2013 spev\u0148uj\u00fa a tvaruj\u00fa postavu<\/li>\n<li>300 g \/m2<\/li>\n<li>84 % micropolyester 16% elastan<\/li>\n<li>vhodn\u00e9 na ak\u00e9ko\u013evek indoorov\u00e9 alebo outdoorov\u00e9 \u0161porty<\/li>\n<\/ul>","protected":false},"excerpt":{"rendered":"<ul>\n<li>\u0160portov\u00e9 d\u00e1mske leg\u00edny z funk\u010dn\u00e9ho materi\u00e1lu 3\/4<\/li>\n<li>Elastick\u00fd materi\u00e1l so zv\u00fd\u0161en\u00fdm p\u00e1som<\/li>\n<li>PUSH Up efekt \u2013 spev\u0148uj\u00fa a tvaruj\u00fa postavu<\/li>\n<li>300 g \/m2<\/li>\n<li>84 % micropolyester 16% elastan<\/li>\n<li>vhodn\u00e9 na ak\u00e9ko\u013evek indoorov\u00e9 alebo outdoorov\u00e9 \u0161porty<\/li>\n<\/ul>","protected":false},"featured_media":17719,"template":"","meta":[],"product_cat":[241,327,440],"product_tag":[147],"wcpa_form_fields":null,"yoast_head":"<!-- This site is optimized with the Yoast SEO plugin v21.2 - https:\/\/yoast.com\/wordpress\/plugins\/seo\/ -->\n<title>Fakulta \u0161portu - D\u00e1mske 3\/4 leg\u00edny 1 - fanzone.sk<\/title>\n<meta name=\"robots\" content=\"index, follow, max-snippet:-1, max-image-preview:large, max-video-preview:-1\" \/>\n<link rel=\"canonical\" href=\"https:\/\/fanzone.sk\/en\/product\/fakulta-sportu-damske-leginy-3-4-2\/\" \/>\n<meta property=\"og:locale\" content=\"en_US\" \/>\n<meta property=\"og:type\" content=\"article\" \/>\n<meta property=\"og:title\" content=\"Fakulta \u0161portu - D\u00e1mske 3\/4 leg\u00edny 1 - fanzone.sk\" \/>\n<meta property=\"og:description\" content=\"\u0160portov\u00e9 d\u00e1mske leg\u00edny z funk\u010dn\u00e9ho materi\u00e1lu 3\/4  Elastick\u00fd materi\u00e1l so zv\u00fd\u0161en\u00fdm p\u00e1som  PUSH Up efekt \u2013 spev\u0148uj\u00fa a tvaruj\u00fa postavu  300 g \/m2  84 % micropolyester 16% elastan  vhodn\u00e9 na ak\u00e9ko\u013evek indoorov\u00e9 alebo outdoorov\u00e9 \u0161porty\" \/>\n<meta property=\"og:url\" content=\"https:\/\/fanzone.sk\/en\/product\/fakulta-sportu-damske-leginy-3-4-2\/\" \/>\n<meta property=\"og:site_name\" content=\"fanzone.sk\" \/>\n<meta property=\"article:publisher\" content=\"https:\/\/www.facebook.com\/FANZONEsk\/\" \/>\n<meta property=\"article:modified_time\" content=\"2025-04-11T10:20:49+00:00\" \/>\n<meta property=\"og:image\" content=\"https:\/\/fanzone.sk\/wp-content\/uploads\/2021\/10\/FS-leginy-IVO2.jpg\" \/>\n\t<meta property=\"og:image:width\" content=\"800\" \/>\n\t<meta property=\"og:image:height\" content=\"800\" \/>\n\t<meta property=\"og:image:type\" content=\"image\/jpeg\" \/>\n<meta name=\"twitter:card\" content=\"summary_large_image\" \/>\n<meta name=\"twitter:label1\" content=\"Est. reading time\" \/>\n\t<meta name=\"twitter:data1\" content=\"1 minute\" \/>\n<script type=\"application\/ld+json\" class=\"yoast-schema-graph\">{\"@context\":\"https:\/\/schema.org\",\"@graph\":[{\"@type\":\"WebPage\",\"@id\":\"https:\/\/fanzone.sk\/produkt\/fakulta-sportu-damske-leginy-3-4-2\/\",\"url\":\"https:\/\/fanzone.sk\/produkt\/fakulta-sportu-damske-leginy-3-4-2\/\",\"name\":\"Fakulta \u0161portu - D\u00e1mske 3\/4 leg\u00edny 1 - fanzone.sk\",\"isPartOf\":{\"@id\":\"https:\/\/fanzone.sk\/#website\"},\"datePublished\":\"2021-10-12T13:20:06+00:00\",\"dateModified\":\"2025-04-11T10:20:49+00:00\",\"breadcrumb\":{\"@id\":\"https:\/\/fanzone.sk\/produkt\/fakulta-sportu-damske-leginy-3-4-2\/#breadcrumb\"},\"inLanguage\":\"en-US\",\"potentialAction\":[{\"@type\":\"ReadAction\",\"target\":[\"https:\/\/fanzone.sk\/produkt\/fakulta-sportu-damske-leginy-3-4-2\/\"]}]},{\"@type\":\"BreadcrumbList\",\"@id\":\"https:\/\/fanzone.sk\/produkt\/fakulta-sportu-damske-leginy-3-4-2\/#breadcrumb\",\"itemListElement\":[{\"@type\":\"ListItem\",\"position\":1,\"name\":\"Home\",\"item\":\"https:\/\/fanzone.sk\/\"},{\"@type\":\"ListItem\",\"position\":2,\"name\":\"Obchod\",\"item\":\"https:\/\/fanzone.sk\/obchod\/\"},{\"@type\":\"ListItem\",\"position\":3,\"name\":\"Fakulta \u0161portu &#8211; D\u00e1mske 3\/4 leg\u00edny 1\"}]},{\"@type\":\"WebSite\",\"@id\":\"https:\/\/fanzone.sk\/#website\",\"url\":\"https:\/\/fanzone.sk\/\",\"name\":\"fanzone.sk\",\"description\":\"\",\"potentialAction\":[{\"@type\":\"SearchAction\",\"target\":{\"@type\":\"EntryPoint\",\"urlTemplate\":\"https:\/\/fanzone.sk\/?s={search_term_string}\"},\"query-input\":\"required name=search_term_string\"}],\"inLanguage\":\"en-US\"}]}<\/script>\n<!-- \/ Yoast SEO plugin. -->","yoast_head_json":{"title":"Fakulta \u0161portu - D\u00e1mske 3\/4 leg\u00edny 1 - fanzone.sk","robots":{"index":"index","follow":"follow","max-snippet":"max-snippet:-1","max-image-preview":"max-image-preview:large","max-video-preview":"max-video-preview:-1"},"canonical":"https:\/\/fanzone.sk\/en\/product\/fakulta-sportu-damske-leginy-3-4-2\/","og_locale":"en_US","og_type":"article","og_title":"Fakulta \u0161portu - D\u00e1mske 3\/4 leg\u00edny 1 - fanzone.sk","og_description":"\u0160portov\u00e9 d\u00e1mske leg\u00edny z funk\u010dn\u00e9ho materi\u00e1lu 3\/4  Elastick\u00fd materi\u00e1l so zv\u00fd\u0161en\u00fdm p\u00e1som  PUSH Up efekt \u2013 spev\u0148uj\u00fa a tvaruj\u00fa postavu  300 g \/m2  84 % micropolyester 16% elastan  vhodn\u00e9 na ak\u00e9ko\u013evek indoorov\u00e9 alebo outdoorov\u00e9 \u0161porty","og_url":"https:\/\/fanzone.sk\/en\/product\/fakulta-sportu-damske-leginy-3-4-2\/","og_site_name":"fanzone.sk","article_publisher":"https:\/\/www.facebook.com\/FANZONEsk\/","article_modified_time":"2025-04-11T10:20:49+00:00","og_image":[{"width":800,"height":800,"url":"https:\/\/fanzone.sk\/wp-content\/uploads\/2021\/10\/FS-leginy-IVO2.jpg","type":"image\/jpeg"}],"twitter_card":"summary_large_image","twitter_misc":{"Est. reading time":"1 minute"},"schema":{"@context":"https:\/\/schema.org","@graph":[{"@type":"WebPage","@id":"https:\/\/fanzone.sk\/produkt\/fakulta-sportu-damske-leginy-3-4-2\/","url":"https:\/\/fanzone.sk\/produkt\/fakulta-sportu-damske-leginy-3-4-2\/","name":"Fakulta \u0161portu - D\u00e1mske 3\/4 leg\u00edny 1 - fanzone.sk","isPartOf":{"@id":"https:\/\/fanzone.sk\/#website"},"datePublished":"2021-10-12T13:20:06+00:00","dateModified":"2025-04-11T10:20:49+00:00","breadcrumb":{"@id":"https:\/\/fanzone.sk\/produkt\/fakulta-sportu-damske-leginy-3-4-2\/#breadcrumb"},"inLanguage":"en-US","potentialAction":[{"@type":"ReadAction","target":["https:\/\/fanzone.sk\/produkt\/fakulta-sportu-damske-leginy-3-4-2\/"]}]},{"@type":"BreadcrumbList","@id":"https:\/\/fanzone.sk\/produkt\/fakulta-sportu-damske-leginy-3-4-2\/#breadcrumb","itemListElement":[{"@type":"ListItem","position":1,"name":"Home","item":"https:\/\/fanzone.sk\/"},{"@type":"ListItem","position":2,"name":"Obchod","item":"https:\/\/fanzone.sk\/obchod\/"},{"@type":"ListItem","position":3,"name":"Fakulta \u0161portu &#8211; D\u00e1mske 3\/4 leg\u00edny 1"}]},{"@type":"WebSite","@id":"https:\/\/fanzone.sk\/#website","url":"https:\/\/fanzone.sk\/","name":"fanzone.sk","description":"","potentialAction":[{"@type":"SearchAction","target":{"@type":"EntryPoint","urlTemplate":"https:\/\/fanzone.sk\/?s={search_term_string}"},"query-input":"required name=search_term_string"}],"inLanguage":"en-US"}]}},"_links":{"self":[{"href":"https:\/\/fanzone.sk\/en\/wp-json\/wp\/v2\/product\/17716"}],"collection":[{"href":"https:\/\/fanzone.sk\/en\/wp-json\/wp\/v2\/product"}],"about":[{"href":"https:\/\/fanzone.sk\/en\/wp-json\/wp\/v2\/types\/product"}],"wp:featuredmedia":[{"embeddable":true,"href":"https:\/\/fanzone.sk\/en\/wp-json\/wp\/v2\/media\/17719"}],"wp:attachment":[{"href":"https:\/\/fanzone.sk\/en\/wp-json\/wp\/v2\/media?parent=17716"}],"wp:term":[{"taxonomy":"product_cat","embeddable":true,"href":"https:\/\/fanzone.sk\/en\/wp-json\/wp\/v2\/product_cat?post=17716"},{"taxonomy":"product_tag","embeddable":true,"href":"https:\/\/fanzone.sk\/en\/wp-json\/wp\/v2\/product_tag?post=17716"}],"curies":[{"name":"wp","href":"https:\/\/api.w.org\/{rel}","templated":true}]}}