{"id":18261,"date":"2022-01-25T15:42:25","date_gmt":"2022-01-25T14:42:25","guid":{"rendered":"https:\/\/fanzone.sk\/?post_type=product&#038;p=18261"},"modified":"2025-02-03T22:06:15","modified_gmt":"2025-02-03T21:06:15","slug":"hbk-protef-povazska-bystrica-sal-latkovy","status":"publish","type":"product","link":"https:\/\/fanzone.sk\/en\/product\/hbk-protef-povazska-bystrica-sal-latkovy\/","title":{"rendered":"HBK PROTEF Pova\u017esk\u00e1 Bystrica &#8211; \u0160\u00e1l l\u00e1tkov\u00fd"},"content":{"rendered":"<ul>\n<li>\u0160\u00e1l obojstrann\u00fd l\u00e1tkov\u00fd<\/li>\n<li>V strede n\u00e1pis HBK PROTEF Pova\u017esk\u00e1 Bystrica<\/li>\n<li>Ukon\u010den\u00e9 strapcami<\/li>\n<\/ul>","protected":false},"excerpt":{"rendered":"<ul>\n<li>\u0160\u00e1l obojstrann\u00fd l\u00e1tkov\u00fd<\/li>\n<li>V strede n\u00e1pis HBK PROTEF Pova\u017esk\u00e1 Bystrica<\/li>\n<li>Ukon\u010den\u00e9 strapcami<\/li>\n<\/ul>","protected":false},"featured_media":18262,"template":"","meta":[],"product_cat":[341,312],"product_tag":[45],"wcpa_form_fields":null,"yoast_head":"<!-- This site is optimized with the Yoast SEO plugin v21.2 - https:\/\/yoast.com\/wordpress\/plugins\/seo\/ -->\n<title>HBK PROTEF Pova\u017esk\u00e1 Bystrica - \u0160\u00e1l l\u00e1tkov\u00fd - fanzone.sk<\/title>\n<meta name=\"robots\" content=\"index, follow, max-snippet:-1, max-image-preview:large, max-video-preview:-1\" \/>\n<link rel=\"canonical\" href=\"https:\/\/fanzone.sk\/en\/product\/hbk-protef-povazska-bystrica-sal-latkovy\/\" \/>\n<meta property=\"og:locale\" content=\"en_US\" \/>\n<meta property=\"og:type\" content=\"article\" \/>\n<meta property=\"og:title\" content=\"HBK PROTEF Pova\u017esk\u00e1 Bystrica - \u0160\u00e1l l\u00e1tkov\u00fd - fanzone.sk\" \/>\n<meta property=\"og:description\" content=\"\u0160\u00e1l obojstrann\u00fd l\u00e1tkov\u00fd  V strede n\u00e1pis HBK PROTEF Pova\u017esk\u00e1 Bystrica  Ukon\u010den\u00e9 strapcami\" \/>\n<meta property=\"og:url\" content=\"https:\/\/fanzone.sk\/en\/product\/hbk-protef-povazska-bystrica-sal-latkovy\/\" \/>\n<meta property=\"og:site_name\" content=\"fanzone.sk\" \/>\n<meta property=\"article:publisher\" content=\"https:\/\/www.facebook.com\/FANZONEsk\/\" \/>\n<meta property=\"article:modified_time\" content=\"2025-02-03T21:06:15+00:00\" \/>\n<meta property=\"og:image\" content=\"https:\/\/fanzone.sk\/wp-content\/uploads\/2022\/01\/PROTEF-kolekcia-sal-VAH.jpg\" \/>\n\t<meta property=\"og:image:width\" content=\"1200\" \/>\n\t<meta property=\"og:image:height\" content=\"1200\" \/>\n\t<meta property=\"og:image:type\" content=\"image\/jpeg\" \/>\n<meta name=\"twitter:card\" content=\"summary_large_image\" \/>\n<meta name=\"twitter:label1\" content=\"Est. reading time\" \/>\n\t<meta name=\"twitter:data1\" content=\"1 minute\" \/>\n<script type=\"application\/ld+json\" class=\"yoast-schema-graph\">{\"@context\":\"https:\/\/schema.org\",\"@graph\":[{\"@type\":\"WebPage\",\"@id\":\"https:\/\/fanzone.sk\/produkt\/hbk-protef-povazska-bystrica-sal-latkovy\/\",\"url\":\"https:\/\/fanzone.sk\/produkt\/hbk-protef-povazska-bystrica-sal-latkovy\/\",\"name\":\"HBK PROTEF Pova\u017esk\u00e1 Bystrica - \u0160\u00e1l l\u00e1tkov\u00fd - fanzone.sk\",\"isPartOf\":{\"@id\":\"https:\/\/fanzone.sk\/#website\"},\"datePublished\":\"2022-01-25T14:42:25+00:00\",\"dateModified\":\"2025-02-03T21:06:15+00:00\",\"breadcrumb\":{\"@id\":\"https:\/\/fanzone.sk\/produkt\/hbk-protef-povazska-bystrica-sal-latkovy\/#breadcrumb\"},\"inLanguage\":\"en-US\",\"potentialAction\":[{\"@type\":\"ReadAction\",\"target\":[\"https:\/\/fanzone.sk\/produkt\/hbk-protef-povazska-bystrica-sal-latkovy\/\"]}]},{\"@type\":\"BreadcrumbList\",\"@id\":\"https:\/\/fanzone.sk\/produkt\/hbk-protef-povazska-bystrica-sal-latkovy\/#breadcrumb\",\"itemListElement\":[{\"@type\":\"ListItem\",\"position\":1,\"name\":\"Home\",\"item\":\"https:\/\/fanzone.sk\/\"},{\"@type\":\"ListItem\",\"position\":2,\"name\":\"Obchod\",\"item\":\"https:\/\/fanzone.sk\/obchod\/\"},{\"@type\":\"ListItem\",\"position\":3,\"name\":\"HBK PROTEF Pova\u017esk\u00e1 Bystrica &#8211; \u0160\u00e1l l\u00e1tkov\u00fd\"}]},{\"@type\":\"WebSite\",\"@id\":\"https:\/\/fanzone.sk\/#website\",\"url\":\"https:\/\/fanzone.sk\/\",\"name\":\"fanzone.sk\",\"description\":\"\",\"potentialAction\":[{\"@type\":\"SearchAction\",\"target\":{\"@type\":\"EntryPoint\",\"urlTemplate\":\"https:\/\/fanzone.sk\/?s={search_term_string}\"},\"query-input\":\"required name=search_term_string\"}],\"inLanguage\":\"en-US\"}]}<\/script>\n<!-- \/ Yoast SEO plugin. -->","yoast_head_json":{"title":"HBK PROTEF Pova\u017esk\u00e1 Bystrica - \u0160\u00e1l l\u00e1tkov\u00fd - fanzone.sk","robots":{"index":"index","follow":"follow","max-snippet":"max-snippet:-1","max-image-preview":"max-image-preview:large","max-video-preview":"max-video-preview:-1"},"canonical":"https:\/\/fanzone.sk\/en\/product\/hbk-protef-povazska-bystrica-sal-latkovy\/","og_locale":"en_US","og_type":"article","og_title":"HBK PROTEF Pova\u017esk\u00e1 Bystrica - \u0160\u00e1l l\u00e1tkov\u00fd - fanzone.sk","og_description":"\u0160\u00e1l obojstrann\u00fd l\u00e1tkov\u00fd  V strede n\u00e1pis HBK PROTEF Pova\u017esk\u00e1 Bystrica  Ukon\u010den\u00e9 strapcami","og_url":"https:\/\/fanzone.sk\/en\/product\/hbk-protef-povazska-bystrica-sal-latkovy\/","og_site_name":"fanzone.sk","article_publisher":"https:\/\/www.facebook.com\/FANZONEsk\/","article_modified_time":"2025-02-03T21:06:15+00:00","og_image":[{"width":1200,"height":1200,"url":"https:\/\/fanzone.sk\/wp-content\/uploads\/2022\/01\/PROTEF-kolekcia-sal-VAH.jpg","type":"image\/jpeg"}],"twitter_card":"summary_large_image","twitter_misc":{"Est. reading time":"1 minute"},"schema":{"@context":"https:\/\/schema.org","@graph":[{"@type":"WebPage","@id":"https:\/\/fanzone.sk\/produkt\/hbk-protef-povazska-bystrica-sal-latkovy\/","url":"https:\/\/fanzone.sk\/produkt\/hbk-protef-povazska-bystrica-sal-latkovy\/","name":"HBK PROTEF Pova\u017esk\u00e1 Bystrica - \u0160\u00e1l l\u00e1tkov\u00fd - fanzone.sk","isPartOf":{"@id":"https:\/\/fanzone.sk\/#website"},"datePublished":"2022-01-25T14:42:25+00:00","dateModified":"2025-02-03T21:06:15+00:00","breadcrumb":{"@id":"https:\/\/fanzone.sk\/produkt\/hbk-protef-povazska-bystrica-sal-latkovy\/#breadcrumb"},"inLanguage":"en-US","potentialAction":[{"@type":"ReadAction","target":["https:\/\/fanzone.sk\/produkt\/hbk-protef-povazska-bystrica-sal-latkovy\/"]}]},{"@type":"BreadcrumbList","@id":"https:\/\/fanzone.sk\/produkt\/hbk-protef-povazska-bystrica-sal-latkovy\/#breadcrumb","itemListElement":[{"@type":"ListItem","position":1,"name":"Home","item":"https:\/\/fanzone.sk\/"},{"@type":"ListItem","position":2,"name":"Obchod","item":"https:\/\/fanzone.sk\/obchod\/"},{"@type":"ListItem","position":3,"name":"HBK PROTEF Pova\u017esk\u00e1 Bystrica &#8211; \u0160\u00e1l l\u00e1tkov\u00fd"}]},{"@type":"WebSite","@id":"https:\/\/fanzone.sk\/#website","url":"https:\/\/fanzone.sk\/","name":"fanzone.sk","description":"","potentialAction":[{"@type":"SearchAction","target":{"@type":"EntryPoint","urlTemplate":"https:\/\/fanzone.sk\/?s={search_term_string}"},"query-input":"required name=search_term_string"}],"inLanguage":"en-US"}]}},"_links":{"self":[{"href":"https:\/\/fanzone.sk\/en\/wp-json\/wp\/v2\/product\/18261"}],"collection":[{"href":"https:\/\/fanzone.sk\/en\/wp-json\/wp\/v2\/product"}],"about":[{"href":"https:\/\/fanzone.sk\/en\/wp-json\/wp\/v2\/types\/product"}],"wp:featuredmedia":[{"embeddable":true,"href":"https:\/\/fanzone.sk\/en\/wp-json\/wp\/v2\/media\/18262"}],"wp:attachment":[{"href":"https:\/\/fanzone.sk\/en\/wp-json\/wp\/v2\/media?parent=18261"}],"wp:term":[{"taxonomy":"product_cat","embeddable":true,"href":"https:\/\/fanzone.sk\/en\/wp-json\/wp\/v2\/product_cat?post=18261"},{"taxonomy":"product_tag","embeddable":true,"href":"https:\/\/fanzone.sk\/en\/wp-json\/wp\/v2\/product_tag?post=18261"}],"curies":[{"name":"wp","href":"https:\/\/api.w.org\/{rel}","templated":true}]}}