{"id":18310,"date":"2022-01-27T11:32:15","date_gmt":"2022-01-27T10:32:15","guid":{"rendered":"https:\/\/fanzone.sk\/?post_type=product&#038;p=18310"},"modified":"2025-02-03T22:07:39","modified_gmt":"2025-02-03T21:07:39","slug":"damske-tricko-voleyball","status":"publish","type":"product","link":"https:\/\/fanzone.sk\/en\/product\/damske-tricko-voleyball\/","title":{"rendered":"D\u00e1mske tri\u010dko Voleyball"},"content":{"rendered":"<ul>\n<li>ru\u010dne ilustrovan\u00e1 grafika<\/li>\n<li>100% bavlna, prstencov\u00e1 a \u010desan\u00e1<\/li>\n<li>tenk\u00fd rebrovan\u00fd lem okolo krku<\/li>\n<li>spev\u0148uj\u00faca p\u00e1ska vzadu na krku<\/li>\n<li>bez bo\u010dn\u00fdch \u0161vov<\/li>\n<li>transferov\u00e1 potla\u010d<\/li>\n<li>v\u00fdber z dvoch farieb<\/li>\n<\/ul>","protected":false},"excerpt":{"rendered":"<ul>\n<li>ru\u010dne ilustrovan\u00e1 grafika<\/li>\n<li>100% bavlna, prstencov\u00e1 a \u010desan\u00e1<\/li>\n<li>tenk\u00fd rebrovan\u00fd lem okolo krku<\/li>\n<li>spev\u0148uj\u00faca p\u00e1ska vzadu na krku<\/li>\n<li>bez bo\u010dn\u00fdch \u0161vov<\/li>\n<li>transferov\u00e1 potla\u010d<\/li>\n<li>v\u00fdber z dvoch farieb<\/li>\n<\/ul>","protected":false},"featured_media":18313,"template":"","meta":[],"product_cat":[342,327,129],"product_tag":[144,130],"wcpa_form_fields":null,"yoast_head":"<!-- This site is optimized with the Yoast SEO plugin v21.2 - https:\/\/yoast.com\/wordpress\/plugins\/seo\/ -->\n<title>D\u00e1mske tri\u010dko Voleyball - fanzone.sk<\/title>\n<meta name=\"description\" content=\"ru\u010dne ilustrovan\u00e1 grafika100% bavlna, prstencov\u00e1 a \u010desan\u00e1tenk\u00fd rebrovan\u00fd lem okolo krkuspev\u0148uj\u00faca p\u00e1ska vzadu na krkubez bo\u010dn\u00fdch \u0161vovtransferov\u00e1 potla\u010dv\u00fdber z dvoch farieb\u00a0\" \/>\n<meta name=\"robots\" content=\"index, follow, max-snippet:-1, max-image-preview:large, max-video-preview:-1\" \/>\n<link rel=\"canonical\" href=\"https:\/\/fanzone.sk\/en\/product\/damske-tricko-voleyball\/\" \/>\n<meta property=\"og:locale\" content=\"en_US\" \/>\n<meta property=\"og:type\" content=\"article\" \/>\n<meta property=\"og:title\" content=\"D\u00e1mske tri\u010dko Voleyball - fanzone.sk\" \/>\n<meta property=\"og:description\" content=\"ru\u010dne ilustrovan\u00e1 grafika100% bavlna, prstencov\u00e1 a \u010desan\u00e1tenk\u00fd rebrovan\u00fd lem okolo krkuspev\u0148uj\u00faca p\u00e1ska vzadu na krkubez bo\u010dn\u00fdch \u0161vovtransferov\u00e1 potla\u010dv\u00fdber z dvoch farieb\u00a0\" \/>\n<meta property=\"og:url\" content=\"https:\/\/fanzone.sk\/en\/product\/damske-tricko-voleyball\/\" \/>\n<meta property=\"og:site_name\" content=\"fanzone.sk\" \/>\n<meta property=\"article:publisher\" content=\"https:\/\/www.facebook.com\/FANZONEsk\/\" \/>\n<meta property=\"article:modified_time\" content=\"2025-02-03T21:07:39+00:00\" \/>\n<meta property=\"og:image\" content=\"https:\/\/fanzone.sk\/wp-content\/uploads\/2022\/01\/MOR-eva-DAMSKE-black-7.jpg\" \/>\n\t<meta property=\"og:image:width\" content=\"1200\" \/>\n\t<meta property=\"og:image:height\" content=\"1200\" \/>\n\t<meta property=\"og:image:type\" content=\"image\/jpeg\" \/>\n<meta name=\"twitter:card\" content=\"summary_large_image\" \/>\n<meta name=\"twitter:label1\" content=\"Est. reading time\" \/>\n\t<meta name=\"twitter:data1\" content=\"1 minute\" \/>\n<script type=\"application\/ld+json\" class=\"yoast-schema-graph\">{\"@context\":\"https:\/\/schema.org\",\"@graph\":[{\"@type\":\"WebPage\",\"@id\":\"https:\/\/fanzone.sk\/produkt\/damske-tricko-voleyball\/\",\"url\":\"https:\/\/fanzone.sk\/produkt\/damske-tricko-voleyball\/\",\"name\":\"D\u00e1mske tri\u010dko Voleyball - fanzone.sk\",\"isPartOf\":{\"@id\":\"https:\/\/fanzone.sk\/#website\"},\"datePublished\":\"2022-01-27T10:32:15+00:00\",\"dateModified\":\"2025-02-03T21:07:39+00:00\",\"description\":\"ru\u010dne ilustrovan\u00e1 grafika100% bavlna, prstencov\u00e1 a \u010desan\u00e1tenk\u00fd rebrovan\u00fd lem okolo krkuspev\u0148uj\u00faca p\u00e1ska vzadu na krkubez bo\u010dn\u00fdch \u0161vovtransferov\u00e1 potla\u010dv\u00fdber z dvoch farieb\u00a0\",\"breadcrumb\":{\"@id\":\"https:\/\/fanzone.sk\/produkt\/damske-tricko-voleyball\/#breadcrumb\"},\"inLanguage\":\"en-US\",\"potentialAction\":[{\"@type\":\"ReadAction\",\"target\":[\"https:\/\/fanzone.sk\/produkt\/damske-tricko-voleyball\/\"]}]},{\"@type\":\"BreadcrumbList\",\"@id\":\"https:\/\/fanzone.sk\/produkt\/damske-tricko-voleyball\/#breadcrumb\",\"itemListElement\":[{\"@type\":\"ListItem\",\"position\":1,\"name\":\"Home\",\"item\":\"https:\/\/fanzone.sk\/\"},{\"@type\":\"ListItem\",\"position\":2,\"name\":\"Obchod\",\"item\":\"https:\/\/fanzone.sk\/obchod\/\"},{\"@type\":\"ListItem\",\"position\":3,\"name\":\"D\u00e1mske tri\u010dko Voleyball\"}]},{\"@type\":\"WebSite\",\"@id\":\"https:\/\/fanzone.sk\/#website\",\"url\":\"https:\/\/fanzone.sk\/\",\"name\":\"fanzone.sk\",\"description\":\"\",\"potentialAction\":[{\"@type\":\"SearchAction\",\"target\":{\"@type\":\"EntryPoint\",\"urlTemplate\":\"https:\/\/fanzone.sk\/?s={search_term_string}\"},\"query-input\":\"required name=search_term_string\"}],\"inLanguage\":\"en-US\"}]}<\/script>\n<!-- \/ Yoast SEO plugin. -->","yoast_head_json":{"title":"D\u00e1mske tri\u010dko Voleyball - fanzone.sk","description":"ru\u010dne ilustrovan\u00e1 grafika100% bavlna, prstencov\u00e1 a \u010desan\u00e1tenk\u00fd rebrovan\u00fd lem okolo krkuspev\u0148uj\u00faca p\u00e1ska vzadu na krkubez bo\u010dn\u00fdch \u0161vovtransferov\u00e1 potla\u010dv\u00fdber z dvoch farieb\u00a0","robots":{"index":"index","follow":"follow","max-snippet":"max-snippet:-1","max-image-preview":"max-image-preview:large","max-video-preview":"max-video-preview:-1"},"canonical":"https:\/\/fanzone.sk\/en\/product\/damske-tricko-voleyball\/","og_locale":"en_US","og_type":"article","og_title":"D\u00e1mske tri\u010dko Voleyball - fanzone.sk","og_description":"ru\u010dne ilustrovan\u00e1 grafika100% bavlna, prstencov\u00e1 a \u010desan\u00e1tenk\u00fd rebrovan\u00fd lem okolo krkuspev\u0148uj\u00faca p\u00e1ska vzadu na krkubez bo\u010dn\u00fdch \u0161vovtransferov\u00e1 potla\u010dv\u00fdber z dvoch farieb\u00a0","og_url":"https:\/\/fanzone.sk\/en\/product\/damske-tricko-voleyball\/","og_site_name":"fanzone.sk","article_publisher":"https:\/\/www.facebook.com\/FANZONEsk\/","article_modified_time":"2025-02-03T21:07:39+00:00","og_image":[{"width":1200,"height":1200,"url":"https:\/\/fanzone.sk\/wp-content\/uploads\/2022\/01\/MOR-eva-DAMSKE-black-7.jpg","type":"image\/jpeg"}],"twitter_card":"summary_large_image","twitter_misc":{"Est. reading time":"1 minute"},"schema":{"@context":"https:\/\/schema.org","@graph":[{"@type":"WebPage","@id":"https:\/\/fanzone.sk\/produkt\/damske-tricko-voleyball\/","url":"https:\/\/fanzone.sk\/produkt\/damske-tricko-voleyball\/","name":"D\u00e1mske tri\u010dko Voleyball - fanzone.sk","isPartOf":{"@id":"https:\/\/fanzone.sk\/#website"},"datePublished":"2022-01-27T10:32:15+00:00","dateModified":"2025-02-03T21:07:39+00:00","description":"ru\u010dne ilustrovan\u00e1 grafika100% bavlna, prstencov\u00e1 a \u010desan\u00e1tenk\u00fd rebrovan\u00fd lem okolo krkuspev\u0148uj\u00faca p\u00e1ska vzadu na krkubez bo\u010dn\u00fdch \u0161vovtransferov\u00e1 potla\u010dv\u00fdber z dvoch farieb\u00a0","breadcrumb":{"@id":"https:\/\/fanzone.sk\/produkt\/damske-tricko-voleyball\/#breadcrumb"},"inLanguage":"en-US","potentialAction":[{"@type":"ReadAction","target":["https:\/\/fanzone.sk\/produkt\/damske-tricko-voleyball\/"]}]},{"@type":"BreadcrumbList","@id":"https:\/\/fanzone.sk\/produkt\/damske-tricko-voleyball\/#breadcrumb","itemListElement":[{"@type":"ListItem","position":1,"name":"Home","item":"https:\/\/fanzone.sk\/"},{"@type":"ListItem","position":2,"name":"Obchod","item":"https:\/\/fanzone.sk\/obchod\/"},{"@type":"ListItem","position":3,"name":"D\u00e1mske tri\u010dko Voleyball"}]},{"@type":"WebSite","@id":"https:\/\/fanzone.sk\/#website","url":"https:\/\/fanzone.sk\/","name":"fanzone.sk","description":"","potentialAction":[{"@type":"SearchAction","target":{"@type":"EntryPoint","urlTemplate":"https:\/\/fanzone.sk\/?s={search_term_string}"},"query-input":"required name=search_term_string"}],"inLanguage":"en-US"}]}},"_links":{"self":[{"href":"https:\/\/fanzone.sk\/en\/wp-json\/wp\/v2\/product\/18310"}],"collection":[{"href":"https:\/\/fanzone.sk\/en\/wp-json\/wp\/v2\/product"}],"about":[{"href":"https:\/\/fanzone.sk\/en\/wp-json\/wp\/v2\/types\/product"}],"wp:featuredmedia":[{"embeddable":true,"href":"https:\/\/fanzone.sk\/en\/wp-json\/wp\/v2\/media\/18313"}],"wp:attachment":[{"href":"https:\/\/fanzone.sk\/en\/wp-json\/wp\/v2\/media?parent=18310"}],"wp:term":[{"taxonomy":"product_cat","embeddable":true,"href":"https:\/\/fanzone.sk\/en\/wp-json\/wp\/v2\/product_cat?post=18310"},{"taxonomy":"product_tag","embeddable":true,"href":"https:\/\/fanzone.sk\/en\/wp-json\/wp\/v2\/product_tag?post=18310"}],"curies":[{"name":"wp","href":"https:\/\/api.w.org\/{rel}","templated":true}]}}