{"id":19313,"date":"2022-04-11T11:59:33","date_gmt":"2022-04-11T09:59:33","guid":{"rendered":"https:\/\/fanzone.sk\/?post_type=product&#038;p=19313"},"modified":"2025-02-03T22:07:36","modified_gmt":"2025-02-03T21:07:36","slug":"slovensky-veslarsky-zvaz-vesta","status":"publish","type":"product","link":"https:\/\/fanzone.sk\/en\/product\/slovensky-veslarsky-zvaz-vesta\/","title":{"rendered":"Slovensk\u00fd vesl\u00e1rsky zv\u00e4z &#8211; Vesta"},"content":{"rendered":"<ul>\n<li>Vesta z nepremokavej l\u00e1tky na chrbte<\/li>\n<li>Predn\u00fd diel zo vzdu\u0161n\u00e9ho \u013eahk\u00e9ho materi\u00e1lu, vykrojen\u00fd<\/li>\n<li>Zadn\u00fd diel pred\u013a\u017een\u00fd<\/li>\n<li>Aplik\u00e1cia grafiky Slovensk\u00e9ho vesl\u00e1rskeho zv\u00e4zu<\/li>\n<\/ul>","protected":false},"excerpt":{"rendered":"<ul>\n<li>Vesta z nepremokavej l\u00e1tky na chrbte<\/li>\n<li>Predn\u00fd diel zo vzdu\u0161n\u00e9ho \u013eahk\u00e9ho materi\u00e1lu<\/li>\n<li>Zadn\u00fd diel pred\u013a\u017een\u00fd<\/li>\n<li>Aplik\u00e1cia grafiky Slovensk\u00e9ho vesl\u00e1rskeho zv\u00e4zu<\/li>\n<\/ul>","protected":false},"featured_media":19315,"template":"","meta":[],"product_cat":[430,326],"product_tag":[],"wcpa_form_fields":null,"yoast_head":"<!-- This site is optimized with the Yoast SEO plugin v21.2 - https:\/\/yoast.com\/wordpress\/plugins\/seo\/ -->\n<title>Slovensk\u00fd vesl\u00e1rsky zv\u00e4z - Vesta - fanzone.sk<\/title>\n<meta name=\"robots\" content=\"index, follow, max-snippet:-1, max-image-preview:large, max-video-preview:-1\" \/>\n<link rel=\"canonical\" href=\"https:\/\/fanzone.sk\/en\/product\/slovensky-veslarsky-zvaz-vesta\/\" \/>\n<meta property=\"og:locale\" content=\"en_US\" \/>\n<meta property=\"og:type\" content=\"article\" \/>\n<meta property=\"og:title\" content=\"Slovensk\u00fd vesl\u00e1rsky zv\u00e4z - Vesta - fanzone.sk\" \/>\n<meta property=\"og:description\" content=\"Vesta z nepremokavej l\u00e1tky na chrbte  Predn\u00fd diel zo vzdu\u0161n\u00e9ho \u013eahk\u00e9ho materi\u00e1lu  Zadn\u00fd diel pred\u013a\u017een\u00fd  Aplik\u00e1cia grafiky Slovensk\u00e9ho vesl\u00e1rskeho zv\u00e4zu\" \/>\n<meta property=\"og:url\" content=\"https:\/\/fanzone.sk\/en\/product\/slovensky-veslarsky-zvaz-vesta\/\" \/>\n<meta property=\"og:site_name\" content=\"fanzone.sk\" \/>\n<meta property=\"article:publisher\" content=\"https:\/\/www.facebook.com\/FANZONEsk\/\" \/>\n<meta property=\"article:modified_time\" content=\"2025-02-03T21:07:36+00:00\" \/>\n<meta property=\"og:image\" content=\"https:\/\/fanzone.sk\/wp-content\/uploads\/2022\/04\/VIKTOR-1.jpg\" \/>\n\t<meta property=\"og:image:width\" content=\"800\" \/>\n\t<meta property=\"og:image:height\" content=\"800\" \/>\n\t<meta property=\"og:image:type\" content=\"image\/jpeg\" \/>\n<meta name=\"twitter:card\" content=\"summary_large_image\" \/>\n<meta name=\"twitter:label1\" content=\"Est. reading time\" \/>\n\t<meta name=\"twitter:data1\" content=\"1 minute\" \/>\n<script type=\"application\/ld+json\" class=\"yoast-schema-graph\">{\"@context\":\"https:\/\/schema.org\",\"@graph\":[{\"@type\":\"WebPage\",\"@id\":\"https:\/\/fanzone.sk\/produkt\/slovensky-veslarsky-zvaz-vesta\/\",\"url\":\"https:\/\/fanzone.sk\/produkt\/slovensky-veslarsky-zvaz-vesta\/\",\"name\":\"Slovensk\u00fd vesl\u00e1rsky zv\u00e4z - Vesta - fanzone.sk\",\"isPartOf\":{\"@id\":\"https:\/\/fanzone.sk\/#website\"},\"datePublished\":\"2022-04-11T09:59:33+00:00\",\"dateModified\":\"2025-02-03T21:07:36+00:00\",\"breadcrumb\":{\"@id\":\"https:\/\/fanzone.sk\/produkt\/slovensky-veslarsky-zvaz-vesta\/#breadcrumb\"},\"inLanguage\":\"en-US\",\"potentialAction\":[{\"@type\":\"ReadAction\",\"target\":[\"https:\/\/fanzone.sk\/produkt\/slovensky-veslarsky-zvaz-vesta\/\"]}]},{\"@type\":\"BreadcrumbList\",\"@id\":\"https:\/\/fanzone.sk\/produkt\/slovensky-veslarsky-zvaz-vesta\/#breadcrumb\",\"itemListElement\":[{\"@type\":\"ListItem\",\"position\":1,\"name\":\"Home\",\"item\":\"https:\/\/fanzone.sk\/\"},{\"@type\":\"ListItem\",\"position\":2,\"name\":\"Obchod\",\"item\":\"https:\/\/fanzone.sk\/obchod\/\"},{\"@type\":\"ListItem\",\"position\":3,\"name\":\"Slovensk\u00fd vesl\u00e1rsky zv\u00e4z &#8211; Vesta\"}]},{\"@type\":\"WebSite\",\"@id\":\"https:\/\/fanzone.sk\/#website\",\"url\":\"https:\/\/fanzone.sk\/\",\"name\":\"fanzone.sk\",\"description\":\"\",\"potentialAction\":[{\"@type\":\"SearchAction\",\"target\":{\"@type\":\"EntryPoint\",\"urlTemplate\":\"https:\/\/fanzone.sk\/?s={search_term_string}\"},\"query-input\":\"required name=search_term_string\"}],\"inLanguage\":\"en-US\"}]}<\/script>\n<!-- \/ Yoast SEO plugin. -->","yoast_head_json":{"title":"Slovensk\u00fd vesl\u00e1rsky zv\u00e4z - Vesta - fanzone.sk","robots":{"index":"index","follow":"follow","max-snippet":"max-snippet:-1","max-image-preview":"max-image-preview:large","max-video-preview":"max-video-preview:-1"},"canonical":"https:\/\/fanzone.sk\/en\/product\/slovensky-veslarsky-zvaz-vesta\/","og_locale":"en_US","og_type":"article","og_title":"Slovensk\u00fd vesl\u00e1rsky zv\u00e4z - Vesta - fanzone.sk","og_description":"Vesta z nepremokavej l\u00e1tky na chrbte  Predn\u00fd diel zo vzdu\u0161n\u00e9ho \u013eahk\u00e9ho materi\u00e1lu  Zadn\u00fd diel pred\u013a\u017een\u00fd  Aplik\u00e1cia grafiky Slovensk\u00e9ho vesl\u00e1rskeho zv\u00e4zu","og_url":"https:\/\/fanzone.sk\/en\/product\/slovensky-veslarsky-zvaz-vesta\/","og_site_name":"fanzone.sk","article_publisher":"https:\/\/www.facebook.com\/FANZONEsk\/","article_modified_time":"2025-02-03T21:07:36+00:00","og_image":[{"width":800,"height":800,"url":"https:\/\/fanzone.sk\/wp-content\/uploads\/2022\/04\/VIKTOR-1.jpg","type":"image\/jpeg"}],"twitter_card":"summary_large_image","twitter_misc":{"Est. reading time":"1 minute"},"schema":{"@context":"https:\/\/schema.org","@graph":[{"@type":"WebPage","@id":"https:\/\/fanzone.sk\/produkt\/slovensky-veslarsky-zvaz-vesta\/","url":"https:\/\/fanzone.sk\/produkt\/slovensky-veslarsky-zvaz-vesta\/","name":"Slovensk\u00fd vesl\u00e1rsky zv\u00e4z - Vesta - fanzone.sk","isPartOf":{"@id":"https:\/\/fanzone.sk\/#website"},"datePublished":"2022-04-11T09:59:33+00:00","dateModified":"2025-02-03T21:07:36+00:00","breadcrumb":{"@id":"https:\/\/fanzone.sk\/produkt\/slovensky-veslarsky-zvaz-vesta\/#breadcrumb"},"inLanguage":"en-US","potentialAction":[{"@type":"ReadAction","target":["https:\/\/fanzone.sk\/produkt\/slovensky-veslarsky-zvaz-vesta\/"]}]},{"@type":"BreadcrumbList","@id":"https:\/\/fanzone.sk\/produkt\/slovensky-veslarsky-zvaz-vesta\/#breadcrumb","itemListElement":[{"@type":"ListItem","position":1,"name":"Home","item":"https:\/\/fanzone.sk\/"},{"@type":"ListItem","position":2,"name":"Obchod","item":"https:\/\/fanzone.sk\/obchod\/"},{"@type":"ListItem","position":3,"name":"Slovensk\u00fd vesl\u00e1rsky zv\u00e4z &#8211; Vesta"}]},{"@type":"WebSite","@id":"https:\/\/fanzone.sk\/#website","url":"https:\/\/fanzone.sk\/","name":"fanzone.sk","description":"","potentialAction":[{"@type":"SearchAction","target":{"@type":"EntryPoint","urlTemplate":"https:\/\/fanzone.sk\/?s={search_term_string}"},"query-input":"required name=search_term_string"}],"inLanguage":"en-US"}]}},"_links":{"self":[{"href":"https:\/\/fanzone.sk\/en\/wp-json\/wp\/v2\/product\/19313"}],"collection":[{"href":"https:\/\/fanzone.sk\/en\/wp-json\/wp\/v2\/product"}],"about":[{"href":"https:\/\/fanzone.sk\/en\/wp-json\/wp\/v2\/types\/product"}],"wp:featuredmedia":[{"embeddable":true,"href":"https:\/\/fanzone.sk\/en\/wp-json\/wp\/v2\/media\/19315"}],"wp:attachment":[{"href":"https:\/\/fanzone.sk\/en\/wp-json\/wp\/v2\/media?parent=19313"}],"wp:term":[{"taxonomy":"product_cat","embeddable":true,"href":"https:\/\/fanzone.sk\/en\/wp-json\/wp\/v2\/product_cat?post=19313"},{"taxonomy":"product_tag","embeddable":true,"href":"https:\/\/fanzone.sk\/en\/wp-json\/wp\/v2\/product_tag?post=19313"}],"curies":[{"name":"wp","href":"https:\/\/api.w.org\/{rel}","templated":true}]}}