{"id":19318,"date":"2022-04-11T14:54:18","date_gmt":"2022-04-11T12:54:18","guid":{"rendered":"https:\/\/fanzone.sk\/?post_type=product&#038;p=19318"},"modified":"2025-10-10T11:39:57","modified_gmt":"2025-10-10T09:39:57","slug":"futsal-klub-lucenec-mikina-na-zips-s-kapucnou-a-stojacikom","status":"publish","type":"product","link":"https:\/\/fanzone.sk\/en\/product\/futsal-klub-lucenec-mikina-na-zips-s-kapucnou-a-stojacikom\/","title":{"rendered":"Futsal Klub Lu\u010denec &#8211; Mikina na zips, s kapuc\u0148ou a stoja\u010dikom"},"content":{"rendered":"<ul>\n<li>Mikina so zipsom, stoja\u010dikom a kapuc\u0148ou<\/li>\n<li>Zlo\u017eenie mikiny\u00a0 je 100% polyester<\/li>\n<li>Vhodn\u00e1 na tr\u00e9ningy<\/li>\n<\/ul>","protected":false},"excerpt":{"rendered":"<ul>\n<li>Mikina so zipsom, stoja\u010dikom a kapuc\u0148ou<\/li>\n<li>Zlo\u017eenie mikiny\u00a0 je 100% polyester<\/li>\n<li>Vhodn\u00e1 na tr\u00e9ningy<\/li>\n<\/ul>","protected":false},"featured_media":19321,"template":"","meta":[],"product_cat":[347,348],"product_tag":[349,145],"wcpa_form_fields":null,"yoast_head":"<!-- This site is optimized with the Yoast SEO plugin v21.2 - https:\/\/yoast.com\/wordpress\/plugins\/seo\/ -->\n<title>Futsal Klub Lu\u010denec - Mikina na zips, s kapuc\u0148ou a stoja\u010dikom - fanzone.sk<\/title>\n<meta name=\"robots\" content=\"index, follow, max-snippet:-1, max-image-preview:large, max-video-preview:-1\" \/>\n<link rel=\"canonical\" href=\"https:\/\/fanzone.sk\/en\/product\/futsal-klub-lucenec-mikina-na-zips-s-kapucnou-a-stojacikom\/\" \/>\n<meta property=\"og:locale\" content=\"en_US\" \/>\n<meta property=\"og:type\" content=\"article\" \/>\n<meta property=\"og:title\" content=\"Futsal Klub Lu\u010denec - Mikina na zips, s kapuc\u0148ou a stoja\u010dikom - fanzone.sk\" \/>\n<meta property=\"og:description\" content=\"Mikina so zipsom, stoja\u010dikom a kapuc\u0148ou  Zlo\u017eenie mikiny\u00a0 je 100% polyester  Vhodn\u00e1 na tr\u00e9ningy\" \/>\n<meta property=\"og:url\" content=\"https:\/\/fanzone.sk\/en\/product\/futsal-klub-lucenec-mikina-na-zips-s-kapucnou-a-stojacikom\/\" \/>\n<meta property=\"og:site_name\" content=\"fanzone.sk\" \/>\n<meta property=\"article:publisher\" content=\"https:\/\/www.facebook.com\/FANZONEsk\/\" \/>\n<meta property=\"article:modified_time\" content=\"2025-10-10T09:39:57+00:00\" \/>\n<meta property=\"og:image\" content=\"https:\/\/fanzone.sk\/wp-content\/uploads\/2022\/04\/MIMEL_mikina-STEFAN-biela-PD.jpg\" \/>\n\t<meta property=\"og:image:width\" content=\"800\" \/>\n\t<meta property=\"og:image:height\" content=\"800\" \/>\n\t<meta property=\"og:image:type\" content=\"image\/jpeg\" \/>\n<meta name=\"twitter:card\" content=\"summary_large_image\" \/>\n<meta name=\"twitter:label1\" content=\"Est. reading time\" \/>\n\t<meta name=\"twitter:data1\" content=\"1 minute\" \/>\n<script type=\"application\/ld+json\" class=\"yoast-schema-graph\">{\"@context\":\"https:\/\/schema.org\",\"@graph\":[{\"@type\":\"WebPage\",\"@id\":\"https:\/\/fanzone.sk\/produkt\/futsal-klub-lucenec-mikina-na-zips-s-kapucnou-a-stojacikom\/\",\"url\":\"https:\/\/fanzone.sk\/produkt\/futsal-klub-lucenec-mikina-na-zips-s-kapucnou-a-stojacikom\/\",\"name\":\"Futsal Klub Lu\u010denec - Mikina na zips, s kapuc\u0148ou a stoja\u010dikom - fanzone.sk\",\"isPartOf\":{\"@id\":\"https:\/\/fanzone.sk\/#website\"},\"datePublished\":\"2022-04-11T12:54:18+00:00\",\"dateModified\":\"2025-10-10T09:39:57+00:00\",\"breadcrumb\":{\"@id\":\"https:\/\/fanzone.sk\/produkt\/futsal-klub-lucenec-mikina-na-zips-s-kapucnou-a-stojacikom\/#breadcrumb\"},\"inLanguage\":\"en-US\",\"potentialAction\":[{\"@type\":\"ReadAction\",\"target\":[\"https:\/\/fanzone.sk\/produkt\/futsal-klub-lucenec-mikina-na-zips-s-kapucnou-a-stojacikom\/\"]}]},{\"@type\":\"BreadcrumbList\",\"@id\":\"https:\/\/fanzone.sk\/produkt\/futsal-klub-lucenec-mikina-na-zips-s-kapucnou-a-stojacikom\/#breadcrumb\",\"itemListElement\":[{\"@type\":\"ListItem\",\"position\":1,\"name\":\"Home\",\"item\":\"https:\/\/fanzone.sk\/\"},{\"@type\":\"ListItem\",\"position\":2,\"name\":\"Obchod\",\"item\":\"https:\/\/fanzone.sk\/obchod\/\"},{\"@type\":\"ListItem\",\"position\":3,\"name\":\"Futsal Klub Lu\u010denec &#8211; Mikina na zips, s kapuc\u0148ou a stoja\u010dikom\"}]},{\"@type\":\"WebSite\",\"@id\":\"https:\/\/fanzone.sk\/#website\",\"url\":\"https:\/\/fanzone.sk\/\",\"name\":\"fanzone.sk\",\"description\":\"\",\"potentialAction\":[{\"@type\":\"SearchAction\",\"target\":{\"@type\":\"EntryPoint\",\"urlTemplate\":\"https:\/\/fanzone.sk\/?s={search_term_string}\"},\"query-input\":\"required name=search_term_string\"}],\"inLanguage\":\"en-US\"}]}<\/script>\n<!-- \/ Yoast SEO plugin. -->","yoast_head_json":{"title":"Futsal Klub Lu\u010denec - Mikina na zips, s kapuc\u0148ou a stoja\u010dikom - fanzone.sk","robots":{"index":"index","follow":"follow","max-snippet":"max-snippet:-1","max-image-preview":"max-image-preview:large","max-video-preview":"max-video-preview:-1"},"canonical":"https:\/\/fanzone.sk\/en\/product\/futsal-klub-lucenec-mikina-na-zips-s-kapucnou-a-stojacikom\/","og_locale":"en_US","og_type":"article","og_title":"Futsal Klub Lu\u010denec - Mikina na zips, s kapuc\u0148ou a stoja\u010dikom - fanzone.sk","og_description":"Mikina so zipsom, stoja\u010dikom a kapuc\u0148ou  Zlo\u017eenie mikiny\u00a0 je 100% polyester  Vhodn\u00e1 na tr\u00e9ningy","og_url":"https:\/\/fanzone.sk\/en\/product\/futsal-klub-lucenec-mikina-na-zips-s-kapucnou-a-stojacikom\/","og_site_name":"fanzone.sk","article_publisher":"https:\/\/www.facebook.com\/FANZONEsk\/","article_modified_time":"2025-10-10T09:39:57+00:00","og_image":[{"width":800,"height":800,"url":"https:\/\/fanzone.sk\/wp-content\/uploads\/2022\/04\/MIMEL_mikina-STEFAN-biela-PD.jpg","type":"image\/jpeg"}],"twitter_card":"summary_large_image","twitter_misc":{"Est. reading time":"1 minute"},"schema":{"@context":"https:\/\/schema.org","@graph":[{"@type":"WebPage","@id":"https:\/\/fanzone.sk\/produkt\/futsal-klub-lucenec-mikina-na-zips-s-kapucnou-a-stojacikom\/","url":"https:\/\/fanzone.sk\/produkt\/futsal-klub-lucenec-mikina-na-zips-s-kapucnou-a-stojacikom\/","name":"Futsal Klub Lu\u010denec - Mikina na zips, s kapuc\u0148ou a stoja\u010dikom - fanzone.sk","isPartOf":{"@id":"https:\/\/fanzone.sk\/#website"},"datePublished":"2022-04-11T12:54:18+00:00","dateModified":"2025-10-10T09:39:57+00:00","breadcrumb":{"@id":"https:\/\/fanzone.sk\/produkt\/futsal-klub-lucenec-mikina-na-zips-s-kapucnou-a-stojacikom\/#breadcrumb"},"inLanguage":"en-US","potentialAction":[{"@type":"ReadAction","target":["https:\/\/fanzone.sk\/produkt\/futsal-klub-lucenec-mikina-na-zips-s-kapucnou-a-stojacikom\/"]}]},{"@type":"BreadcrumbList","@id":"https:\/\/fanzone.sk\/produkt\/futsal-klub-lucenec-mikina-na-zips-s-kapucnou-a-stojacikom\/#breadcrumb","itemListElement":[{"@type":"ListItem","position":1,"name":"Home","item":"https:\/\/fanzone.sk\/"},{"@type":"ListItem","position":2,"name":"Obchod","item":"https:\/\/fanzone.sk\/obchod\/"},{"@type":"ListItem","position":3,"name":"Futsal Klub Lu\u010denec &#8211; Mikina na zips, s kapuc\u0148ou a stoja\u010dikom"}]},{"@type":"WebSite","@id":"https:\/\/fanzone.sk\/#website","url":"https:\/\/fanzone.sk\/","name":"fanzone.sk","description":"","potentialAction":[{"@type":"SearchAction","target":{"@type":"EntryPoint","urlTemplate":"https:\/\/fanzone.sk\/?s={search_term_string}"},"query-input":"required name=search_term_string"}],"inLanguage":"en-US"}]}},"_links":{"self":[{"href":"https:\/\/fanzone.sk\/en\/wp-json\/wp\/v2\/product\/19318"}],"collection":[{"href":"https:\/\/fanzone.sk\/en\/wp-json\/wp\/v2\/product"}],"about":[{"href":"https:\/\/fanzone.sk\/en\/wp-json\/wp\/v2\/types\/product"}],"wp:featuredmedia":[{"embeddable":true,"href":"https:\/\/fanzone.sk\/en\/wp-json\/wp\/v2\/media\/19321"}],"wp:attachment":[{"href":"https:\/\/fanzone.sk\/en\/wp-json\/wp\/v2\/media?parent=19318"}],"wp:term":[{"taxonomy":"product_cat","embeddable":true,"href":"https:\/\/fanzone.sk\/en\/wp-json\/wp\/v2\/product_cat?post=19318"},{"taxonomy":"product_tag","embeddable":true,"href":"https:\/\/fanzone.sk\/en\/wp-json\/wp\/v2\/product_tag?post=19318"}],"curies":[{"name":"wp","href":"https:\/\/api.w.org\/{rel}","templated":true}]}}