{"id":19870,"date":"2022-06-01T10:11:51","date_gmt":"2022-06-01T08:11:51","guid":{"rendered":"https:\/\/fanzone.sk\/?post_type=product&#038;p=19870"},"modified":"2025-02-03T22:07:34","modified_gmt":"2025-02-03T21:07:34","slug":"capitol-floorball-club-leginy","status":"publish","type":"product","link":"https:\/\/fanzone.sk\/en\/product\/capitol-floorball-club-leginy\/","title":{"rendered":"CAPITOL Floorball Club &#8211; Leg\u00edny"},"content":{"rendered":"<ul>\n<li>\u0160portov\u00e9 d\u00e1mske leg\u00edny z funk\u010dn\u00e9ho materi\u00e1lu,\u00a0<strong>celosublimovan\u00e9<\/strong> ( potla\u010d na celej l\u00e1tke ) s logom klubu CAPITOL Floorball Club<\/li>\n<li>Elastick\u00fd materi\u00e1l so zv\u00fd\u0161en\u00fdm p\u00e1som<\/li>\n<li><strong>PUSH Up efekt<\/strong>\u00a0\u2013 spev\u0148uje a tvaruje postavu<\/li>\n<li>300 g \/m2<\/li>\n<li>84 % micropolyester 16% elastan<\/li>\n<li>vhodn\u00e9 na ak\u00e9ko\u013evek indoorov\u00e9 a outdoorov\u00e9 \u0161porty<\/li>\n<li><em>Pri v\u00fdbere ve\u013ekosti odpor\u00fa\u010dame dr\u017ea\u0165 sa \u0161tandardnej konfek\u010dnej ve\u013ekosti, ktor\u00fa be\u017ene nos\u00edte. Av\u0161ak leg\u00edny s\u00fa pevn\u00e9ho materi\u00e1lu ak preferujete volnej\u0161ie vyberte si o \u010d\u00edslo v\u00e4\u010d\u0161ie ako je v\u00e1\u0161a standardn\u00e1 konfek\u010dn\u00e1 ve\u013ekos\u0165.\u00a0<\/em><\/li>\n<\/ul>","protected":false},"excerpt":{"rendered":"<ul>\n<li>\u0160portov\u00e9 d\u00e1mske leg\u00edny z funk\u010dn\u00e9ho materi\u00e1lu,\u00a0<strong>celosublimovan\u00e9<\/strong> ( potla\u010d na celej l\u00e1tke ) s logom klubu CAPITOL Floorball Club<\/li>\n<li>Elastick\u00fd materi\u00e1l so zv\u00fd\u0161en\u00fdm p\u00e1som<\/li>\n<li><strong>PUSH Up efekt<\/strong>\u00a0\u2013 spev\u0148uje a tvaruje postavu<\/li>\n<li>300 g \/m2<\/li>\n<li>84 % micropolyester 16% elastan<\/li>\n<li>vhodn\u00e9 na ak\u00e9ko\u013evek indoorov\u00e9 a outdoorov\u00e9 \u0161porty<\/li>\n<li><em>Pri v\u00fdbere ve\u013ekosti odpor\u00fa\u010dame dr\u017ea\u0165 sa \u0161tandardnej konfek\u010dnej ve\u013ekosti, ktor\u00fa be\u017ene nos\u00edte. Av\u0161ak leg\u00edny s\u00fa pevn\u00e9ho materi\u00e1lu ak preferujete volnej\u0161ie vyberte si o \u010d\u00edslo v\u00e4\u010d\u0161ie ako je v\u00e1\u0161a standardn\u00e1 konfek\u010dn\u00e1 ve\u013ekos\u0165.\u00a0<\/em><\/li>\n<\/ul>","protected":false},"featured_media":19872,"template":"","meta":[],"product_cat":[359,311],"product_tag":[100,147],"wcpa_form_fields":null,"yoast_head":"<!-- This site is optimized with the Yoast SEO plugin v21.2 - https:\/\/yoast.com\/wordpress\/plugins\/seo\/ -->\n<title>CAPITOL Floorball Club - Leg\u00edny - fanzone.sk<\/title>\n<meta name=\"robots\" content=\"index, follow, max-snippet:-1, max-image-preview:large, max-video-preview:-1\" \/>\n<link rel=\"canonical\" href=\"https:\/\/fanzone.sk\/en\/product\/capitol-floorball-club-leginy\/\" \/>\n<meta property=\"og:locale\" content=\"en_US\" \/>\n<meta property=\"og:type\" content=\"article\" \/>\n<meta property=\"og:title\" content=\"CAPITOL Floorball Club - Leg\u00edny - fanzone.sk\" \/>\n<meta property=\"og:description\" content=\"\u0160portov\u00e9 d\u00e1mske leg\u00edny z funk\u010dn\u00e9ho materi\u00e1lu,\u00a0celosublimovan\u00e9 ( potla\u010d na celej l\u00e1tke ) s logom klubu CAPITOL Floorball Club  Elastick\u00fd materi\u00e1l so zv\u00fd\u0161en\u00fdm p\u00e1som  PUSH Up efekt\u00a0\u2013 spev\u0148uje a tvaruje postavu  300 g \/m2  84 % micropolyester 16% elastan  vhodn\u00e9 na ak\u00e9ko\u013evek indoorov\u00e9 a outdoorov\u00e9 \u0161porty  Pri v\u00fdbere ve\u013ekosti odpor\u00fa\u010dame dr\u017ea\u0165 sa \u0161tandardnej konfek\u010dnej ve\u013ekosti, ktor\u00fa be\u017ene nos\u00edte. Av\u0161ak leg\u00edny s\u00fa pevn\u00e9ho materi\u00e1lu ak preferujete volnej\u0161ie vyberte si o \u010d\u00edslo v\u00e4\u010d\u0161ie ako je v\u00e1\u0161a standardn\u00e1 konfek\u010dn\u00e1 ve\u013ekos\u0165.\u00a0\" \/>\n<meta property=\"og:url\" content=\"https:\/\/fanzone.sk\/en\/product\/capitol-floorball-club-leginy\/\" \/>\n<meta property=\"og:site_name\" content=\"fanzone.sk\" \/>\n<meta property=\"article:publisher\" content=\"https:\/\/www.facebook.com\/FANZONEsk\/\" \/>\n<meta property=\"article:modified_time\" content=\"2025-02-03T21:07:34+00:00\" \/>\n<meta property=\"og:image\" content=\"https:\/\/fanzone.sk\/wp-content\/uploads\/2022\/06\/CAPITOL_IVO-01.jpg\" \/>\n\t<meta property=\"og:image:width\" content=\"800\" \/>\n\t<meta property=\"og:image:height\" content=\"800\" \/>\n\t<meta property=\"og:image:type\" content=\"image\/jpeg\" \/>\n<meta name=\"twitter:card\" content=\"summary_large_image\" \/>\n<meta name=\"twitter:label1\" content=\"Est. reading time\" \/>\n\t<meta name=\"twitter:data1\" content=\"1 minute\" \/>\n<script type=\"application\/ld+json\" class=\"yoast-schema-graph\">{\"@context\":\"https:\/\/schema.org\",\"@graph\":[{\"@type\":\"WebPage\",\"@id\":\"https:\/\/fanzone.sk\/produkt\/capitol-floorball-club-leginy\/\",\"url\":\"https:\/\/fanzone.sk\/produkt\/capitol-floorball-club-leginy\/\",\"name\":\"CAPITOL Floorball Club - Leg\u00edny - fanzone.sk\",\"isPartOf\":{\"@id\":\"https:\/\/fanzone.sk\/#website\"},\"datePublished\":\"2022-06-01T08:11:51+00:00\",\"dateModified\":\"2025-02-03T21:07:34+00:00\",\"breadcrumb\":{\"@id\":\"https:\/\/fanzone.sk\/produkt\/capitol-floorball-club-leginy\/#breadcrumb\"},\"inLanguage\":\"en-US\",\"potentialAction\":[{\"@type\":\"ReadAction\",\"target\":[\"https:\/\/fanzone.sk\/produkt\/capitol-floorball-club-leginy\/\"]}]},{\"@type\":\"BreadcrumbList\",\"@id\":\"https:\/\/fanzone.sk\/produkt\/capitol-floorball-club-leginy\/#breadcrumb\",\"itemListElement\":[{\"@type\":\"ListItem\",\"position\":1,\"name\":\"Home\",\"item\":\"https:\/\/fanzone.sk\/\"},{\"@type\":\"ListItem\",\"position\":2,\"name\":\"Obchod\",\"item\":\"https:\/\/fanzone.sk\/obchod\/\"},{\"@type\":\"ListItem\",\"position\":3,\"name\":\"CAPITOL Floorball Club &#8211; Leg\u00edny\"}]},{\"@type\":\"WebSite\",\"@id\":\"https:\/\/fanzone.sk\/#website\",\"url\":\"https:\/\/fanzone.sk\/\",\"name\":\"fanzone.sk\",\"description\":\"\",\"potentialAction\":[{\"@type\":\"SearchAction\",\"target\":{\"@type\":\"EntryPoint\",\"urlTemplate\":\"https:\/\/fanzone.sk\/?s={search_term_string}\"},\"query-input\":\"required name=search_term_string\"}],\"inLanguage\":\"en-US\"}]}<\/script>\n<!-- \/ Yoast SEO plugin. -->","yoast_head_json":{"title":"CAPITOL Floorball Club - Leg\u00edny - fanzone.sk","robots":{"index":"index","follow":"follow","max-snippet":"max-snippet:-1","max-image-preview":"max-image-preview:large","max-video-preview":"max-video-preview:-1"},"canonical":"https:\/\/fanzone.sk\/en\/product\/capitol-floorball-club-leginy\/","og_locale":"en_US","og_type":"article","og_title":"CAPITOL Floorball Club - Leg\u00edny - fanzone.sk","og_description":"\u0160portov\u00e9 d\u00e1mske leg\u00edny z funk\u010dn\u00e9ho materi\u00e1lu,\u00a0celosublimovan\u00e9 ( potla\u010d na celej l\u00e1tke ) s logom klubu CAPITOL Floorball Club  Elastick\u00fd materi\u00e1l so zv\u00fd\u0161en\u00fdm p\u00e1som  PUSH Up efekt\u00a0\u2013 spev\u0148uje a tvaruje postavu  300 g \/m2  84 % micropolyester 16% elastan  vhodn\u00e9 na ak\u00e9ko\u013evek indoorov\u00e9 a outdoorov\u00e9 \u0161porty  Pri v\u00fdbere ve\u013ekosti odpor\u00fa\u010dame dr\u017ea\u0165 sa \u0161tandardnej konfek\u010dnej ve\u013ekosti, ktor\u00fa be\u017ene nos\u00edte. Av\u0161ak leg\u00edny s\u00fa pevn\u00e9ho materi\u00e1lu ak preferujete volnej\u0161ie vyberte si o \u010d\u00edslo v\u00e4\u010d\u0161ie ako je v\u00e1\u0161a standardn\u00e1 konfek\u010dn\u00e1 ve\u013ekos\u0165.\u00a0","og_url":"https:\/\/fanzone.sk\/en\/product\/capitol-floorball-club-leginy\/","og_site_name":"fanzone.sk","article_publisher":"https:\/\/www.facebook.com\/FANZONEsk\/","article_modified_time":"2025-02-03T21:07:34+00:00","og_image":[{"width":800,"height":800,"url":"https:\/\/fanzone.sk\/wp-content\/uploads\/2022\/06\/CAPITOL_IVO-01.jpg","type":"image\/jpeg"}],"twitter_card":"summary_large_image","twitter_misc":{"Est. reading time":"1 minute"},"schema":{"@context":"https:\/\/schema.org","@graph":[{"@type":"WebPage","@id":"https:\/\/fanzone.sk\/produkt\/capitol-floorball-club-leginy\/","url":"https:\/\/fanzone.sk\/produkt\/capitol-floorball-club-leginy\/","name":"CAPITOL Floorball Club - Leg\u00edny - fanzone.sk","isPartOf":{"@id":"https:\/\/fanzone.sk\/#website"},"datePublished":"2022-06-01T08:11:51+00:00","dateModified":"2025-02-03T21:07:34+00:00","breadcrumb":{"@id":"https:\/\/fanzone.sk\/produkt\/capitol-floorball-club-leginy\/#breadcrumb"},"inLanguage":"en-US","potentialAction":[{"@type":"ReadAction","target":["https:\/\/fanzone.sk\/produkt\/capitol-floorball-club-leginy\/"]}]},{"@type":"BreadcrumbList","@id":"https:\/\/fanzone.sk\/produkt\/capitol-floorball-club-leginy\/#breadcrumb","itemListElement":[{"@type":"ListItem","position":1,"name":"Home","item":"https:\/\/fanzone.sk\/"},{"@type":"ListItem","position":2,"name":"Obchod","item":"https:\/\/fanzone.sk\/obchod\/"},{"@type":"ListItem","position":3,"name":"CAPITOL Floorball Club &#8211; Leg\u00edny"}]},{"@type":"WebSite","@id":"https:\/\/fanzone.sk\/#website","url":"https:\/\/fanzone.sk\/","name":"fanzone.sk","description":"","potentialAction":[{"@type":"SearchAction","target":{"@type":"EntryPoint","urlTemplate":"https:\/\/fanzone.sk\/?s={search_term_string}"},"query-input":"required name=search_term_string"}],"inLanguage":"en-US"}]}},"_links":{"self":[{"href":"https:\/\/fanzone.sk\/en\/wp-json\/wp\/v2\/product\/19870"}],"collection":[{"href":"https:\/\/fanzone.sk\/en\/wp-json\/wp\/v2\/product"}],"about":[{"href":"https:\/\/fanzone.sk\/en\/wp-json\/wp\/v2\/types\/product"}],"wp:featuredmedia":[{"embeddable":true,"href":"https:\/\/fanzone.sk\/en\/wp-json\/wp\/v2\/media\/19872"}],"wp:attachment":[{"href":"https:\/\/fanzone.sk\/en\/wp-json\/wp\/v2\/media?parent=19870"}],"wp:term":[{"taxonomy":"product_cat","embeddable":true,"href":"https:\/\/fanzone.sk\/en\/wp-json\/wp\/v2\/product_cat?post=19870"},{"taxonomy":"product_tag","embeddable":true,"href":"https:\/\/fanzone.sk\/en\/wp-json\/wp\/v2\/product_tag?post=19870"}],"curies":[{"name":"wp","href":"https:\/\/api.w.org\/{rel}","templated":true}]}}