{"id":20100,"date":"2022-06-27T14:11:47","date_gmt":"2022-06-27T12:11:47","guid":{"rendered":"https:\/\/fanzone.sk\/?post_type=product&#038;p=20100"},"modified":"2025-02-03T22:07:33","modified_gmt":"2025-02-03T21:07:33","slug":"hero-race-crop-top","status":"publish","type":"product","link":"https:\/\/fanzone.sk\/en\/product\/hero-race-crop-top\/","title":{"rendered":"Hero Race &#8211; Crop top"},"content":{"rendered":"<ul>\n<li>vyroben\u00e9 z l\u00e1tky Push up<\/li>\n<li><em>PUSH UP sa sklad\u00e1 z 84 % micropolyesteru a 16% elastanu<\/em><\/li>\n<li>Crop top je obtiahnut\u00fd a ukon\u010den\u00fd gumi\u010dkou<\/li>\n<li>v\u00fdber z dvoch farieb<\/li>\n<\/ul>","protected":false},"excerpt":{"rendered":"<ul>\n<li>vyroben\u00e9 z l\u00e1tky Push up<\/li>\n<li><em>PUSH UP sa sklad\u00e1 z 84 % micropolyesteru a 16% elastanu<\/em><\/li>\n<li>Crop top je obtiahnut\u00fd a ukon\u010den\u00fd gumi\u010dkou<\/li>\n<li>v\u00fdber z dvoch farieb<\/li>\n<\/ul>","protected":false},"featured_media":20104,"template":"","meta":[],"product_cat":[360,327],"product_tag":[],"wcpa_form_fields":null,"yoast_head":"<!-- This site is optimized with the Yoast SEO plugin v21.2 - https:\/\/yoast.com\/wordpress\/plugins\/seo\/ -->\n<title>Hero Race - Crop top - fanzone.sk<\/title>\n<meta name=\"robots\" content=\"index, follow, max-snippet:-1, max-image-preview:large, max-video-preview:-1\" \/>\n<link rel=\"canonical\" href=\"https:\/\/fanzone.sk\/en\/product\/hero-race-crop-top\/\" \/>\n<meta property=\"og:locale\" content=\"en_US\" \/>\n<meta property=\"og:type\" content=\"article\" \/>\n<meta property=\"og:title\" content=\"Hero Race - Crop top - fanzone.sk\" \/>\n<meta property=\"og:description\" content=\"vyroben\u00e9 z l\u00e1tky Push up  PUSH UP sa sklad\u00e1 z 84 % micropolyesteru a 16% elastanu  Crop top je obtiahnut\u00fd a ukon\u010den\u00fd gumi\u010dkou  v\u00fdber z dvoch farieb\" \/>\n<meta property=\"og:url\" content=\"https:\/\/fanzone.sk\/en\/product\/hero-race-crop-top\/\" \/>\n<meta property=\"og:site_name\" content=\"fanzone.sk\" \/>\n<meta property=\"article:publisher\" content=\"https:\/\/www.facebook.com\/FANZONEsk\/\" \/>\n<meta property=\"article:modified_time\" content=\"2025-02-03T21:07:33+00:00\" \/>\n<meta property=\"og:image\" content=\"https:\/\/fanzone.sk\/wp-content\/uploads\/2022\/06\/HERO_RACE-CRROP-TOP-01-PD.jpg\" \/>\n\t<meta property=\"og:image:width\" content=\"800\" \/>\n\t<meta property=\"og:image:height\" content=\"800\" \/>\n\t<meta property=\"og:image:type\" content=\"image\/jpeg\" \/>\n<meta name=\"twitter:card\" content=\"summary_large_image\" \/>\n<meta name=\"twitter:label1\" content=\"Est. reading time\" \/>\n\t<meta name=\"twitter:data1\" content=\"1 minute\" \/>\n<script type=\"application\/ld+json\" class=\"yoast-schema-graph\">{\"@context\":\"https:\/\/schema.org\",\"@graph\":[{\"@type\":\"WebPage\",\"@id\":\"https:\/\/fanzone.sk\/produkt\/hero-race-crop-top\/\",\"url\":\"https:\/\/fanzone.sk\/produkt\/hero-race-crop-top\/\",\"name\":\"Hero Race - Crop top - fanzone.sk\",\"isPartOf\":{\"@id\":\"https:\/\/fanzone.sk\/#website\"},\"datePublished\":\"2022-06-27T12:11:47+00:00\",\"dateModified\":\"2025-02-03T21:07:33+00:00\",\"breadcrumb\":{\"@id\":\"https:\/\/fanzone.sk\/produkt\/hero-race-crop-top\/#breadcrumb\"},\"inLanguage\":\"en-US\",\"potentialAction\":[{\"@type\":\"ReadAction\",\"target\":[\"https:\/\/fanzone.sk\/produkt\/hero-race-crop-top\/\"]}]},{\"@type\":\"BreadcrumbList\",\"@id\":\"https:\/\/fanzone.sk\/produkt\/hero-race-crop-top\/#breadcrumb\",\"itemListElement\":[{\"@type\":\"ListItem\",\"position\":1,\"name\":\"Home\",\"item\":\"https:\/\/fanzone.sk\/\"},{\"@type\":\"ListItem\",\"position\":2,\"name\":\"Obchod\",\"item\":\"https:\/\/fanzone.sk\/obchod\/\"},{\"@type\":\"ListItem\",\"position\":3,\"name\":\"Hero Race &#8211; Crop top\"}]},{\"@type\":\"WebSite\",\"@id\":\"https:\/\/fanzone.sk\/#website\",\"url\":\"https:\/\/fanzone.sk\/\",\"name\":\"fanzone.sk\",\"description\":\"\",\"potentialAction\":[{\"@type\":\"SearchAction\",\"target\":{\"@type\":\"EntryPoint\",\"urlTemplate\":\"https:\/\/fanzone.sk\/?s={search_term_string}\"},\"query-input\":\"required name=search_term_string\"}],\"inLanguage\":\"en-US\"}]}<\/script>\n<!-- \/ Yoast SEO plugin. -->","yoast_head_json":{"title":"Hero Race - Crop top - fanzone.sk","robots":{"index":"index","follow":"follow","max-snippet":"max-snippet:-1","max-image-preview":"max-image-preview:large","max-video-preview":"max-video-preview:-1"},"canonical":"https:\/\/fanzone.sk\/en\/product\/hero-race-crop-top\/","og_locale":"en_US","og_type":"article","og_title":"Hero Race - Crop top - fanzone.sk","og_description":"vyroben\u00e9 z l\u00e1tky Push up  PUSH UP sa sklad\u00e1 z 84 % micropolyesteru a 16% elastanu  Crop top je obtiahnut\u00fd a ukon\u010den\u00fd gumi\u010dkou  v\u00fdber z dvoch farieb","og_url":"https:\/\/fanzone.sk\/en\/product\/hero-race-crop-top\/","og_site_name":"fanzone.sk","article_publisher":"https:\/\/www.facebook.com\/FANZONEsk\/","article_modified_time":"2025-02-03T21:07:33+00:00","og_image":[{"width":800,"height":800,"url":"https:\/\/fanzone.sk\/wp-content\/uploads\/2022\/06\/HERO_RACE-CRROP-TOP-01-PD.jpg","type":"image\/jpeg"}],"twitter_card":"summary_large_image","twitter_misc":{"Est. reading time":"1 minute"},"schema":{"@context":"https:\/\/schema.org","@graph":[{"@type":"WebPage","@id":"https:\/\/fanzone.sk\/produkt\/hero-race-crop-top\/","url":"https:\/\/fanzone.sk\/produkt\/hero-race-crop-top\/","name":"Hero Race - Crop top - fanzone.sk","isPartOf":{"@id":"https:\/\/fanzone.sk\/#website"},"datePublished":"2022-06-27T12:11:47+00:00","dateModified":"2025-02-03T21:07:33+00:00","breadcrumb":{"@id":"https:\/\/fanzone.sk\/produkt\/hero-race-crop-top\/#breadcrumb"},"inLanguage":"en-US","potentialAction":[{"@type":"ReadAction","target":["https:\/\/fanzone.sk\/produkt\/hero-race-crop-top\/"]}]},{"@type":"BreadcrumbList","@id":"https:\/\/fanzone.sk\/produkt\/hero-race-crop-top\/#breadcrumb","itemListElement":[{"@type":"ListItem","position":1,"name":"Home","item":"https:\/\/fanzone.sk\/"},{"@type":"ListItem","position":2,"name":"Obchod","item":"https:\/\/fanzone.sk\/obchod\/"},{"@type":"ListItem","position":3,"name":"Hero Race &#8211; Crop top"}]},{"@type":"WebSite","@id":"https:\/\/fanzone.sk\/#website","url":"https:\/\/fanzone.sk\/","name":"fanzone.sk","description":"","potentialAction":[{"@type":"SearchAction","target":{"@type":"EntryPoint","urlTemplate":"https:\/\/fanzone.sk\/?s={search_term_string}"},"query-input":"required name=search_term_string"}],"inLanguage":"en-US"}]}},"_links":{"self":[{"href":"https:\/\/fanzone.sk\/en\/wp-json\/wp\/v2\/product\/20100"}],"collection":[{"href":"https:\/\/fanzone.sk\/en\/wp-json\/wp\/v2\/product"}],"about":[{"href":"https:\/\/fanzone.sk\/en\/wp-json\/wp\/v2\/types\/product"}],"wp:featuredmedia":[{"embeddable":true,"href":"https:\/\/fanzone.sk\/en\/wp-json\/wp\/v2\/media\/20104"}],"wp:attachment":[{"href":"https:\/\/fanzone.sk\/en\/wp-json\/wp\/v2\/media?parent=20100"}],"wp:term":[{"taxonomy":"product_cat","embeddable":true,"href":"https:\/\/fanzone.sk\/en\/wp-json\/wp\/v2\/product_cat?post=20100"},{"taxonomy":"product_tag","embeddable":true,"href":"https:\/\/fanzone.sk\/en\/wp-json\/wp\/v2\/product_tag?post=20100"}],"curies":[{"name":"wp","href":"https:\/\/api.w.org\/{rel}","templated":true}]}}