{"id":21388,"date":"2022-10-20T13:59:14","date_gmt":"2022-10-20T11:59:14","guid":{"rendered":"https:\/\/fanzone.sk\/?post_type=product&#038;p=21388"},"modified":"2025-02-03T22:07:29","modified_gmt":"2025-02-03T21:07:29","slug":"cbk-kosice-sublimovane-teplaky","status":"publish","type":"product","link":"https:\/\/fanzone.sk\/en\/product\/cbk-kosice-sublimovane-teplaky\/","title":{"rendered":"CBK Ko\u0161ice &#8211; Sublimovan\u00e9 tepl\u00e1ky"},"content":{"rendered":"<ul>\n<li>P\u00e1nske tepl\u00e1kov\u00e9 nohavice s logom CBK Ko\u0161ice<\/li>\n<li>\u0160irok\u00fd p\u00e1s so s\u0165ahovacou \u0161n\u00farkou, patent na spodnom okraji<\/li>\n<li>Zosilnen\u00e9 \u0161vy, lemovan\u00e9 bo\u010dn\u00e9 vreck\u00e1 a zadn\u00e9 vrecko s pre\u0161\u00edvan\u00edm<\/li>\n<li>Priedu\u0161n\u00fd materi\u00e1l<\/li>\n<li>60% ne\u010desan\u00e1 bavlna \/ 40% polyester, 280 g\/m\u00b2<\/li>\n<\/ul>","protected":false},"excerpt":{"rendered":"<ul>\n<li>P\u00e1nske tepl\u00e1kov\u00e9 nohavice s logom CBK Ko\u0161ice<\/li>\n<li>\u0160irok\u00fd p\u00e1s so s\u0165ahovacou \u0161n\u00farkou, patent na spodnom okraji<\/li>\n<li>Zosilnen\u00e9 \u0161vy, lemovan\u00e9 bo\u010dn\u00e9 vreck\u00e1 a zadn\u00e9 vrecko s pre\u0161\u00edvan\u00edm<\/li>\n<li>Priedu\u0161n\u00fd materi\u00e1l<\/li>\n<li>60% ne\u010desan\u00e1 bavlna \/ 40% polyester, 280 g\/m\u00b2<\/li>\n<\/ul>","protected":false},"featured_media":21390,"template":"","meta":[],"product_cat":[306,387],"product_tag":[44,147],"wcpa_form_fields":null,"yoast_head":"<!-- This site is optimized with the Yoast SEO plugin v21.2 - https:\/\/yoast.com\/wordpress\/plugins\/seo\/ -->\n<title>CBK Ko\u0161ice - Sublimovan\u00e9 tepl\u00e1ky - fanzone.sk<\/title>\n<meta name=\"robots\" content=\"index, follow, max-snippet:-1, max-image-preview:large, max-video-preview:-1\" \/>\n<link rel=\"canonical\" href=\"https:\/\/fanzone.sk\/en\/product\/cbk-kosice-sublimovane-teplaky\/\" \/>\n<meta property=\"og:locale\" content=\"en_US\" \/>\n<meta property=\"og:type\" content=\"article\" \/>\n<meta property=\"og:title\" content=\"CBK Ko\u0161ice - Sublimovan\u00e9 tepl\u00e1ky - fanzone.sk\" \/>\n<meta property=\"og:description\" content=\"P\u00e1nske tepl\u00e1kov\u00e9 nohavice s logom CBK Ko\u0161ice  \u0160irok\u00fd p\u00e1s so s\u0165ahovacou \u0161n\u00farkou, patent na spodnom okraji  Zosilnen\u00e9 \u0161vy, lemovan\u00e9 bo\u010dn\u00e9 vreck\u00e1 a zadn\u00e9 vrecko s pre\u0161\u00edvan\u00edm  Priedu\u0161n\u00fd materi\u00e1l  60% ne\u010desan\u00e1 bavlna \/ 40% polyester, 280 g\/m\u00b2\" \/>\n<meta property=\"og:url\" content=\"https:\/\/fanzone.sk\/en\/product\/cbk-kosice-sublimovane-teplaky\/\" \/>\n<meta property=\"og:site_name\" content=\"fanzone.sk\" \/>\n<meta property=\"article:publisher\" content=\"https:\/\/www.facebook.com\/FANZONEsk\/\" \/>\n<meta property=\"article:modified_time\" content=\"2025-02-03T21:07:29+00:00\" \/>\n<meta property=\"og:image\" content=\"https:\/\/fanzone.sk\/wp-content\/uploads\/2022\/10\/CBK-KOSICE_MAREK-01.jpg\" \/>\n\t<meta property=\"og:image:width\" content=\"800\" \/>\n\t<meta property=\"og:image:height\" content=\"800\" \/>\n\t<meta property=\"og:image:type\" content=\"image\/jpeg\" \/>\n<meta name=\"twitter:card\" content=\"summary_large_image\" \/>\n<meta name=\"twitter:label1\" content=\"Est. reading time\" \/>\n\t<meta name=\"twitter:data1\" content=\"1 minute\" \/>\n<script type=\"application\/ld+json\" class=\"yoast-schema-graph\">{\"@context\":\"https:\/\/schema.org\",\"@graph\":[{\"@type\":\"WebPage\",\"@id\":\"https:\/\/fanzone.sk\/produkt\/cbk-kosice-sublimovane-teplaky\/\",\"url\":\"https:\/\/fanzone.sk\/produkt\/cbk-kosice-sublimovane-teplaky\/\",\"name\":\"CBK Ko\u0161ice - Sublimovan\u00e9 tepl\u00e1ky - fanzone.sk\",\"isPartOf\":{\"@id\":\"https:\/\/fanzone.sk\/#website\"},\"datePublished\":\"2022-10-20T11:59:14+00:00\",\"dateModified\":\"2025-02-03T21:07:29+00:00\",\"breadcrumb\":{\"@id\":\"https:\/\/fanzone.sk\/produkt\/cbk-kosice-sublimovane-teplaky\/#breadcrumb\"},\"inLanguage\":\"en-US\",\"potentialAction\":[{\"@type\":\"ReadAction\",\"target\":[\"https:\/\/fanzone.sk\/produkt\/cbk-kosice-sublimovane-teplaky\/\"]}]},{\"@type\":\"BreadcrumbList\",\"@id\":\"https:\/\/fanzone.sk\/produkt\/cbk-kosice-sublimovane-teplaky\/#breadcrumb\",\"itemListElement\":[{\"@type\":\"ListItem\",\"position\":1,\"name\":\"Home\",\"item\":\"https:\/\/fanzone.sk\/\"},{\"@type\":\"ListItem\",\"position\":2,\"name\":\"Obchod\",\"item\":\"https:\/\/fanzone.sk\/obchod\/\"},{\"@type\":\"ListItem\",\"position\":3,\"name\":\"CBK Ko\u0161ice &#8211; Sublimovan\u00e9 tepl\u00e1ky\"}]},{\"@type\":\"WebSite\",\"@id\":\"https:\/\/fanzone.sk\/#website\",\"url\":\"https:\/\/fanzone.sk\/\",\"name\":\"fanzone.sk\",\"description\":\"\",\"potentialAction\":[{\"@type\":\"SearchAction\",\"target\":{\"@type\":\"EntryPoint\",\"urlTemplate\":\"https:\/\/fanzone.sk\/?s={search_term_string}\"},\"query-input\":\"required name=search_term_string\"}],\"inLanguage\":\"en-US\"}]}<\/script>\n<!-- \/ Yoast SEO plugin. -->","yoast_head_json":{"title":"CBK Ko\u0161ice - Sublimovan\u00e9 tepl\u00e1ky - fanzone.sk","robots":{"index":"index","follow":"follow","max-snippet":"max-snippet:-1","max-image-preview":"max-image-preview:large","max-video-preview":"max-video-preview:-1"},"canonical":"https:\/\/fanzone.sk\/en\/product\/cbk-kosice-sublimovane-teplaky\/","og_locale":"en_US","og_type":"article","og_title":"CBK Ko\u0161ice - Sublimovan\u00e9 tepl\u00e1ky - fanzone.sk","og_description":"P\u00e1nske tepl\u00e1kov\u00e9 nohavice s logom CBK Ko\u0161ice  \u0160irok\u00fd p\u00e1s so s\u0165ahovacou \u0161n\u00farkou, patent na spodnom okraji  Zosilnen\u00e9 \u0161vy, lemovan\u00e9 bo\u010dn\u00e9 vreck\u00e1 a zadn\u00e9 vrecko s pre\u0161\u00edvan\u00edm  Priedu\u0161n\u00fd materi\u00e1l  60% ne\u010desan\u00e1 bavlna \/ 40% polyester, 280 g\/m\u00b2","og_url":"https:\/\/fanzone.sk\/en\/product\/cbk-kosice-sublimovane-teplaky\/","og_site_name":"fanzone.sk","article_publisher":"https:\/\/www.facebook.com\/FANZONEsk\/","article_modified_time":"2025-02-03T21:07:29+00:00","og_image":[{"width":800,"height":800,"url":"https:\/\/fanzone.sk\/wp-content\/uploads\/2022\/10\/CBK-KOSICE_MAREK-01.jpg","type":"image\/jpeg"}],"twitter_card":"summary_large_image","twitter_misc":{"Est. reading time":"1 minute"},"schema":{"@context":"https:\/\/schema.org","@graph":[{"@type":"WebPage","@id":"https:\/\/fanzone.sk\/produkt\/cbk-kosice-sublimovane-teplaky\/","url":"https:\/\/fanzone.sk\/produkt\/cbk-kosice-sublimovane-teplaky\/","name":"CBK Ko\u0161ice - Sublimovan\u00e9 tepl\u00e1ky - fanzone.sk","isPartOf":{"@id":"https:\/\/fanzone.sk\/#website"},"datePublished":"2022-10-20T11:59:14+00:00","dateModified":"2025-02-03T21:07:29+00:00","breadcrumb":{"@id":"https:\/\/fanzone.sk\/produkt\/cbk-kosice-sublimovane-teplaky\/#breadcrumb"},"inLanguage":"en-US","potentialAction":[{"@type":"ReadAction","target":["https:\/\/fanzone.sk\/produkt\/cbk-kosice-sublimovane-teplaky\/"]}]},{"@type":"BreadcrumbList","@id":"https:\/\/fanzone.sk\/produkt\/cbk-kosice-sublimovane-teplaky\/#breadcrumb","itemListElement":[{"@type":"ListItem","position":1,"name":"Home","item":"https:\/\/fanzone.sk\/"},{"@type":"ListItem","position":2,"name":"Obchod","item":"https:\/\/fanzone.sk\/obchod\/"},{"@type":"ListItem","position":3,"name":"CBK Ko\u0161ice &#8211; Sublimovan\u00e9 tepl\u00e1ky"}]},{"@type":"WebSite","@id":"https:\/\/fanzone.sk\/#website","url":"https:\/\/fanzone.sk\/","name":"fanzone.sk","description":"","potentialAction":[{"@type":"SearchAction","target":{"@type":"EntryPoint","urlTemplate":"https:\/\/fanzone.sk\/?s={search_term_string}"},"query-input":"required name=search_term_string"}],"inLanguage":"en-US"}]}},"_links":{"self":[{"href":"https:\/\/fanzone.sk\/en\/wp-json\/wp\/v2\/product\/21388"}],"collection":[{"href":"https:\/\/fanzone.sk\/en\/wp-json\/wp\/v2\/product"}],"about":[{"href":"https:\/\/fanzone.sk\/en\/wp-json\/wp\/v2\/types\/product"}],"wp:featuredmedia":[{"embeddable":true,"href":"https:\/\/fanzone.sk\/en\/wp-json\/wp\/v2\/media\/21390"}],"wp:attachment":[{"href":"https:\/\/fanzone.sk\/en\/wp-json\/wp\/v2\/media?parent=21388"}],"wp:term":[{"taxonomy":"product_cat","embeddable":true,"href":"https:\/\/fanzone.sk\/en\/wp-json\/wp\/v2\/product_cat?post=21388"},{"taxonomy":"product_tag","embeddable":true,"href":"https:\/\/fanzone.sk\/en\/wp-json\/wp\/v2\/product_tag?post=21388"}],"curies":[{"name":"wp","href":"https:\/\/api.w.org\/{rel}","templated":true}]}}