{"id":2250,"date":"2019-04-28T20:17:50","date_gmt":"2019-04-28T18:17:50","guid":{"rendered":"https:\/\/fanzone.sk\/?post_type=product&#038;p=2250"},"modified":"2025-02-03T22:07:01","modified_gmt":"2025-02-03T21:07:01","slug":"klucenka-slovakia","status":"publish","type":"product","link":"https:\/\/fanzone.sk\/en\/product\/klucenka-slovakia\/","title":{"rendered":"K\u013e\u00fa\u010denka Slovakia"},"content":{"rendered":"<ul>\n<li>K\u013e\u00fa\u010denka, \u0161n\u00farka na zavesenie k\u013e\u00fa\u010dov, menoviek a podobne<\/li>\n<li>Dizajn Slovakia<\/li>\n<li>Kovov\u00e1 karab\u00ednka pre \u013eahk\u00e9 pripnutie.<\/li>\n<\/ul>","protected":false},"excerpt":{"rendered":"<ul>\n<li>K\u013e\u00fa\u010denka, \u0161n\u00farka na zavesenie k\u013e\u00fa\u010dov, menoviek a podobne<\/li>\n<li>Dizajn Slovakia<\/li>\n<li>Kovov\u00e1 karab\u00ednka pre \u013eahk\u00e9 pripnutie.<\/li>\n<\/ul>","protected":false},"featured_media":2244,"template":"","meta":[],"product_cat":[327,20,24],"product_tag":[87,41,40,108],"wcpa_form_fields":null,"yoast_head":"<!-- This site is optimized with the Yoast SEO plugin v21.2 - https:\/\/yoast.com\/wordpress\/plugins\/seo\/ -->\n<title>K\u013e\u00fa\u010denka Slovakia - fanzone.sk<\/title>\n<meta name=\"robots\" content=\"index, follow, max-snippet:-1, max-image-preview:large, max-video-preview:-1\" \/>\n<link rel=\"canonical\" href=\"https:\/\/fanzone.sk\/en\/product\/klucenka-slovakia\/\" \/>\n<meta property=\"og:locale\" content=\"en_US\" \/>\n<meta property=\"og:type\" content=\"article\" \/>\n<meta property=\"og:title\" content=\"K\u013e\u00fa\u010denka Slovakia - fanzone.sk\" \/>\n<meta property=\"og:description\" content=\"K\u013e\u00fa\u010denka, \u0161n\u00farka na zavesenie k\u013e\u00fa\u010dov, menoviek a podobne  Dizajn Slovakia  Kovov\u00e1 karab\u00ednka pre \u013eahk\u00e9 pripnutie.\" \/>\n<meta property=\"og:url\" content=\"https:\/\/fanzone.sk\/en\/product\/klucenka-slovakia\/\" \/>\n<meta property=\"og:site_name\" content=\"fanzone.sk\" \/>\n<meta property=\"article:publisher\" content=\"https:\/\/www.facebook.com\/FANZONEsk\/\" \/>\n<meta property=\"article:modified_time\" content=\"2025-02-03T21:07:01+00:00\" \/>\n<meta property=\"og:image\" content=\"https:\/\/fanzone.sk\/wp-content\/uploads\/2019\/04\/0200015008.jpg\" \/>\n\t<meta property=\"og:image:width\" content=\"800\" \/>\n\t<meta property=\"og:image:height\" content=\"800\" \/>\n\t<meta property=\"og:image:type\" content=\"image\/jpeg\" \/>\n<meta name=\"twitter:card\" content=\"summary_large_image\" \/>\n<script type=\"application\/ld+json\" class=\"yoast-schema-graph\">{\"@context\":\"https:\/\/schema.org\",\"@graph\":[{\"@type\":\"WebPage\",\"@id\":\"https:\/\/fanzone.sk\/produkt\/klucenka-slovakia\/\",\"url\":\"https:\/\/fanzone.sk\/produkt\/klucenka-slovakia\/\",\"name\":\"K\u013e\u00fa\u010denka Slovakia - fanzone.sk\",\"isPartOf\":{\"@id\":\"https:\/\/fanzone.sk\/#website\"},\"datePublished\":\"2019-04-28T18:17:50+00:00\",\"dateModified\":\"2025-02-03T21:07:01+00:00\",\"breadcrumb\":{\"@id\":\"https:\/\/fanzone.sk\/produkt\/klucenka-slovakia\/#breadcrumb\"},\"inLanguage\":\"en-US\",\"potentialAction\":[{\"@type\":\"ReadAction\",\"target\":[\"https:\/\/fanzone.sk\/produkt\/klucenka-slovakia\/\"]}]},{\"@type\":\"BreadcrumbList\",\"@id\":\"https:\/\/fanzone.sk\/produkt\/klucenka-slovakia\/#breadcrumb\",\"itemListElement\":[{\"@type\":\"ListItem\",\"position\":1,\"name\":\"Home\",\"item\":\"https:\/\/fanzone.sk\/\"},{\"@type\":\"ListItem\",\"position\":2,\"name\":\"Obchod\",\"item\":\"https:\/\/fanzone.sk\/obchod\/\"},{\"@type\":\"ListItem\",\"position\":3,\"name\":\"K\u013e\u00fa\u010denka Slovakia\"}]},{\"@type\":\"WebSite\",\"@id\":\"https:\/\/fanzone.sk\/#website\",\"url\":\"https:\/\/fanzone.sk\/\",\"name\":\"fanzone.sk\",\"description\":\"\",\"potentialAction\":[{\"@type\":\"SearchAction\",\"target\":{\"@type\":\"EntryPoint\",\"urlTemplate\":\"https:\/\/fanzone.sk\/?s={search_term_string}\"},\"query-input\":\"required name=search_term_string\"}],\"inLanguage\":\"en-US\"}]}<\/script>\n<!-- \/ Yoast SEO plugin. -->","yoast_head_json":{"title":"K\u013e\u00fa\u010denka Slovakia - fanzone.sk","robots":{"index":"index","follow":"follow","max-snippet":"max-snippet:-1","max-image-preview":"max-image-preview:large","max-video-preview":"max-video-preview:-1"},"canonical":"https:\/\/fanzone.sk\/en\/product\/klucenka-slovakia\/","og_locale":"en_US","og_type":"article","og_title":"K\u013e\u00fa\u010denka Slovakia - fanzone.sk","og_description":"K\u013e\u00fa\u010denka, \u0161n\u00farka na zavesenie k\u013e\u00fa\u010dov, menoviek a podobne  Dizajn Slovakia  Kovov\u00e1 karab\u00ednka pre \u013eahk\u00e9 pripnutie.","og_url":"https:\/\/fanzone.sk\/en\/product\/klucenka-slovakia\/","og_site_name":"fanzone.sk","article_publisher":"https:\/\/www.facebook.com\/FANZONEsk\/","article_modified_time":"2025-02-03T21:07:01+00:00","og_image":[{"width":800,"height":800,"url":"https:\/\/fanzone.sk\/wp-content\/uploads\/2019\/04\/0200015008.jpg","type":"image\/jpeg"}],"twitter_card":"summary_large_image","schema":{"@context":"https:\/\/schema.org","@graph":[{"@type":"WebPage","@id":"https:\/\/fanzone.sk\/produkt\/klucenka-slovakia\/","url":"https:\/\/fanzone.sk\/produkt\/klucenka-slovakia\/","name":"K\u013e\u00fa\u010denka Slovakia - fanzone.sk","isPartOf":{"@id":"https:\/\/fanzone.sk\/#website"},"datePublished":"2019-04-28T18:17:50+00:00","dateModified":"2025-02-03T21:07:01+00:00","breadcrumb":{"@id":"https:\/\/fanzone.sk\/produkt\/klucenka-slovakia\/#breadcrumb"},"inLanguage":"en-US","potentialAction":[{"@type":"ReadAction","target":["https:\/\/fanzone.sk\/produkt\/klucenka-slovakia\/"]}]},{"@type":"BreadcrumbList","@id":"https:\/\/fanzone.sk\/produkt\/klucenka-slovakia\/#breadcrumb","itemListElement":[{"@type":"ListItem","position":1,"name":"Home","item":"https:\/\/fanzone.sk\/"},{"@type":"ListItem","position":2,"name":"Obchod","item":"https:\/\/fanzone.sk\/obchod\/"},{"@type":"ListItem","position":3,"name":"K\u013e\u00fa\u010denka Slovakia"}]},{"@type":"WebSite","@id":"https:\/\/fanzone.sk\/#website","url":"https:\/\/fanzone.sk\/","name":"fanzone.sk","description":"","potentialAction":[{"@type":"SearchAction","target":{"@type":"EntryPoint","urlTemplate":"https:\/\/fanzone.sk\/?s={search_term_string}"},"query-input":"required name=search_term_string"}],"inLanguage":"en-US"}]}},"_links":{"self":[{"href":"https:\/\/fanzone.sk\/en\/wp-json\/wp\/v2\/product\/2250"}],"collection":[{"href":"https:\/\/fanzone.sk\/en\/wp-json\/wp\/v2\/product"}],"about":[{"href":"https:\/\/fanzone.sk\/en\/wp-json\/wp\/v2\/types\/product"}],"wp:featuredmedia":[{"embeddable":true,"href":"https:\/\/fanzone.sk\/en\/wp-json\/wp\/v2\/media\/2244"}],"wp:attachment":[{"href":"https:\/\/fanzone.sk\/en\/wp-json\/wp\/v2\/media?parent=2250"}],"wp:term":[{"taxonomy":"product_cat","embeddable":true,"href":"https:\/\/fanzone.sk\/en\/wp-json\/wp\/v2\/product_cat?post=2250"},{"taxonomy":"product_tag","embeddable":true,"href":"https:\/\/fanzone.sk\/en\/wp-json\/wp\/v2\/product_tag?post=2250"}],"curies":[{"name":"wp","href":"https:\/\/api.w.org\/{rel}","templated":true}]}}