{"id":23379,"date":"2023-04-27T12:21:27","date_gmt":"2023-04-27T10:21:27","guid":{"rendered":"https:\/\/fanzone.sk\/?post_type=product&#038;p=23379"},"modified":"2025-02-03T22:07:25","modified_gmt":"2025-02-03T21:07:25","slug":"balicek-slovensko-1","status":"publish","type":"product","link":"https:\/\/fanzone.sk\/en\/product\/balicek-slovensko-1\/","title":{"rendered":"Slovensko &#8211; Bal\u00ed\u010dek 9\/24 Bavlnen\u00e9 tri\u010dko + \u0161iltovka s v\u00fd\u0161ivkou"},"content":{"rendered":"<ul>\n<li>Zv\u00fdhodnen\u00fd bal\u00ed\u010dek Tri\u010dko + \u0160iltovka Extra<\/li>\n<li>\u0160iltovka Slovensko Extra:<\/li>\n<li>\u0161iltovka Slovensko extra<\/li>\n<li>3D v\u00fd\u0161ivka vpredu<\/li>\n<li>kovov\u00e9 zap\u00ednanie vzadu<\/li>\n<li>Tri\u010dko Slovensko:<\/li>\n<li>100% bavlna, prstencov\u00e1 a \u010dasen\u00e1<\/li>\n<li>tenk\u00fd rebrovan\u00fd lem okolo krku<\/li>\n<li>spev\u0148uj\u00faca p\u00e1ska vzadu na krku<\/li>\n<li>bez bo\u010dn\u00fdch \u0161vov<\/li>\n<\/ul>","protected":false},"excerpt":{"rendered":"<ul>\n<li>Zv\u00fdhodnen\u00fd bal\u00ed\u010dek Tri\u010dko + \u0160iltovka Extra<\/li>\n<li>\u0160iltovka Slovensko Extra:<\/li>\n<li>\u0161iltovka Slovensko extra<\/li>\n<li>3D v\u00fd\u0161ivka vpredu<\/li>\n<li>kovov\u00e9 zap\u00ednanie vzadu<\/li>\n<li>Tri\u010dko Slovensko:<\/li>\n<li>100% bavlna, prstencov\u00e1 a \u010dasen\u00e1<\/li>\n<li>tenk\u00fd rebrovan\u00fd lem okolo krku<\/li>\n<li>spev\u0148uj\u00faca p\u00e1ska vzadu na krku<\/li>\n<li>bez bo\u010dn\u00fdch \u0161vov<\/li>\n<\/ul>","protected":false},"featured_media":23382,"template":"","meta":[],"product_cat":[327,20,63],"product_tag":[144],"wcpa_form_fields":null,"yoast_head":"<!-- This site is optimized with the Yoast SEO plugin v21.2 - https:\/\/yoast.com\/wordpress\/plugins\/seo\/ -->\n<title>Slovensko - Bal\u00ed\u010dek 9\/24 Bavlnen\u00e9 tri\u010dko + \u0161iltovka s v\u00fd\u0161ivkou - fanzone.sk<\/title>\n<meta name=\"robots\" content=\"index, follow, max-snippet:-1, max-image-preview:large, max-video-preview:-1\" \/>\n<link rel=\"canonical\" href=\"https:\/\/fanzone.sk\/en\/product\/balicek-slovensko-1\/\" \/>\n<meta property=\"og:locale\" content=\"en_US\" \/>\n<meta property=\"og:type\" content=\"article\" \/>\n<meta property=\"og:title\" content=\"Slovensko - Bal\u00ed\u010dek 9\/24 Bavlnen\u00e9 tri\u010dko + \u0161iltovka s v\u00fd\u0161ivkou - fanzone.sk\" \/>\n<meta property=\"og:description\" content=\"Zv\u00fdhodnen\u00fd bal\u00ed\u010dek Tri\u010dko + \u0160iltovka Extra  \u0160iltovka Slovensko Extra:  \u0161iltovka Slovensko extra  3D v\u00fd\u0161ivka vpredu  kovov\u00e9 zap\u00ednanie vzadu  Tri\u010dko Slovensko:  100% bavlna, prstencov\u00e1 a \u010dasen\u00e1  tenk\u00fd rebrovan\u00fd lem okolo krku  spev\u0148uj\u00faca p\u00e1ska vzadu na krku  bez bo\u010dn\u00fdch \u0161vov\" \/>\n<meta property=\"og:url\" content=\"https:\/\/fanzone.sk\/en\/product\/balicek-slovensko-1\/\" \/>\n<meta property=\"og:site_name\" content=\"fanzone.sk\" \/>\n<meta property=\"article:publisher\" content=\"https:\/\/www.facebook.com\/FANZONEsk\/\" \/>\n<meta property=\"article:modified_time\" content=\"2025-02-03T21:07:25+00:00\" \/>\n<meta property=\"og:image\" content=\"https:\/\/fanzone.sk\/wp-content\/uploads\/2023\/04\/SVK-Balicky-fanzone-17.4-2-2.jpg\" \/>\n\t<meta property=\"og:image:width\" content=\"800\" \/>\n\t<meta property=\"og:image:height\" content=\"800\" \/>\n\t<meta property=\"og:image:type\" content=\"image\/jpeg\" \/>\n<meta name=\"twitter:card\" content=\"summary_large_image\" \/>\n<meta name=\"twitter:label1\" content=\"Est. reading time\" \/>\n\t<meta name=\"twitter:data1\" content=\"1 minute\" \/>\n<script type=\"application\/ld+json\" class=\"yoast-schema-graph\">{\"@context\":\"https:\/\/schema.org\",\"@graph\":[{\"@type\":\"WebPage\",\"@id\":\"https:\/\/fanzone.sk\/produkt\/balicek-slovensko-1\/\",\"url\":\"https:\/\/fanzone.sk\/produkt\/balicek-slovensko-1\/\",\"name\":\"Slovensko - Bal\u00ed\u010dek 9\/24 Bavlnen\u00e9 tri\u010dko + \u0161iltovka s v\u00fd\u0161ivkou - fanzone.sk\",\"isPartOf\":{\"@id\":\"https:\/\/fanzone.sk\/#website\"},\"datePublished\":\"2023-04-27T10:21:27+00:00\",\"dateModified\":\"2025-02-03T21:07:25+00:00\",\"breadcrumb\":{\"@id\":\"https:\/\/fanzone.sk\/produkt\/balicek-slovensko-1\/#breadcrumb\"},\"inLanguage\":\"en-US\",\"potentialAction\":[{\"@type\":\"ReadAction\",\"target\":[\"https:\/\/fanzone.sk\/produkt\/balicek-slovensko-1\/\"]}]},{\"@type\":\"BreadcrumbList\",\"@id\":\"https:\/\/fanzone.sk\/produkt\/balicek-slovensko-1\/#breadcrumb\",\"itemListElement\":[{\"@type\":\"ListItem\",\"position\":1,\"name\":\"Home\",\"item\":\"https:\/\/fanzone.sk\/\"},{\"@type\":\"ListItem\",\"position\":2,\"name\":\"Obchod\",\"item\":\"https:\/\/fanzone.sk\/obchod\/\"},{\"@type\":\"ListItem\",\"position\":3,\"name\":\"Slovensko &#8211; Bal\u00ed\u010dek 9\/24 Bavlnen\u00e9 tri\u010dko + \u0161iltovka s v\u00fd\u0161ivkou\"}]},{\"@type\":\"WebSite\",\"@id\":\"https:\/\/fanzone.sk\/#website\",\"url\":\"https:\/\/fanzone.sk\/\",\"name\":\"fanzone.sk\",\"description\":\"\",\"potentialAction\":[{\"@type\":\"SearchAction\",\"target\":{\"@type\":\"EntryPoint\",\"urlTemplate\":\"https:\/\/fanzone.sk\/?s={search_term_string}\"},\"query-input\":\"required name=search_term_string\"}],\"inLanguage\":\"en-US\"}]}<\/script>\n<!-- \/ Yoast SEO plugin. -->","yoast_head_json":{"title":"Slovensko - Bal\u00ed\u010dek 9\/24 Bavlnen\u00e9 tri\u010dko + \u0161iltovka s v\u00fd\u0161ivkou - fanzone.sk","robots":{"index":"index","follow":"follow","max-snippet":"max-snippet:-1","max-image-preview":"max-image-preview:large","max-video-preview":"max-video-preview:-1"},"canonical":"https:\/\/fanzone.sk\/en\/product\/balicek-slovensko-1\/","og_locale":"en_US","og_type":"article","og_title":"Slovensko - Bal\u00ed\u010dek 9\/24 Bavlnen\u00e9 tri\u010dko + \u0161iltovka s v\u00fd\u0161ivkou - fanzone.sk","og_description":"Zv\u00fdhodnen\u00fd bal\u00ed\u010dek Tri\u010dko + \u0160iltovka Extra  \u0160iltovka Slovensko Extra:  \u0161iltovka Slovensko extra  3D v\u00fd\u0161ivka vpredu  kovov\u00e9 zap\u00ednanie vzadu  Tri\u010dko Slovensko:  100% bavlna, prstencov\u00e1 a \u010dasen\u00e1  tenk\u00fd rebrovan\u00fd lem okolo krku  spev\u0148uj\u00faca p\u00e1ska vzadu na krku  bez bo\u010dn\u00fdch \u0161vov","og_url":"https:\/\/fanzone.sk\/en\/product\/balicek-slovensko-1\/","og_site_name":"fanzone.sk","article_publisher":"https:\/\/www.facebook.com\/FANZONEsk\/","article_modified_time":"2025-02-03T21:07:25+00:00","og_image":[{"width":800,"height":800,"url":"https:\/\/fanzone.sk\/wp-content\/uploads\/2023\/04\/SVK-Balicky-fanzone-17.4-2-2.jpg","type":"image\/jpeg"}],"twitter_card":"summary_large_image","twitter_misc":{"Est. reading time":"1 minute"},"schema":{"@context":"https:\/\/schema.org","@graph":[{"@type":"WebPage","@id":"https:\/\/fanzone.sk\/produkt\/balicek-slovensko-1\/","url":"https:\/\/fanzone.sk\/produkt\/balicek-slovensko-1\/","name":"Slovensko - Bal\u00ed\u010dek 9\/24 Bavlnen\u00e9 tri\u010dko + \u0161iltovka s v\u00fd\u0161ivkou - fanzone.sk","isPartOf":{"@id":"https:\/\/fanzone.sk\/#website"},"datePublished":"2023-04-27T10:21:27+00:00","dateModified":"2025-02-03T21:07:25+00:00","breadcrumb":{"@id":"https:\/\/fanzone.sk\/produkt\/balicek-slovensko-1\/#breadcrumb"},"inLanguage":"en-US","potentialAction":[{"@type":"ReadAction","target":["https:\/\/fanzone.sk\/produkt\/balicek-slovensko-1\/"]}]},{"@type":"BreadcrumbList","@id":"https:\/\/fanzone.sk\/produkt\/balicek-slovensko-1\/#breadcrumb","itemListElement":[{"@type":"ListItem","position":1,"name":"Home","item":"https:\/\/fanzone.sk\/"},{"@type":"ListItem","position":2,"name":"Obchod","item":"https:\/\/fanzone.sk\/obchod\/"},{"@type":"ListItem","position":3,"name":"Slovensko &#8211; Bal\u00ed\u010dek 9\/24 Bavlnen\u00e9 tri\u010dko + \u0161iltovka s v\u00fd\u0161ivkou"}]},{"@type":"WebSite","@id":"https:\/\/fanzone.sk\/#website","url":"https:\/\/fanzone.sk\/","name":"fanzone.sk","description":"","potentialAction":[{"@type":"SearchAction","target":{"@type":"EntryPoint","urlTemplate":"https:\/\/fanzone.sk\/?s={search_term_string}"},"query-input":"required name=search_term_string"}],"inLanguage":"en-US"}]}},"_links":{"self":[{"href":"https:\/\/fanzone.sk\/en\/wp-json\/wp\/v2\/product\/23379"}],"collection":[{"href":"https:\/\/fanzone.sk\/en\/wp-json\/wp\/v2\/product"}],"about":[{"href":"https:\/\/fanzone.sk\/en\/wp-json\/wp\/v2\/types\/product"}],"wp:featuredmedia":[{"embeddable":true,"href":"https:\/\/fanzone.sk\/en\/wp-json\/wp\/v2\/media\/23382"}],"wp:attachment":[{"href":"https:\/\/fanzone.sk\/en\/wp-json\/wp\/v2\/media?parent=23379"}],"wp:term":[{"taxonomy":"product_cat","embeddable":true,"href":"https:\/\/fanzone.sk\/en\/wp-json\/wp\/v2\/product_cat?post=23379"},{"taxonomy":"product_tag","embeddable":true,"href":"https:\/\/fanzone.sk\/en\/wp-json\/wp\/v2\/product_tag?post=23379"}],"curies":[{"name":"wp","href":"https:\/\/api.w.org\/{rel}","templated":true}]}}