{"id":23651,"date":"2023-05-12T15:22:41","date_gmt":"2023-05-12T13:22:41","guid":{"rendered":"https:\/\/fanzone.sk\/?post_type=product&#038;p=23651"},"modified":"2025-02-03T22:05:53","modified_gmt":"2025-02-03T21:05:53","slug":"hc-19-humenne-siltovka-s-potlacou-to-je-humenne-bejby","status":"publish","type":"product","link":"https:\/\/fanzone.sk\/en\/product\/hc-19-humenne-siltovka-s-potlacou-to-je-humenne-bejby\/","title":{"rendered":"HC 19 Humenn\u00e9 &#8211; \u0160iltovka s potla\u010dou &#8220;to je Humenn\u00e9 bejby&#8221;"},"content":{"rendered":"<ul>\n<li>100% bavlna<\/li>\n<li>zap\u00ednanie na kovov\u00fd klip<\/li>\n<li>potla\u010den\u00fd n\u00e1pis \u2013\u00a0 &#8221; to je Humenn\u00e9 bejby&#8221;<\/li>\n<\/ul>","protected":false},"excerpt":{"rendered":"<ul>\n<li>100% bavlna<\/li>\n<li>zap\u00ednanie na kovov\u00fd klip<\/li>\n<li>potla\u010den\u00fd n\u00e1pis \u2013\u00a0 &#8221; to je Humenn\u00e9 bejby&#8221;<\/li>\n<\/ul>","protected":false},"featured_media":23654,"template":"","meta":[],"product_cat":[309,414,95],"product_tag":[150],"wcpa_form_fields":null,"yoast_head":"<!-- This site is optimized with the Yoast SEO plugin v21.2 - https:\/\/yoast.com\/wordpress\/plugins\/seo\/ -->\n<title>HC 19 Humenn\u00e9 - \u0160iltovka s potla\u010dou &quot;to je Humenn\u00e9 bejby&quot; - fanzone.sk<\/title>\n<meta name=\"robots\" content=\"index, follow, max-snippet:-1, max-image-preview:large, max-video-preview:-1\" \/>\n<link rel=\"canonical\" href=\"https:\/\/fanzone.sk\/en\/product\/hc-19-humenne-siltovka-s-potlacou-to-je-humenne-bejby\/\" \/>\n<meta property=\"og:locale\" content=\"en_US\" \/>\n<meta property=\"og:type\" content=\"article\" \/>\n<meta property=\"og:title\" content=\"HC 19 Humenn\u00e9 - \u0160iltovka s potla\u010dou &quot;to je Humenn\u00e9 bejby&quot; - fanzone.sk\" \/>\n<meta property=\"og:description\" content=\"100% bavlna  zap\u00ednanie na kovov\u00fd klip  potla\u010den\u00fd n\u00e1pis \u2013\u00a0 &quot; to je Humenn\u00e9 bejby&quot;\" \/>\n<meta property=\"og:url\" content=\"https:\/\/fanzone.sk\/en\/product\/hc-19-humenne-siltovka-s-potlacou-to-je-humenne-bejby\/\" \/>\n<meta property=\"og:site_name\" content=\"fanzone.sk\" \/>\n<meta property=\"article:publisher\" content=\"https:\/\/www.facebook.com\/FANZONEsk\/\" \/>\n<meta property=\"article:modified_time\" content=\"2025-02-03T21:05:53+00:00\" \/>\n<meta property=\"og:image\" content=\"https:\/\/fanzone.sk\/wp-content\/uploads\/2023\/05\/HUMENNE-bradlo-02.jpg\" \/>\n\t<meta property=\"og:image:width\" content=\"800\" \/>\n\t<meta property=\"og:image:height\" content=\"800\" \/>\n\t<meta property=\"og:image:type\" content=\"image\/jpeg\" \/>\n<meta name=\"twitter:card\" content=\"summary_large_image\" \/>\n<meta name=\"twitter:label1\" content=\"Est. reading time\" \/>\n\t<meta name=\"twitter:data1\" content=\"1 minute\" \/>\n<script type=\"application\/ld+json\" class=\"yoast-schema-graph\">{\"@context\":\"https:\/\/schema.org\",\"@graph\":[{\"@type\":\"WebPage\",\"@id\":\"https:\/\/fanzone.sk\/produkt\/hc-19-humenne-siltovka-s-potlacou-to-je-humenne-bejby\/\",\"url\":\"https:\/\/fanzone.sk\/produkt\/hc-19-humenne-siltovka-s-potlacou-to-je-humenne-bejby\/\",\"name\":\"HC 19 Humenn\u00e9 - \u0160iltovka s potla\u010dou \\\"to je Humenn\u00e9 bejby\\\" - fanzone.sk\",\"isPartOf\":{\"@id\":\"https:\/\/fanzone.sk\/#website\"},\"datePublished\":\"2023-05-12T13:22:41+00:00\",\"dateModified\":\"2025-02-03T21:05:53+00:00\",\"breadcrumb\":{\"@id\":\"https:\/\/fanzone.sk\/produkt\/hc-19-humenne-siltovka-s-potlacou-to-je-humenne-bejby\/#breadcrumb\"},\"inLanguage\":\"en-US\",\"potentialAction\":[{\"@type\":\"ReadAction\",\"target\":[\"https:\/\/fanzone.sk\/produkt\/hc-19-humenne-siltovka-s-potlacou-to-je-humenne-bejby\/\"]}]},{\"@type\":\"BreadcrumbList\",\"@id\":\"https:\/\/fanzone.sk\/produkt\/hc-19-humenne-siltovka-s-potlacou-to-je-humenne-bejby\/#breadcrumb\",\"itemListElement\":[{\"@type\":\"ListItem\",\"position\":1,\"name\":\"Home\",\"item\":\"https:\/\/fanzone.sk\/\"},{\"@type\":\"ListItem\",\"position\":2,\"name\":\"Obchod\",\"item\":\"https:\/\/fanzone.sk\/obchod\/\"},{\"@type\":\"ListItem\",\"position\":3,\"name\":\"HC 19 Humenn\u00e9 &#8211; \u0160iltovka s potla\u010dou &#8220;to je Humenn\u00e9 bejby&#8221;\"}]},{\"@type\":\"WebSite\",\"@id\":\"https:\/\/fanzone.sk\/#website\",\"url\":\"https:\/\/fanzone.sk\/\",\"name\":\"fanzone.sk\",\"description\":\"\",\"potentialAction\":[{\"@type\":\"SearchAction\",\"target\":{\"@type\":\"EntryPoint\",\"urlTemplate\":\"https:\/\/fanzone.sk\/?s={search_term_string}\"},\"query-input\":\"required name=search_term_string\"}],\"inLanguage\":\"en-US\"}]}<\/script>\n<!-- \/ Yoast SEO plugin. -->","yoast_head_json":{"title":"HC 19 Humenn\u00e9 - \u0160iltovka s potla\u010dou \"to je Humenn\u00e9 bejby\" - fanzone.sk","robots":{"index":"index","follow":"follow","max-snippet":"max-snippet:-1","max-image-preview":"max-image-preview:large","max-video-preview":"max-video-preview:-1"},"canonical":"https:\/\/fanzone.sk\/en\/product\/hc-19-humenne-siltovka-s-potlacou-to-je-humenne-bejby\/","og_locale":"en_US","og_type":"article","og_title":"HC 19 Humenn\u00e9 - \u0160iltovka s potla\u010dou \"to je Humenn\u00e9 bejby\" - fanzone.sk","og_description":"100% bavlna  zap\u00ednanie na kovov\u00fd klip  potla\u010den\u00fd n\u00e1pis \u2013\u00a0 \" to je Humenn\u00e9 bejby\"","og_url":"https:\/\/fanzone.sk\/en\/product\/hc-19-humenne-siltovka-s-potlacou-to-je-humenne-bejby\/","og_site_name":"fanzone.sk","article_publisher":"https:\/\/www.facebook.com\/FANZONEsk\/","article_modified_time":"2025-02-03T21:05:53+00:00","og_image":[{"width":800,"height":800,"url":"https:\/\/fanzone.sk\/wp-content\/uploads\/2023\/05\/HUMENNE-bradlo-02.jpg","type":"image\/jpeg"}],"twitter_card":"summary_large_image","twitter_misc":{"Est. reading time":"1 minute"},"schema":{"@context":"https:\/\/schema.org","@graph":[{"@type":"WebPage","@id":"https:\/\/fanzone.sk\/produkt\/hc-19-humenne-siltovka-s-potlacou-to-je-humenne-bejby\/","url":"https:\/\/fanzone.sk\/produkt\/hc-19-humenne-siltovka-s-potlacou-to-je-humenne-bejby\/","name":"HC 19 Humenn\u00e9 - \u0160iltovka s potla\u010dou \"to je Humenn\u00e9 bejby\" - fanzone.sk","isPartOf":{"@id":"https:\/\/fanzone.sk\/#website"},"datePublished":"2023-05-12T13:22:41+00:00","dateModified":"2025-02-03T21:05:53+00:00","breadcrumb":{"@id":"https:\/\/fanzone.sk\/produkt\/hc-19-humenne-siltovka-s-potlacou-to-je-humenne-bejby\/#breadcrumb"},"inLanguage":"en-US","potentialAction":[{"@type":"ReadAction","target":["https:\/\/fanzone.sk\/produkt\/hc-19-humenne-siltovka-s-potlacou-to-je-humenne-bejby\/"]}]},{"@type":"BreadcrumbList","@id":"https:\/\/fanzone.sk\/produkt\/hc-19-humenne-siltovka-s-potlacou-to-je-humenne-bejby\/#breadcrumb","itemListElement":[{"@type":"ListItem","position":1,"name":"Home","item":"https:\/\/fanzone.sk\/"},{"@type":"ListItem","position":2,"name":"Obchod","item":"https:\/\/fanzone.sk\/obchod\/"},{"@type":"ListItem","position":3,"name":"HC 19 Humenn\u00e9 &#8211; \u0160iltovka s potla\u010dou &#8220;to je Humenn\u00e9 bejby&#8221;"}]},{"@type":"WebSite","@id":"https:\/\/fanzone.sk\/#website","url":"https:\/\/fanzone.sk\/","name":"fanzone.sk","description":"","potentialAction":[{"@type":"SearchAction","target":{"@type":"EntryPoint","urlTemplate":"https:\/\/fanzone.sk\/?s={search_term_string}"},"query-input":"required name=search_term_string"}],"inLanguage":"en-US"}]}},"_links":{"self":[{"href":"https:\/\/fanzone.sk\/en\/wp-json\/wp\/v2\/product\/23651"}],"collection":[{"href":"https:\/\/fanzone.sk\/en\/wp-json\/wp\/v2\/product"}],"about":[{"href":"https:\/\/fanzone.sk\/en\/wp-json\/wp\/v2\/types\/product"}],"wp:featuredmedia":[{"embeddable":true,"href":"https:\/\/fanzone.sk\/en\/wp-json\/wp\/v2\/media\/23654"}],"wp:attachment":[{"href":"https:\/\/fanzone.sk\/en\/wp-json\/wp\/v2\/media?parent=23651"}],"wp:term":[{"taxonomy":"product_cat","embeddable":true,"href":"https:\/\/fanzone.sk\/en\/wp-json\/wp\/v2\/product_cat?post=23651"},{"taxonomy":"product_tag","embeddable":true,"href":"https:\/\/fanzone.sk\/en\/wp-json\/wp\/v2\/product_tag?post=23651"}],"curies":[{"name":"wp","href":"https:\/\/api.w.org\/{rel}","templated":true}]}}