{"id":24209,"date":"2023-07-12T13:14:40","date_gmt":"2023-07-12T11:14:40","guid":{"rendered":"https:\/\/fanzone.sk\/?post_type=product&#038;p=24209"},"modified":"2025-02-03T22:05:51","modified_gmt":"2025-02-03T21:05:51","slug":"cyklo-cajka-osuska-2","status":"publish","type":"product","link":"https:\/\/fanzone.sk\/en\/product\/cyklo-cajka-osuska-2\/","title":{"rendered":"Cyklo \u010cajka &#8211; Osu\u0161ka 2"},"content":{"rendered":"<ul>\n<li>\u013dahko zbalite\u013en\u00e1 r\u00fdchloschn\u00faca osu\u0161ka<\/li>\n<li>Vhodn\u00e1 na \u0161port alebo cestovanie, s dobr\u00fdmi absorp\u010dn\u00fdmi vlastnos\u0165ami, 200\u2009g\/m2.<\/li>\n<li>Rozmer 140 x 70 cm<\/li>\n<\/ul>","protected":false},"excerpt":{"rendered":"<ul>\n<li>\u013dahko zbalite\u013en\u00e1 r\u00fdchloschn\u00faca osu\u0161ka<\/li>\n<li>Vhodn\u00e1 na \u0161port alebo cestovanie, s dobr\u00fdmi absorp\u010dn\u00fdmi vlastnos\u0165ami, 200\u2009g\/m2.<\/li>\n<li>Rozmer 140 x 70 cm<\/li>\n<\/ul>","protected":false},"featured_media":24208,"template":"","meta":[],"product_cat":[404,327],"product_tag":[],"wcpa_form_fields":null,"yoast_head":"<!-- This site is optimized with the Yoast SEO plugin v21.2 - https:\/\/yoast.com\/wordpress\/plugins\/seo\/ -->\n<title>Cyklo \u010cajka - Osu\u0161ka 2 - fanzone.sk<\/title>\n<meta name=\"robots\" content=\"index, follow, max-snippet:-1, max-image-preview:large, max-video-preview:-1\" \/>\n<link rel=\"canonical\" href=\"https:\/\/fanzone.sk\/en\/product\/cyklo-cajka-osuska-2\/\" \/>\n<meta property=\"og:locale\" content=\"en_US\" \/>\n<meta property=\"og:type\" content=\"article\" \/>\n<meta property=\"og:title\" content=\"Cyklo \u010cajka - Osu\u0161ka 2 - fanzone.sk\" \/>\n<meta property=\"og:description\" content=\"\u013dahko zbalite\u013en\u00e1 r\u00fdchloschn\u00faca osu\u0161ka  Vhodn\u00e1 na \u0161port alebo cestovanie, s dobr\u00fdmi absorp\u010dn\u00fdmi vlastnos\u0165ami, 200\u2009g\/m2.  Rozmer 140 x 70 cm\" \/>\n<meta property=\"og:url\" content=\"https:\/\/fanzone.sk\/en\/product\/cyklo-cajka-osuska-2\/\" \/>\n<meta property=\"og:site_name\" content=\"fanzone.sk\" \/>\n<meta property=\"article:publisher\" content=\"https:\/\/www.facebook.com\/FANZONEsk\/\" \/>\n<meta property=\"article:modified_time\" content=\"2025-02-03T21:05:51+00:00\" \/>\n<meta property=\"og:image\" content=\"https:\/\/fanzone.sk\/wp-content\/uploads\/2023\/07\/CYKLO-CAJKA-osuska-02.jpg\" \/>\n\t<meta property=\"og:image:width\" content=\"800\" \/>\n\t<meta property=\"og:image:height\" content=\"800\" \/>\n\t<meta property=\"og:image:type\" content=\"image\/jpeg\" \/>\n<meta name=\"twitter:card\" content=\"summary_large_image\" \/>\n<meta name=\"twitter:label1\" content=\"Est. reading time\" \/>\n\t<meta name=\"twitter:data1\" content=\"1 minute\" \/>\n<script type=\"application\/ld+json\" class=\"yoast-schema-graph\">{\"@context\":\"https:\/\/schema.org\",\"@graph\":[{\"@type\":\"WebPage\",\"@id\":\"https:\/\/fanzone.sk\/produkt\/cyklo-cajka-osuska-2\/\",\"url\":\"https:\/\/fanzone.sk\/produkt\/cyklo-cajka-osuska-2\/\",\"name\":\"Cyklo \u010cajka - Osu\u0161ka 2 - fanzone.sk\",\"isPartOf\":{\"@id\":\"https:\/\/fanzone.sk\/#website\"},\"datePublished\":\"2023-07-12T11:14:40+00:00\",\"dateModified\":\"2025-02-03T21:05:51+00:00\",\"breadcrumb\":{\"@id\":\"https:\/\/fanzone.sk\/produkt\/cyklo-cajka-osuska-2\/#breadcrumb\"},\"inLanguage\":\"en-US\",\"potentialAction\":[{\"@type\":\"ReadAction\",\"target\":[\"https:\/\/fanzone.sk\/produkt\/cyklo-cajka-osuska-2\/\"]}]},{\"@type\":\"BreadcrumbList\",\"@id\":\"https:\/\/fanzone.sk\/produkt\/cyklo-cajka-osuska-2\/#breadcrumb\",\"itemListElement\":[{\"@type\":\"ListItem\",\"position\":1,\"name\":\"Home\",\"item\":\"https:\/\/fanzone.sk\/\"},{\"@type\":\"ListItem\",\"position\":2,\"name\":\"Obchod\",\"item\":\"https:\/\/fanzone.sk\/obchod\/\"},{\"@type\":\"ListItem\",\"position\":3,\"name\":\"Cyklo \u010cajka &#8211; Osu\u0161ka 2\"}]},{\"@type\":\"WebSite\",\"@id\":\"https:\/\/fanzone.sk\/#website\",\"url\":\"https:\/\/fanzone.sk\/\",\"name\":\"fanzone.sk\",\"description\":\"\",\"potentialAction\":[{\"@type\":\"SearchAction\",\"target\":{\"@type\":\"EntryPoint\",\"urlTemplate\":\"https:\/\/fanzone.sk\/?s={search_term_string}\"},\"query-input\":\"required name=search_term_string\"}],\"inLanguage\":\"en-US\"}]}<\/script>\n<!-- \/ Yoast SEO plugin. -->","yoast_head_json":{"title":"Cyklo \u010cajka - Osu\u0161ka 2 - fanzone.sk","robots":{"index":"index","follow":"follow","max-snippet":"max-snippet:-1","max-image-preview":"max-image-preview:large","max-video-preview":"max-video-preview:-1"},"canonical":"https:\/\/fanzone.sk\/en\/product\/cyklo-cajka-osuska-2\/","og_locale":"en_US","og_type":"article","og_title":"Cyklo \u010cajka - Osu\u0161ka 2 - fanzone.sk","og_description":"\u013dahko zbalite\u013en\u00e1 r\u00fdchloschn\u00faca osu\u0161ka  Vhodn\u00e1 na \u0161port alebo cestovanie, s dobr\u00fdmi absorp\u010dn\u00fdmi vlastnos\u0165ami, 200\u2009g\/m2.  Rozmer 140 x 70 cm","og_url":"https:\/\/fanzone.sk\/en\/product\/cyklo-cajka-osuska-2\/","og_site_name":"fanzone.sk","article_publisher":"https:\/\/www.facebook.com\/FANZONEsk\/","article_modified_time":"2025-02-03T21:05:51+00:00","og_image":[{"width":800,"height":800,"url":"https:\/\/fanzone.sk\/wp-content\/uploads\/2023\/07\/CYKLO-CAJKA-osuska-02.jpg","type":"image\/jpeg"}],"twitter_card":"summary_large_image","twitter_misc":{"Est. reading time":"1 minute"},"schema":{"@context":"https:\/\/schema.org","@graph":[{"@type":"WebPage","@id":"https:\/\/fanzone.sk\/produkt\/cyklo-cajka-osuska-2\/","url":"https:\/\/fanzone.sk\/produkt\/cyklo-cajka-osuska-2\/","name":"Cyklo \u010cajka - Osu\u0161ka 2 - fanzone.sk","isPartOf":{"@id":"https:\/\/fanzone.sk\/#website"},"datePublished":"2023-07-12T11:14:40+00:00","dateModified":"2025-02-03T21:05:51+00:00","breadcrumb":{"@id":"https:\/\/fanzone.sk\/produkt\/cyklo-cajka-osuska-2\/#breadcrumb"},"inLanguage":"en-US","potentialAction":[{"@type":"ReadAction","target":["https:\/\/fanzone.sk\/produkt\/cyklo-cajka-osuska-2\/"]}]},{"@type":"BreadcrumbList","@id":"https:\/\/fanzone.sk\/produkt\/cyklo-cajka-osuska-2\/#breadcrumb","itemListElement":[{"@type":"ListItem","position":1,"name":"Home","item":"https:\/\/fanzone.sk\/"},{"@type":"ListItem","position":2,"name":"Obchod","item":"https:\/\/fanzone.sk\/obchod\/"},{"@type":"ListItem","position":3,"name":"Cyklo \u010cajka &#8211; Osu\u0161ka 2"}]},{"@type":"WebSite","@id":"https:\/\/fanzone.sk\/#website","url":"https:\/\/fanzone.sk\/","name":"fanzone.sk","description":"","potentialAction":[{"@type":"SearchAction","target":{"@type":"EntryPoint","urlTemplate":"https:\/\/fanzone.sk\/?s={search_term_string}"},"query-input":"required name=search_term_string"}],"inLanguage":"en-US"}]}},"_links":{"self":[{"href":"https:\/\/fanzone.sk\/en\/wp-json\/wp\/v2\/product\/24209"}],"collection":[{"href":"https:\/\/fanzone.sk\/en\/wp-json\/wp\/v2\/product"}],"about":[{"href":"https:\/\/fanzone.sk\/en\/wp-json\/wp\/v2\/types\/product"}],"wp:featuredmedia":[{"embeddable":true,"href":"https:\/\/fanzone.sk\/en\/wp-json\/wp\/v2\/media\/24208"}],"wp:attachment":[{"href":"https:\/\/fanzone.sk\/en\/wp-json\/wp\/v2\/media?parent=24209"}],"wp:term":[{"taxonomy":"product_cat","embeddable":true,"href":"https:\/\/fanzone.sk\/en\/wp-json\/wp\/v2\/product_cat?post=24209"},{"taxonomy":"product_tag","embeddable":true,"href":"https:\/\/fanzone.sk\/en\/wp-json\/wp\/v2\/product_tag?post=24209"}],"curies":[{"name":"wp","href":"https:\/\/api.w.org\/{rel}","templated":true}]}}