{"id":24457,"date":"2023-08-08T12:54:29","date_gmt":"2023-08-08T10:54:29","guid":{"rendered":"https:\/\/fanzone.sk\/?post_type=product&#038;p=24457"},"modified":"2025-02-03T22:05:50","modified_gmt":"2025-02-03T21:05:50","slug":"presovska-mapka-bavlnena-taska-presovska-mapka","status":"publish","type":"product","link":"https:\/\/fanzone.sk\/en\/product\/presovska-mapka-bavlnena-taska-presovska-mapka\/","title":{"rendered":"Pre\u0161ovsk\u00e1 mapka &#8211; Bavlnen\u00e1 ta\u0161ka Pre\u0161ovsk\u00e1 mapka"},"content":{"rendered":"<p>Ta\u0161ka m\u00e1 tak GOTS certifik\u00e1t &#8211; z\u00e1ruku ekologickej a etickej v\u00fdroby, FairTrade certifik\u00e1t spravodliv\u00e9ho obchodu a mnoho in\u00e9ho. Vydr\u017e\u00ed ve\u013emi dlho.<\/p>\n<div><img decoding=\"async\" loading=\"lazy\" class=\"alignnone wp-image-130\" src=\"https:\/\/presovskamapka.sk\/wp-content\/uploads\/2022\/11\/organic-300x297.png\" alt=\"\" width=\"40\" height=\"40\" \/><\/div>\n<p>Pranie: Podobn\u00e9 farby perte spolu, ne\u017eehlite potla\u010d, perte a \u017eehlite naruby.<\/p>","protected":false},"excerpt":{"rendered":"<p>Bavlnen\u00e1 pl\u00e1ten\u00e1 ta\u0161ka s vizu\u00e1lom Pre\u0161ovsk\u00e1 mapka<\/p>\n<ul>\n<li>Bavlna s\u00a0certifik\u00e1tom: Fairtrade<\/li>\n<li>Dlh\u00e9 uch\u00e1: (cca. 70\u00a0cm)<\/li>\n<li>Kr\u00ed\u017ekov\u00fd steh<\/li>\n<li>Logo Fair-Trade na vonkaj\u0161ej strane ta\u0161ky<\/li>\n<li>100\u00a0% organick\u00e1 bavlna<\/li>\n<li>vydr\u017e\u00ed ve\u013emi dlho<\/li>\n<li>v\u00fdborne sa hod\u00ed aj k aktu\u00e1lnemu outfitu, na \u201eulici\u201c nesklame<\/li>\n<\/ul>","protected":false},"featured_media":24458,"template":"","meta":[],"product_cat":[327,418],"product_tag":[],"wcpa_form_fields":null,"yoast_head":"<!-- This site is optimized with the Yoast SEO plugin v21.2 - https:\/\/yoast.com\/wordpress\/plugins\/seo\/ -->\n<title>Pre\u0161ovsk\u00e1 mapka - Bavlnen\u00e1 ta\u0161ka Pre\u0161ovsk\u00e1 mapka - fanzone.sk<\/title>\n<meta name=\"robots\" content=\"index, follow, max-snippet:-1, max-image-preview:large, max-video-preview:-1\" \/>\n<link rel=\"canonical\" href=\"https:\/\/fanzone.sk\/en\/product\/presovska-mapka-bavlnena-taska-presovska-mapka\/\" \/>\n<meta property=\"og:locale\" content=\"en_US\" \/>\n<meta property=\"og:type\" content=\"article\" \/>\n<meta property=\"og:title\" content=\"Pre\u0161ovsk\u00e1 mapka - Bavlnen\u00e1 ta\u0161ka Pre\u0161ovsk\u00e1 mapka - fanzone.sk\" \/>\n<meta property=\"og:description\" content=\"Bavlnen\u00e1 pl\u00e1ten\u00e1 ta\u0161ka s vizu\u00e1lom Pre\u0161ovsk\u00e1 mapka   Bavlna s\u00a0certifik\u00e1tom: Fairtrade  Dlh\u00e9 uch\u00e1: (cca. 70\u00a0cm)  Kr\u00ed\u017ekov\u00fd steh  Logo Fair-Trade na vonkaj\u0161ej strane ta\u0161ky  100\u00a0% organick\u00e1 bavlna  vydr\u017e\u00ed ve\u013emi dlho  v\u00fdborne sa hod\u00ed aj k aktu\u00e1lnemu outfitu, na \u201eulici\u201c nesklame\" \/>\n<meta property=\"og:url\" content=\"https:\/\/fanzone.sk\/en\/product\/presovska-mapka-bavlnena-taska-presovska-mapka\/\" \/>\n<meta property=\"og:site_name\" content=\"fanzone.sk\" \/>\n<meta property=\"article:publisher\" content=\"https:\/\/www.facebook.com\/FANZONEsk\/\" \/>\n<meta property=\"article:modified_time\" content=\"2025-02-03T21:05:50+00:00\" \/>\n<meta property=\"og:image\" content=\"https:\/\/fanzone.sk\/wp-content\/uploads\/2023\/08\/Snimka-obrazovky-2022-12-13-o-1.41.08.jpg\" \/>\n\t<meta property=\"og:image:width\" content=\"954\" \/>\n\t<meta property=\"og:image:height\" content=\"1382\" \/>\n\t<meta property=\"og:image:type\" content=\"image\/jpeg\" \/>\n<meta name=\"twitter:card\" content=\"summary_large_image\" \/>\n<meta name=\"twitter:label1\" content=\"Est. reading time\" \/>\n\t<meta name=\"twitter:data1\" content=\"1 minute\" \/>\n<script type=\"application\/ld+json\" class=\"yoast-schema-graph\">{\"@context\":\"https:\/\/schema.org\",\"@graph\":[{\"@type\":\"WebPage\",\"@id\":\"https:\/\/fanzone.sk\/produkt\/presovska-mapka-bavlnena-taska-presovska-mapka\/\",\"url\":\"https:\/\/fanzone.sk\/produkt\/presovska-mapka-bavlnena-taska-presovska-mapka\/\",\"name\":\"Pre\u0161ovsk\u00e1 mapka - Bavlnen\u00e1 ta\u0161ka Pre\u0161ovsk\u00e1 mapka - fanzone.sk\",\"isPartOf\":{\"@id\":\"https:\/\/fanzone.sk\/#website\"},\"datePublished\":\"2023-08-08T10:54:29+00:00\",\"dateModified\":\"2025-02-03T21:05:50+00:00\",\"breadcrumb\":{\"@id\":\"https:\/\/fanzone.sk\/produkt\/presovska-mapka-bavlnena-taska-presovska-mapka\/#breadcrumb\"},\"inLanguage\":\"en-US\",\"potentialAction\":[{\"@type\":\"ReadAction\",\"target\":[\"https:\/\/fanzone.sk\/produkt\/presovska-mapka-bavlnena-taska-presovska-mapka\/\"]}]},{\"@type\":\"BreadcrumbList\",\"@id\":\"https:\/\/fanzone.sk\/produkt\/presovska-mapka-bavlnena-taska-presovska-mapka\/#breadcrumb\",\"itemListElement\":[{\"@type\":\"ListItem\",\"position\":1,\"name\":\"Home\",\"item\":\"https:\/\/fanzone.sk\/\"},{\"@type\":\"ListItem\",\"position\":2,\"name\":\"Obchod\",\"item\":\"https:\/\/fanzone.sk\/obchod\/\"},{\"@type\":\"ListItem\",\"position\":3,\"name\":\"Pre\u0161ovsk\u00e1 mapka &#8211; Bavlnen\u00e1 ta\u0161ka Pre\u0161ovsk\u00e1 mapka\"}]},{\"@type\":\"WebSite\",\"@id\":\"https:\/\/fanzone.sk\/#website\",\"url\":\"https:\/\/fanzone.sk\/\",\"name\":\"fanzone.sk\",\"description\":\"\",\"potentialAction\":[{\"@type\":\"SearchAction\",\"target\":{\"@type\":\"EntryPoint\",\"urlTemplate\":\"https:\/\/fanzone.sk\/?s={search_term_string}\"},\"query-input\":\"required name=search_term_string\"}],\"inLanguage\":\"en-US\"}]}<\/script>\n<!-- \/ Yoast SEO plugin. -->","yoast_head_json":{"title":"Pre\u0161ovsk\u00e1 mapka - Bavlnen\u00e1 ta\u0161ka Pre\u0161ovsk\u00e1 mapka - fanzone.sk","robots":{"index":"index","follow":"follow","max-snippet":"max-snippet:-1","max-image-preview":"max-image-preview:large","max-video-preview":"max-video-preview:-1"},"canonical":"https:\/\/fanzone.sk\/en\/product\/presovska-mapka-bavlnena-taska-presovska-mapka\/","og_locale":"en_US","og_type":"article","og_title":"Pre\u0161ovsk\u00e1 mapka - Bavlnen\u00e1 ta\u0161ka Pre\u0161ovsk\u00e1 mapka - fanzone.sk","og_description":"Bavlnen\u00e1 pl\u00e1ten\u00e1 ta\u0161ka s vizu\u00e1lom Pre\u0161ovsk\u00e1 mapka   Bavlna s\u00a0certifik\u00e1tom: Fairtrade  Dlh\u00e9 uch\u00e1: (cca. 70\u00a0cm)  Kr\u00ed\u017ekov\u00fd steh  Logo Fair-Trade na vonkaj\u0161ej strane ta\u0161ky  100\u00a0% organick\u00e1 bavlna  vydr\u017e\u00ed ve\u013emi dlho  v\u00fdborne sa hod\u00ed aj k aktu\u00e1lnemu outfitu, na \u201eulici\u201c nesklame","og_url":"https:\/\/fanzone.sk\/en\/product\/presovska-mapka-bavlnena-taska-presovska-mapka\/","og_site_name":"fanzone.sk","article_publisher":"https:\/\/www.facebook.com\/FANZONEsk\/","article_modified_time":"2025-02-03T21:05:50+00:00","og_image":[{"width":954,"height":1382,"url":"https:\/\/fanzone.sk\/wp-content\/uploads\/2023\/08\/Snimka-obrazovky-2022-12-13-o-1.41.08.jpg","type":"image\/jpeg"}],"twitter_card":"summary_large_image","twitter_misc":{"Est. reading time":"1 minute"},"schema":{"@context":"https:\/\/schema.org","@graph":[{"@type":"WebPage","@id":"https:\/\/fanzone.sk\/produkt\/presovska-mapka-bavlnena-taska-presovska-mapka\/","url":"https:\/\/fanzone.sk\/produkt\/presovska-mapka-bavlnena-taska-presovska-mapka\/","name":"Pre\u0161ovsk\u00e1 mapka - Bavlnen\u00e1 ta\u0161ka Pre\u0161ovsk\u00e1 mapka - fanzone.sk","isPartOf":{"@id":"https:\/\/fanzone.sk\/#website"},"datePublished":"2023-08-08T10:54:29+00:00","dateModified":"2025-02-03T21:05:50+00:00","breadcrumb":{"@id":"https:\/\/fanzone.sk\/produkt\/presovska-mapka-bavlnena-taska-presovska-mapka\/#breadcrumb"},"inLanguage":"en-US","potentialAction":[{"@type":"ReadAction","target":["https:\/\/fanzone.sk\/produkt\/presovska-mapka-bavlnena-taska-presovska-mapka\/"]}]},{"@type":"BreadcrumbList","@id":"https:\/\/fanzone.sk\/produkt\/presovska-mapka-bavlnena-taska-presovska-mapka\/#breadcrumb","itemListElement":[{"@type":"ListItem","position":1,"name":"Home","item":"https:\/\/fanzone.sk\/"},{"@type":"ListItem","position":2,"name":"Obchod","item":"https:\/\/fanzone.sk\/obchod\/"},{"@type":"ListItem","position":3,"name":"Pre\u0161ovsk\u00e1 mapka &#8211; Bavlnen\u00e1 ta\u0161ka Pre\u0161ovsk\u00e1 mapka"}]},{"@type":"WebSite","@id":"https:\/\/fanzone.sk\/#website","url":"https:\/\/fanzone.sk\/","name":"fanzone.sk","description":"","potentialAction":[{"@type":"SearchAction","target":{"@type":"EntryPoint","urlTemplate":"https:\/\/fanzone.sk\/?s={search_term_string}"},"query-input":"required name=search_term_string"}],"inLanguage":"en-US"}]}},"_links":{"self":[{"href":"https:\/\/fanzone.sk\/en\/wp-json\/wp\/v2\/product\/24457"}],"collection":[{"href":"https:\/\/fanzone.sk\/en\/wp-json\/wp\/v2\/product"}],"about":[{"href":"https:\/\/fanzone.sk\/en\/wp-json\/wp\/v2\/types\/product"}],"wp:featuredmedia":[{"embeddable":true,"href":"https:\/\/fanzone.sk\/en\/wp-json\/wp\/v2\/media\/24458"}],"wp:attachment":[{"href":"https:\/\/fanzone.sk\/en\/wp-json\/wp\/v2\/media?parent=24457"}],"wp:term":[{"taxonomy":"product_cat","embeddable":true,"href":"https:\/\/fanzone.sk\/en\/wp-json\/wp\/v2\/product_cat?post=24457"},{"taxonomy":"product_tag","embeddable":true,"href":"https:\/\/fanzone.sk\/en\/wp-json\/wp\/v2\/product_tag?post=24457"}],"curies":[{"name":"wp","href":"https:\/\/api.w.org\/{rel}","templated":true}]}}