{"id":24463,"date":"2023-08-08T13:04:07","date_gmt":"2023-08-08T11:04:07","guid":{"rendered":"https:\/\/fanzone.sk\/?post_type=product&#038;p=24463"},"modified":"2025-02-03T22:05:50","modified_gmt":"2025-02-03T21:05:50","slug":"presovska-mapka-puzzle-500-a-1-000-dielikove","status":"publish","type":"product","link":"https:\/\/fanzone.sk\/en\/product\/presovska-mapka-puzzle-500-a-1-000-dielikove\/","title":{"rendered":"Pre\u0161ovsk\u00e1 mapka &#8211; Puzzle 500 a 1 000 dielikov\u00e9"},"content":{"rendered":"<p>Jedine\u010dn\u00fd dar\u010dek, ktor\u00fd pote\u0161\u00ed ka\u017ed\u00e9ho \u010dlena rodiny. Obtia\u017enos\u0165 skladania sa m\u00f4\u017ee javi\u0165 ako n\u00e1ro\u010dnej\u0161ia (pre \u010dierny podklad), ale je o to z\u00e1bavnej\u0161ia.<\/p>","protected":false},"excerpt":{"rendered":"<p>Puzzle 500 dielikov<\/p>\n<ul>\n<li>rozmery puzzle obr\u00e1zku: 46 x 30 cm<\/li>\n<li>materi\u00e1l: v\u00fdsek z modrej lepenky o sile 1,9 mm<\/li>\n<li>rozmery jednotliv\u00fdch dielikov: cca 1,5 x 1,8 cm<\/li>\n<li>rohy rovn\u00e9<\/li>\n<li>balenie: puzzle je vysypan\u00e9 do rychlozavieracieho s\u00e1\u010dku a vlo\u017een\u00e9 do jutov\u00e9ho vrecka (mo\u017enos\u0165 ho op\u00e4tovne pou\u017ei\u0165 pri uskladnen\u00ed in\u00fdch vec\u00ed v dom\u00e1cnosti)<\/li>\n<li>obsah: puzzle s po\u010dtom dielikov 500, let\u00e1k s vizu\u00e1lom Pre\u0161ovskej mapky ako podklad pre skladanie, visa\u010dka z tvrd\u00e9ho kart\u00f3nu s inform\u00e1ci\u00e1mi o produkte<\/li>\n<\/ul>\n<p>&nbsp;<\/p>\n<p>Puzzle 1 000 dielikov<\/p>\n<ul>\n<li>rozmery puzzle obr\u00e1zku: 60 x 46 cm<\/li>\n<li>materi\u00e1l: v\u00fdsek z modrej lepenky o sile 1,9 mm<\/li>\n<li>rozmery jednotliv\u00fdch dielikov: cca 1,5 x 1,8 cm<\/li>\n<li>rohy rovn\u00e9<\/li>\n<li>balenie: puzzle je vysypan\u00e9 do ZIP s\u00e1\u010dku a vlo\u017een\u00e9 do pl\u00e1ten\u00e9ho recyklovan\u00e9ho vrec\u00fa\u0161ka 25\u00d730 cm (mo\u017enos\u0165 op\u00e4tovn\u00e9ho pou\u017eitia \u2013 napr\u00edklad vrec\u00fa\u0161ko pre telesn\u00fa a na kr\u00fa\u017eky pre deti)<\/li>\n<li>obsah: puzzle s po\u010dtom dielikov 1 000, let\u00e1k s vizu\u00e1lom Pre\u0161ovskej mapky ako podklad pre skladanie, pl\u00e1ten\u00e9 recyklovan\u00e9 vrec\u00fa\u0161ko<\/li>\n<\/ul>","protected":false},"featured_media":24464,"template":"","meta":[],"product_cat":[327,418],"product_tag":[],"wcpa_form_fields":null,"yoast_head":"<!-- This site is optimized with the Yoast SEO plugin v21.2 - https:\/\/yoast.com\/wordpress\/plugins\/seo\/ -->\n<title>Pre\u0161ovsk\u00e1 mapka - Puzzle 500 a 1 000 dielikov\u00e9 - fanzone.sk<\/title>\n<meta name=\"robots\" content=\"index, follow, max-snippet:-1, max-image-preview:large, max-video-preview:-1\" \/>\n<link rel=\"canonical\" href=\"https:\/\/fanzone.sk\/en\/product\/presovska-mapka-puzzle-500-a-1-000-dielikove\/\" \/>\n<meta property=\"og:locale\" content=\"en_US\" \/>\n<meta property=\"og:type\" content=\"article\" \/>\n<meta property=\"og:title\" content=\"Pre\u0161ovsk\u00e1 mapka - Puzzle 500 a 1 000 dielikov\u00e9 - fanzone.sk\" \/>\n<meta property=\"og:description\" content=\"Puzzle 500 dielikov   rozmery puzzle obr\u00e1zku: 46 x 30 cm  materi\u00e1l: v\u00fdsek z modrej lepenky o sile 1,9 mm  rozmery jednotliv\u00fdch dielikov: cca 1,5 x 1,8 cm  rohy rovn\u00e9  balenie: puzzle je vysypan\u00e9 do rychlozavieracieho s\u00e1\u010dku a vlo\u017een\u00e9 do jutov\u00e9ho vrecka (mo\u017enos\u0165 ho op\u00e4tovne pou\u017ei\u0165 pri uskladnen\u00ed in\u00fdch vec\u00ed v dom\u00e1cnosti)  obsah: puzzle s po\u010dtom dielikov 500, let\u00e1k s vizu\u00e1lom Pre\u0161ovskej mapky ako podklad pre skladanie, visa\u010dka z tvrd\u00e9ho kart\u00f3nu s inform\u00e1ci\u00e1mi o produkte  &nbsp;  Puzzle 1 000 dielikov   rozmery puzzle obr\u00e1zku: 60 x 46 cm  materi\u00e1l: v\u00fdsek z modrej lepenky o sile 1,9 mm  rozmery jednotliv\u00fdch dielikov: cca 1,5 x 1,8 cm  rohy rovn\u00e9  balenie: puzzle je vysypan\u00e9 do ZIP s\u00e1\u010dku a vlo\u017een\u00e9 do pl\u00e1ten\u00e9ho recyklovan\u00e9ho vrec\u00fa\u0161ka 25\u00d730 cm (mo\u017enos\u0165 op\u00e4tovn\u00e9ho pou\u017eitia \u2013 napr\u00edklad vrec\u00fa\u0161ko pre telesn\u00fa a na kr\u00fa\u017eky pre deti)  obsah: puzzle s po\u010dtom dielikov 1 000, let\u00e1k s vizu\u00e1lom Pre\u0161ovskej mapky ako podklad pre skladanie, pl\u00e1ten\u00e9 recyklovan\u00e9 vrec\u00fa\u0161ko\" \/>\n<meta property=\"og:url\" content=\"https:\/\/fanzone.sk\/en\/product\/presovska-mapka-puzzle-500-a-1-000-dielikove\/\" \/>\n<meta property=\"og:site_name\" content=\"fanzone.sk\" \/>\n<meta property=\"article:publisher\" content=\"https:\/\/www.facebook.com\/FANZONEsk\/\" \/>\n<meta property=\"article:modified_time\" content=\"2025-02-03T21:05:50+00:00\" \/>\n<meta property=\"og:image\" content=\"https:\/\/fanzone.sk\/wp-content\/uploads\/2023\/08\/IMG_7143-scaled-1.jpg\" \/>\n\t<meta property=\"og:image:width\" content=\"2560\" \/>\n\t<meta property=\"og:image:height\" content=\"1920\" \/>\n\t<meta property=\"og:image:type\" content=\"image\/jpeg\" \/>\n<meta name=\"twitter:card\" content=\"summary_large_image\" \/>\n<meta name=\"twitter:label1\" content=\"Est. reading time\" \/>\n\t<meta name=\"twitter:data1\" content=\"1 minute\" \/>\n<script type=\"application\/ld+json\" class=\"yoast-schema-graph\">{\"@context\":\"https:\/\/schema.org\",\"@graph\":[{\"@type\":\"WebPage\",\"@id\":\"https:\/\/fanzone.sk\/produkt\/presovska-mapka-puzzle-500-a-1-000-dielikove\/\",\"url\":\"https:\/\/fanzone.sk\/produkt\/presovska-mapka-puzzle-500-a-1-000-dielikove\/\",\"name\":\"Pre\u0161ovsk\u00e1 mapka - Puzzle 500 a 1 000 dielikov\u00e9 - fanzone.sk\",\"isPartOf\":{\"@id\":\"https:\/\/fanzone.sk\/#website\"},\"datePublished\":\"2023-08-08T11:04:07+00:00\",\"dateModified\":\"2025-02-03T21:05:50+00:00\",\"breadcrumb\":{\"@id\":\"https:\/\/fanzone.sk\/produkt\/presovska-mapka-puzzle-500-a-1-000-dielikove\/#breadcrumb\"},\"inLanguage\":\"en-US\",\"potentialAction\":[{\"@type\":\"ReadAction\",\"target\":[\"https:\/\/fanzone.sk\/produkt\/presovska-mapka-puzzle-500-a-1-000-dielikove\/\"]}]},{\"@type\":\"BreadcrumbList\",\"@id\":\"https:\/\/fanzone.sk\/produkt\/presovska-mapka-puzzle-500-a-1-000-dielikove\/#breadcrumb\",\"itemListElement\":[{\"@type\":\"ListItem\",\"position\":1,\"name\":\"Home\",\"item\":\"https:\/\/fanzone.sk\/\"},{\"@type\":\"ListItem\",\"position\":2,\"name\":\"Obchod\",\"item\":\"https:\/\/fanzone.sk\/obchod\/\"},{\"@type\":\"ListItem\",\"position\":3,\"name\":\"Pre\u0161ovsk\u00e1 mapka &#8211; Puzzle 500 a 1 000 dielikov\u00e9\"}]},{\"@type\":\"WebSite\",\"@id\":\"https:\/\/fanzone.sk\/#website\",\"url\":\"https:\/\/fanzone.sk\/\",\"name\":\"fanzone.sk\",\"description\":\"\",\"potentialAction\":[{\"@type\":\"SearchAction\",\"target\":{\"@type\":\"EntryPoint\",\"urlTemplate\":\"https:\/\/fanzone.sk\/?s={search_term_string}\"},\"query-input\":\"required name=search_term_string\"}],\"inLanguage\":\"en-US\"}]}<\/script>\n<!-- \/ Yoast SEO plugin. -->","yoast_head_json":{"title":"Pre\u0161ovsk\u00e1 mapka - Puzzle 500 a 1 000 dielikov\u00e9 - fanzone.sk","robots":{"index":"index","follow":"follow","max-snippet":"max-snippet:-1","max-image-preview":"max-image-preview:large","max-video-preview":"max-video-preview:-1"},"canonical":"https:\/\/fanzone.sk\/en\/product\/presovska-mapka-puzzle-500-a-1-000-dielikove\/","og_locale":"en_US","og_type":"article","og_title":"Pre\u0161ovsk\u00e1 mapka - Puzzle 500 a 1 000 dielikov\u00e9 - fanzone.sk","og_description":"Puzzle 500 dielikov   rozmery puzzle obr\u00e1zku: 46 x 30 cm  materi\u00e1l: v\u00fdsek z modrej lepenky o sile 1,9 mm  rozmery jednotliv\u00fdch dielikov: cca 1,5 x 1,8 cm  rohy rovn\u00e9  balenie: puzzle je vysypan\u00e9 do rychlozavieracieho s\u00e1\u010dku a vlo\u017een\u00e9 do jutov\u00e9ho vrecka (mo\u017enos\u0165 ho op\u00e4tovne pou\u017ei\u0165 pri uskladnen\u00ed in\u00fdch vec\u00ed v dom\u00e1cnosti)  obsah: puzzle s po\u010dtom dielikov 500, let\u00e1k s vizu\u00e1lom Pre\u0161ovskej mapky ako podklad pre skladanie, visa\u010dka z tvrd\u00e9ho kart\u00f3nu s inform\u00e1ci\u00e1mi o produkte  &nbsp;  Puzzle 1 000 dielikov   rozmery puzzle obr\u00e1zku: 60 x 46 cm  materi\u00e1l: v\u00fdsek z modrej lepenky o sile 1,9 mm  rozmery jednotliv\u00fdch dielikov: cca 1,5 x 1,8 cm  rohy rovn\u00e9  balenie: puzzle je vysypan\u00e9 do ZIP s\u00e1\u010dku a vlo\u017een\u00e9 do pl\u00e1ten\u00e9ho recyklovan\u00e9ho vrec\u00fa\u0161ka 25\u00d730 cm (mo\u017enos\u0165 op\u00e4tovn\u00e9ho pou\u017eitia \u2013 napr\u00edklad vrec\u00fa\u0161ko pre telesn\u00fa a na kr\u00fa\u017eky pre deti)  obsah: puzzle s po\u010dtom dielikov 1 000, let\u00e1k s vizu\u00e1lom Pre\u0161ovskej mapky ako podklad pre skladanie, pl\u00e1ten\u00e9 recyklovan\u00e9 vrec\u00fa\u0161ko","og_url":"https:\/\/fanzone.sk\/en\/product\/presovska-mapka-puzzle-500-a-1-000-dielikove\/","og_site_name":"fanzone.sk","article_publisher":"https:\/\/www.facebook.com\/FANZONEsk\/","article_modified_time":"2025-02-03T21:05:50+00:00","og_image":[{"width":2560,"height":1920,"url":"https:\/\/fanzone.sk\/wp-content\/uploads\/2023\/08\/IMG_7143-scaled-1.jpg","type":"image\/jpeg"}],"twitter_card":"summary_large_image","twitter_misc":{"Est. reading time":"1 minute"},"schema":{"@context":"https:\/\/schema.org","@graph":[{"@type":"WebPage","@id":"https:\/\/fanzone.sk\/produkt\/presovska-mapka-puzzle-500-a-1-000-dielikove\/","url":"https:\/\/fanzone.sk\/produkt\/presovska-mapka-puzzle-500-a-1-000-dielikove\/","name":"Pre\u0161ovsk\u00e1 mapka - Puzzle 500 a 1 000 dielikov\u00e9 - fanzone.sk","isPartOf":{"@id":"https:\/\/fanzone.sk\/#website"},"datePublished":"2023-08-08T11:04:07+00:00","dateModified":"2025-02-03T21:05:50+00:00","breadcrumb":{"@id":"https:\/\/fanzone.sk\/produkt\/presovska-mapka-puzzle-500-a-1-000-dielikove\/#breadcrumb"},"inLanguage":"en-US","potentialAction":[{"@type":"ReadAction","target":["https:\/\/fanzone.sk\/produkt\/presovska-mapka-puzzle-500-a-1-000-dielikove\/"]}]},{"@type":"BreadcrumbList","@id":"https:\/\/fanzone.sk\/produkt\/presovska-mapka-puzzle-500-a-1-000-dielikove\/#breadcrumb","itemListElement":[{"@type":"ListItem","position":1,"name":"Home","item":"https:\/\/fanzone.sk\/"},{"@type":"ListItem","position":2,"name":"Obchod","item":"https:\/\/fanzone.sk\/obchod\/"},{"@type":"ListItem","position":3,"name":"Pre\u0161ovsk\u00e1 mapka &#8211; Puzzle 500 a 1 000 dielikov\u00e9"}]},{"@type":"WebSite","@id":"https:\/\/fanzone.sk\/#website","url":"https:\/\/fanzone.sk\/","name":"fanzone.sk","description":"","potentialAction":[{"@type":"SearchAction","target":{"@type":"EntryPoint","urlTemplate":"https:\/\/fanzone.sk\/?s={search_term_string}"},"query-input":"required name=search_term_string"}],"inLanguage":"en-US"}]}},"_links":{"self":[{"href":"https:\/\/fanzone.sk\/en\/wp-json\/wp\/v2\/product\/24463"}],"collection":[{"href":"https:\/\/fanzone.sk\/en\/wp-json\/wp\/v2\/product"}],"about":[{"href":"https:\/\/fanzone.sk\/en\/wp-json\/wp\/v2\/types\/product"}],"wp:featuredmedia":[{"embeddable":true,"href":"https:\/\/fanzone.sk\/en\/wp-json\/wp\/v2\/media\/24464"}],"wp:attachment":[{"href":"https:\/\/fanzone.sk\/en\/wp-json\/wp\/v2\/media?parent=24463"}],"wp:term":[{"taxonomy":"product_cat","embeddable":true,"href":"https:\/\/fanzone.sk\/en\/wp-json\/wp\/v2\/product_cat?post=24463"},{"taxonomy":"product_tag","embeddable":true,"href":"https:\/\/fanzone.sk\/en\/wp-json\/wp\/v2\/product_tag?post=24463"}],"curies":[{"name":"wp","href":"https:\/\/api.w.org\/{rel}","templated":true}]}}