{"id":24617,"date":"2023-08-22T15:41:07","date_gmt":"2023-08-22T13:41:07","guid":{"rendered":"https:\/\/fanzone.sk\/?post_type=product&#038;p=24617"},"modified":"2025-02-03T22:07:23","modified_gmt":"2025-02-03T21:07:23","slug":"hc-19-humenne-bavlnena-klokanka-s-potlacou-ii","status":"publish","type":"product","link":"https:\/\/fanzone.sk\/en\/product\/hc-19-humenne-bavlnena-klokanka-s-potlacou-ii\/","title":{"rendered":"HC 19 Humenn\u00e9 &#8211; Bavlnen\u00e1 klokanka s potla\u010dou II."},"content":{"rendered":"<ul>\n<li>Mikina s kapuc\u0148ou \u2013 80% balvna, 20% polyester<\/li>\n<li>dvojvrstvov\u00e1 kapuc\u0148a zo s\u0165ahovac\u00edmi \u0161n\u00farkami<\/li>\n<li>man\u017eeta a lemovka pri krku s elast\u00e1nom<\/li>\n<li>klokanie vrecko<\/li>\n<li>v\u00fdber zo 6 farieb<\/li>\n<\/ul>","protected":false},"excerpt":{"rendered":"<ul>\n<li>Mikina s kapuc\u0148ou \u2013 80% balvna, 20% polyester<\/li>\n<li>dvojvrstvov\u00e1 kapuc\u0148a zo s\u0165ahovac\u00edmi \u0161n\u00farkami<\/li>\n<li>man\u017eeta a lemovka pri krku s elast\u00e1nom<\/li>\n<li>klokanie vrecko<\/li>\n<li>v\u00fdber zo 6 farieb<\/li>\n<\/ul>","protected":false},"featured_media":24628,"template":"","meta":[],"product_cat":[309,413,95],"product_tag":[40,145],"wcpa_form_fields":null,"yoast_head":"<!-- This site is optimized with the Yoast SEO plugin v21.2 - https:\/\/yoast.com\/wordpress\/plugins\/seo\/ -->\n<title>HC 19 Humenn\u00e9 - Bavlnen\u00e1 klokanka s potla\u010dou II. - fanzone.sk<\/title>\n<meta name=\"robots\" content=\"index, follow, max-snippet:-1, max-image-preview:large, max-video-preview:-1\" \/>\n<link rel=\"canonical\" href=\"https:\/\/fanzone.sk\/en\/product\/hc-19-humenne-bavlnena-klokanka-s-potlacou-ii\/\" \/>\n<meta property=\"og:locale\" content=\"en_US\" \/>\n<meta property=\"og:type\" content=\"article\" \/>\n<meta property=\"og:title\" content=\"HC 19 Humenn\u00e9 - Bavlnen\u00e1 klokanka s potla\u010dou II. - fanzone.sk\" \/>\n<meta property=\"og:description\" content=\"Mikina s kapuc\u0148ou \u2013 80% balvna, 20% polyester  dvojvrstvov\u00e1 kapuc\u0148a zo s\u0165ahovac\u00edmi \u0161n\u00farkami  man\u017eeta a lemovka pri krku s elast\u00e1nom  klokanie vrecko  v\u00fdber zo 6 farieb\" \/>\n<meta property=\"og:url\" content=\"https:\/\/fanzone.sk\/en\/product\/hc-19-humenne-bavlnena-klokanka-s-potlacou-ii\/\" \/>\n<meta property=\"og:site_name\" content=\"fanzone.sk\" \/>\n<meta property=\"article:publisher\" content=\"https:\/\/www.facebook.com\/FANZONEsk\/\" \/>\n<meta property=\"article:modified_time\" content=\"2025-02-03T21:07:23+00:00\" \/>\n<meta property=\"og:image\" content=\"https:\/\/fanzone.sk\/wp-content\/uploads\/2023\/08\/DIANA-01-5.jpg\" \/>\n\t<meta property=\"og:image:width\" content=\"800\" \/>\n\t<meta property=\"og:image:height\" content=\"800\" \/>\n\t<meta property=\"og:image:type\" content=\"image\/jpeg\" \/>\n<meta name=\"twitter:card\" content=\"summary_large_image\" \/>\n<meta name=\"twitter:label1\" content=\"Est. reading time\" \/>\n\t<meta name=\"twitter:data1\" content=\"1 minute\" \/>\n<script type=\"application\/ld+json\" class=\"yoast-schema-graph\">{\"@context\":\"https:\/\/schema.org\",\"@graph\":[{\"@type\":\"WebPage\",\"@id\":\"https:\/\/fanzone.sk\/produkt\/hc-19-humenne-bavlnena-klokanka-s-potlacou-ii\/\",\"url\":\"https:\/\/fanzone.sk\/produkt\/hc-19-humenne-bavlnena-klokanka-s-potlacou-ii\/\",\"name\":\"HC 19 Humenn\u00e9 - Bavlnen\u00e1 klokanka s potla\u010dou II. - fanzone.sk\",\"isPartOf\":{\"@id\":\"https:\/\/fanzone.sk\/#website\"},\"datePublished\":\"2023-08-22T13:41:07+00:00\",\"dateModified\":\"2025-02-03T21:07:23+00:00\",\"breadcrumb\":{\"@id\":\"https:\/\/fanzone.sk\/produkt\/hc-19-humenne-bavlnena-klokanka-s-potlacou-ii\/#breadcrumb\"},\"inLanguage\":\"en-US\",\"potentialAction\":[{\"@type\":\"ReadAction\",\"target\":[\"https:\/\/fanzone.sk\/produkt\/hc-19-humenne-bavlnena-klokanka-s-potlacou-ii\/\"]}]},{\"@type\":\"BreadcrumbList\",\"@id\":\"https:\/\/fanzone.sk\/produkt\/hc-19-humenne-bavlnena-klokanka-s-potlacou-ii\/#breadcrumb\",\"itemListElement\":[{\"@type\":\"ListItem\",\"position\":1,\"name\":\"Home\",\"item\":\"https:\/\/fanzone.sk\/\"},{\"@type\":\"ListItem\",\"position\":2,\"name\":\"Obchod\",\"item\":\"https:\/\/fanzone.sk\/obchod\/\"},{\"@type\":\"ListItem\",\"position\":3,\"name\":\"HC 19 Humenn\u00e9 &#8211; Bavlnen\u00e1 klokanka s potla\u010dou II.\"}]},{\"@type\":\"WebSite\",\"@id\":\"https:\/\/fanzone.sk\/#website\",\"url\":\"https:\/\/fanzone.sk\/\",\"name\":\"fanzone.sk\",\"description\":\"\",\"potentialAction\":[{\"@type\":\"SearchAction\",\"target\":{\"@type\":\"EntryPoint\",\"urlTemplate\":\"https:\/\/fanzone.sk\/?s={search_term_string}\"},\"query-input\":\"required name=search_term_string\"}],\"inLanguage\":\"en-US\"}]}<\/script>\n<!-- \/ Yoast SEO plugin. -->","yoast_head_json":{"title":"HC 19 Humenn\u00e9 - Bavlnen\u00e1 klokanka s potla\u010dou II. - fanzone.sk","robots":{"index":"index","follow":"follow","max-snippet":"max-snippet:-1","max-image-preview":"max-image-preview:large","max-video-preview":"max-video-preview:-1"},"canonical":"https:\/\/fanzone.sk\/en\/product\/hc-19-humenne-bavlnena-klokanka-s-potlacou-ii\/","og_locale":"en_US","og_type":"article","og_title":"HC 19 Humenn\u00e9 - Bavlnen\u00e1 klokanka s potla\u010dou II. - fanzone.sk","og_description":"Mikina s kapuc\u0148ou \u2013 80% balvna, 20% polyester  dvojvrstvov\u00e1 kapuc\u0148a zo s\u0165ahovac\u00edmi \u0161n\u00farkami  man\u017eeta a lemovka pri krku s elast\u00e1nom  klokanie vrecko  v\u00fdber zo 6 farieb","og_url":"https:\/\/fanzone.sk\/en\/product\/hc-19-humenne-bavlnena-klokanka-s-potlacou-ii\/","og_site_name":"fanzone.sk","article_publisher":"https:\/\/www.facebook.com\/FANZONEsk\/","article_modified_time":"2025-02-03T21:07:23+00:00","og_image":[{"width":800,"height":800,"url":"https:\/\/fanzone.sk\/wp-content\/uploads\/2023\/08\/DIANA-01-5.jpg","type":"image\/jpeg"}],"twitter_card":"summary_large_image","twitter_misc":{"Est. reading time":"1 minute"},"schema":{"@context":"https:\/\/schema.org","@graph":[{"@type":"WebPage","@id":"https:\/\/fanzone.sk\/produkt\/hc-19-humenne-bavlnena-klokanka-s-potlacou-ii\/","url":"https:\/\/fanzone.sk\/produkt\/hc-19-humenne-bavlnena-klokanka-s-potlacou-ii\/","name":"HC 19 Humenn\u00e9 - Bavlnen\u00e1 klokanka s potla\u010dou II. - fanzone.sk","isPartOf":{"@id":"https:\/\/fanzone.sk\/#website"},"datePublished":"2023-08-22T13:41:07+00:00","dateModified":"2025-02-03T21:07:23+00:00","breadcrumb":{"@id":"https:\/\/fanzone.sk\/produkt\/hc-19-humenne-bavlnena-klokanka-s-potlacou-ii\/#breadcrumb"},"inLanguage":"en-US","potentialAction":[{"@type":"ReadAction","target":["https:\/\/fanzone.sk\/produkt\/hc-19-humenne-bavlnena-klokanka-s-potlacou-ii\/"]}]},{"@type":"BreadcrumbList","@id":"https:\/\/fanzone.sk\/produkt\/hc-19-humenne-bavlnena-klokanka-s-potlacou-ii\/#breadcrumb","itemListElement":[{"@type":"ListItem","position":1,"name":"Home","item":"https:\/\/fanzone.sk\/"},{"@type":"ListItem","position":2,"name":"Obchod","item":"https:\/\/fanzone.sk\/obchod\/"},{"@type":"ListItem","position":3,"name":"HC 19 Humenn\u00e9 &#8211; Bavlnen\u00e1 klokanka s potla\u010dou II."}]},{"@type":"WebSite","@id":"https:\/\/fanzone.sk\/#website","url":"https:\/\/fanzone.sk\/","name":"fanzone.sk","description":"","potentialAction":[{"@type":"SearchAction","target":{"@type":"EntryPoint","urlTemplate":"https:\/\/fanzone.sk\/?s={search_term_string}"},"query-input":"required name=search_term_string"}],"inLanguage":"en-US"}]}},"_links":{"self":[{"href":"https:\/\/fanzone.sk\/en\/wp-json\/wp\/v2\/product\/24617"}],"collection":[{"href":"https:\/\/fanzone.sk\/en\/wp-json\/wp\/v2\/product"}],"about":[{"href":"https:\/\/fanzone.sk\/en\/wp-json\/wp\/v2\/types\/product"}],"wp:featuredmedia":[{"embeddable":true,"href":"https:\/\/fanzone.sk\/en\/wp-json\/wp\/v2\/media\/24628"}],"wp:attachment":[{"href":"https:\/\/fanzone.sk\/en\/wp-json\/wp\/v2\/media?parent=24617"}],"wp:term":[{"taxonomy":"product_cat","embeddable":true,"href":"https:\/\/fanzone.sk\/en\/wp-json\/wp\/v2\/product_cat?post=24617"},{"taxonomy":"product_tag","embeddable":true,"href":"https:\/\/fanzone.sk\/en\/wp-json\/wp\/v2\/product_tag?post=24617"}],"curies":[{"name":"wp","href":"https:\/\/api.w.org\/{rel}","templated":true}]}}