{"id":24670,"date":"2023-08-23T12:42:38","date_gmt":"2023-08-23T10:42:38","guid":{"rendered":"https:\/\/fanzone.sk\/?post_type=product&#038;p=24670"},"modified":"2025-02-03T22:07:23","modified_gmt":"2025-02-03T21:07:23","slug":"hc-19-humenne-bavlnene-body-s-dlhym-rukavom-ii","status":"publish","type":"product","link":"https:\/\/fanzone.sk\/en\/product\/hc-19-humenne-bavlnene-body-s-dlhym-rukavom-ii\/","title":{"rendered":"HC 19 Humenn\u00e9 &#8211; Bavlnen\u00e9 body s dlh\u00fdm ruk\u00e1vom II."},"content":{"rendered":"<ul>\n<li>detsk\u00e9 body s logom klubu HC 19 Humenn\u00e9<\/li>\n<li><strong>Materi\u00e1l:<\/strong>\u00a0200g\/m\u00b2, 100% \u010desan\u00e1 prstencov\u00e1 certifikovan\u00e1 organick\u00e1 bavlna<\/li>\n<li>okr\u00fahly v\u00fdstrih, lemovanie okolo v\u00fdstrihu,na ruk\u00e1voch a na no\u017ei\u010dk\u00e1ch<\/li>\n<li>bezniklov\u00e9 zap\u00ednanie<\/li>\n<li>pra\u0165 na 40 C<\/li>\n<\/ul>","protected":false},"excerpt":{"rendered":"<ul>\n<li>detsk\u00e9 body s logom klubu HC 19 Humenn\u00e9<\/li>\n<li><strong>Materi\u00e1l:<\/strong>\u00a0200g\/m\u00b2, 100% \u010desan\u00e1 prstencov\u00e1 certifikovan\u00e1 organick\u00e1 bavlna<\/li>\n<li>okr\u00fahly v\u00fdstrih, lemovanie okolo v\u00fdstrihu,na ruk\u00e1voch a na no\u017ei\u010dk\u00e1ch<\/li>\n<li>bezniklov\u00e9 zap\u00ednanie<\/li>\n<li>pra\u0165 na 40 C<\/li>\n<\/ul>","protected":false},"featured_media":24675,"template":"","meta":[],"product_cat":[309,411,95],"product_tag":[40],"wcpa_form_fields":null,"yoast_head":"<!-- This site is optimized with the Yoast SEO plugin v21.2 - https:\/\/yoast.com\/wordpress\/plugins\/seo\/ -->\n<title>HC 19 Humenn\u00e9 - Bavlnen\u00e9 body s dlh\u00fdm ruk\u00e1vom II. - fanzone.sk<\/title>\n<meta name=\"robots\" content=\"index, follow, max-snippet:-1, max-image-preview:large, max-video-preview:-1\" \/>\n<link rel=\"canonical\" href=\"https:\/\/fanzone.sk\/en\/product\/hc-19-humenne-bavlnene-body-s-dlhym-rukavom-ii\/\" \/>\n<meta property=\"og:locale\" content=\"en_US\" \/>\n<meta property=\"og:type\" content=\"article\" \/>\n<meta property=\"og:title\" content=\"HC 19 Humenn\u00e9 - Bavlnen\u00e9 body s dlh\u00fdm ruk\u00e1vom II. - fanzone.sk\" \/>\n<meta property=\"og:description\" content=\"detsk\u00e9 body s logom klubu HC 19 Humenn\u00e9  Materi\u00e1l:\u00a0200g\/m\u00b2, 100% \u010desan\u00e1 prstencov\u00e1 certifikovan\u00e1 organick\u00e1 bavlna  okr\u00fahly v\u00fdstrih, lemovanie okolo v\u00fdstrihu,na ruk\u00e1voch a na no\u017ei\u010dk\u00e1ch  bezniklov\u00e9 zap\u00ednanie  pra\u0165 na 40 C\" \/>\n<meta property=\"og:url\" content=\"https:\/\/fanzone.sk\/en\/product\/hc-19-humenne-bavlnene-body-s-dlhym-rukavom-ii\/\" \/>\n<meta property=\"og:site_name\" content=\"fanzone.sk\" \/>\n<meta property=\"article:publisher\" content=\"https:\/\/www.facebook.com\/FANZONEsk\/\" \/>\n<meta property=\"article:modified_time\" content=\"2025-02-03T21:07:23+00:00\" \/>\n<meta property=\"og:image\" content=\"https:\/\/fanzone.sk\/wp-content\/uploads\/2023\/08\/BODY-01-7.jpg\" \/>\n\t<meta property=\"og:image:width\" content=\"800\" \/>\n\t<meta property=\"og:image:height\" content=\"800\" \/>\n\t<meta property=\"og:image:type\" content=\"image\/jpeg\" \/>\n<meta name=\"twitter:card\" content=\"summary_large_image\" \/>\n<meta name=\"twitter:label1\" content=\"Est. reading time\" \/>\n\t<meta name=\"twitter:data1\" content=\"1 minute\" \/>\n<script type=\"application\/ld+json\" class=\"yoast-schema-graph\">{\"@context\":\"https:\/\/schema.org\",\"@graph\":[{\"@type\":\"WebPage\",\"@id\":\"https:\/\/fanzone.sk\/produkt\/hc-19-humenne-bavlnene-body-s-dlhym-rukavom-ii\/\",\"url\":\"https:\/\/fanzone.sk\/produkt\/hc-19-humenne-bavlnene-body-s-dlhym-rukavom-ii\/\",\"name\":\"HC 19 Humenn\u00e9 - Bavlnen\u00e9 body s dlh\u00fdm ruk\u00e1vom II. - fanzone.sk\",\"isPartOf\":{\"@id\":\"https:\/\/fanzone.sk\/#website\"},\"datePublished\":\"2023-08-23T10:42:38+00:00\",\"dateModified\":\"2025-02-03T21:07:23+00:00\",\"breadcrumb\":{\"@id\":\"https:\/\/fanzone.sk\/produkt\/hc-19-humenne-bavlnene-body-s-dlhym-rukavom-ii\/#breadcrumb\"},\"inLanguage\":\"en-US\",\"potentialAction\":[{\"@type\":\"ReadAction\",\"target\":[\"https:\/\/fanzone.sk\/produkt\/hc-19-humenne-bavlnene-body-s-dlhym-rukavom-ii\/\"]}]},{\"@type\":\"BreadcrumbList\",\"@id\":\"https:\/\/fanzone.sk\/produkt\/hc-19-humenne-bavlnene-body-s-dlhym-rukavom-ii\/#breadcrumb\",\"itemListElement\":[{\"@type\":\"ListItem\",\"position\":1,\"name\":\"Home\",\"item\":\"https:\/\/fanzone.sk\/\"},{\"@type\":\"ListItem\",\"position\":2,\"name\":\"Obchod\",\"item\":\"https:\/\/fanzone.sk\/obchod\/\"},{\"@type\":\"ListItem\",\"position\":3,\"name\":\"HC 19 Humenn\u00e9 &#8211; Bavlnen\u00e9 body s dlh\u00fdm ruk\u00e1vom II.\"}]},{\"@type\":\"WebSite\",\"@id\":\"https:\/\/fanzone.sk\/#website\",\"url\":\"https:\/\/fanzone.sk\/\",\"name\":\"fanzone.sk\",\"description\":\"\",\"potentialAction\":[{\"@type\":\"SearchAction\",\"target\":{\"@type\":\"EntryPoint\",\"urlTemplate\":\"https:\/\/fanzone.sk\/?s={search_term_string}\"},\"query-input\":\"required name=search_term_string\"}],\"inLanguage\":\"en-US\"}]}<\/script>\n<!-- \/ Yoast SEO plugin. -->","yoast_head_json":{"title":"HC 19 Humenn\u00e9 - Bavlnen\u00e9 body s dlh\u00fdm ruk\u00e1vom II. - fanzone.sk","robots":{"index":"index","follow":"follow","max-snippet":"max-snippet:-1","max-image-preview":"max-image-preview:large","max-video-preview":"max-video-preview:-1"},"canonical":"https:\/\/fanzone.sk\/en\/product\/hc-19-humenne-bavlnene-body-s-dlhym-rukavom-ii\/","og_locale":"en_US","og_type":"article","og_title":"HC 19 Humenn\u00e9 - Bavlnen\u00e9 body s dlh\u00fdm ruk\u00e1vom II. - fanzone.sk","og_description":"detsk\u00e9 body s logom klubu HC 19 Humenn\u00e9  Materi\u00e1l:\u00a0200g\/m\u00b2, 100% \u010desan\u00e1 prstencov\u00e1 certifikovan\u00e1 organick\u00e1 bavlna  okr\u00fahly v\u00fdstrih, lemovanie okolo v\u00fdstrihu,na ruk\u00e1voch a na no\u017ei\u010dk\u00e1ch  bezniklov\u00e9 zap\u00ednanie  pra\u0165 na 40 C","og_url":"https:\/\/fanzone.sk\/en\/product\/hc-19-humenne-bavlnene-body-s-dlhym-rukavom-ii\/","og_site_name":"fanzone.sk","article_publisher":"https:\/\/www.facebook.com\/FANZONEsk\/","article_modified_time":"2025-02-03T21:07:23+00:00","og_image":[{"width":800,"height":800,"url":"https:\/\/fanzone.sk\/wp-content\/uploads\/2023\/08\/BODY-01-7.jpg","type":"image\/jpeg"}],"twitter_card":"summary_large_image","twitter_misc":{"Est. reading time":"1 minute"},"schema":{"@context":"https:\/\/schema.org","@graph":[{"@type":"WebPage","@id":"https:\/\/fanzone.sk\/produkt\/hc-19-humenne-bavlnene-body-s-dlhym-rukavom-ii\/","url":"https:\/\/fanzone.sk\/produkt\/hc-19-humenne-bavlnene-body-s-dlhym-rukavom-ii\/","name":"HC 19 Humenn\u00e9 - Bavlnen\u00e9 body s dlh\u00fdm ruk\u00e1vom II. - fanzone.sk","isPartOf":{"@id":"https:\/\/fanzone.sk\/#website"},"datePublished":"2023-08-23T10:42:38+00:00","dateModified":"2025-02-03T21:07:23+00:00","breadcrumb":{"@id":"https:\/\/fanzone.sk\/produkt\/hc-19-humenne-bavlnene-body-s-dlhym-rukavom-ii\/#breadcrumb"},"inLanguage":"en-US","potentialAction":[{"@type":"ReadAction","target":["https:\/\/fanzone.sk\/produkt\/hc-19-humenne-bavlnene-body-s-dlhym-rukavom-ii\/"]}]},{"@type":"BreadcrumbList","@id":"https:\/\/fanzone.sk\/produkt\/hc-19-humenne-bavlnene-body-s-dlhym-rukavom-ii\/#breadcrumb","itemListElement":[{"@type":"ListItem","position":1,"name":"Home","item":"https:\/\/fanzone.sk\/"},{"@type":"ListItem","position":2,"name":"Obchod","item":"https:\/\/fanzone.sk\/obchod\/"},{"@type":"ListItem","position":3,"name":"HC 19 Humenn\u00e9 &#8211; Bavlnen\u00e9 body s dlh\u00fdm ruk\u00e1vom II."}]},{"@type":"WebSite","@id":"https:\/\/fanzone.sk\/#website","url":"https:\/\/fanzone.sk\/","name":"fanzone.sk","description":"","potentialAction":[{"@type":"SearchAction","target":{"@type":"EntryPoint","urlTemplate":"https:\/\/fanzone.sk\/?s={search_term_string}"},"query-input":"required name=search_term_string"}],"inLanguage":"en-US"}]}},"_links":{"self":[{"href":"https:\/\/fanzone.sk\/en\/wp-json\/wp\/v2\/product\/24670"}],"collection":[{"href":"https:\/\/fanzone.sk\/en\/wp-json\/wp\/v2\/product"}],"about":[{"href":"https:\/\/fanzone.sk\/en\/wp-json\/wp\/v2\/types\/product"}],"wp:featuredmedia":[{"embeddable":true,"href":"https:\/\/fanzone.sk\/en\/wp-json\/wp\/v2\/media\/24675"}],"wp:attachment":[{"href":"https:\/\/fanzone.sk\/en\/wp-json\/wp\/v2\/media?parent=24670"}],"wp:term":[{"taxonomy":"product_cat","embeddable":true,"href":"https:\/\/fanzone.sk\/en\/wp-json\/wp\/v2\/product_cat?post=24670"},{"taxonomy":"product_tag","embeddable":true,"href":"https:\/\/fanzone.sk\/en\/wp-json\/wp\/v2\/product_tag?post=24670"}],"curies":[{"name":"wp","href":"https:\/\/api.w.org\/{rel}","templated":true}]}}