{"id":24768,"date":"2023-08-25T14:19:47","date_gmt":"2023-08-25T12:19:47","guid":{"rendered":"https:\/\/fanzone.sk\/?post_type=product&#038;p=24768"},"modified":"2025-09-12T15:23:18","modified_gmt":"2025-09-12T13:23:18","slug":"hc-19-humenne-softshellova-bunda-iv","status":"publish","type":"product","link":"https:\/\/fanzone.sk\/en\/product\/hc-19-humenne-softshellova-bunda-iv\/","title":{"rendered":"HC 19 Humenn\u00e9 &#8211; Softshellov\u00e1 bunda IV."},"content":{"rendered":"<ul>\n<li>Softshellova bunda s vodeodoln\u00fdmi zipsami, vreck\u00e1 so zipsom, ruk\u00e1vy ukon\u010den\u00e9 nastavite\u013en\u00fdm such\u00fdm zipsom<\/li>\n<li>Materi\u00e1l: Thermo Active Soft Shell je vysokokvalitn\u00fd vode a vetru odoln\u00fd materi\u00e1l<\/li>\n<li>Zlo\u017eenie: vrchn\u00e1 vrstva \u2013 100%PES, membr\u00e1na \u2013 100% termoplastick\u00fd polyuret\u00e1n, vn\u00fatorn\u00e1 vrstva \u2013 100% micro fleece<\/li>\n<li>Odolnos\u0165 vo\u010di vode: 10 000 mm H20\/m2\/24 hod<\/li>\n<li>Priepustnos\u0165 vodn\u00fdch p\u00e1r: 3000 g\/m2\/24 hod<\/li>\n<li>Gram\u00e1\u017e: 300g\/m2<\/li>\n<\/ul>","protected":false},"excerpt":{"rendered":"<ul>\n<li>Softshellova bunda s vodeodoln\u00fdmi zipsami, vreck\u00e1 so zipsom, ruk\u00e1vy ukon\u010den\u00e9 nastavite\u013en\u00fdm such\u00fdm zipsom<\/li>\n<li>Materi\u00e1l: Thermo Active Soft Shell je vysokokvalitn\u00fd vode a vetru odoln\u00fd materi\u00e1l<\/li>\n<li>Zlo\u017eenie: vrchn\u00e1 vrstva \u2013 100%PES, membr\u00e1na \u2013 100% termoplastick\u00fd polyuret\u00e1n, vn\u00fatorn\u00e1 vrstva \u2013 100% micro fleece<\/li>\n<li>Odolnos\u0165 vo\u010di vode: 10 000 mm H20\/m2\/24 hod<\/li>\n<li>Priepustnos\u0165 vodn\u00fdch p\u00e1r: 3000 g\/m2\/24 hod<\/li>\n<li>Gram\u00e1\u017e: 300g\/m2<\/li>\n<\/ul>","protected":false},"featured_media":24764,"template":"","meta":[],"product_cat":[428,309,95],"product_tag":[],"wcpa_form_fields":{"rules":{"pric_overide_base_price":false,"pric_overide_base_price_if_gt_zero":false,"pric_cal_option_once":false,"pric_use_as_fee":false,"bind_quantity":false,"quantity_bind_formula":false},"fields":[{"type":"text","elementId":"wcpa-text-1554311022362","label":"Meno","enablePrice":true,"pricingType":"fixed","price":"3.00","className":"form-control","name":"text-1554311022362","subtype":"text","cl_rule":"show","operator":"and","col":6,"relations":[{"operator":"and","rules":[{"operator":false,"rules":{"cl_field":"wcpa-text-1554311022362","cl_relation":"0","cl_val":""}}]},{"operator":false,"rules":[{"operator":false,"rules":{"cl_field":"wcpa-number-1554284231985","cl_relation":"0","cl_val":""}}]}],"form_id":30451,"form_rules":{"pric_cal_option_once":false,"exclude_from_discount":false,"pric_use_as_fee":false,"fee_label":"Zdarma","render_after_acb":false,"disp_hide_options_price":false}},{"type":"paragraph","subtype":"output","label":"Pri personaliz\u00e1cii nem\u00e1te n\u00e1rok na ve\u013ekostn\u00fa v\u00fdmenu produktu.\nPersonaliz\u00e1cia 3\u20ac","elementId":"wcpa-paragraph-1554310533053","pricingType":"fixed","cl_rule":"show","col":6,"relations":false,"form_id":30451,"form_rules":{"pric_cal_option_once":false,"exclude_from_discount":false,"pric_use_as_fee":false,"fee_label":"Zdarma","render_after_acb":false,"disp_hide_options_price":false}},{"type":"number","elementId":"wcpa-number-5e26aedec61a4","label":"\u010c\u00edslo","enablePrice":true,"pricingType":"fixed","price":"1.50","className":"form-control","name":"number-5e26aedec61b1","cl_rule":"show","col":6,"relations":false,"form_id":5232,"form_rules":{"pric_cal_option_once":false,"exclude_from_discount":false,"pric_use_as_fee":false,"fee_label":"Zdarma","render_after_acb":false,"disp_hide_options_price":false}},{"type":"paragraph","subtype":"output","label":"Pri personaliz\u00e1cii nem\u00e1te n\u00e1rok na ve\u013ekostn\u00fa v\u00fdmenu produktu.\nPersonaliz\u00e1cia 1,50\u20ac","elementId":"wcpa-paragraph-5e26aedec61bf","pricingType":"fixed","cl_rule":"show","col":6,"relations":false,"form_id":5232,"form_rules":{"pric_cal_option_once":false,"exclude_from_discount":false,"pric_use_as_fee":false,"fee_label":"Zdarma","render_after_acb":false,"disp_hide_options_price":false}}]},"yoast_head":"<!-- This site is optimized with the Yoast SEO plugin v21.2 - https:\/\/yoast.com\/wordpress\/plugins\/seo\/ -->\n<title>HC 19 Humenn\u00e9 - Softshellov\u00e1 bunda IV. - fanzone.sk<\/title>\n<meta name=\"robots\" content=\"index, follow, max-snippet:-1, max-image-preview:large, max-video-preview:-1\" \/>\n<link rel=\"canonical\" href=\"https:\/\/fanzone.sk\/en\/product\/hc-19-humenne-softshellova-bunda-iv\/\" \/>\n<meta property=\"og:locale\" content=\"en_US\" \/>\n<meta property=\"og:type\" content=\"article\" \/>\n<meta property=\"og:title\" content=\"HC 19 Humenn\u00e9 - Softshellov\u00e1 bunda IV. - fanzone.sk\" \/>\n<meta property=\"og:description\" content=\"Softshellova bunda s vodeodoln\u00fdmi zipsami, vreck\u00e1 so zipsom, ruk\u00e1vy ukon\u010den\u00e9 nastavite\u013en\u00fdm such\u00fdm zipsom  Materi\u00e1l: Thermo Active Soft Shell je vysokokvalitn\u00fd vode a vetru odoln\u00fd materi\u00e1l  Zlo\u017eenie: vrchn\u00e1 vrstva \u2013 100%PES, membr\u00e1na \u2013 100% termoplastick\u00fd polyuret\u00e1n, vn\u00fatorn\u00e1 vrstva \u2013 100% micro fleece  Odolnos\u0165 vo\u010di vode: 10 000 mm H20\/m2\/24 hod  Priepustnos\u0165 vodn\u00fdch p\u00e1r: 3000 g\/m2\/24 hod  Gram\u00e1\u017e: 300g\/m2\" \/>\n<meta property=\"og:url\" content=\"https:\/\/fanzone.sk\/en\/product\/hc-19-humenne-softshellova-bunda-iv\/\" \/>\n<meta property=\"og:site_name\" content=\"fanzone.sk\" \/>\n<meta property=\"article:publisher\" content=\"https:\/\/www.facebook.com\/FANZONEsk\/\" \/>\n<meta property=\"article:modified_time\" content=\"2025-09-12T13:23:18+00:00\" \/>\n<meta property=\"og:image\" content=\"https:\/\/fanzone.sk\/wp-content\/uploads\/2023\/08\/ALEX-04-1.jpg\" \/>\n\t<meta property=\"og:image:width\" content=\"800\" \/>\n\t<meta property=\"og:image:height\" content=\"800\" \/>\n\t<meta property=\"og:image:type\" content=\"image\/jpeg\" \/>\n<meta name=\"twitter:card\" content=\"summary_large_image\" \/>\n<meta name=\"twitter:label1\" content=\"Est. reading time\" \/>\n\t<meta name=\"twitter:data1\" content=\"1 minute\" \/>\n<script type=\"application\/ld+json\" class=\"yoast-schema-graph\">{\"@context\":\"https:\/\/schema.org\",\"@graph\":[{\"@type\":\"WebPage\",\"@id\":\"https:\/\/fanzone.sk\/produkt\/hc-19-humenne-softshellova-bunda-iv\/\",\"url\":\"https:\/\/fanzone.sk\/produkt\/hc-19-humenne-softshellova-bunda-iv\/\",\"name\":\"HC 19 Humenn\u00e9 - Softshellov\u00e1 bunda IV. - fanzone.sk\",\"isPartOf\":{\"@id\":\"https:\/\/fanzone.sk\/#website\"},\"datePublished\":\"2023-08-25T12:19:47+00:00\",\"dateModified\":\"2025-09-12T13:23:18+00:00\",\"breadcrumb\":{\"@id\":\"https:\/\/fanzone.sk\/produkt\/hc-19-humenne-softshellova-bunda-iv\/#breadcrumb\"},\"inLanguage\":\"en-US\",\"potentialAction\":[{\"@type\":\"ReadAction\",\"target\":[\"https:\/\/fanzone.sk\/produkt\/hc-19-humenne-softshellova-bunda-iv\/\"]}]},{\"@type\":\"BreadcrumbList\",\"@id\":\"https:\/\/fanzone.sk\/produkt\/hc-19-humenne-softshellova-bunda-iv\/#breadcrumb\",\"itemListElement\":[{\"@type\":\"ListItem\",\"position\":1,\"name\":\"Home\",\"item\":\"https:\/\/fanzone.sk\/\"},{\"@type\":\"ListItem\",\"position\":2,\"name\":\"Obchod\",\"item\":\"https:\/\/fanzone.sk\/obchod\/\"},{\"@type\":\"ListItem\",\"position\":3,\"name\":\"HC 19 Humenn\u00e9 &#8211; Softshellov\u00e1 bunda IV.\"}]},{\"@type\":\"WebSite\",\"@id\":\"https:\/\/fanzone.sk\/#website\",\"url\":\"https:\/\/fanzone.sk\/\",\"name\":\"fanzone.sk\",\"description\":\"\",\"potentialAction\":[{\"@type\":\"SearchAction\",\"target\":{\"@type\":\"EntryPoint\",\"urlTemplate\":\"https:\/\/fanzone.sk\/?s={search_term_string}\"},\"query-input\":\"required name=search_term_string\"}],\"inLanguage\":\"en-US\"}]}<\/script>\n<!-- \/ Yoast SEO plugin. -->","yoast_head_json":{"title":"HC 19 Humenn\u00e9 - Softshellov\u00e1 bunda IV. - fanzone.sk","robots":{"index":"index","follow":"follow","max-snippet":"max-snippet:-1","max-image-preview":"max-image-preview:large","max-video-preview":"max-video-preview:-1"},"canonical":"https:\/\/fanzone.sk\/en\/product\/hc-19-humenne-softshellova-bunda-iv\/","og_locale":"en_US","og_type":"article","og_title":"HC 19 Humenn\u00e9 - Softshellov\u00e1 bunda IV. - fanzone.sk","og_description":"Softshellova bunda s vodeodoln\u00fdmi zipsami, vreck\u00e1 so zipsom, ruk\u00e1vy ukon\u010den\u00e9 nastavite\u013en\u00fdm such\u00fdm zipsom  Materi\u00e1l: Thermo Active Soft Shell je vysokokvalitn\u00fd vode a vetru odoln\u00fd materi\u00e1l  Zlo\u017eenie: vrchn\u00e1 vrstva \u2013 100%PES, membr\u00e1na \u2013 100% termoplastick\u00fd polyuret\u00e1n, vn\u00fatorn\u00e1 vrstva \u2013 100% micro fleece  Odolnos\u0165 vo\u010di vode: 10 000 mm H20\/m2\/24 hod  Priepustnos\u0165 vodn\u00fdch p\u00e1r: 3000 g\/m2\/24 hod  Gram\u00e1\u017e: 300g\/m2","og_url":"https:\/\/fanzone.sk\/en\/product\/hc-19-humenne-softshellova-bunda-iv\/","og_site_name":"fanzone.sk","article_publisher":"https:\/\/www.facebook.com\/FANZONEsk\/","article_modified_time":"2025-09-12T13:23:18+00:00","og_image":[{"width":800,"height":800,"url":"https:\/\/fanzone.sk\/wp-content\/uploads\/2023\/08\/ALEX-04-1.jpg","type":"image\/jpeg"}],"twitter_card":"summary_large_image","twitter_misc":{"Est. reading time":"1 minute"},"schema":{"@context":"https:\/\/schema.org","@graph":[{"@type":"WebPage","@id":"https:\/\/fanzone.sk\/produkt\/hc-19-humenne-softshellova-bunda-iv\/","url":"https:\/\/fanzone.sk\/produkt\/hc-19-humenne-softshellova-bunda-iv\/","name":"HC 19 Humenn\u00e9 - Softshellov\u00e1 bunda IV. - fanzone.sk","isPartOf":{"@id":"https:\/\/fanzone.sk\/#website"},"datePublished":"2023-08-25T12:19:47+00:00","dateModified":"2025-09-12T13:23:18+00:00","breadcrumb":{"@id":"https:\/\/fanzone.sk\/produkt\/hc-19-humenne-softshellova-bunda-iv\/#breadcrumb"},"inLanguage":"en-US","potentialAction":[{"@type":"ReadAction","target":["https:\/\/fanzone.sk\/produkt\/hc-19-humenne-softshellova-bunda-iv\/"]}]},{"@type":"BreadcrumbList","@id":"https:\/\/fanzone.sk\/produkt\/hc-19-humenne-softshellova-bunda-iv\/#breadcrumb","itemListElement":[{"@type":"ListItem","position":1,"name":"Home","item":"https:\/\/fanzone.sk\/"},{"@type":"ListItem","position":2,"name":"Obchod","item":"https:\/\/fanzone.sk\/obchod\/"},{"@type":"ListItem","position":3,"name":"HC 19 Humenn\u00e9 &#8211; Softshellov\u00e1 bunda IV."}]},{"@type":"WebSite","@id":"https:\/\/fanzone.sk\/#website","url":"https:\/\/fanzone.sk\/","name":"fanzone.sk","description":"","potentialAction":[{"@type":"SearchAction","target":{"@type":"EntryPoint","urlTemplate":"https:\/\/fanzone.sk\/?s={search_term_string}"},"query-input":"required name=search_term_string"}],"inLanguage":"en-US"}]}},"_links":{"self":[{"href":"https:\/\/fanzone.sk\/en\/wp-json\/wp\/v2\/product\/24768"}],"collection":[{"href":"https:\/\/fanzone.sk\/en\/wp-json\/wp\/v2\/product"}],"about":[{"href":"https:\/\/fanzone.sk\/en\/wp-json\/wp\/v2\/types\/product"}],"wp:featuredmedia":[{"embeddable":true,"href":"https:\/\/fanzone.sk\/en\/wp-json\/wp\/v2\/media\/24764"}],"wp:attachment":[{"href":"https:\/\/fanzone.sk\/en\/wp-json\/wp\/v2\/media?parent=24768"}],"wp:term":[{"taxonomy":"product_cat","embeddable":true,"href":"https:\/\/fanzone.sk\/en\/wp-json\/wp\/v2\/product_cat?post=24768"},{"taxonomy":"product_tag","embeddable":true,"href":"https:\/\/fanzone.sk\/en\/wp-json\/wp\/v2\/product_tag?post=24768"}],"curies":[{"name":"wp","href":"https:\/\/api.w.org\/{rel}","templated":true}]}}