{"id":26610,"date":"2024-01-18T13:42:02","date_gmt":"2024-01-18T12:42:02","guid":{"rendered":"https:\/\/fanzone.sk\/?post_type=product&#038;p=26610"},"modified":"2025-02-03T22:07:19","modified_gmt":"2025-02-03T21:07:19","slug":"hmhk-vranov-zimna-bunda","status":"publish","type":"product","link":"https:\/\/fanzone.sk\/en\/product\/hmhk-vranov-zimna-bunda\/","title":{"rendered":"HMHK Vranov &#8211; Zimn\u00e1 bunda"},"content":{"rendered":"<ul>\n<li>Zimn\u00e1 bunda s logom klubu HMHK Vranov<\/li>\n<li><strong>Materi\u00e1l:<\/strong>\u00a0165g\/m\u00b2, 100% ripstop polyester<\/li>\n<li>Vodeodoln\u00fd povrch Cir\u00e9<\/li>\n<li>nastavit\u013en\u00e1 kapuc\u0148a,\u00a0 nastavite\u013en\u00e9 man\u017eety so such\u00fdm zipsom<\/li>\n<li>1 vn\u00fatorn\u00e9 vrecko +\u00a0 2 bo\u010dne vreck\u00e1 so zipsom<\/li>\n<li>mo\u017eno su\u0161i\u0165 v su\u0161i\u010dke pri n\u00edzkej teplote, nemo\u017eno chemicky \u010disti\u0165<\/li>\n<\/ul>","protected":false},"excerpt":{"rendered":"<ul>\n<li>Zimn\u00e1 bunda s logom klubu HMHK Vranov<\/li>\n<li><strong>Materi\u00e1l:<\/strong>\u00a0165g\/m\u00b2, 100% ripstop polyester<\/li>\n<li>Vodeodoln\u00fd povrch Cir\u00e9<\/li>\n<li>nastavit\u013en\u00e1 kapuc\u0148a,\u00a0 nastavite\u013en\u00e9 man\u017eety so such\u00fdm zipsom<\/li>\n<li>1 vn\u00fatorn\u00e9 vrecko +\u00a0 2 bo\u010dne vreck\u00e1 so zipsom<\/li>\n<li>mo\u017eno su\u0161i\u0165 v su\u0161i\u010dke pri n\u00edzkej teplote, nemo\u017eno chemicky \u010disti\u0165<\/li>\n<\/ul>","protected":false},"featured_media":26612,"template":"","meta":[],"product_cat":[268,312,456],"product_tag":[],"wcpa_form_fields":null,"yoast_head":"<!-- This site is optimized with the Yoast SEO plugin v21.2 - https:\/\/yoast.com\/wordpress\/plugins\/seo\/ -->\n<title>HMHK Vranov - Zimn\u00e1 bunda - fanzone.sk<\/title>\n<meta name=\"robots\" content=\"index, follow, max-snippet:-1, max-image-preview:large, max-video-preview:-1\" \/>\n<link rel=\"canonical\" href=\"https:\/\/fanzone.sk\/en\/product\/hmhk-vranov-zimna-bunda\/\" \/>\n<meta property=\"og:locale\" content=\"en_US\" \/>\n<meta property=\"og:type\" content=\"article\" \/>\n<meta property=\"og:title\" content=\"HMHK Vranov - Zimn\u00e1 bunda - fanzone.sk\" \/>\n<meta property=\"og:description\" content=\"Zimn\u00e1 bunda s logom klubu HMHK Vranov  Materi\u00e1l:\u00a0165g\/m\u00b2, 100% ripstop polyester  Vodeodoln\u00fd povrch Cir\u00e9  nastavit\u013en\u00e1 kapuc\u0148a,\u00a0 nastavite\u013en\u00e9 man\u017eety so such\u00fdm zipsom  1 vn\u00fatorn\u00e9 vrecko +\u00a0 2 bo\u010dne vreck\u00e1 so zipsom  mo\u017eno su\u0161i\u0165 v su\u0161i\u010dke pri n\u00edzkej teplote, nemo\u017eno chemicky \u010disti\u0165\" \/>\n<meta property=\"og:url\" content=\"https:\/\/fanzone.sk\/en\/product\/hmhk-vranov-zimna-bunda\/\" \/>\n<meta property=\"og:site_name\" content=\"fanzone.sk\" \/>\n<meta property=\"article:publisher\" content=\"https:\/\/www.facebook.com\/FANZONEsk\/\" \/>\n<meta property=\"article:modified_time\" content=\"2025-02-03T21:07:19+00:00\" \/>\n<meta property=\"og:image\" content=\"https:\/\/fanzone.sk\/wp-content\/uploads\/2024\/01\/HMHK-BUNDA-eshop.jpg\" \/>\n\t<meta property=\"og:image:width\" content=\"800\" \/>\n\t<meta property=\"og:image:height\" content=\"800\" \/>\n\t<meta property=\"og:image:type\" content=\"image\/jpeg\" \/>\n<meta name=\"twitter:card\" content=\"summary_large_image\" \/>\n<meta name=\"twitter:label1\" content=\"Est. reading time\" \/>\n\t<meta name=\"twitter:data1\" content=\"1 minute\" \/>\n<script type=\"application\/ld+json\" class=\"yoast-schema-graph\">{\"@context\":\"https:\/\/schema.org\",\"@graph\":[{\"@type\":\"WebPage\",\"@id\":\"https:\/\/fanzone.sk\/produkt\/hmhk-vranov-zimna-bunda\/\",\"url\":\"https:\/\/fanzone.sk\/produkt\/hmhk-vranov-zimna-bunda\/\",\"name\":\"HMHK Vranov - Zimn\u00e1 bunda - fanzone.sk\",\"isPartOf\":{\"@id\":\"https:\/\/fanzone.sk\/#website\"},\"datePublished\":\"2024-01-18T12:42:02+00:00\",\"dateModified\":\"2025-02-03T21:07:19+00:00\",\"breadcrumb\":{\"@id\":\"https:\/\/fanzone.sk\/produkt\/hmhk-vranov-zimna-bunda\/#breadcrumb\"},\"inLanguage\":\"en-US\",\"potentialAction\":[{\"@type\":\"ReadAction\",\"target\":[\"https:\/\/fanzone.sk\/produkt\/hmhk-vranov-zimna-bunda\/\"]}]},{\"@type\":\"BreadcrumbList\",\"@id\":\"https:\/\/fanzone.sk\/produkt\/hmhk-vranov-zimna-bunda\/#breadcrumb\",\"itemListElement\":[{\"@type\":\"ListItem\",\"position\":1,\"name\":\"Home\",\"item\":\"https:\/\/fanzone.sk\/\"},{\"@type\":\"ListItem\",\"position\":2,\"name\":\"Obchod\",\"item\":\"https:\/\/fanzone.sk\/obchod\/\"},{\"@type\":\"ListItem\",\"position\":3,\"name\":\"HMHK Vranov &#8211; Zimn\u00e1 bunda\"}]},{\"@type\":\"WebSite\",\"@id\":\"https:\/\/fanzone.sk\/#website\",\"url\":\"https:\/\/fanzone.sk\/\",\"name\":\"fanzone.sk\",\"description\":\"\",\"potentialAction\":[{\"@type\":\"SearchAction\",\"target\":{\"@type\":\"EntryPoint\",\"urlTemplate\":\"https:\/\/fanzone.sk\/?s={search_term_string}\"},\"query-input\":\"required name=search_term_string\"}],\"inLanguage\":\"en-US\"}]}<\/script>\n<!-- \/ Yoast SEO plugin. -->","yoast_head_json":{"title":"HMHK Vranov - Zimn\u00e1 bunda - fanzone.sk","robots":{"index":"index","follow":"follow","max-snippet":"max-snippet:-1","max-image-preview":"max-image-preview:large","max-video-preview":"max-video-preview:-1"},"canonical":"https:\/\/fanzone.sk\/en\/product\/hmhk-vranov-zimna-bunda\/","og_locale":"en_US","og_type":"article","og_title":"HMHK Vranov - Zimn\u00e1 bunda - fanzone.sk","og_description":"Zimn\u00e1 bunda s logom klubu HMHK Vranov  Materi\u00e1l:\u00a0165g\/m\u00b2, 100% ripstop polyester  Vodeodoln\u00fd povrch Cir\u00e9  nastavit\u013en\u00e1 kapuc\u0148a,\u00a0 nastavite\u013en\u00e9 man\u017eety so such\u00fdm zipsom  1 vn\u00fatorn\u00e9 vrecko +\u00a0 2 bo\u010dne vreck\u00e1 so zipsom  mo\u017eno su\u0161i\u0165 v su\u0161i\u010dke pri n\u00edzkej teplote, nemo\u017eno chemicky \u010disti\u0165","og_url":"https:\/\/fanzone.sk\/en\/product\/hmhk-vranov-zimna-bunda\/","og_site_name":"fanzone.sk","article_publisher":"https:\/\/www.facebook.com\/FANZONEsk\/","article_modified_time":"2025-02-03T21:07:19+00:00","og_image":[{"width":800,"height":800,"url":"https:\/\/fanzone.sk\/wp-content\/uploads\/2024\/01\/HMHK-BUNDA-eshop.jpg","type":"image\/jpeg"}],"twitter_card":"summary_large_image","twitter_misc":{"Est. reading time":"1 minute"},"schema":{"@context":"https:\/\/schema.org","@graph":[{"@type":"WebPage","@id":"https:\/\/fanzone.sk\/produkt\/hmhk-vranov-zimna-bunda\/","url":"https:\/\/fanzone.sk\/produkt\/hmhk-vranov-zimna-bunda\/","name":"HMHK Vranov - Zimn\u00e1 bunda - fanzone.sk","isPartOf":{"@id":"https:\/\/fanzone.sk\/#website"},"datePublished":"2024-01-18T12:42:02+00:00","dateModified":"2025-02-03T21:07:19+00:00","breadcrumb":{"@id":"https:\/\/fanzone.sk\/produkt\/hmhk-vranov-zimna-bunda\/#breadcrumb"},"inLanguage":"en-US","potentialAction":[{"@type":"ReadAction","target":["https:\/\/fanzone.sk\/produkt\/hmhk-vranov-zimna-bunda\/"]}]},{"@type":"BreadcrumbList","@id":"https:\/\/fanzone.sk\/produkt\/hmhk-vranov-zimna-bunda\/#breadcrumb","itemListElement":[{"@type":"ListItem","position":1,"name":"Home","item":"https:\/\/fanzone.sk\/"},{"@type":"ListItem","position":2,"name":"Obchod","item":"https:\/\/fanzone.sk\/obchod\/"},{"@type":"ListItem","position":3,"name":"HMHK Vranov &#8211; Zimn\u00e1 bunda"}]},{"@type":"WebSite","@id":"https:\/\/fanzone.sk\/#website","url":"https:\/\/fanzone.sk\/","name":"fanzone.sk","description":"","potentialAction":[{"@type":"SearchAction","target":{"@type":"EntryPoint","urlTemplate":"https:\/\/fanzone.sk\/?s={search_term_string}"},"query-input":"required name=search_term_string"}],"inLanguage":"en-US"}]}},"_links":{"self":[{"href":"https:\/\/fanzone.sk\/en\/wp-json\/wp\/v2\/product\/26610"}],"collection":[{"href":"https:\/\/fanzone.sk\/en\/wp-json\/wp\/v2\/product"}],"about":[{"href":"https:\/\/fanzone.sk\/en\/wp-json\/wp\/v2\/types\/product"}],"wp:featuredmedia":[{"embeddable":true,"href":"https:\/\/fanzone.sk\/en\/wp-json\/wp\/v2\/media\/26612"}],"wp:attachment":[{"href":"https:\/\/fanzone.sk\/en\/wp-json\/wp\/v2\/media?parent=26610"}],"wp:term":[{"taxonomy":"product_cat","embeddable":true,"href":"https:\/\/fanzone.sk\/en\/wp-json\/wp\/v2\/product_cat?post=26610"},{"taxonomy":"product_tag","embeddable":true,"href":"https:\/\/fanzone.sk\/en\/wp-json\/wp\/v2\/product_tag?post=26610"}],"curies":[{"name":"wp","href":"https:\/\/api.w.org\/{rel}","templated":true}]}}