{"id":26960,"date":"2024-02-01T14:08:28","date_gmt":"2024-02-01T13:08:28","guid":{"rendered":"https:\/\/fanzone.sk\/?post_type=product&#038;p=26960"},"modified":"2025-02-03T22:07:18","modified_gmt":"2025-02-03T21:07:18","slug":"powerfit-podlinec-mikina-na-zips-s-kapucnou-a-stojacikom","status":"publish","type":"product","link":"https:\/\/fanzone.sk\/en\/product\/powerfit-podlinec-mikina-na-zips-s-kapucnou-a-stojacikom\/","title":{"rendered":"Powerfit Podolinec &#8211; Mikina na zips s kapuc\u0148ou a stoja\u010dikom"},"content":{"rendered":"<ul>\n<li>mikina so zipsom, stoja\u010dikom a kapuc\u0148ou v dizajne Powerfit Podolinec<\/li>\n<li>100% polyester<\/li>\n<\/ul>","protected":false},"excerpt":{"rendered":"<ul>\n<li>mikina so zipsom, stoja\u010dikom a kapuc\u0148ou v dizajne Powerfit Podolinec<\/li>\n<li>100% polyester<\/li>\n<\/ul>","protected":false},"featured_media":26962,"template":"","meta":[],"product_cat":[479,310],"product_tag":[],"wcpa_form_fields":null,"yoast_head":"<!-- This site is optimized with the Yoast SEO plugin v21.2 - https:\/\/yoast.com\/wordpress\/plugins\/seo\/ -->\n<title>Powerfit Podolinec - Mikina na zips s kapuc\u0148ou a stoja\u010dikom - fanzone.sk<\/title>\n<meta name=\"robots\" content=\"index, follow, max-snippet:-1, max-image-preview:large, max-video-preview:-1\" \/>\n<link rel=\"canonical\" href=\"https:\/\/fanzone.sk\/en\/product\/powerfit-podlinec-mikina-na-zips-s-kapucnou-a-stojacikom\/\" \/>\n<meta property=\"og:locale\" content=\"en_US\" \/>\n<meta property=\"og:type\" content=\"article\" \/>\n<meta property=\"og:title\" content=\"Powerfit Podolinec - Mikina na zips s kapuc\u0148ou a stoja\u010dikom - fanzone.sk\" \/>\n<meta property=\"og:description\" content=\"mikina so zipsom, stoja\u010dikom a kapuc\u0148ou v dizajne Powerfit Podolinec  100% polyester\" \/>\n<meta property=\"og:url\" content=\"https:\/\/fanzone.sk\/en\/product\/powerfit-podlinec-mikina-na-zips-s-kapucnou-a-stojacikom\/\" \/>\n<meta property=\"og:site_name\" content=\"fanzone.sk\" \/>\n<meta property=\"article:publisher\" content=\"https:\/\/www.facebook.com\/FANZONEsk\/\" \/>\n<meta property=\"article:modified_time\" content=\"2025-02-03T21:07:18+00:00\" \/>\n<meta property=\"og:image\" content=\"https:\/\/fanzone.sk\/wp-content\/uploads\/2024\/02\/STEFAN-PD.jpg\" \/>\n\t<meta property=\"og:image:width\" content=\"800\" \/>\n\t<meta property=\"og:image:height\" content=\"800\" \/>\n\t<meta property=\"og:image:type\" content=\"image\/jpeg\" \/>\n<meta name=\"twitter:card\" content=\"summary_large_image\" \/>\n<meta name=\"twitter:label1\" content=\"Est. reading time\" \/>\n\t<meta name=\"twitter:data1\" content=\"1 minute\" \/>\n<script type=\"application\/ld+json\" class=\"yoast-schema-graph\">{\"@context\":\"https:\/\/schema.org\",\"@graph\":[{\"@type\":\"WebPage\",\"@id\":\"https:\/\/fanzone.sk\/produkt\/powerfit-podlinec-mikina-na-zips-s-kapucnou-a-stojacikom\/\",\"url\":\"https:\/\/fanzone.sk\/produkt\/powerfit-podlinec-mikina-na-zips-s-kapucnou-a-stojacikom\/\",\"name\":\"Powerfit Podolinec - Mikina na zips s kapuc\u0148ou a stoja\u010dikom - fanzone.sk\",\"isPartOf\":{\"@id\":\"https:\/\/fanzone.sk\/#website\"},\"datePublished\":\"2024-02-01T13:08:28+00:00\",\"dateModified\":\"2025-02-03T21:07:18+00:00\",\"breadcrumb\":{\"@id\":\"https:\/\/fanzone.sk\/produkt\/powerfit-podlinec-mikina-na-zips-s-kapucnou-a-stojacikom\/#breadcrumb\"},\"inLanguage\":\"en-US\",\"potentialAction\":[{\"@type\":\"ReadAction\",\"target\":[\"https:\/\/fanzone.sk\/produkt\/powerfit-podlinec-mikina-na-zips-s-kapucnou-a-stojacikom\/\"]}]},{\"@type\":\"BreadcrumbList\",\"@id\":\"https:\/\/fanzone.sk\/produkt\/powerfit-podlinec-mikina-na-zips-s-kapucnou-a-stojacikom\/#breadcrumb\",\"itemListElement\":[{\"@type\":\"ListItem\",\"position\":1,\"name\":\"Home\",\"item\":\"https:\/\/fanzone.sk\/\"},{\"@type\":\"ListItem\",\"position\":2,\"name\":\"Obchod\",\"item\":\"https:\/\/fanzone.sk\/obchod\/\"},{\"@type\":\"ListItem\",\"position\":3,\"name\":\"Powerfit Podolinec &#8211; Mikina na zips s kapuc\u0148ou a stoja\u010dikom\"}]},{\"@type\":\"WebSite\",\"@id\":\"https:\/\/fanzone.sk\/#website\",\"url\":\"https:\/\/fanzone.sk\/\",\"name\":\"fanzone.sk\",\"description\":\"\",\"potentialAction\":[{\"@type\":\"SearchAction\",\"target\":{\"@type\":\"EntryPoint\",\"urlTemplate\":\"https:\/\/fanzone.sk\/?s={search_term_string}\"},\"query-input\":\"required name=search_term_string\"}],\"inLanguage\":\"en-US\"}]}<\/script>\n<!-- \/ Yoast SEO plugin. -->","yoast_head_json":{"title":"Powerfit Podolinec - Mikina na zips s kapuc\u0148ou a stoja\u010dikom - fanzone.sk","robots":{"index":"index","follow":"follow","max-snippet":"max-snippet:-1","max-image-preview":"max-image-preview:large","max-video-preview":"max-video-preview:-1"},"canonical":"https:\/\/fanzone.sk\/en\/product\/powerfit-podlinec-mikina-na-zips-s-kapucnou-a-stojacikom\/","og_locale":"en_US","og_type":"article","og_title":"Powerfit Podolinec - Mikina na zips s kapuc\u0148ou a stoja\u010dikom - fanzone.sk","og_description":"mikina so zipsom, stoja\u010dikom a kapuc\u0148ou v dizajne Powerfit Podolinec  100% polyester","og_url":"https:\/\/fanzone.sk\/en\/product\/powerfit-podlinec-mikina-na-zips-s-kapucnou-a-stojacikom\/","og_site_name":"fanzone.sk","article_publisher":"https:\/\/www.facebook.com\/FANZONEsk\/","article_modified_time":"2025-02-03T21:07:18+00:00","og_image":[{"width":800,"height":800,"url":"https:\/\/fanzone.sk\/wp-content\/uploads\/2024\/02\/STEFAN-PD.jpg","type":"image\/jpeg"}],"twitter_card":"summary_large_image","twitter_misc":{"Est. reading time":"1 minute"},"schema":{"@context":"https:\/\/schema.org","@graph":[{"@type":"WebPage","@id":"https:\/\/fanzone.sk\/produkt\/powerfit-podlinec-mikina-na-zips-s-kapucnou-a-stojacikom\/","url":"https:\/\/fanzone.sk\/produkt\/powerfit-podlinec-mikina-na-zips-s-kapucnou-a-stojacikom\/","name":"Powerfit Podolinec - Mikina na zips s kapuc\u0148ou a stoja\u010dikom - fanzone.sk","isPartOf":{"@id":"https:\/\/fanzone.sk\/#website"},"datePublished":"2024-02-01T13:08:28+00:00","dateModified":"2025-02-03T21:07:18+00:00","breadcrumb":{"@id":"https:\/\/fanzone.sk\/produkt\/powerfit-podlinec-mikina-na-zips-s-kapucnou-a-stojacikom\/#breadcrumb"},"inLanguage":"en-US","potentialAction":[{"@type":"ReadAction","target":["https:\/\/fanzone.sk\/produkt\/powerfit-podlinec-mikina-na-zips-s-kapucnou-a-stojacikom\/"]}]},{"@type":"BreadcrumbList","@id":"https:\/\/fanzone.sk\/produkt\/powerfit-podlinec-mikina-na-zips-s-kapucnou-a-stojacikom\/#breadcrumb","itemListElement":[{"@type":"ListItem","position":1,"name":"Home","item":"https:\/\/fanzone.sk\/"},{"@type":"ListItem","position":2,"name":"Obchod","item":"https:\/\/fanzone.sk\/obchod\/"},{"@type":"ListItem","position":3,"name":"Powerfit Podolinec &#8211; Mikina na zips s kapuc\u0148ou a stoja\u010dikom"}]},{"@type":"WebSite","@id":"https:\/\/fanzone.sk\/#website","url":"https:\/\/fanzone.sk\/","name":"fanzone.sk","description":"","potentialAction":[{"@type":"SearchAction","target":{"@type":"EntryPoint","urlTemplate":"https:\/\/fanzone.sk\/?s={search_term_string}"},"query-input":"required name=search_term_string"}],"inLanguage":"en-US"}]}},"_links":{"self":[{"href":"https:\/\/fanzone.sk\/en\/wp-json\/wp\/v2\/product\/26960"}],"collection":[{"href":"https:\/\/fanzone.sk\/en\/wp-json\/wp\/v2\/product"}],"about":[{"href":"https:\/\/fanzone.sk\/en\/wp-json\/wp\/v2\/types\/product"}],"wp:featuredmedia":[{"embeddable":true,"href":"https:\/\/fanzone.sk\/en\/wp-json\/wp\/v2\/media\/26962"}],"wp:attachment":[{"href":"https:\/\/fanzone.sk\/en\/wp-json\/wp\/v2\/media?parent=26960"}],"wp:term":[{"taxonomy":"product_cat","embeddable":true,"href":"https:\/\/fanzone.sk\/en\/wp-json\/wp\/v2\/product_cat?post=26960"},{"taxonomy":"product_tag","embeddable":true,"href":"https:\/\/fanzone.sk\/en\/wp-json\/wp\/v2\/product_tag?post=26960"}],"curies":[{"name":"wp","href":"https:\/\/api.w.org\/{rel}","templated":true}]}}