{"id":27289,"date":"2024-02-06T11:33:15","date_gmt":"2024-02-06T10:33:15","guid":{"rendered":"https:\/\/fanzone.sk\/?post_type=product&#038;p=27289"},"modified":"2025-02-03T22:07:17","modified_gmt":"2025-02-03T21:07:17","slug":"mhk-ruzomberok-crop-top","status":"publish","type":"product","link":"https:\/\/fanzone.sk\/en\/product\/mhk-ruzomberok-crop-top\/","title":{"rendered":"MHK Ru\u017eomberok &#8211; Crop top"},"content":{"rendered":"<ul>\n<li>D\u00e1mske tri\u010dko &#8211; strih Crop top s dizajnom MHK Ru\u017eomberok<\/li>\n<li>Materi\u00e1l &#8211; 180g\/m2, 95 % bavlna, 5% elastan<\/li>\n<li>Okr\u00fahly v\u00fdstrih<\/li>\n<li>Nesu\u0161i\u0165 v su\u0161i\u010dke<\/li>\n<\/ul>\n<div><\/div>\n<div class=\"product-description\"><\/div>\n<div><\/div>","protected":false},"excerpt":{"rendered":"<ul>\n<li>D\u00e1mske tri\u010dko &#8211; strih Crop top s dizajnom MHK Ru\u017eomberok<\/li>\n<li>Materi\u00e1l &#8211; 180g\/m2, 95 % bavlna, 5% elastan<\/li>\n<li>Okr\u00fahly v\u00fdstrih<\/li>\n<li>Nesu\u0161i\u0165 v su\u0161i\u010dke<\/li>\n<\/ul>","protected":false},"featured_media":27293,"template":"","meta":[],"product_cat":[309,371],"product_tag":[],"wcpa_form_fields":null,"yoast_head":"<!-- This site is optimized with the Yoast SEO plugin v21.2 - https:\/\/yoast.com\/wordpress\/plugins\/seo\/ -->\n<title>MHK Ru\u017eomberok - Crop top - fanzone.sk<\/title>\n<meta name=\"robots\" content=\"index, follow, max-snippet:-1, max-image-preview:large, max-video-preview:-1\" \/>\n<link rel=\"canonical\" href=\"https:\/\/fanzone.sk\/en\/product\/mhk-ruzomberok-crop-top\/\" \/>\n<meta property=\"og:locale\" content=\"en_US\" \/>\n<meta property=\"og:type\" content=\"article\" \/>\n<meta property=\"og:title\" content=\"MHK Ru\u017eomberok - Crop top - fanzone.sk\" \/>\n<meta property=\"og:description\" content=\"D\u00e1mske tri\u010dko - strih Crop top s dizajnom MHK Ru\u017eomberok  Materi\u00e1l - 180g\/m2, 95 % bavlna, 5% elastan  Okr\u00fahly v\u00fdstrih  Nesu\u0161i\u0165 v su\u0161i\u010dke\" \/>\n<meta property=\"og:url\" content=\"https:\/\/fanzone.sk\/en\/product\/mhk-ruzomberok-crop-top\/\" \/>\n<meta property=\"og:site_name\" content=\"fanzone.sk\" \/>\n<meta property=\"article:publisher\" content=\"https:\/\/www.facebook.com\/FANZONEsk\/\" \/>\n<meta property=\"article:modified_time\" content=\"2025-02-03T21:07:17+00:00\" \/>\n<meta property=\"og:image\" content=\"https:\/\/fanzone.sk\/wp-content\/uploads\/2024\/02\/MHKRUZOMBEROK-CROPTOP-scaled.jpg\" \/>\n\t<meta property=\"og:image:width\" content=\"2560\" \/>\n\t<meta property=\"og:image:height\" content=\"2560\" \/>\n\t<meta property=\"og:image:type\" content=\"image\/jpeg\" \/>\n<meta name=\"twitter:card\" content=\"summary_large_image\" \/>\n<meta name=\"twitter:label1\" content=\"Est. reading time\" \/>\n\t<meta name=\"twitter:data1\" content=\"1 minute\" \/>\n<script type=\"application\/ld+json\" class=\"yoast-schema-graph\">{\"@context\":\"https:\/\/schema.org\",\"@graph\":[{\"@type\":\"WebPage\",\"@id\":\"https:\/\/fanzone.sk\/produkt\/mhk-ruzomberok-crop-top\/\",\"url\":\"https:\/\/fanzone.sk\/produkt\/mhk-ruzomberok-crop-top\/\",\"name\":\"MHK Ru\u017eomberok - Crop top - fanzone.sk\",\"isPartOf\":{\"@id\":\"https:\/\/fanzone.sk\/#website\"},\"datePublished\":\"2024-02-06T10:33:15+00:00\",\"dateModified\":\"2025-02-03T21:07:17+00:00\",\"breadcrumb\":{\"@id\":\"https:\/\/fanzone.sk\/produkt\/mhk-ruzomberok-crop-top\/#breadcrumb\"},\"inLanguage\":\"en-US\",\"potentialAction\":[{\"@type\":\"ReadAction\",\"target\":[\"https:\/\/fanzone.sk\/produkt\/mhk-ruzomberok-crop-top\/\"]}]},{\"@type\":\"BreadcrumbList\",\"@id\":\"https:\/\/fanzone.sk\/produkt\/mhk-ruzomberok-crop-top\/#breadcrumb\",\"itemListElement\":[{\"@type\":\"ListItem\",\"position\":1,\"name\":\"Home\",\"item\":\"https:\/\/fanzone.sk\/\"},{\"@type\":\"ListItem\",\"position\":2,\"name\":\"Obchod\",\"item\":\"https:\/\/fanzone.sk\/obchod\/\"},{\"@type\":\"ListItem\",\"position\":3,\"name\":\"MHK Ru\u017eomberok &#8211; Crop top\"}]},{\"@type\":\"WebSite\",\"@id\":\"https:\/\/fanzone.sk\/#website\",\"url\":\"https:\/\/fanzone.sk\/\",\"name\":\"fanzone.sk\",\"description\":\"\",\"potentialAction\":[{\"@type\":\"SearchAction\",\"target\":{\"@type\":\"EntryPoint\",\"urlTemplate\":\"https:\/\/fanzone.sk\/?s={search_term_string}\"},\"query-input\":\"required name=search_term_string\"}],\"inLanguage\":\"en-US\"}]}<\/script>\n<!-- \/ Yoast SEO plugin. -->","yoast_head_json":{"title":"MHK Ru\u017eomberok - Crop top - fanzone.sk","robots":{"index":"index","follow":"follow","max-snippet":"max-snippet:-1","max-image-preview":"max-image-preview:large","max-video-preview":"max-video-preview:-1"},"canonical":"https:\/\/fanzone.sk\/en\/product\/mhk-ruzomberok-crop-top\/","og_locale":"en_US","og_type":"article","og_title":"MHK Ru\u017eomberok - Crop top - fanzone.sk","og_description":"D\u00e1mske tri\u010dko - strih Crop top s dizajnom MHK Ru\u017eomberok  Materi\u00e1l - 180g\/m2, 95 % bavlna, 5% elastan  Okr\u00fahly v\u00fdstrih  Nesu\u0161i\u0165 v su\u0161i\u010dke","og_url":"https:\/\/fanzone.sk\/en\/product\/mhk-ruzomberok-crop-top\/","og_site_name":"fanzone.sk","article_publisher":"https:\/\/www.facebook.com\/FANZONEsk\/","article_modified_time":"2025-02-03T21:07:17+00:00","og_image":[{"width":2560,"height":2560,"url":"https:\/\/fanzone.sk\/wp-content\/uploads\/2024\/02\/MHKRUZOMBEROK-CROPTOP-scaled.jpg","type":"image\/jpeg"}],"twitter_card":"summary_large_image","twitter_misc":{"Est. reading time":"1 minute"},"schema":{"@context":"https:\/\/schema.org","@graph":[{"@type":"WebPage","@id":"https:\/\/fanzone.sk\/produkt\/mhk-ruzomberok-crop-top\/","url":"https:\/\/fanzone.sk\/produkt\/mhk-ruzomberok-crop-top\/","name":"MHK Ru\u017eomberok - Crop top - fanzone.sk","isPartOf":{"@id":"https:\/\/fanzone.sk\/#website"},"datePublished":"2024-02-06T10:33:15+00:00","dateModified":"2025-02-03T21:07:17+00:00","breadcrumb":{"@id":"https:\/\/fanzone.sk\/produkt\/mhk-ruzomberok-crop-top\/#breadcrumb"},"inLanguage":"en-US","potentialAction":[{"@type":"ReadAction","target":["https:\/\/fanzone.sk\/produkt\/mhk-ruzomberok-crop-top\/"]}]},{"@type":"BreadcrumbList","@id":"https:\/\/fanzone.sk\/produkt\/mhk-ruzomberok-crop-top\/#breadcrumb","itemListElement":[{"@type":"ListItem","position":1,"name":"Home","item":"https:\/\/fanzone.sk\/"},{"@type":"ListItem","position":2,"name":"Obchod","item":"https:\/\/fanzone.sk\/obchod\/"},{"@type":"ListItem","position":3,"name":"MHK Ru\u017eomberok &#8211; Crop top"}]},{"@type":"WebSite","@id":"https:\/\/fanzone.sk\/#website","url":"https:\/\/fanzone.sk\/","name":"fanzone.sk","description":"","potentialAction":[{"@type":"SearchAction","target":{"@type":"EntryPoint","urlTemplate":"https:\/\/fanzone.sk\/?s={search_term_string}"},"query-input":"required name=search_term_string"}],"inLanguage":"en-US"}]}},"_links":{"self":[{"href":"https:\/\/fanzone.sk\/en\/wp-json\/wp\/v2\/product\/27289"}],"collection":[{"href":"https:\/\/fanzone.sk\/en\/wp-json\/wp\/v2\/product"}],"about":[{"href":"https:\/\/fanzone.sk\/en\/wp-json\/wp\/v2\/types\/product"}],"wp:featuredmedia":[{"embeddable":true,"href":"https:\/\/fanzone.sk\/en\/wp-json\/wp\/v2\/media\/27293"}],"wp:attachment":[{"href":"https:\/\/fanzone.sk\/en\/wp-json\/wp\/v2\/media?parent=27289"}],"wp:term":[{"taxonomy":"product_cat","embeddable":true,"href":"https:\/\/fanzone.sk\/en\/wp-json\/wp\/v2\/product_cat?post=27289"},{"taxonomy":"product_tag","embeddable":true,"href":"https:\/\/fanzone.sk\/en\/wp-json\/wp\/v2\/product_tag?post=27289"}],"curies":[{"name":"wp","href":"https:\/\/api.w.org\/{rel}","templated":true}]}}