{"id":28499,"date":"2024-03-22T15:51:53","date_gmt":"2024-03-22T14:51:53","guid":{"rendered":"https:\/\/fanzone.sk\/?post_type=product&#038;p=28499"},"modified":"2025-11-27T08:52:17","modified_gmt":"2025-11-27T07:52:17","slug":"mikina-na-zips-so-stojacikom-a-kapucnou-slovensko-baca","status":"publish","type":"product","link":"https:\/\/fanzone.sk\/en\/product\/mikina-na-zips-so-stojacikom-a-kapucnou-slovensko-baca\/","title":{"rendered":"Slovensko &#8211; Mikina na zips so stoja\u010dikom a kapuc\u0148ou &#8211; Ba\u010da"},"content":{"rendered":"<ul>\n<li>Mikina so zipsom, stoja\u010dikom a kapuc\u0148ou s aplikovan\u00fdm slovensk\u00fdm mot\u00edvom<\/li>\n<li>100 % polyester<\/li>\n<\/ul>","protected":false},"excerpt":{"rendered":"<ul>\n<li>Mikina so zipsom, stoja\u010dikom a kapuc\u0148ou s aplikovan\u00fdm slovensk\u00fdm mot\u00edvom<\/li>\n<li>100 % polyester<\/li>\n<\/ul>","protected":false},"featured_media":28501,"template":"","meta":[],"product_cat":[327,20,23],"product_tag":[145,108],"wcpa_form_fields":null,"yoast_head":"<!-- This site is optimized with the Yoast SEO plugin v21.2 - https:\/\/yoast.com\/wordpress\/plugins\/seo\/ -->\n<title>Slovensko - Mikina na zips so stoja\u010dikom a kapuc\u0148ou - Ba\u010da - fanzone.sk<\/title>\n<meta name=\"robots\" content=\"index, follow, max-snippet:-1, max-image-preview:large, max-video-preview:-1\" \/>\n<link rel=\"canonical\" href=\"https:\/\/fanzone.sk\/en\/product\/mikina-na-zips-so-stojacikom-a-kapucnou-slovensko-baca\/\" \/>\n<meta property=\"og:locale\" content=\"en_US\" \/>\n<meta property=\"og:type\" content=\"article\" \/>\n<meta property=\"og:title\" content=\"Slovensko - Mikina na zips so stoja\u010dikom a kapuc\u0148ou - Ba\u010da - fanzone.sk\" \/>\n<meta property=\"og:description\" content=\"Mikina so zipsom, stoja\u010dikom a kapuc\u0148ou s aplikovan\u00fdm slovensk\u00fdm mot\u00edvom  100 % polyester\" \/>\n<meta property=\"og:url\" content=\"https:\/\/fanzone.sk\/en\/product\/mikina-na-zips-so-stojacikom-a-kapucnou-slovensko-baca\/\" \/>\n<meta property=\"og:site_name\" content=\"fanzone.sk\" \/>\n<meta property=\"article:publisher\" content=\"https:\/\/www.facebook.com\/FANZONEsk\/\" \/>\n<meta property=\"article:modified_time\" content=\"2025-11-27T07:52:17+00:00\" \/>\n<meta property=\"og:image\" content=\"https:\/\/fanzone.sk\/wp-content\/uploads\/2024\/03\/STEFAN2_PD-scaled.jpg\" \/>\n\t<meta property=\"og:image:width\" content=\"2560\" \/>\n\t<meta property=\"og:image:height\" content=\"2560\" \/>\n\t<meta property=\"og:image:type\" content=\"image\/jpeg\" \/>\n<meta name=\"twitter:card\" content=\"summary_large_image\" \/>\n<meta name=\"twitter:label1\" content=\"Est. reading time\" \/>\n\t<meta name=\"twitter:data1\" content=\"1 minute\" \/>\n<script type=\"application\/ld+json\" class=\"yoast-schema-graph\">{\"@context\":\"https:\/\/schema.org\",\"@graph\":[{\"@type\":\"WebPage\",\"@id\":\"https:\/\/fanzone.sk\/produkt\/mikina-na-zips-so-stojacikom-a-kapucnou-slovensko-baca\/\",\"url\":\"https:\/\/fanzone.sk\/produkt\/mikina-na-zips-so-stojacikom-a-kapucnou-slovensko-baca\/\",\"name\":\"Slovensko - Mikina na zips so stoja\u010dikom a kapuc\u0148ou - Ba\u010da - fanzone.sk\",\"isPartOf\":{\"@id\":\"https:\/\/fanzone.sk\/#website\"},\"datePublished\":\"2024-03-22T14:51:53+00:00\",\"dateModified\":\"2025-11-27T07:52:17+00:00\",\"breadcrumb\":{\"@id\":\"https:\/\/fanzone.sk\/produkt\/mikina-na-zips-so-stojacikom-a-kapucnou-slovensko-baca\/#breadcrumb\"},\"inLanguage\":\"en-US\",\"potentialAction\":[{\"@type\":\"ReadAction\",\"target\":[\"https:\/\/fanzone.sk\/produkt\/mikina-na-zips-so-stojacikom-a-kapucnou-slovensko-baca\/\"]}]},{\"@type\":\"BreadcrumbList\",\"@id\":\"https:\/\/fanzone.sk\/produkt\/mikina-na-zips-so-stojacikom-a-kapucnou-slovensko-baca\/#breadcrumb\",\"itemListElement\":[{\"@type\":\"ListItem\",\"position\":1,\"name\":\"Home\",\"item\":\"https:\/\/fanzone.sk\/\"},{\"@type\":\"ListItem\",\"position\":2,\"name\":\"Obchod\",\"item\":\"https:\/\/fanzone.sk\/obchod\/\"},{\"@type\":\"ListItem\",\"position\":3,\"name\":\"Slovensko &#8211; Mikina na zips so stoja\u010dikom a kapuc\u0148ou &#8211; Ba\u010da\"}]},{\"@type\":\"WebSite\",\"@id\":\"https:\/\/fanzone.sk\/#website\",\"url\":\"https:\/\/fanzone.sk\/\",\"name\":\"fanzone.sk\",\"description\":\"\",\"potentialAction\":[{\"@type\":\"SearchAction\",\"target\":{\"@type\":\"EntryPoint\",\"urlTemplate\":\"https:\/\/fanzone.sk\/?s={search_term_string}\"},\"query-input\":\"required name=search_term_string\"}],\"inLanguage\":\"en-US\"}]}<\/script>\n<!-- \/ Yoast SEO plugin. -->","yoast_head_json":{"title":"Slovensko - Mikina na zips so stoja\u010dikom a kapuc\u0148ou - Ba\u010da - fanzone.sk","robots":{"index":"index","follow":"follow","max-snippet":"max-snippet:-1","max-image-preview":"max-image-preview:large","max-video-preview":"max-video-preview:-1"},"canonical":"https:\/\/fanzone.sk\/en\/product\/mikina-na-zips-so-stojacikom-a-kapucnou-slovensko-baca\/","og_locale":"en_US","og_type":"article","og_title":"Slovensko - Mikina na zips so stoja\u010dikom a kapuc\u0148ou - Ba\u010da - fanzone.sk","og_description":"Mikina so zipsom, stoja\u010dikom a kapuc\u0148ou s aplikovan\u00fdm slovensk\u00fdm mot\u00edvom  100 % polyester","og_url":"https:\/\/fanzone.sk\/en\/product\/mikina-na-zips-so-stojacikom-a-kapucnou-slovensko-baca\/","og_site_name":"fanzone.sk","article_publisher":"https:\/\/www.facebook.com\/FANZONEsk\/","article_modified_time":"2025-11-27T07:52:17+00:00","og_image":[{"width":2560,"height":2560,"url":"https:\/\/fanzone.sk\/wp-content\/uploads\/2024\/03\/STEFAN2_PD-scaled.jpg","type":"image\/jpeg"}],"twitter_card":"summary_large_image","twitter_misc":{"Est. reading time":"1 minute"},"schema":{"@context":"https:\/\/schema.org","@graph":[{"@type":"WebPage","@id":"https:\/\/fanzone.sk\/produkt\/mikina-na-zips-so-stojacikom-a-kapucnou-slovensko-baca\/","url":"https:\/\/fanzone.sk\/produkt\/mikina-na-zips-so-stojacikom-a-kapucnou-slovensko-baca\/","name":"Slovensko - Mikina na zips so stoja\u010dikom a kapuc\u0148ou - Ba\u010da - fanzone.sk","isPartOf":{"@id":"https:\/\/fanzone.sk\/#website"},"datePublished":"2024-03-22T14:51:53+00:00","dateModified":"2025-11-27T07:52:17+00:00","breadcrumb":{"@id":"https:\/\/fanzone.sk\/produkt\/mikina-na-zips-so-stojacikom-a-kapucnou-slovensko-baca\/#breadcrumb"},"inLanguage":"en-US","potentialAction":[{"@type":"ReadAction","target":["https:\/\/fanzone.sk\/produkt\/mikina-na-zips-so-stojacikom-a-kapucnou-slovensko-baca\/"]}]},{"@type":"BreadcrumbList","@id":"https:\/\/fanzone.sk\/produkt\/mikina-na-zips-so-stojacikom-a-kapucnou-slovensko-baca\/#breadcrumb","itemListElement":[{"@type":"ListItem","position":1,"name":"Home","item":"https:\/\/fanzone.sk\/"},{"@type":"ListItem","position":2,"name":"Obchod","item":"https:\/\/fanzone.sk\/obchod\/"},{"@type":"ListItem","position":3,"name":"Slovensko &#8211; Mikina na zips so stoja\u010dikom a kapuc\u0148ou &#8211; Ba\u010da"}]},{"@type":"WebSite","@id":"https:\/\/fanzone.sk\/#website","url":"https:\/\/fanzone.sk\/","name":"fanzone.sk","description":"","potentialAction":[{"@type":"SearchAction","target":{"@type":"EntryPoint","urlTemplate":"https:\/\/fanzone.sk\/?s={search_term_string}"},"query-input":"required name=search_term_string"}],"inLanguage":"en-US"}]}},"_links":{"self":[{"href":"https:\/\/fanzone.sk\/en\/wp-json\/wp\/v2\/product\/28499"}],"collection":[{"href":"https:\/\/fanzone.sk\/en\/wp-json\/wp\/v2\/product"}],"about":[{"href":"https:\/\/fanzone.sk\/en\/wp-json\/wp\/v2\/types\/product"}],"wp:featuredmedia":[{"embeddable":true,"href":"https:\/\/fanzone.sk\/en\/wp-json\/wp\/v2\/media\/28501"}],"wp:attachment":[{"href":"https:\/\/fanzone.sk\/en\/wp-json\/wp\/v2\/media?parent=28499"}],"wp:term":[{"taxonomy":"product_cat","embeddable":true,"href":"https:\/\/fanzone.sk\/en\/wp-json\/wp\/v2\/product_cat?post=28499"},{"taxonomy":"product_tag","embeddable":true,"href":"https:\/\/fanzone.sk\/en\/wp-json\/wp\/v2\/product_tag?post=28499"}],"curies":[{"name":"wp","href":"https:\/\/api.w.org\/{rel}","templated":true}]}}