{"id":28531,"date":"2024-03-22T16:42:31","date_gmt":"2024-03-22T15:42:31","guid":{"rendered":"https:\/\/fanzone.sk\/?post_type=product&#038;p=28531"},"modified":"2025-02-03T22:05:38","modified_gmt":"2025-02-03T21:05:38","slug":"slovensko-hrejivy-termo-vankusik-4","status":"publish","type":"product","link":"https:\/\/fanzone.sk\/en\/product\/slovensko-hrejivy-termo-vankusik-4\/","title":{"rendered":"Slovensko &#8211; Hrejiv\u00fd termo vank\u00fa\u0161ik 4"},"content":{"rendered":"<ul>\n<li>Hrejiv\u00fd termo vank\u00fa\u0161 je praktick\u00fd a \u00fa\u010dinn\u00fd spolo\u010dn\u00edk pre poskytnutie tepla v chladn\u00fdch d\u0148och alebo pre zmiernenie svalovej bolesti.<\/li>\n<li>Tento vank\u00fa\u0161 je vyroben\u00fd z kvalitn\u00fdch materi\u00e1lov, ktor\u00e9 s\u00fa bezpe\u010dn\u00e9 a pohodln\u00e9 na dotyk.<\/li>\n<li>Vank\u00fa\u0161ik zohrejte v mikrovlnke na max. 2-3 min.\u00a0 ( extr\u00e9mne prehrievanie m\u00f4\u017ee vank\u00fa\u0161ik nen\u00e1vratne po\u0161kodi\u0165 )<\/li>\n<li>Vank\u00fa\u0161ik neperte<\/li>\n<li>Skladova\u0165 vank\u00fa\u0161i\u0165 v suchu<\/li>\n<li>Rozmer \u2013 42 x 19 cm<\/li>\n<\/ul>","protected":false},"excerpt":{"rendered":"<ul>\n<li>Hrejiv\u00fd termo vank\u00fa\u0161 je praktick\u00fd a \u00fa\u010dinn\u00fd spolo\u010dn\u00edk pre poskytnutie tepla v chladn\u00fdch d\u0148och alebo pre zmiernenie svalovej bolesti.<\/li>\n<li>Tento vank\u00fa\u0161 je vyroben\u00fd z kvalitn\u00fdch materi\u00e1lov, ktor\u00e9 s\u00fa bezpe\u010dn\u00e9 a pohodln\u00e9 na dotyk.<\/li>\n<li>Vank\u00fa\u0161ik zohrejte v mikrovlnke na max. 2-3 min.\u00a0 ( extr\u00e9mne prehrievanie m\u00f4\u017ee vank\u00fa\u0161ik nen\u00e1vratne po\u0161kodi\u0165 )<\/li>\n<li>Vank\u00fa\u0161ik neperte<\/li>\n<li>Skladova\u0165 vank\u00fa\u0161i\u0165 v suchu<\/li>\n<li>Rozmer \u2013 42 x 19 cm<\/li>\n<\/ul>","protected":false},"featured_media":28532,"template":"","meta":[],"product_cat":[327,20,24],"product_tag":[],"wcpa_form_fields":null,"yoast_head":"<!-- This site is optimized with the Yoast SEO plugin v21.2 - https:\/\/yoast.com\/wordpress\/plugins\/seo\/ -->\n<title>Slovensko - Hrejiv\u00fd termo vank\u00fa\u0161ik 4 - fanzone.sk<\/title>\n<meta name=\"robots\" content=\"index, follow, max-snippet:-1, max-image-preview:large, max-video-preview:-1\" \/>\n<link rel=\"canonical\" href=\"https:\/\/fanzone.sk\/en\/product\/slovensko-hrejivy-termo-vankusik-4\/\" \/>\n<meta property=\"og:locale\" content=\"en_US\" \/>\n<meta property=\"og:type\" content=\"article\" \/>\n<meta property=\"og:title\" content=\"Slovensko - Hrejiv\u00fd termo vank\u00fa\u0161ik 4 - fanzone.sk\" \/>\n<meta property=\"og:description\" content=\"Hrejiv\u00fd termo vank\u00fa\u0161 je praktick\u00fd a \u00fa\u010dinn\u00fd spolo\u010dn\u00edk pre poskytnutie tepla v chladn\u00fdch d\u0148och alebo pre zmiernenie svalovej bolesti.  Tento vank\u00fa\u0161 je vyroben\u00fd z kvalitn\u00fdch materi\u00e1lov, ktor\u00e9 s\u00fa bezpe\u010dn\u00e9 a pohodln\u00e9 na dotyk.  Vank\u00fa\u0161ik zohrejte v mikrovlnke na max. 2-3 min.\u00a0 ( extr\u00e9mne prehrievanie m\u00f4\u017ee vank\u00fa\u0161ik nen\u00e1vratne po\u0161kodi\u0165 )  Vank\u00fa\u0161ik neperte  Skladova\u0165 vank\u00fa\u0161i\u0165 v suchu  Rozmer \u2013 42 x 19 cm\" \/>\n<meta property=\"og:url\" content=\"https:\/\/fanzone.sk\/en\/product\/slovensko-hrejivy-termo-vankusik-4\/\" \/>\n<meta property=\"og:site_name\" content=\"fanzone.sk\" \/>\n<meta property=\"article:publisher\" content=\"https:\/\/www.facebook.com\/FANZONEsk\/\" \/>\n<meta property=\"article:modified_time\" content=\"2025-02-03T21:05:38+00:00\" \/>\n<meta property=\"og:image\" content=\"https:\/\/fanzone.sk\/wp-content\/uploads\/2024\/03\/NAHRIEVACIVANKUSIK4-scaled.jpg\" \/>\n\t<meta property=\"og:image:width\" content=\"2560\" \/>\n\t<meta property=\"og:image:height\" content=\"2560\" \/>\n\t<meta property=\"og:image:type\" content=\"image\/jpeg\" \/>\n<meta name=\"twitter:card\" content=\"summary_large_image\" \/>\n<meta name=\"twitter:label1\" content=\"Est. reading time\" \/>\n\t<meta name=\"twitter:data1\" content=\"1 minute\" \/>\n<script type=\"application\/ld+json\" class=\"yoast-schema-graph\">{\"@context\":\"https:\/\/schema.org\",\"@graph\":[{\"@type\":\"WebPage\",\"@id\":\"https:\/\/fanzone.sk\/produkt\/slovensko-hrejivy-termo-vankusik-4\/\",\"url\":\"https:\/\/fanzone.sk\/produkt\/slovensko-hrejivy-termo-vankusik-4\/\",\"name\":\"Slovensko - Hrejiv\u00fd termo vank\u00fa\u0161ik 4 - fanzone.sk\",\"isPartOf\":{\"@id\":\"https:\/\/fanzone.sk\/#website\"},\"datePublished\":\"2024-03-22T15:42:31+00:00\",\"dateModified\":\"2025-02-03T21:05:38+00:00\",\"breadcrumb\":{\"@id\":\"https:\/\/fanzone.sk\/produkt\/slovensko-hrejivy-termo-vankusik-4\/#breadcrumb\"},\"inLanguage\":\"en-US\",\"potentialAction\":[{\"@type\":\"ReadAction\",\"target\":[\"https:\/\/fanzone.sk\/produkt\/slovensko-hrejivy-termo-vankusik-4\/\"]}]},{\"@type\":\"BreadcrumbList\",\"@id\":\"https:\/\/fanzone.sk\/produkt\/slovensko-hrejivy-termo-vankusik-4\/#breadcrumb\",\"itemListElement\":[{\"@type\":\"ListItem\",\"position\":1,\"name\":\"Home\",\"item\":\"https:\/\/fanzone.sk\/\"},{\"@type\":\"ListItem\",\"position\":2,\"name\":\"Obchod\",\"item\":\"https:\/\/fanzone.sk\/obchod\/\"},{\"@type\":\"ListItem\",\"position\":3,\"name\":\"Slovensko &#8211; Hrejiv\u00fd termo vank\u00fa\u0161ik 4\"}]},{\"@type\":\"WebSite\",\"@id\":\"https:\/\/fanzone.sk\/#website\",\"url\":\"https:\/\/fanzone.sk\/\",\"name\":\"fanzone.sk\",\"description\":\"\",\"potentialAction\":[{\"@type\":\"SearchAction\",\"target\":{\"@type\":\"EntryPoint\",\"urlTemplate\":\"https:\/\/fanzone.sk\/?s={search_term_string}\"},\"query-input\":\"required name=search_term_string\"}],\"inLanguage\":\"en-US\"}]}<\/script>\n<!-- \/ Yoast SEO plugin. -->","yoast_head_json":{"title":"Slovensko - Hrejiv\u00fd termo vank\u00fa\u0161ik 4 - fanzone.sk","robots":{"index":"index","follow":"follow","max-snippet":"max-snippet:-1","max-image-preview":"max-image-preview:large","max-video-preview":"max-video-preview:-1"},"canonical":"https:\/\/fanzone.sk\/en\/product\/slovensko-hrejivy-termo-vankusik-4\/","og_locale":"en_US","og_type":"article","og_title":"Slovensko - Hrejiv\u00fd termo vank\u00fa\u0161ik 4 - fanzone.sk","og_description":"Hrejiv\u00fd termo vank\u00fa\u0161 je praktick\u00fd a \u00fa\u010dinn\u00fd spolo\u010dn\u00edk pre poskytnutie tepla v chladn\u00fdch d\u0148och alebo pre zmiernenie svalovej bolesti.  Tento vank\u00fa\u0161 je vyroben\u00fd z kvalitn\u00fdch materi\u00e1lov, ktor\u00e9 s\u00fa bezpe\u010dn\u00e9 a pohodln\u00e9 na dotyk.  Vank\u00fa\u0161ik zohrejte v mikrovlnke na max. 2-3 min.\u00a0 ( extr\u00e9mne prehrievanie m\u00f4\u017ee vank\u00fa\u0161ik nen\u00e1vratne po\u0161kodi\u0165 )  Vank\u00fa\u0161ik neperte  Skladova\u0165 vank\u00fa\u0161i\u0165 v suchu  Rozmer \u2013 42 x 19 cm","og_url":"https:\/\/fanzone.sk\/en\/product\/slovensko-hrejivy-termo-vankusik-4\/","og_site_name":"fanzone.sk","article_publisher":"https:\/\/www.facebook.com\/FANZONEsk\/","article_modified_time":"2025-02-03T21:05:38+00:00","og_image":[{"width":2560,"height":2560,"url":"https:\/\/fanzone.sk\/wp-content\/uploads\/2024\/03\/NAHRIEVACIVANKUSIK4-scaled.jpg","type":"image\/jpeg"}],"twitter_card":"summary_large_image","twitter_misc":{"Est. reading time":"1 minute"},"schema":{"@context":"https:\/\/schema.org","@graph":[{"@type":"WebPage","@id":"https:\/\/fanzone.sk\/produkt\/slovensko-hrejivy-termo-vankusik-4\/","url":"https:\/\/fanzone.sk\/produkt\/slovensko-hrejivy-termo-vankusik-4\/","name":"Slovensko - Hrejiv\u00fd termo vank\u00fa\u0161ik 4 - fanzone.sk","isPartOf":{"@id":"https:\/\/fanzone.sk\/#website"},"datePublished":"2024-03-22T15:42:31+00:00","dateModified":"2025-02-03T21:05:38+00:00","breadcrumb":{"@id":"https:\/\/fanzone.sk\/produkt\/slovensko-hrejivy-termo-vankusik-4\/#breadcrumb"},"inLanguage":"en-US","potentialAction":[{"@type":"ReadAction","target":["https:\/\/fanzone.sk\/produkt\/slovensko-hrejivy-termo-vankusik-4\/"]}]},{"@type":"BreadcrumbList","@id":"https:\/\/fanzone.sk\/produkt\/slovensko-hrejivy-termo-vankusik-4\/#breadcrumb","itemListElement":[{"@type":"ListItem","position":1,"name":"Home","item":"https:\/\/fanzone.sk\/"},{"@type":"ListItem","position":2,"name":"Obchod","item":"https:\/\/fanzone.sk\/obchod\/"},{"@type":"ListItem","position":3,"name":"Slovensko &#8211; Hrejiv\u00fd termo vank\u00fa\u0161ik 4"}]},{"@type":"WebSite","@id":"https:\/\/fanzone.sk\/#website","url":"https:\/\/fanzone.sk\/","name":"fanzone.sk","description":"","potentialAction":[{"@type":"SearchAction","target":{"@type":"EntryPoint","urlTemplate":"https:\/\/fanzone.sk\/?s={search_term_string}"},"query-input":"required name=search_term_string"}],"inLanguage":"en-US"}]}},"_links":{"self":[{"href":"https:\/\/fanzone.sk\/en\/wp-json\/wp\/v2\/product\/28531"}],"collection":[{"href":"https:\/\/fanzone.sk\/en\/wp-json\/wp\/v2\/product"}],"about":[{"href":"https:\/\/fanzone.sk\/en\/wp-json\/wp\/v2\/types\/product"}],"wp:featuredmedia":[{"embeddable":true,"href":"https:\/\/fanzone.sk\/en\/wp-json\/wp\/v2\/media\/28532"}],"wp:attachment":[{"href":"https:\/\/fanzone.sk\/en\/wp-json\/wp\/v2\/media?parent=28531"}],"wp:term":[{"taxonomy":"product_cat","embeddable":true,"href":"https:\/\/fanzone.sk\/en\/wp-json\/wp\/v2\/product_cat?post=28531"},{"taxonomy":"product_tag","embeddable":true,"href":"https:\/\/fanzone.sk\/en\/wp-json\/wp\/v2\/product_tag?post=28531"}],"curies":[{"name":"wp","href":"https:\/\/api.w.org\/{rel}","templated":true}]}}