{"id":2873,"date":"2019-10-20T20:29:46","date_gmt":"2019-10-20T18:29:46","guid":{"rendered":"https:\/\/fanzone.sk\/?post_type=product&#038;p=2873"},"modified":"2025-02-03T22:08:02","modified_gmt":"2025-02-03T21:08:02","slug":"funkcne-tricko-gerlach","status":"publish","type":"product","link":"https:\/\/fanzone.sk\/en\/product\/funkcne-tricko-gerlach\/","title":{"rendered":"Funk\u010dn\u00e9 tri\u010dko Gerlach"},"content":{"rendered":"<p>Tri\u010dko funk\u010dn\u00e9 &#8211; 100% polyester &#8211; raglanov\u00e9 ruk\u00e1vy, pred\u013a\u017een\u00fd zadn\u00fd diel &#8211; priedu\u0161n\u00e9<\/p>","protected":false},"excerpt":{"rendered":"<p>Tri\u010dko funk\u010dn\u00e9 &#8211; 100% polyester &#8211; raglanov\u00e9 ruk\u00e1vy, pred\u013a\u017een\u00fd zadn\u00fd diel &#8211; priedu\u0161n\u00e9<\/p>","protected":false},"featured_media":12487,"template":"","meta":[],"product_cat":[327,97,98],"product_tag":[109,144],"wcpa_form_fields":null,"yoast_head":"<!-- This site is optimized with the Yoast SEO plugin v21.2 - https:\/\/yoast.com\/wordpress\/plugins\/seo\/ -->\n<title>Funk\u010dn\u00e9 tri\u010dko Gerlach - fanzone.sk<\/title>\n<meta name=\"robots\" content=\"index, follow, max-snippet:-1, max-image-preview:large, max-video-preview:-1\" \/>\n<link rel=\"canonical\" href=\"https:\/\/fanzone.sk\/en\/product\/funkcne-tricko-gerlach\/\" \/>\n<meta property=\"og:locale\" content=\"en_US\" \/>\n<meta property=\"og:type\" content=\"article\" \/>\n<meta property=\"og:title\" content=\"Funk\u010dn\u00e9 tri\u010dko Gerlach - fanzone.sk\" \/>\n<meta property=\"og:description\" content=\"Tri\u010dko funk\u010dn\u00e9 - 100% polyester - raglanov\u00e9 ruk\u00e1vy, pred\u013a\u017een\u00fd zadn\u00fd diel - priedu\u0161n\u00e9\" \/>\n<meta property=\"og:url\" content=\"https:\/\/fanzone.sk\/en\/product\/funkcne-tricko-gerlach\/\" \/>\n<meta property=\"og:site_name\" content=\"fanzone.sk\" \/>\n<meta property=\"article:publisher\" content=\"https:\/\/www.facebook.com\/FANZONEsk\/\" \/>\n<meta property=\"article:modified_time\" content=\"2025-02-03T21:08:02+00:00\" \/>\n<meta property=\"og:image\" content=\"https:\/\/fanzone.sk\/wp-content\/uploads\/2019\/10\/krasy-slovenska-tricko-export-funkcne-tricka-3.jpg\" \/>\n\t<meta property=\"og:image:width\" content=\"801\" \/>\n\t<meta property=\"og:image:height\" content=\"801\" \/>\n\t<meta property=\"og:image:type\" content=\"image\/jpeg\" \/>\n<meta name=\"twitter:card\" content=\"summary_large_image\" \/>\n<script type=\"application\/ld+json\" class=\"yoast-schema-graph\">{\"@context\":\"https:\/\/schema.org\",\"@graph\":[{\"@type\":\"WebPage\",\"@id\":\"https:\/\/fanzone.sk\/produkt\/funkcne-tricko-gerlach\/\",\"url\":\"https:\/\/fanzone.sk\/produkt\/funkcne-tricko-gerlach\/\",\"name\":\"Funk\u010dn\u00e9 tri\u010dko Gerlach - fanzone.sk\",\"isPartOf\":{\"@id\":\"https:\/\/fanzone.sk\/#website\"},\"datePublished\":\"2019-10-20T18:29:46+00:00\",\"dateModified\":\"2025-02-03T21:08:02+00:00\",\"breadcrumb\":{\"@id\":\"https:\/\/fanzone.sk\/produkt\/funkcne-tricko-gerlach\/#breadcrumb\"},\"inLanguage\":\"en-US\",\"potentialAction\":[{\"@type\":\"ReadAction\",\"target\":[\"https:\/\/fanzone.sk\/produkt\/funkcne-tricko-gerlach\/\"]}]},{\"@type\":\"BreadcrumbList\",\"@id\":\"https:\/\/fanzone.sk\/produkt\/funkcne-tricko-gerlach\/#breadcrumb\",\"itemListElement\":[{\"@type\":\"ListItem\",\"position\":1,\"name\":\"Home\",\"item\":\"https:\/\/fanzone.sk\/\"},{\"@type\":\"ListItem\",\"position\":2,\"name\":\"Obchod\",\"item\":\"https:\/\/fanzone.sk\/obchod\/\"},{\"@type\":\"ListItem\",\"position\":3,\"name\":\"Funk\u010dn\u00e9 tri\u010dko Gerlach\"}]},{\"@type\":\"WebSite\",\"@id\":\"https:\/\/fanzone.sk\/#website\",\"url\":\"https:\/\/fanzone.sk\/\",\"name\":\"fanzone.sk\",\"description\":\"\",\"potentialAction\":[{\"@type\":\"SearchAction\",\"target\":{\"@type\":\"EntryPoint\",\"urlTemplate\":\"https:\/\/fanzone.sk\/?s={search_term_string}\"},\"query-input\":\"required name=search_term_string\"}],\"inLanguage\":\"en-US\"}]}<\/script>\n<!-- \/ Yoast SEO plugin. -->","yoast_head_json":{"title":"Funk\u010dn\u00e9 tri\u010dko Gerlach - fanzone.sk","robots":{"index":"index","follow":"follow","max-snippet":"max-snippet:-1","max-image-preview":"max-image-preview:large","max-video-preview":"max-video-preview:-1"},"canonical":"https:\/\/fanzone.sk\/en\/product\/funkcne-tricko-gerlach\/","og_locale":"en_US","og_type":"article","og_title":"Funk\u010dn\u00e9 tri\u010dko Gerlach - fanzone.sk","og_description":"Tri\u010dko funk\u010dn\u00e9 - 100% polyester - raglanov\u00e9 ruk\u00e1vy, pred\u013a\u017een\u00fd zadn\u00fd diel - priedu\u0161n\u00e9","og_url":"https:\/\/fanzone.sk\/en\/product\/funkcne-tricko-gerlach\/","og_site_name":"fanzone.sk","article_publisher":"https:\/\/www.facebook.com\/FANZONEsk\/","article_modified_time":"2025-02-03T21:08:02+00:00","og_image":[{"width":801,"height":801,"url":"https:\/\/fanzone.sk\/wp-content\/uploads\/2019\/10\/krasy-slovenska-tricko-export-funkcne-tricka-3.jpg","type":"image\/jpeg"}],"twitter_card":"summary_large_image","schema":{"@context":"https:\/\/schema.org","@graph":[{"@type":"WebPage","@id":"https:\/\/fanzone.sk\/produkt\/funkcne-tricko-gerlach\/","url":"https:\/\/fanzone.sk\/produkt\/funkcne-tricko-gerlach\/","name":"Funk\u010dn\u00e9 tri\u010dko Gerlach - fanzone.sk","isPartOf":{"@id":"https:\/\/fanzone.sk\/#website"},"datePublished":"2019-10-20T18:29:46+00:00","dateModified":"2025-02-03T21:08:02+00:00","breadcrumb":{"@id":"https:\/\/fanzone.sk\/produkt\/funkcne-tricko-gerlach\/#breadcrumb"},"inLanguage":"en-US","potentialAction":[{"@type":"ReadAction","target":["https:\/\/fanzone.sk\/produkt\/funkcne-tricko-gerlach\/"]}]},{"@type":"BreadcrumbList","@id":"https:\/\/fanzone.sk\/produkt\/funkcne-tricko-gerlach\/#breadcrumb","itemListElement":[{"@type":"ListItem","position":1,"name":"Home","item":"https:\/\/fanzone.sk\/"},{"@type":"ListItem","position":2,"name":"Obchod","item":"https:\/\/fanzone.sk\/obchod\/"},{"@type":"ListItem","position":3,"name":"Funk\u010dn\u00e9 tri\u010dko Gerlach"}]},{"@type":"WebSite","@id":"https:\/\/fanzone.sk\/#website","url":"https:\/\/fanzone.sk\/","name":"fanzone.sk","description":"","potentialAction":[{"@type":"SearchAction","target":{"@type":"EntryPoint","urlTemplate":"https:\/\/fanzone.sk\/?s={search_term_string}"},"query-input":"required name=search_term_string"}],"inLanguage":"en-US"}]}},"_links":{"self":[{"href":"https:\/\/fanzone.sk\/en\/wp-json\/wp\/v2\/product\/2873"}],"collection":[{"href":"https:\/\/fanzone.sk\/en\/wp-json\/wp\/v2\/product"}],"about":[{"href":"https:\/\/fanzone.sk\/en\/wp-json\/wp\/v2\/types\/product"}],"wp:featuredmedia":[{"embeddable":true,"href":"https:\/\/fanzone.sk\/en\/wp-json\/wp\/v2\/media\/12487"}],"wp:attachment":[{"href":"https:\/\/fanzone.sk\/en\/wp-json\/wp\/v2\/media?parent=2873"}],"wp:term":[{"taxonomy":"product_cat","embeddable":true,"href":"https:\/\/fanzone.sk\/en\/wp-json\/wp\/v2\/product_cat?post=2873"},{"taxonomy":"product_tag","embeddable":true,"href":"https:\/\/fanzone.sk\/en\/wp-json\/wp\/v2\/product_tag?post=2873"}],"curies":[{"name":"wp","href":"https:\/\/api.w.org\/{rel}","templated":true}]}}