{"id":29420,"date":"2024-04-03T14:49:30","date_gmt":"2024-04-03T12:49:30","guid":{"rendered":"https:\/\/fanzone.sk\/?post_type=product&#038;p=29420"},"modified":"2025-02-03T22:07:11","modified_gmt":"2025-02-03T21:07:11","slug":"fbk-kometa-spisska-nova-ves-bavlnene-tricko-s-potlacou","status":"publish","type":"product","link":"https:\/\/fanzone.sk\/en\/product\/fbk-kometa-spisska-nova-ves-bavlnene-tricko-s-potlacou\/","title":{"rendered":"FBK Kom\u00e9ta Spi\u0161sk\u00e1 Nov\u00e1 Ves &#8211; Bavlnen\u00e9 tri\u010dko s potla\u010dou"},"content":{"rendered":"<ul>\n<li>100% bavlna, prstencov\u00e1 a \u010desan\u00e1<\/li>\n<li>tenk\u00fd rebrovan\u00fd lem okolo krku<\/li>\n<li>spev\u0148uj\u00faca p\u00e1ska vzadu na krku<\/li>\n<li>bez bo\u010dn\u00fdch \u0161vov<\/li>\n<\/ul>","protected":false},"excerpt":{"rendered":"<p>100% bavlna, prstencov\u00e1 a \u010desan\u00e1<br \/>\ntenk\u00fd rebrovan\u00fd lem okolo krku<br \/>\nspev\u0148uj\u00faca p\u00e1ska vzadu na krku<br \/>\nbez bo\u010dn\u00fdch \u0161vov<\/p>","protected":false},"featured_media":29427,"template":"","meta":[],"product_cat":[489,311],"product_tag":[144],"wcpa_form_fields":null,"yoast_head":"<!-- This site is optimized with the Yoast SEO plugin v21.2 - https:\/\/yoast.com\/wordpress\/plugins\/seo\/ -->\n<title>FBK Kom\u00e9ta Spi\u0161sk\u00e1 Nov\u00e1 Ves - Bavlnen\u00e9 tri\u010dko s potla\u010dou - fanzone.sk<\/title>\n<meta name=\"robots\" content=\"index, follow, max-snippet:-1, max-image-preview:large, max-video-preview:-1\" \/>\n<link rel=\"canonical\" href=\"https:\/\/fanzone.sk\/en\/product\/fbk-kometa-spisska-nova-ves-bavlnene-tricko-s-potlacou\/\" \/>\n<meta property=\"og:locale\" content=\"en_US\" \/>\n<meta property=\"og:type\" content=\"article\" \/>\n<meta property=\"og:title\" content=\"FBK Kom\u00e9ta Spi\u0161sk\u00e1 Nov\u00e1 Ves - Bavlnen\u00e9 tri\u010dko s potla\u010dou - fanzone.sk\" \/>\n<meta property=\"og:description\" content=\"100% bavlna, prstencov\u00e1 a \u010desan\u00e1 tenk\u00fd rebrovan\u00fd lem okolo krku spev\u0148uj\u00faca p\u00e1ska vzadu na krku bez bo\u010dn\u00fdch \u0161vov\" \/>\n<meta property=\"og:url\" content=\"https:\/\/fanzone.sk\/en\/product\/fbk-kometa-spisska-nova-ves-bavlnene-tricko-s-potlacou\/\" \/>\n<meta property=\"og:site_name\" content=\"fanzone.sk\" \/>\n<meta property=\"article:publisher\" content=\"https:\/\/www.facebook.com\/FANZONEsk\/\" \/>\n<meta property=\"article:modified_time\" content=\"2025-02-03T21:07:11+00:00\" \/>\n<meta property=\"og:image\" content=\"https:\/\/fanzone.sk\/wp-content\/uploads\/2024\/04\/EVA-royal-PD.jpg\" \/>\n\t<meta property=\"og:image:width\" content=\"800\" \/>\n\t<meta property=\"og:image:height\" content=\"800\" \/>\n\t<meta property=\"og:image:type\" content=\"image\/jpeg\" \/>\n<meta name=\"twitter:card\" content=\"summary_large_image\" \/>\n<meta name=\"twitter:label1\" content=\"Est. reading time\" \/>\n\t<meta name=\"twitter:data1\" content=\"1 minute\" \/>\n<script type=\"application\/ld+json\" class=\"yoast-schema-graph\">{\"@context\":\"https:\/\/schema.org\",\"@graph\":[{\"@type\":\"WebPage\",\"@id\":\"https:\/\/fanzone.sk\/produkt\/fbk-kometa-spisska-nova-ves-bavlnene-tricko-s-potlacou\/\",\"url\":\"https:\/\/fanzone.sk\/produkt\/fbk-kometa-spisska-nova-ves-bavlnene-tricko-s-potlacou\/\",\"name\":\"FBK Kom\u00e9ta Spi\u0161sk\u00e1 Nov\u00e1 Ves - Bavlnen\u00e9 tri\u010dko s potla\u010dou - fanzone.sk\",\"isPartOf\":{\"@id\":\"https:\/\/fanzone.sk\/#website\"},\"datePublished\":\"2024-04-03T12:49:30+00:00\",\"dateModified\":\"2025-02-03T21:07:11+00:00\",\"breadcrumb\":{\"@id\":\"https:\/\/fanzone.sk\/produkt\/fbk-kometa-spisska-nova-ves-bavlnene-tricko-s-potlacou\/#breadcrumb\"},\"inLanguage\":\"en-US\",\"potentialAction\":[{\"@type\":\"ReadAction\",\"target\":[\"https:\/\/fanzone.sk\/produkt\/fbk-kometa-spisska-nova-ves-bavlnene-tricko-s-potlacou\/\"]}]},{\"@type\":\"BreadcrumbList\",\"@id\":\"https:\/\/fanzone.sk\/produkt\/fbk-kometa-spisska-nova-ves-bavlnene-tricko-s-potlacou\/#breadcrumb\",\"itemListElement\":[{\"@type\":\"ListItem\",\"position\":1,\"name\":\"Home\",\"item\":\"https:\/\/fanzone.sk\/\"},{\"@type\":\"ListItem\",\"position\":2,\"name\":\"Obchod\",\"item\":\"https:\/\/fanzone.sk\/obchod\/\"},{\"@type\":\"ListItem\",\"position\":3,\"name\":\"FBK Kom\u00e9ta Spi\u0161sk\u00e1 Nov\u00e1 Ves &#8211; Bavlnen\u00e9 tri\u010dko s potla\u010dou\"}]},{\"@type\":\"WebSite\",\"@id\":\"https:\/\/fanzone.sk\/#website\",\"url\":\"https:\/\/fanzone.sk\/\",\"name\":\"fanzone.sk\",\"description\":\"\",\"potentialAction\":[{\"@type\":\"SearchAction\",\"target\":{\"@type\":\"EntryPoint\",\"urlTemplate\":\"https:\/\/fanzone.sk\/?s={search_term_string}\"},\"query-input\":\"required name=search_term_string\"}],\"inLanguage\":\"en-US\"}]}<\/script>\n<!-- \/ Yoast SEO plugin. -->","yoast_head_json":{"title":"FBK Kom\u00e9ta Spi\u0161sk\u00e1 Nov\u00e1 Ves - Bavlnen\u00e9 tri\u010dko s potla\u010dou - fanzone.sk","robots":{"index":"index","follow":"follow","max-snippet":"max-snippet:-1","max-image-preview":"max-image-preview:large","max-video-preview":"max-video-preview:-1"},"canonical":"https:\/\/fanzone.sk\/en\/product\/fbk-kometa-spisska-nova-ves-bavlnene-tricko-s-potlacou\/","og_locale":"en_US","og_type":"article","og_title":"FBK Kom\u00e9ta Spi\u0161sk\u00e1 Nov\u00e1 Ves - Bavlnen\u00e9 tri\u010dko s potla\u010dou - fanzone.sk","og_description":"100% bavlna, prstencov\u00e1 a \u010desan\u00e1 tenk\u00fd rebrovan\u00fd lem okolo krku spev\u0148uj\u00faca p\u00e1ska vzadu na krku bez bo\u010dn\u00fdch \u0161vov","og_url":"https:\/\/fanzone.sk\/en\/product\/fbk-kometa-spisska-nova-ves-bavlnene-tricko-s-potlacou\/","og_site_name":"fanzone.sk","article_publisher":"https:\/\/www.facebook.com\/FANZONEsk\/","article_modified_time":"2025-02-03T21:07:11+00:00","og_image":[{"width":800,"height":800,"url":"https:\/\/fanzone.sk\/wp-content\/uploads\/2024\/04\/EVA-royal-PD.jpg","type":"image\/jpeg"}],"twitter_card":"summary_large_image","twitter_misc":{"Est. reading time":"1 minute"},"schema":{"@context":"https:\/\/schema.org","@graph":[{"@type":"WebPage","@id":"https:\/\/fanzone.sk\/produkt\/fbk-kometa-spisska-nova-ves-bavlnene-tricko-s-potlacou\/","url":"https:\/\/fanzone.sk\/produkt\/fbk-kometa-spisska-nova-ves-bavlnene-tricko-s-potlacou\/","name":"FBK Kom\u00e9ta Spi\u0161sk\u00e1 Nov\u00e1 Ves - Bavlnen\u00e9 tri\u010dko s potla\u010dou - fanzone.sk","isPartOf":{"@id":"https:\/\/fanzone.sk\/#website"},"datePublished":"2024-04-03T12:49:30+00:00","dateModified":"2025-02-03T21:07:11+00:00","breadcrumb":{"@id":"https:\/\/fanzone.sk\/produkt\/fbk-kometa-spisska-nova-ves-bavlnene-tricko-s-potlacou\/#breadcrumb"},"inLanguage":"en-US","potentialAction":[{"@type":"ReadAction","target":["https:\/\/fanzone.sk\/produkt\/fbk-kometa-spisska-nova-ves-bavlnene-tricko-s-potlacou\/"]}]},{"@type":"BreadcrumbList","@id":"https:\/\/fanzone.sk\/produkt\/fbk-kometa-spisska-nova-ves-bavlnene-tricko-s-potlacou\/#breadcrumb","itemListElement":[{"@type":"ListItem","position":1,"name":"Home","item":"https:\/\/fanzone.sk\/"},{"@type":"ListItem","position":2,"name":"Obchod","item":"https:\/\/fanzone.sk\/obchod\/"},{"@type":"ListItem","position":3,"name":"FBK Kom\u00e9ta Spi\u0161sk\u00e1 Nov\u00e1 Ves &#8211; Bavlnen\u00e9 tri\u010dko s potla\u010dou"}]},{"@type":"WebSite","@id":"https:\/\/fanzone.sk\/#website","url":"https:\/\/fanzone.sk\/","name":"fanzone.sk","description":"","potentialAction":[{"@type":"SearchAction","target":{"@type":"EntryPoint","urlTemplate":"https:\/\/fanzone.sk\/?s={search_term_string}"},"query-input":"required name=search_term_string"}],"inLanguage":"en-US"}]}},"_links":{"self":[{"href":"https:\/\/fanzone.sk\/en\/wp-json\/wp\/v2\/product\/29420"}],"collection":[{"href":"https:\/\/fanzone.sk\/en\/wp-json\/wp\/v2\/product"}],"about":[{"href":"https:\/\/fanzone.sk\/en\/wp-json\/wp\/v2\/types\/product"}],"wp:featuredmedia":[{"embeddable":true,"href":"https:\/\/fanzone.sk\/en\/wp-json\/wp\/v2\/media\/29427"}],"wp:attachment":[{"href":"https:\/\/fanzone.sk\/en\/wp-json\/wp\/v2\/media?parent=29420"}],"wp:term":[{"taxonomy":"product_cat","embeddable":true,"href":"https:\/\/fanzone.sk\/en\/wp-json\/wp\/v2\/product_cat?post=29420"},{"taxonomy":"product_tag","embeddable":true,"href":"https:\/\/fanzone.sk\/en\/wp-json\/wp\/v2\/product_tag?post=29420"}],"curies":[{"name":"wp","href":"https:\/\/api.w.org\/{rel}","templated":true}]}}